{"id":13574,"date":"2019-07-22T14:17:58","date_gmt":"2019-07-22T17:17:58","guid":{"rendered":"http:\/\/urisaoluiz.com.br\/site\/?page_id=13574"},"modified":"2019-07-23T18:27:08","modified_gmt":"2019-07-23T21:27:08","slug":"edicao-6","status":"publish","type":"page","link":"https:\/\/urisaoluiz.com.br\/site\/ricadi\/publicacoes\/edicao-6\/","title":{"rendered":"Edi\u00e7\u00e3o 6"},"content":{"rendered":"<div id=\"dslc-main\">\n\t\t<div  class=\"dslc-modules-section  dslc-no-columns-spacing \" style=\"padding-bottom:0px;padding-top:0px;padding-left:3%;padding-right:3%;background-repeat:no-repeat;background-position:center top;\" data-section-id=\"f28ffff9bd9\">\n\t\t\t\t\n\t\t\t\t\n\t\t\t\t<div class=\"dslc-modules-section-wrapper dslc-clearfix\"><div class=\"dslc-modules-area dslc-col dslc-12-col dslc-last-col\" data-size=\"12\" data-valign=\"\">\n\t\t<div id=\"dslc-module-2b2d16d9cb3\" class=\"dslc-module-front dslc-module-DSLC_Text_Simple dslc-in-viewport-check dslc-in-viewport-anim-none  dslc-col dslc-12-col dslc-last-col  dslc-module-handle-like-regular \" data-module-id=\"2b2d16d9cb3\" data-module=\"DSLC_Text_Simple\" data-dslc-module-size=\"12\" data-dslc-anim=\"none\" data-dslc-anim-delay=\"0\" data-dslc-anim-duration=\"650\"  data-dslc-anim-easing=\"ease\" data-dslc-preset=\"none\" >\n\n\t\t\t\n\t\t\t\n\t\t\r\n\t\t<div class=\"dslc-text-module-content\">\r\n\t\t\t<p>Revista RICADI<\/p>\t\t<\/div>\r\n\r\n\t\t\n\t\t\t\t<\/div><!-- .dslc-module -->\n\t\t<\/div><div class=\"dslc-modules-area dslc-col dslc-1-col dslc-first-col\" data-size=\"1\" data-valign=\"\"><\/div><div class=\"dslc-modules-area dslc-col dslc-2-col \" data-size=\"2\" data-valign=\"\">\n\t\t<div id=\"dslc-module-d561e4598e8\" class=\"dslc-module-front dslc-module-DSLC_Button dslc-in-viewport-check dslc-in-viewport-anim-none  dslc-col dslc-12-col dslc-last-col  dslc-module-handle-like-regular \" data-module-id=\"d561e4598e8\" data-module=\"DSLC_Button\" data-dslc-module-size=\"12\" data-dslc-anim=\"none\" data-dslc-anim-delay=\"0\" data-dslc-anim-duration=\"650\"  data-dslc-anim-easing=\"ease\" data-dslc-preset=\"none\" >\n\n\t\t\t\n\t\t\t\n\t\t\r\n\t\t\t<div class=\"dslc-button\">\r\n\t\t\t\t\t\t\t\t\t<a href=\"http:\/\/urisaoluiz.com.br\/site\/ricadi\/\" target=\"_self\"  onClick=\"\" class=\"\">\r\n\t\t\t\t\t\t\t\t\t\t\t\t\t\t\t\t\t\t\t<span>Apresenta\u00e7\u00e3o<\/span>\r\n\t\t\t\t\t\t\t\t\t\t\t\t\t\t\t\t\t<\/a>\r\n\t\t\t\t\t\t\t<\/div><!-- .dslc-button -->\r\n\r\n\r\n\t\t\t\t\t\t\n\t\t\t\t<\/div><!-- .dslc-module -->\n\t\t\n\t\t<div id=\"dslc-module-8407c4ec736\" class=\"dslc-module-front dslc-module-DSLC_Button dslc-in-viewport-check dslc-in-viewport-anim-none  dslc-col dslc-12-col dslc-last-col  dslc-module-handle-like-regular \" data-module-id=\"8407c4ec736\" data-module=\"DSLC_Button\" data-dslc-module-size=\"12\" data-dslc-anim=\"none\" data-dslc-anim-delay=\"0\" data-dslc-anim-duration=\"650\"  data-dslc-anim-easing=\"ease\" data-dslc-preset=\"none\" >\n\n\t\t\t\n\t\t\t\n\t\t\r\n\t\t\t<div class=\"dslc-button\">\r\n\t\t\t\t\t\t\t\t\t<a href=\"http:\/\/urisaoluiz.com.br\/site\/ricadi\/equipe\/\" target=\"_self\"  onClick=\"\" class=\"\">\r\n\t\t\t\t\t\t\t\t\t\t\t\t\t\t\t\t\t\t\t<span>Equipe<\/span>\r\n\t\t\t\t\t\t\t\t\t\t\t\t\t\t\t\t\t<\/a>\r\n\t\t\t\t\t\t\t<\/div><!-- .dslc-button -->\r\n\r\n\r\n\t\t\t\t\t\t\n\t\t\t\t<\/div><!-- .dslc-module -->\n\t\t\n\t\t<div id=\"dslc-module-ad5b26d8aae\" class=\"dslc-module-front dslc-module-DSLC_Button dslc-in-viewport-check dslc-in-viewport-anim-none  dslc-col dslc-12-col dslc-last-col  dslc-module-handle-like-regular \" data-module-id=\"ad5b26d8aae\" data-module=\"DSLC_Button\" data-dslc-module-size=\"12\" data-dslc-anim=\"none\" data-dslc-anim-delay=\"0\" data-dslc-anim-duration=\"650\"  data-dslc-anim-easing=\"ease\" data-dslc-preset=\"none\" >\n\n\t\t\t\n\t\t\t\n\t\t\r\n\t\t\t<div class=\"dslc-button\">\r\n\t\t\t\t\t\t\t\t\t<a href=\"http:\/\/urisaoluiz.com.br\/site\/ricadi\/condicoes-para-submissao\/\" target=\"_self\"  onClick=\"\" class=\"\">\r\n\t\t\t\t\t\t\t\t\t\t\t\t\t\t\t\t\t\t\t<span>Condi\u00e7\u00f5es para<br>Submiss\u00e3o<br><\/span>\r\n\t\t\t\t\t\t\t\t\t\t\t\t\t\t\t\t\t<\/a>\r\n\t\t\t\t\t\t\t<\/div><!-- .dslc-button -->\r\n\r\n\r\n\t\t\t\t\t\t\n\t\t\t\t<\/div><!-- .dslc-module -->\n\t\t\n\t\t<div id=\"dslc-module-86181887e1d\" class=\"dslc-module-front dslc-module-DSLC_Button dslc-in-viewport-check dslc-in-viewport-anim-none  dslc-col dslc-12-col dslc-last-col  dslc-module-handle-like-regular \" data-module-id=\"86181887e1d\" data-module=\"DSLC_Button\" data-dslc-module-size=\"12\" data-dslc-anim=\"none\" data-dslc-anim-delay=\"0\" data-dslc-anim-duration=\"650\"  data-dslc-anim-easing=\"ease\" data-dslc-preset=\"none\" >\n\n\t\t\t\n\t\t\t\n\t\t\r\n\t\t\t<div class=\"dslc-button\">\r\n\t\t\t\t\t\t\t\t\t<a href=\"http:\/\/urisaoluiz.com.br\/site\/ricadi\/diretrizes-para-autores\/\" target=\"_self\"  onClick=\"\" class=\"\">\r\n\t\t\t\t\t\t\t\t\t\t\t\t\t\t\t\t\t\t\t<span>Diretrizes para Autores<\/span>\r\n\t\t\t\t\t\t\t\t\t\t\t\t\t\t\t\t\t<\/a>\r\n\t\t\t\t\t\t\t<\/div><!-- .dslc-button -->\r\n\r\n\r\n\t\t\t\t\t\t\n\t\t\t\t<\/div><!-- .dslc-module -->\n\t\t\n\t\t<div id=\"dslc-module-8f6e3796227\" class=\"dslc-module-front dslc-module-DSLC_Button dslc-in-viewport-check dslc-in-viewport-anim-none  dslc-col dslc-12-col dslc-last-col  dslc-module-handle-like-regular \" data-module-id=\"8f6e3796227\" data-module=\"DSLC_Button\" data-dslc-module-size=\"12\" data-dslc-anim=\"none\" data-dslc-anim-delay=\"0\" data-dslc-anim-duration=\"650\"  data-dslc-anim-easing=\"ease\" data-dslc-preset=\"none\" >\n\n\t\t\t\n\t\t\t\n\t\t\r\n\t\t\t<div class=\"dslc-button\">\r\n\t\t\t\t\t\t\t\t\t<a href=\"http:\/\/urisaoluiz.com.br\/site\/ricadi\/http:\/\/urisaoluiz.com.br\/site\/ricadi\/politicas-editoriais\/\" target=\"_self\"  onClick=\"\" class=\"\">\r\n\t\t\t\t\t\t\t\t\t\t\t\t\t\t\t\t\t\t\t<span>Pol\u00edticas Editoriais<br><\/span>\r\n\t\t\t\t\t\t\t\t\t\t\t\t\t\t\t\t\t<\/a>\r\n\t\t\t\t\t\t\t<\/div><!-- .dslc-button -->\r\n\r\n\r\n\t\t\t\t\t\t\n\t\t\t\t<\/div><!-- .dslc-module -->\n\t\t\n\t\t<div id=\"dslc-module-5ecda564c31\" class=\"dslc-module-front dslc-module-DSLC_Button dslc-in-viewport-check dslc-in-viewport-anim-none  dslc-col dslc-12-col dslc-last-col  dslc-module-handle-like-regular \" data-module-id=\"5ecda564c31\" data-module=\"DSLC_Button\" data-dslc-module-size=\"12\" data-dslc-anim=\"none\" data-dslc-anim-delay=\"0\" data-dslc-anim-duration=\"650\"  data-dslc-anim-easing=\"ease\" data-dslc-preset=\"none\" >\n\n\t\t\t\n\t\t\t\n\t\t\r\n\t\t\t<div class=\"dslc-button\">\r\n\t\t\t\t\t\t\t\t\t<a href=\"http:\/\/urisaoluiz.com.br\/site\/ricadi\/publicacoes\/\" target=\"_self\"  onClick=\"\" class=\"\">\r\n\t\t\t\t\t\t\t\t\t\t\t\t\t\t\t\t\t\t\t<span>Publica\u00e7\u00f5es<br><\/span>\r\n\t\t\t\t\t\t\t\t\t\t\t\t\t\t\t\t\t<\/a>\r\n\t\t\t\t\t\t\t<\/div><!-- .dslc-button -->\r\n\r\n\r\n\t\t\t\t\t\t\n\t\t\t\t<\/div><!-- .dslc-module -->\n\t\t<\/div><div class=\"dslc-modules-area dslc-col dslc-1-col \" data-size=\"1\" data-valign=\"\"><\/div><div class=\"dslc-modules-area dslc-col dslc-8-col dslc-last-col\" data-size=\"8\" data-valign=\"\">\n\t\t<div id=\"dslc-module-80d1915db45\" class=\"dslc-module-front dslc-module-DSLC_Image dslc-in-viewport-check dslc-in-viewport-anim-none  dslc-col dslc-4-col  dslc-module-handle-like-regular \" data-module-id=\"80d1915db45\" data-module=\"DSLC_Image\" data-dslc-module-size=\"4\" data-dslc-anim=\"none\" data-dslc-anim-delay=\"0\" data-dslc-anim-duration=\"650\"  data-dslc-anim-easing=\"ease\" data-dslc-preset=\"none\" >\n\n\t\t\t\n\t\t\t\n\t\t\t\t<div class=\"dslc-image-container\">\r\n\t\t<div class=\"dslc-image\">\r\n\r\n\t\t\t\r\n\t\t\t\t\r\n\t\t\t\t\t\t\t\t\t<img src=\"https:\/\/urisaoluiz.com.br\/site\/wp-content\/uploads\/2018\/08\/ricadi01.png\" alt=\"\" title=\"ricadi01\" srcset=\"https:\/\/urisaoluiz.com.br\/site\/wp-content\/uploads\/2018\/08\/ricadi01.png 593w, https:\/\/urisaoluiz.com.br\/site\/wp-content\/uploads\/2018\/08\/ricadi01-211x300.png 211w\" sizes=\"(max-width: 593px) 100vw, 593px\" \/>\r\n\t\t\t\t\r\n\t\t\t\t\t\t\t\t\t<\/div><!-- .dslc-image -->\r\n\t\t<\/div>\r\n\t\t\n\t\t\t\t<\/div><!-- .dslc-module -->\n\t\t\n\t\t<div id=\"dslc-module-4c07608f2d8\" class=\"dslc-module-front dslc-module-DSLC_Text_Simple dslc-in-viewport-check dslc-in-viewport-anim-none  dslc-col dslc-8-col dslc-last-col  dslc-module-handle-like-regular \" data-module-id=\"4c07608f2d8\" data-module=\"DSLC_Text_Simple\" data-dslc-module-size=\"8\" data-dslc-anim=\"none\" data-dslc-anim-delay=\"0\" data-dslc-anim-duration=\"650\"  data-dslc-anim-easing=\"ease\" data-dslc-preset=\"none\" >\n\n\t\t\t\n\t\t\t\n\t\t\r\n\t\t<div class=\"dslc-text-module-content\">\r\n\t\t\t<p>\u00a0<\/p><p>Revista RICADI - Edi\u00e7\u00e3o 6 - Janeiro\/Julho de 2019<\/p><p><a href=\"http:\/\/urisaoluiz.com.br\/site\/wp-content\/uploads\/2019\/07\/Revista-6\u00aa-edi\u00e7\u00e3o-1-capa.pdf\">Capa<\/a><\/p><p><a href=\"http:\/\/urisaoluiz.com.br\/site\/wp-content\/uploads\/2019\/07\/Revista-6\u00aa-edi\u00e7\u00e3o-1-Sum\u00e1rio.pdf\">Sum\u00e1rio<\/a><\/p><p><a href=\"http:\/\/urisaoluiz.com.br\/site\/wp-content\/uploads\/2019\/07\/Apresenta\u00e7\u00e3o-Ricadi-certo.pdf\">Apresenta\u00e7\u00e3o <\/a><\/p><p><a href=\"http:\/\/urisaoluiz.com.br\/site\/wp-content\/uploads\/2019\/07\/Revista-6\u00aa-edi\u00e7\u00e3o-1-Artigo-01.pdf\">SISTEMA P\u00daBLICO DE ESCRITURA\u00c7\u00c3O DIGITAL (SPED) ANALISADO \u00c0 LUZ DA BIBLIOMETRIA <\/a><\/p><p><a href=\"http:\/\/urisaoluiz.com.br\/site\/wp-content\/uploads\/2019\/07\/Revista-6\u00aa-edi\u00e7\u00e3o-1-Artigo-02.pdf\">AN\u00c1LISE SOBRE AS REPROVA\u00c7\u00d5ES DAS CONTAS DO MUNIC\u00cdPIO DE ARA\u00c7\u00c1S-BA: UM ESTUDO DE CASO SOBRE O PER\u00cdODO, 1999-2013.<\/a><\/p><p><a href=\"http:\/\/urisaoluiz.com.br\/site\/wp-content\/uploads\/2019\/07\/Revista-6\u00aa-edi\u00e7\u00e3o-1-Artigo-03.pdf\">CONTROLE INTERNO: UM OLHAR SOBRE A PERCEP\u00c7\u00c3O DOS CONTROLADORES INTERNOS MUNICIPAIS <\/a><\/p><p><a href=\"http:\/\/urisaoluiz.com.br\/site\/wp-content\/uploads\/2019\/07\/Revista-6\u00aa-edi\u00e7\u00e3o-1-Artigo-04.pdf\">SEGURAN\u00c7A DO TRABALHO COMO MECANISMO DE ECONOMIA <\/a><\/p><p><a href=\"http:\/\/urisaoluiz.com.br\/site\/wp-content\/uploads\/2019\/07\/Revista-6\u00aa-edi\u00e7\u00e3o-1-Artigo-05.pdf\">CONSIDERA\u00c7\u00d5ES A RESPEITO DE LIDERAN\u00c7A NA ESTRUTURA DA BRIGADA MILITAR DO ESTADO DO RIO GRANDE DO SUL <\/a><\/p><p><a href=\"http:\/\/urisaoluiz.com.br\/site\/wp-content\/uploads\/2019\/07\/Revista-6\u00aa-edi\u00e7\u00e3o-1-Artigo-06.pdf\">CUSTOS E ESTRAT\u00c9GIAS DE IMPLANTA\u00c7\u00c3O DO E-COMMERCE EM UMA EMPRESA DE AUTOPE\u00c7AS <\/a><\/p><p><a href=\"http:\/\/urisaoluiz.com.br\/site\/wp-content\/uploads\/2019\/07\/Revista-6\u00aa-edi\u00e7\u00e3o-1-Artigo-07.pdf\">O PERFIL EMPREENDEDOR E A EMPRESA J\u00daNIOR: H\u00c1 CONSON\u00c2NCIA? <\/a><\/p><p><a href=\"http:\/\/urisaoluiz.com.br\/site\/wp-content\/uploads\/2019\/07\/Revista-6\u00aa-edi\u00e7\u00e3o-1-Artigo-08.pdf\">FAM\u00cdLIA, ROTULA\u00c7\u00c3O SOCIAL E O PAPEL DO DIREITO NO RESGATE DOS VALORES HUMANOS EM ADOLESCENTES QUE EST\u00c3O EM CONFLITO COM A LEI<\/a><\/p><p><a href=\"http:\/\/urisaoluiz.com.br\/site\/wp-content\/uploads\/2019\/07\/Revista-6\u00aa-edi\u00e7\u00e3o-1-Artigo-09.pdf\">AUDITORIAS DO TRIBUNAL DE CONTAS DA UNI\u00c3O E A AVALIA\u00c7\u00c3O DA EFETIVIDADE DAS POL\u00cdTICAS SOCIAIS NO BRASIL<\/a><\/p><p><a href=\"http:\/\/urisaoluiz.com.br\/site\/wp-content\/uploads\/2019\/07\/Revista-6\u00aa-edi\u00e7\u00e3o-1-Artigo-10.pdf\">INTERNET E CONTROLE SOCIAL NA GEST\u00c3O P\u00daBLICA<\/a><\/p><p><a href=\"http:\/\/urisaoluiz.com.br\/site\/wp-content\/uploads\/2019\/07\/Revista-6\u00aa-edi\u00e7\u00e3o-1-Artigo-11.pdf\">A IMPRENSA E O DEVER DA VERDADE: UMA AN\u00c1LISE DO TEXTO DE RUI BARBOSA NA ERA DAS \u201cFAKE NEWS\u201d<\/a><\/p>\t\t<\/div>\r\n\r\n\t\t\n\t\t\t\t<\/div><!-- .dslc-module -->\n\t\t<\/div><\/div><\/div><\/div><input type=\"hidden\" id=\"dslca-post-data-thumb\" value=\"https:\/\/urisaoluiz.com.br\/site\/wp-content\/uploads\/2019\/05\/ImagemPadrao.png\" \/>","protected":false},"excerpt":{"rendered":"<p>Revista RICADI Apresenta\u00e7\u00e3o Equipe Condi\u00e7\u00f5es paraSubmiss\u00e3o Diretrizes para Autores Pol\u00edticas Editoriais Publica\u00e7\u00f5es \u00a0Revista RICADI &#8211; Edi\u00e7\u00e3o 6 &#8211; Janeiro\/Julho de 2019CapaSum\u00e1rioApresenta\u00e7\u00e3o SISTEMA P\u00daBLICO DE ESCRITURA\u00c7\u00c3O DIGITAL (SPED) ANALISADO \u00c0 LUZ DA BIBLIOMETRIA AN\u00c1LISE SOBRE AS REPROVA\u00c7\u00d5ES DAS CONTAS DO MUNIC\u00cdPIO DE ARA\u00c7\u00c1S-BA: UM ESTUDO DE CASO SOBRE O PER\u00cdODO, 1999-2013.CONTROLE INTERNO: UM OLHAR SOBRE A [&hellip;]<\/p>\n","protected":false},"author":5,"featured_media":12959,"parent":4600,"menu_order":0,"comment_status":"closed","ping_status":"closed","template":"","meta":{"footnotes":""},"class_list":["post-13574","page","type-page","status-publish","has-post-thumbnail","hentry"],"_links":{"self":[{"href":"https:\/\/urisaoluiz.com.br\/site\/wp-json\/wp\/v2\/pages\/13574","targetHints":{"allow":["GET"]}}],"collection":[{"href":"https:\/\/urisaoluiz.com.br\/site\/wp-json\/wp\/v2\/pages"}],"about":[{"href":"https:\/\/urisaoluiz.com.br\/site\/wp-json\/wp\/v2\/types\/page"}],"author":[{"embeddable":true,"href":"https:\/\/urisaoluiz.com.br\/site\/wp-json\/wp\/v2\/users\/5"}],"replies":[{"embeddable":true,"href":"https:\/\/urisaoluiz.com.br\/site\/wp-json\/wp\/v2\/comments?post=13574"}],"version-history":[{"count":0,"href":"https:\/\/urisaoluiz.com.br\/site\/wp-json\/wp\/v2\/pages\/13574\/revisions"}],"up":[{"embeddable":true,"href":"https:\/\/urisaoluiz.com.br\/site\/wp-json\/wp\/v2\/pages\/4600"}],"wp:featuredmedia":[{"embeddable":true,"href":"https:\/\/urisaoluiz.com.br\/site\/wp-json\/wp\/v2\/media\/12959"}],"wp:attachment":[{"href":"https:\/\/urisaoluiz.com.br\/site\/wp-json\/wp\/v2\/media?parent=13574"}],"curies":[{"name":"wp","href":"https:\/\/api.w.org\/{rel}","templated":true}]}}