{"id":15498,"date":"2020-01-30T21:09:11","date_gmt":"2020-01-31T00:09:11","guid":{"rendered":"http:\/\/urisaoluiz.com.br\/site\/?page_id=15498"},"modified":"2020-01-30T21:27:44","modified_gmt":"2020-01-31T00:27:44","slug":"edicao-7-2","status":"publish","type":"page","link":"https:\/\/urisaoluiz.com.br\/site\/ricadi\/publicacoes\/edicao-7-2\/","title":{"rendered":"Edi\u00e7\u00e3o 7"},"content":{"rendered":"<div id=\"dslc-main\">\n\t\t<div  class=\"dslc-modules-section  dslc-no-columns-spacing \" style=\"padding-bottom:0px;padding-top:0px;padding-left:3%;padding-right:3%;background-repeat:no-repeat;background-position:center top;\" data-section-id=\"3b89e4e4877\">\n\t\t\t\t\n\t\t\t\t\n\t\t\t\t<div class=\"dslc-modules-section-wrapper dslc-clearfix\"><div class=\"dslc-modules-area dslc-col dslc-12-col dslc-last-col dslc-valign- \" data-size=\"12\" data-valign=\"\">\n\t\t<div id=\"dslc-module-08963564a26\" class=\"dslc-module-front dslc-module-DSLC_Text_Simple dslc-in-viewport-check dslc-in-viewport-anim-none  dslc-col dslc-12-col dslc-last-col  dslc-module-handle-like-regular \" data-module-id=\"08963564a26\" data-module=\"DSLC_Text_Simple\" data-dslc-module-size=\"12\" data-dslc-anim=\"none\" data-dslc-anim-delay=\"0\" data-dslc-anim-duration=\"650\"  data-dslc-anim-easing=\"ease\" data-dslc-preset=\"none\" >\n\n\t\t\t\n\t\t\t\n\t\t\r\n\t\t<div class=\"dslc-text-module-content\">\r\n\t\t\t<p>Revista RICADI<\/p>\t\t<\/div>\r\n\r\n\t\t\n\t\t\t\t<\/div><!-- .dslc-module -->\n\t\t<\/div><div class=\"dslc-modules-area dslc-col dslc-1-col dslc-first-col dslc-valign- \" data-size=\"1\" data-valign=\"\"><\/div><div class=\"dslc-modules-area dslc-col dslc-2-col  dslc-valign- \" data-size=\"2\" data-valign=\"\">\n\t\t<div id=\"dslc-module-770079d5fe8\" class=\"dslc-module-front dslc-module-DSLC_Button dslc-in-viewport-check dslc-in-viewport-anim-none  dslc-col dslc-12-col dslc-last-col  dslc-module-handle-like-regular \" data-module-id=\"770079d5fe8\" data-module=\"DSLC_Button\" data-dslc-module-size=\"12\" data-dslc-anim=\"none\" data-dslc-anim-delay=\"0\" data-dslc-anim-duration=\"650\"  data-dslc-anim-easing=\"ease\" data-dslc-preset=\"none\" >\n\n\t\t\t\n\t\t\t\n\t\t\r\n\t\t\t<div class=\"dslc-button\">\r\n\t\t\t\t\t\t\t\t\t<a href=\"http:\/\/urisaoluiz.com.br\/site\/ricadi\/\" target=\"_self\"  onClick=\"\" class=\"\">\r\n\t\t\t\t\t\t\t\t\t\t\t\t\t\t\t\t\t\t\t<span>Apresenta\u00e7\u00e3o<\/span>\r\n\t\t\t\t\t\t\t\t\t\t\t\t\t\t\t\t\t<\/a>\r\n\t\t\t\t\t\t\t<\/div><!-- .dslc-button -->\r\n\r\n\r\n\t\t\t\t\t\t\n\t\t\t\t<\/div><!-- .dslc-module -->\n\t\t\n\t\t<div id=\"dslc-module-c8d29258f8d\" class=\"dslc-module-front dslc-module-DSLC_Button dslc-in-viewport-check dslc-in-viewport-anim-none  dslc-col dslc-12-col dslc-last-col  dslc-module-handle-like-regular \" data-module-id=\"c8d29258f8d\" data-module=\"DSLC_Button\" data-dslc-module-size=\"12\" data-dslc-anim=\"none\" data-dslc-anim-delay=\"0\" data-dslc-anim-duration=\"650\"  data-dslc-anim-easing=\"ease\" data-dslc-preset=\"none\" >\n\n\t\t\t\n\t\t\t\n\t\t\r\n\t\t\t<div class=\"dslc-button\">\r\n\t\t\t\t\t\t\t\t\t<a href=\"http:\/\/urisaoluiz.com.br\/site\/ricadi\/equipe\/\" target=\"_self\"  onClick=\"\" class=\"\">\r\n\t\t\t\t\t\t\t\t\t\t\t\t\t\t\t\t\t\t\t<span>Equipe<\/span>\r\n\t\t\t\t\t\t\t\t\t\t\t\t\t\t\t\t\t<\/a>\r\n\t\t\t\t\t\t\t<\/div><!-- .dslc-button -->\r\n\r\n\r\n\t\t\t\t\t\t\n\t\t\t\t<\/div><!-- .dslc-module -->\n\t\t\n\t\t<div id=\"dslc-module-692e7d52eb7\" class=\"dslc-module-front dslc-module-DSLC_Button dslc-in-viewport-check dslc-in-viewport-anim-none  dslc-col dslc-12-col dslc-last-col  dslc-module-handle-like-regular \" data-module-id=\"692e7d52eb7\" data-module=\"DSLC_Button\" data-dslc-module-size=\"12\" data-dslc-anim=\"none\" data-dslc-anim-delay=\"0\" data-dslc-anim-duration=\"650\"  data-dslc-anim-easing=\"ease\" data-dslc-preset=\"none\" >\n\n\t\t\t\n\t\t\t\n\t\t\r\n\t\t\t<div class=\"dslc-button\">\r\n\t\t\t\t\t\t\t\t\t<a href=\"http:\/\/urisaoluiz.com.br\/site\/ricadi\/condicoes-para-submissao\/\" target=\"_self\"  onClick=\"\" class=\"\">\r\n\t\t\t\t\t\t\t\t\t\t\t\t\t\t\t\t\t\t\t<span>Condi\u00e7\u00f5es para<br>Submiss\u00e3o<br><\/span>\r\n\t\t\t\t\t\t\t\t\t\t\t\t\t\t\t\t\t<\/a>\r\n\t\t\t\t\t\t\t<\/div><!-- .dslc-button -->\r\n\r\n\r\n\t\t\t\t\t\t\n\t\t\t\t<\/div><!-- .dslc-module -->\n\t\t\n\t\t<div id=\"dslc-module-b5a7df17699\" class=\"dslc-module-front dslc-module-DSLC_Button dslc-in-viewport-check dslc-in-viewport-anim-none  dslc-col dslc-12-col dslc-last-col  dslc-module-handle-like-regular \" data-module-id=\"b5a7df17699\" data-module=\"DSLC_Button\" data-dslc-module-size=\"12\" data-dslc-anim=\"none\" data-dslc-anim-delay=\"0\" data-dslc-anim-duration=\"650\"  data-dslc-anim-easing=\"ease\" data-dslc-preset=\"none\" >\n\n\t\t\t\n\t\t\t\n\t\t\r\n\t\t\t<div class=\"dslc-button\">\r\n\t\t\t\t\t\t\t\t\t<a href=\"http:\/\/urisaoluiz.com.br\/site\/ricadi\/diretrizes-para-autores\/\" target=\"_self\"  onClick=\"\" class=\"\">\r\n\t\t\t\t\t\t\t\t\t\t\t\t\t\t\t\t\t\t\t<span>Diretrizes para Autores<\/span>\r\n\t\t\t\t\t\t\t\t\t\t\t\t\t\t\t\t\t<\/a>\r\n\t\t\t\t\t\t\t<\/div><!-- .dslc-button -->\r\n\r\n\r\n\t\t\t\t\t\t\n\t\t\t\t<\/div><!-- .dslc-module -->\n\t\t\n\t\t<div id=\"dslc-module-a7dc2c217ba\" class=\"dslc-module-front dslc-module-DSLC_Button dslc-in-viewport-check dslc-in-viewport-anim-none  dslc-col dslc-12-col dslc-last-col  dslc-module-handle-like-regular \" data-module-id=\"a7dc2c217ba\" data-module=\"DSLC_Button\" data-dslc-module-size=\"12\" data-dslc-anim=\"none\" data-dslc-anim-delay=\"0\" data-dslc-anim-duration=\"650\"  data-dslc-anim-easing=\"ease\" data-dslc-preset=\"none\" >\n\n\t\t\t\n\t\t\t\n\t\t\r\n\t\t\t<div class=\"dslc-button\">\r\n\t\t\t\t\t\t\t\t\t<a href=\"http:\/\/urisaoluiz.com.br\/site\/ricadi\/http:\/\/urisaoluiz.com.br\/site\/ricadi\/politicas-editoriais\/\" target=\"_self\"  onClick=\"\" class=\"\">\r\n\t\t\t\t\t\t\t\t\t\t\t\t\t\t\t\t\t\t\t<span>Pol\u00edticas Editoriais<br><\/span>\r\n\t\t\t\t\t\t\t\t\t\t\t\t\t\t\t\t\t<\/a>\r\n\t\t\t\t\t\t\t<\/div><!-- .dslc-button -->\r\n\r\n\r\n\t\t\t\t\t\t\n\t\t\t\t<\/div><!-- .dslc-module -->\n\t\t\n\t\t<div id=\"dslc-module-2a4f0103b13\" class=\"dslc-module-front dslc-module-DSLC_Button dslc-in-viewport-check dslc-in-viewport-anim-none  dslc-col dslc-12-col dslc-last-col  dslc-module-handle-like-regular \" data-module-id=\"2a4f0103b13\" data-module=\"DSLC_Button\" data-dslc-module-size=\"12\" data-dslc-anim=\"none\" data-dslc-anim-delay=\"0\" data-dslc-anim-duration=\"650\"  data-dslc-anim-easing=\"ease\" data-dslc-preset=\"none\" >\n\n\t\t\t\n\t\t\t\n\t\t\r\n\t\t\t<div class=\"dslc-button\">\r\n\t\t\t\t\t\t\t\t\t<a href=\"http:\/\/urisaoluiz.com.br\/site\/ricadi\/publicacoes\/\" target=\"_self\"  onClick=\"\" class=\"\">\r\n\t\t\t\t\t\t\t\t\t\t\t\t\t\t\t\t\t\t\t<span>Publica\u00e7\u00f5es<br><\/span>\r\n\t\t\t\t\t\t\t\t\t\t\t\t\t\t\t\t\t<\/a>\r\n\t\t\t\t\t\t\t<\/div><!-- .dslc-button -->\r\n\r\n\r\n\t\t\t\t\t\t\n\t\t\t\t<\/div><!-- .dslc-module -->\n\t\t<\/div><div class=\"dslc-modules-area dslc-col dslc-1-col  dslc-valign- \" data-size=\"1\" data-valign=\"\"><\/div><div class=\"dslc-modules-area dslc-col dslc-8-col dslc-last-col dslc-valign- \" data-size=\"8\" data-valign=\"\">\n\t\t<div id=\"dslc-module-e63a1b70b63\" class=\"dslc-module-front dslc-module-DSLC_Image dslc-in-viewport-check dslc-in-viewport-anim-none  dslc-col dslc-4-col  dslc-module-handle-like-regular \" data-module-id=\"e63a1b70b63\" data-module=\"DSLC_Image\" data-dslc-module-size=\"4\" data-dslc-anim=\"none\" data-dslc-anim-delay=\"0\" data-dslc-anim-duration=\"650\"  data-dslc-anim-easing=\"ease\" data-dslc-preset=\"none\" >\n\n\t\t\t\n\t\t\t\n\t\t\t\t<div class=\"dslc-image-container\">\r\n\t\t<div class=\"dslc-image\">\r\n\r\n\t\t\t\r\n\t\t\t\t\r\n\t\t\t\t\t\t\t\t\t<img src=\"https:\/\/urisaoluiz.com.br\/site\/wp-content\/uploads\/2018\/08\/ricadi01.png\" alt=\"\" title=\"ricadi01\" srcset=\"https:\/\/urisaoluiz.com.br\/site\/wp-content\/uploads\/2018\/08\/ricadi01.png 593w, https:\/\/urisaoluiz.com.br\/site\/wp-content\/uploads\/2018\/08\/ricadi01-211x300.png 211w\" sizes=\"(max-width: 593px) 100vw, 593px\" \/>\r\n\t\t\t\t\r\n\t\t\t\t\t\t\t\t\t<\/div><!-- .dslc-image -->\r\n\t\t<\/div>\r\n\t\t\n\t\t\t\t<\/div><!-- .dslc-module -->\n\t\t\n\t\t<div id=\"dslc-module-2d4492ccb2e\" class=\"dslc-module-front dslc-module-DSLC_Text_Simple dslc-in-viewport-check dslc-in-viewport-anim-none  dslc-col dslc-8-col dslc-last-col  dslc-module-handle-like-regular \" data-module-id=\"2d4492ccb2e\" data-module=\"DSLC_Text_Simple\" data-dslc-module-size=\"8\" data-dslc-anim=\"none\" data-dslc-anim-delay=\"0\" data-dslc-anim-duration=\"650\"  data-dslc-anim-easing=\"ease\" data-dslc-preset=\"none\" >\n\n\t\t\t\n\t\t\t\n\t\t\r\n\t\t<div class=\"dslc-text-module-content\">\r\n\t\t\t<p>\u00a0<\/p><p>Revista RICADI - Edi\u00e7\u00e3o 7 - Janeiro\/Julho de 2019<\/p><p><a href=\"https:\/\/urisaoluiz.com.br\/site\/wp-content\/uploads\/2026\/02\/Revista-7a-edicao-1-capa.pdf\">Capa<\/a><\/p><p><a href=\"https:\/\/urisaoluiz.com.br\/site\/wp-content\/uploads\/2026\/02\/Revista-7a-edicao-1-Apresentacao.pdf\">Apresenta\u00e7\u00e3o<\/a><\/p><p><a href=\"https:\/\/urisaoluiz.com.br\/site\/wp-content\/uploads\/2026\/02\/Revista-7a-edicao-1-Sumario.pdf\">Sum\u00e1rio<\/a><\/p><p><a href=\"https:\/\/urisaoluiz.com.br\/site\/wp-content\/uploads\/2026\/02\/Revista-7a-edicao-1-Artigo-01.pdf\">UM ESTUDO SOBRE AS MODIFICA\u00c7\u00d5ES DE OPINI\u00c3O DO AUDITOR INDEPENDENTE NAS EMPRESAS DO SEGMENTO TRADICIONAL - BOVESPA<\/a><\/p><p><a href=\"https:\/\/urisaoluiz.com.br\/site\/wp-content\/uploads\/2026\/02\/Revista-7a-edicao-1-Artigo-02.pdf\">EDUCA\u00c7\u00c3O FINANCEIRA NO ENSINO FUNDAMENTAL: UMA RELA\u00c7\u00c3O SAUD\u00c1VEL, EQUILIBRADA E RESPONS\u00c1VEL COM O DINHEIRO<\/a><\/p><p><a href=\"https:\/\/urisaoluiz.com.br\/site\/wp-content\/uploads\/2026\/02\/Revista-7a-edicao-1-Artigo-03.pdf\">UMA ANALISE COMPARATIVA DAS DEMONSTRA\u00c7\u00d5ES CONT\u00c1BEIS DE UMA CERVEJARIA NO PER\u00cdODO DE 2017 A 2018<\/a><\/p><p><a href=\"https:\/\/urisaoluiz.com.br\/site\/wp-content\/uploads\/2026\/02\/Revista-7a-edicao-1-Artigo-04.pdf\">O COMPARATIVO DE COMPORTAMENTO DO CONSUMIDOR DE SUPERMERCADOS EM RELA\u00c7\u00c3O AOS PRODUTOS ALIMENT\u00cdCIOS<\/a><\/p><p><a href=\"https:\/\/urisaoluiz.com.br\/site\/wp-content\/uploads\/2026\/02\/Revista-7a-edicao-1-Artigo-05.pdf\">POTENCIALIDADES DO MUNIC\u00cdPIO DE RIBEIR\u00c3O DAS NEVES (MG) PARA ABRIGO E SUPORTE AO MOVIMENTO EMPREENDEDOR<\/a><\/p><p><a href=\"https:\/\/urisaoluiz.com.br\/site\/wp-content\/uploads\/2026\/02\/Revista-7a-edicao-1-Artigo-06.pdf\">A IMPORT\u00c2NCIA DA QUALIDADE DO ATENDIMENTO AO CLIENTE<\/a><\/p><p><a href=\"https:\/\/urisaoluiz.com.br\/site\/wp-content\/uploads\/2026\/02\/Revista-7a-edicao-1-Artigo-07.pdf\">BIG DATA, PROTE\u00c7\u00c3O DA PRIVACIDADE E DOS DADOS PESSOAIS NO BRASIL<\/a><\/p><p><a href=\"https:\/\/urisaoluiz.com.br\/site\/wp-content\/uploads\/2026\/02\/Revista-7a-edicao-1-Artigo-08.pdf\">AS ALTERA\u00c7\u00d5ES DA LEI N\u00ba 13.655\/18 NO CONTROLE DOS ATOS ADMINISTRATIVOS: POSITIVAMOS O CONSEQUENCIALISMO?<\/a><\/p><p><a href=\"https:\/\/urisaoluiz.com.br\/site\/wp-content\/uploads\/2026\/02\/Revista-7a-edicao-1-Artigo-09.pdf\">A VIOL\u00caNCIA CONTRA A MULHER, EM S\u00c3O LUIZ GONZAGA E ENTORNO, SOB O OLHAR DAS LIDERAN\u00c7AS DA REDE DE PROTE\u00c7\u00c3O \u00c0 MULHER<\/a><\/p><p><a href=\"https:\/\/urisaoluiz.com.br\/site\/wp-content\/uploads\/2026\/02\/Revista-7a-edicao-1-Artigo-10.pdf\">OS DIREITOS HUMANOS E O EXTREMISMO POL\u00cdTICO<\/a><\/p><p><a href=\"https:\/\/urisaoluiz.com.br\/site\/wp-content\/uploads\/2026\/02\/Revista-7a-edicao-1-Artigo-11.pdf\">GESTION ESTRATEGICA DE RECURSOS DE LOGISTICA INTERNA EN ASERRADEROS DE PEQUE\u00d1O TAMA\u00d1O: CASO REGIONAL DE ARGENTINA<\/a><\/p>\t\t<\/div>\r\n\r\n\t\t\n\t\t\t\t<\/div><!-- .dslc-module -->\n\t\t<\/div><\/div><\/div><\/div><input type=\"hidden\" id=\"dslca-post-data-thumb\" value=\"https:\/\/urisaoluiz.com.br\/site\/wp-content\/uploads\/2019\/05\/ImagemPadrao.png\" \/>","protected":false},"excerpt":{"rendered":"<p>Revista RICADI Apresenta\u00e7\u00e3o Equipe Condi\u00e7\u00f5es paraSubmiss\u00e3o Diretrizes para Autores Pol\u00edticas Editoriais Publica\u00e7\u00f5es \u00a0Revista RICADI &#8211; Edi\u00e7\u00e3o 7 &#8211; Janeiro\/Julho de 2019CapaApresenta\u00e7\u00e3oSum\u00e1rioUM ESTUDO SOBRE AS MODIFICA\u00c7\u00d5ES DE OPINI\u00c3O DO AUDITOR INDEPENDENTE NAS EMPRESAS DO SEGMENTO TRADICIONAL &#8211; BOVESPAEDUCA\u00c7\u00c3O FINANCEIRA NO ENSINO FUNDAMENTAL: UMA RELA\u00c7\u00c3O SAUD\u00c1VEL, EQUILIBRADA E RESPONS\u00c1VEL COM O DINHEIROUMA ANALISE COMPARATIVA DAS DEMONSTRA\u00c7\u00d5ES CONT\u00c1BEIS [&hellip;]<\/p>\n","protected":false},"author":1,"featured_media":12959,"parent":4600,"menu_order":0,"comment_status":"closed","ping_status":"closed","template":"","meta":{"footnotes":""},"class_list":["post-15498","page","type-page","status-publish","has-post-thumbnail","hentry"],"_links":{"self":[{"href":"https:\/\/urisaoluiz.com.br\/site\/wp-json\/wp\/v2\/pages\/15498","targetHints":{"allow":["GET"]}}],"collection":[{"href":"https:\/\/urisaoluiz.com.br\/site\/wp-json\/wp\/v2\/pages"}],"about":[{"href":"https:\/\/urisaoluiz.com.br\/site\/wp-json\/wp\/v2\/types\/page"}],"author":[{"embeddable":true,"href":"https:\/\/urisaoluiz.com.br\/site\/wp-json\/wp\/v2\/users\/1"}],"replies":[{"embeddable":true,"href":"https:\/\/urisaoluiz.com.br\/site\/wp-json\/wp\/v2\/comments?post=15498"}],"version-history":[{"count":0,"href":"https:\/\/urisaoluiz.com.br\/site\/wp-json\/wp\/v2\/pages\/15498\/revisions"}],"up":[{"embeddable":true,"href":"https:\/\/urisaoluiz.com.br\/site\/wp-json\/wp\/v2\/pages\/4600"}],"wp:featuredmedia":[{"embeddable":true,"href":"https:\/\/urisaoluiz.com.br\/site\/wp-json\/wp\/v2\/media\/12959"}],"wp:attachment":[{"href":"https:\/\/urisaoluiz.com.br\/site\/wp-json\/wp\/v2\/media?parent=15498"}],"curies":[{"name":"wp","href":"https:\/\/api.w.org\/{rel}","templated":true}]}}