{"id":17332,"date":"2020-12-04T15:12:19","date_gmt":"2020-12-04T18:12:19","guid":{"rendered":"https:\/\/urisaoluiz.com.br\/site\/?page_id=17332"},"modified":"2020-12-04T15:39:00","modified_gmt":"2020-12-04T18:39:00","slug":"documentos","status":"publish","type":"page","link":"https:\/\/urisaoluiz.com.br\/site\/documentos\/","title":{"rendered":"Documentos"},"content":{"rendered":"<div id=\"dslc-main\">\n\t\t<div  class=\"dslc-modules-section  dslc-init-parallax \" style=\"padding-bottom:40px;padding-top:40px;background-color:#156892;background-image:url();background-position:center center;background-attachment:parallax;background-size:cover;border-color:#ec268f;border-top-style: hidden; border-right-style: hidden; border-bottom-style: hidden; border-left-style: hidden; \" data-section-id=\"b7ae74b2ea5\">\n\t\t\t\t<div class=\"dslc-bg-video dslc-force-show\"><div class=\"dslc-bg-video-overlay\" style=\"background-color:#156892; opacity:0.7; \"><\/div><\/div>\n\t\t\t\t\n\t\t\t\t<div class=\"dslc-modules-section-wrapper dslc-clearfix\"><div class=\"dslc-modules-area dslc-col dslc-12-col dslc-last-col\" data-size=\"12\" data-valign=\"\">\n\t\t<div id=\"dslc-module-ccb7b7961a5\" class=\"dslc-module-front dslc-module-DSLC_TP_Title dslc-in-viewport-check dslc-in-viewport-anim-none  dslc-col dslc-12-col dslc-last-col  dslc-module-handle-like-regular \" data-module-id=\"ccb7b7961a5\" data-module=\"DSLC_TP_Title\" data-dslc-module-size=\"12\" data-dslc-anim=\"none\" data-dslc-anim-delay=\"0\" data-dslc-anim-duration=\"650\"  data-dslc-anim-easing=\"ease\" data-dslc-preset=\"none\" >\n\n\t\t\t\n\t\t\t\n\t\t\r\n\t\t\t\t<div class=\"dslc-tp-title\"><h1>Documentos<\/h1><\/div>\r\n\r\n\t\t\t\n\t\t\t\t<\/div><!-- .dslc-module -->\n\t\t<\/div><\/div><\/div>\n\t\t<div  class=\"dslc-modules-section \" style=\"padding-bottom:40px;padding-top:40px;background-repeat:no-repeat;background-position:center top;\" data-section-id=\"8d28f8109ed\">\n\t\t\t\t\n\t\t\t\t\n\t\t\t\t<div class=\"dslc-modules-section-wrapper dslc-clearfix\"><div class=\"dslc-modules-area dslc-col dslc-12-col dslc-last-col\" data-size=\"12\" data-valign=\"\">\n\t\t<div id=\"dslc-module-2382a9b30c5\" class=\"dslc-module-front dslc-module-DSLC_Text_Simple dslc-in-viewport-check dslc-in-viewport-anim-none  dslc-col dslc-12-col dslc-last-col  dslc-module-handle-like-regular \" data-module-id=\"2382a9b30c5\" data-module=\"DSLC_Text_Simple\" data-dslc-module-size=\"12\" data-dslc-anim=\"none\" data-dslc-anim-delay=\"0\" data-dslc-anim-duration=\"650\"  data-dslc-anim-easing=\"ease\" data-dslc-preset=\"none\" >\n\n\t\t\t\n\t\t\t\n\t\t\r\n\t\t<div class=\"dslc-text-module-content\">\r\n\t\t\t<h4><strong><a href=\"https:\/\/urisaoluiz.com.br\/site\/wp-content\/uploads\/2021\/04\/EstatutodaURI.pdf\">Estatuto da URI<\/a><\/strong><\/h4><hr><h4><strong><a href=\"https:\/\/urisaoluiz.com.br\/site\/wp-content\/uploads\/2021\/04\/EstatutodaFuRI.pdf\">Estatuto da FuRI<\/a><\/strong><\/h4><hr><h4><strong><a href=\"https:\/\/urisaoluiz.com.br\/site\/wp-content\/uploads\/2021\/04\/RegimentodaURI.pdf\">Regimento da URI<\/a><\/strong><\/h4><hr><h4><strong><a href=\"https:\/\/urisaoluiz.com.br\/site\/wp-content\/uploads\/2021\/04\/AditamentoPDI.pdf\">Aditamento PDI<\/a><\/strong><\/h4><hr><h4><strong><a href=\"https:\/\/urisaoluiz.com.br\/site\/wp-content\/uploads\/2021\/04\/PlanodeGesto2019-2022.pdf\">Plano de Gest\u00e3o 2019\/2022<\/a><\/strong><\/h4><hr><h4><strong><a href=\"https:\/\/urisaoluiz.com.br\/site\/wp-content\/uploads\/2021\/04\/PlacaindicativadeentidadedetentoradoCEBAS.pdf\">Placa indicativa de entidade detentora do CEBAS<\/a><\/strong><\/h4><hr><h4><strong><a href=\"https:\/\/urisaoluiz.com.br\/site\/wp-content\/uploads\/2021\/04\/RelatriodeAtividades2019.pdf\">Relat\u00f3rio de Atividades 2019<\/a><\/strong><\/h4><hr><h4><strong><a href=\"https:\/\/urisaoluiz.com.br\/site\/wp-content\/uploads\/2021\/04\/BalanoSocial2019.pdf\">Balan\u00e7o Social 2019<\/a><\/strong><\/h4><hr><h4><strong><a href=\"https:\/\/urisaoluiz.com.br\/site\/wp-content\/uploads\/2021\/04\/PoliticasdePesquisasURI.pdf\">Politicas de Pesquisas URI<\/a><\/strong><\/h4><hr><h4><strong><a href=\"https:\/\/urisaoluiz.com.br\/site\/wp-content\/uploads\/2021\/04\/ManualdeExtenso-1.pdf\">Manual de Extens\u00e3o<\/a><\/strong><\/h4><hr><h4><strong><a href=\"https:\/\/urisaoluiz.com.br\/site\/wp-content\/uploads\/2021\/04\/EstruturaeRegulamentaodoEnsinoaDistncia.pdf\">Estrutura e Regulamenta\u00e7\u00e3o do Ensino a Dist\u00e2ncia<\/a><\/strong><\/h4><hr><h4><strong><a href=\"https:\/\/urisaoluiz.com.br\/site\/wp-content\/uploads\/2021\/05\/2021-05-13-C-Pos-Graduacao-Contr-Prest-Serv-Educ-registrado.pdf\">Contrato de Presta\u00e7\u00e3o de Servi\u00e7os Educacionais dos Cursos de P\u00f3s-Gradua\u00e7\u00e3o<\/a><\/strong><\/h4><hr><h4><strong><a href=\"https:\/\/urisaoluiz.com.br\/site\/wp-content\/uploads\/2021\/07\/2021-07-22-C-Pos-Doutorado-Contr-Prest-Serv-Educ-registrado.pdf\">Contrato de Presta\u00e7\u00e3o de Servi\u00e7os Educacionais de Est\u00e1gio P\u00f3s-Doutoral em Programas De P\u00f3s-Gradua\u00e7\u00e3o Stricto Sensu<\/a><\/strong><\/h4><h4>\u00a0<\/h4>\t\t<\/div>\r\n\r\n\t\t\n\t\t\t\t<\/div><!-- .dslc-module -->\n\t\t<\/div><\/div><\/div><\/div><input type=\"hidden\" id=\"dslca-post-data-thumb\" value=\"https:\/\/urisaoluiz.com.br\/site\/wp-content\/uploads\/2019\/05\/ImagemPadrao.png\" \/>","protected":false},"excerpt":{"rendered":"<p>Documentos Estatuto da URIEstatuto da FuRIRegimento da URIAditamento PDIPlano de Gest\u00e3o 2019\/2022Placa indicativa de entidade detentora do CEBASRelat\u00f3rio de Atividades 2019Balan\u00e7o Social 2019Politicas de Pesquisas URIManual de Extens\u00e3oEstrutura e Regulamenta\u00e7\u00e3o do Ensino a Dist\u00e2nciaContrato de Presta\u00e7\u00e3o de Servi\u00e7os Educacionais dos Cursos de P\u00f3s-Gradua\u00e7\u00e3oContrato de Presta\u00e7\u00e3o de Servi\u00e7os Educacionais de Est\u00e1gio P\u00f3s-Doutoral em Programas De P\u00f3s-Gradua\u00e7\u00e3o [&hellip;]<\/p>\n","protected":false},"author":1,"featured_media":12959,"parent":0,"menu_order":0,"comment_status":"closed","ping_status":"closed","template":"","meta":{"footnotes":""},"class_list":["post-17332","page","type-page","status-publish","has-post-thumbnail","hentry"],"_links":{"self":[{"href":"https:\/\/urisaoluiz.com.br\/site\/wp-json\/wp\/v2\/pages\/17332","targetHints":{"allow":["GET"]}}],"collection":[{"href":"https:\/\/urisaoluiz.com.br\/site\/wp-json\/wp\/v2\/pages"}],"about":[{"href":"https:\/\/urisaoluiz.com.br\/site\/wp-json\/wp\/v2\/types\/page"}],"author":[{"embeddable":true,"href":"https:\/\/urisaoluiz.com.br\/site\/wp-json\/wp\/v2\/users\/1"}],"replies":[{"embeddable":true,"href":"https:\/\/urisaoluiz.com.br\/site\/wp-json\/wp\/v2\/comments?post=17332"}],"version-history":[{"count":0,"href":"https:\/\/urisaoluiz.com.br\/site\/wp-json\/wp\/v2\/pages\/17332\/revisions"}],"wp:featuredmedia":[{"embeddable":true,"href":"https:\/\/urisaoluiz.com.br\/site\/wp-json\/wp\/v2\/media\/12959"}],"wp:attachment":[{"href":"https:\/\/urisaoluiz.com.br\/site\/wp-json\/wp\/v2\/media?parent=17332"}],"curies":[{"name":"wp","href":"https:\/\/api.w.org\/{rel}","templated":true}]}}