{"id":17963,"date":"2021-04-19T20:26:32","date_gmt":"2021-04-19T23:26:32","guid":{"rendered":"https:\/\/urisaoluiz.com.br\/site\/?page_id=17963"},"modified":"2021-04-19T20:26:32","modified_gmt":"2021-04-19T23:26:32","slug":"nucleo-de-praticas-juridicas","status":"publish","type":"page","link":"https:\/\/urisaoluiz.com.br\/site\/nucleo-de-praticas-juridicas\/","title":{"rendered":"N\u00facleo de Pr\u00e1ticas Jur\u00eddicas"},"content":{"rendered":"<div id=\"dslc-main\">\n\t\t<div  class=\"dslc-modules-section \" style=\"padding-bottom:0px;padding-top:0px;padding-left:3%;padding-right:3%;background-repeat:no-repeat;background-position:center top;\" data-section-id=\"9967063a856\">\n\t\t\t\t\n\t\t\t\t\n\t\t\t\t<div class=\"dslc-modules-section-wrapper dslc-clearfix\"><div class=\"dslc-modules-area dslc-col dslc-1-col dslc-first-col\" data-size=\"1\" data-valign=\"\"><\/div><div class=\"dslc-modules-area dslc-col dslc-5-col \" data-size=\"5\" data-valign=\"\">\n\t\t<div id=\"dslc-module-fcdc764427b\" class=\"dslc-module-front dslc-module-DSLC_Text_Simple dslc-in-viewport-check dslc-in-viewport-anim-none  dslc-col dslc-12-col dslc-last-col  dslc-module-handle-like-regular \" data-module-id=\"fcdc764427b\" data-module=\"DSLC_Text_Simple\" data-dslc-module-size=\"12\" data-dslc-anim=\"none\" data-dslc-anim-delay=\"0\" data-dslc-anim-duration=\"650\"  data-dslc-anim-easing=\"ease\" data-dslc-preset=\"none\" >\n\n\t\t\t\n\t\t\t\n\t\t\r\n\t\t<div class=\"dslc-text-module-content\">\r\n\t\t\t<h1>\u00a0<\/h1><h1>\u00a0<\/h1><h1>\u00a0<\/h1><p><br data-mce-bogus=\"1\"><\/p><p><br data-mce-bogus=\"1\"><\/p><p><br data-mce-bogus=\"1\"><\/p><p><br data-mce-bogus=\"1\"><\/p><h1>Centro de Pr\u00e1ticas<\/h1>\t\t<\/div>\r\n\r\n\t\t\n\t\t\t\t<\/div><!-- .dslc-module -->\n\t\t<\/div><div class=\"dslc-modules-area dslc-col dslc-6-col dslc-last-col\" data-size=\"6\" data-valign=\"\">\n\t\t<div id=\"dslc-module-58db9f25ca2\" class=\"dslc-module-front dslc-module-DSLC_Text_Simple dslc-in-viewport-check dslc-in-viewport-anim-none  dslc-col dslc-12-col dslc-last-col  dslc-module-handle-like-regular \" data-module-id=\"58db9f25ca2\" data-module=\"DSLC_Text_Simple\" data-dslc-module-size=\"12\" data-dslc-anim=\"none\" data-dslc-anim-delay=\"0\" data-dslc-anim-duration=\"650\"  data-dslc-anim-easing=\"ease\" data-dslc-preset=\"none\" >\n\n\t\t\t\n\t\t\t\n\t\t\r\n\t\t<div class=\"dslc-text-module-content\">\r\n\t\t\t<h1>N\u00daCLEO DE PR\u00c1TICAS JUR\u00cdDICAS<\/h1><p>O N\u00facleo de Pr\u00e1ticas Jur\u00eddicas do Curso de Direito da URI - S\u00e3o Luiz Gonzaga encontra-se em funcionamento desde mar\u00e7o de 2018.<\/p><p>O espa\u00e7o \u00e9 dedicado a possibilitar a realiza\u00e7\u00e3o dos est\u00e1gios obrigat\u00f3rios curriculares do Curso de Direito, com a participa\u00e7\u00e3o dos acad\u00eamicos matriculados nas disciplinas de Est\u00e1gio.<\/p><p>Os atendimentos s\u00e3o realizados \u00e0 comunidade de forma gratuita, para as pessoas que disponham de renda inferior a tr\u00eas sal\u00e1rios m\u00ednimos e que necessitem de orienta\u00e7\u00e3o ou acompanhamento de advogado. As \u00e1reas de atua\u00e7\u00e3o s\u00e3o c\u00edvel, criminal, previdenci\u00e1ria, trabalhista, tribut\u00e1ria e administrativa.<\/p><p>Al\u00e9m disso, o N\u00facleo de Pr\u00e1ticas Jur\u00eddicas possui espa\u00e7o dedicado \u00e0 composi\u00e7\u00e3o amig\u00e1vel, por meio da media\u00e7\u00e3o e da arbitragem, oportunizando aos alunos a participa\u00e7\u00e3o, real ou simulada, em tais pr\u00e1ticas.<\/p><p><br><\/p><p><img src=\"data:image\/gif;base64,R0lGODlhAQABAIAAAAAAAP\/\/\/yH5BAEAAAAALAAAAAABAAEAAAIBRAA7\" data-wp-preserve=\"%3Cstyle%20type%3D%22text%2Fcss%22%3E%0A%09%09%09%23gallery-1%20%7B%3Cbr%20%2F%3E%0A%09%09%09%09margin%3A%20auto%3B%3Cbr%20%2F%3E%0A%09%09%09%7D%3Cbr%20%2F%3E%0A%09%09%09%23gallery-1%20.gallery-item%20%7B%3Cbr%20%2F%3E%0A%09%09%09%09float%3A%20left%3B%3Cbr%20%2F%3E%0A%09%09%09%09margin-top%3A%2010px%3B%3Cbr%20%2F%3E%0A%09%09%09%09text-align%3A%20center%3B%3Cbr%20%2F%3E%0A%09%09%09%09width%3A%2033%25%3B%3Cbr%20%2F%3E%0A%09%09%09%7D%3Cbr%20%2F%3E%0A%09%09%09%23gallery-1%20img%20%7B%3Cbr%20%2F%3E%0A%09%09%09%09border%3A%202px%20solid%20%23cfcfcf%3B%3Cbr%20%2F%3E%0A%09%09%09%7D%3Cbr%20%2F%3E%0A%09%09%09%23gallery-1%20.gallery-caption%20%7B%3Cbr%20%2F%3E%0A%09%09%09%09margin-left%3A%200%3B%3Cbr%20%2F%3E%0A%09%09%09%7D%3Cbr%20%2F%3E%0A%09%09%09%2F*%20see%20gallery_shortcode()%20in%20wp-includes%2Fmedia.php%20*%2F%3Cbr%20%2F%3E%0A%09%09%3C%2Fstyle%3E\" data-mce-resize=\"false\" data-mce-placeholder=\"1\" class=\"mce-object\" width=\"20\" height=\"20\" alt=\"<\/p>\n<style>\" title=\"<\/p>\n<style>\"><\/p><div id=\"gallery-1\" class=\"gallery galleryid-17963 gallery-columns-3 gallery-size-thumbnail\"><dl class=\"gallery-item\"><dt class=\"gallery-icon portrait\"><a href=\"https:\/\/urisaoluiz.com.br\/site\/wp-content\/uploads\/2021\/04\/WhatsApp-Image-2021-04-19-at-17.10.51.jpeg\" data-mce-href=\"..\/wp-content\/uploads\/2021\/04\/WhatsApp-Image-2021-04-19-at-17.10.51.jpeg\"><img width=\"150\" height=\"150\" src=\"https:\/\/urisaoluiz.com.br\/site\/wp-content\/uploads\/2021\/04\/WhatsApp-Image-2021-04-19-at-17.10.51-150x150.jpeg\" class=\"attachment-thumbnail size-thumbnail\" alt=\"\" data-mce-src=\"..\/wp-content\/uploads\/2021\/04\/WhatsApp-Image-2021-04-19-at-17.10.51-150x150.jpeg\"><\/a><\/dt><\/dl><dl class=\"gallery-item\"><dt class=\"gallery-icon portrait\"><a href=\"https:\/\/urisaoluiz.com.br\/site\/wp-content\/uploads\/2021\/04\/WhatsApp-Image-2021-04-19-at-17.10.53.jpeg\" data-mce-href=\"..\/wp-content\/uploads\/2021\/04\/WhatsApp-Image-2021-04-19-at-17.10.53.jpeg\"><img width=\"150\" height=\"150\" src=\"https:\/\/urisaoluiz.com.br\/site\/wp-content\/uploads\/2021\/04\/WhatsApp-Image-2021-04-19-at-17.10.53-150x150.jpeg\" class=\"attachment-thumbnail size-thumbnail\" alt=\"\" data-mce-src=\"..\/wp-content\/uploads\/2021\/04\/WhatsApp-Image-2021-04-19-at-17.10.53-150x150.jpeg\"><\/a><\/dt><\/dl><dl class=\"gallery-item\"><dt class=\"gallery-icon landscape\"><a href=\"https:\/\/urisaoluiz.com.br\/site\/wp-content\/uploads\/2021\/04\/WhatsApp-Image-2021-04-19-at-17.10.52-2.jpeg\" data-mce-href=\"..\/wp-content\/uploads\/2021\/04\/WhatsApp-Image-2021-04-19-at-17.10.52-2.jpeg\"><img width=\"150\" height=\"150\" src=\"https:\/\/urisaoluiz.com.br\/site\/wp-content\/uploads\/2021\/04\/WhatsApp-Image-2021-04-19-at-17.10.52-2-150x150.jpeg\" class=\"attachment-thumbnail size-thumbnail\" alt=\"\" data-mce-src=\"..\/wp-content\/uploads\/2021\/04\/WhatsApp-Image-2021-04-19-at-17.10.52-2-150x150.jpeg\"><\/a><\/dt><\/dl><p><br style=\"clear: both;\" data-mce-style=\"clear: both;\"><\/p><dl class=\"gallery-item\"><dt class=\"gallery-icon portrait\"><a href=\"https:\/\/urisaoluiz.com.br\/site\/wp-content\/uploads\/2021\/04\/WhatsApp-Image-2021-04-19-at-17.10.52-1.jpeg\" data-mce-href=\"..\/wp-content\/uploads\/2021\/04\/WhatsApp-Image-2021-04-19-at-17.10.52-1.jpeg\"><img width=\"150\" height=\"150\" src=\"https:\/\/urisaoluiz.com.br\/site\/wp-content\/uploads\/2021\/04\/WhatsApp-Image-2021-04-19-at-17.10.52-1-150x150.jpeg\" class=\"attachment-thumbnail size-thumbnail\" alt=\"\" data-mce-src=\"..\/wp-content\/uploads\/2021\/04\/WhatsApp-Image-2021-04-19-at-17.10.52-1-150x150.jpeg\"><\/a><\/dt><\/dl><dl class=\"gallery-item\"><dt class=\"gallery-icon portrait\"><a href=\"https:\/\/urisaoluiz.com.br\/site\/wp-content\/uploads\/2021\/04\/WhatsApp-Image-2021-04-19-at-17.10.52.jpeg\" data-mce-href=\"..\/wp-content\/uploads\/2021\/04\/WhatsApp-Image-2021-04-19-at-17.10.52.jpeg\"><img width=\"150\" height=\"150\" src=\"https:\/\/urisaoluiz.com.br\/site\/wp-content\/uploads\/2021\/04\/WhatsApp-Image-2021-04-19-at-17.10.52-150x150.jpeg\" class=\"attachment-thumbnail size-thumbnail\" alt=\"\" data-mce-src=\"..\/wp-content\/uploads\/2021\/04\/WhatsApp-Image-2021-04-19-at-17.10.52-150x150.jpeg\"><\/a><\/dt><\/dl><p><br style=\"clear: both;\" data-mce-style=\"clear: both;\"><\/p><\/div>\t\t<\/div>\r\n\r\n\t\t\n\t\t\t\t<\/div><!-- .dslc-module -->\n\t\t<\/div><\/div><\/div><\/div><input type=\"hidden\" id=\"dslca-post-data-thumb\" value=\"https:\/\/urisaoluiz.com.br\/site\/wp-content\/uploads\/2019\/05\/ImagemPadrao.png\" \/>","protected":false},"excerpt":{"rendered":"<p>\u00a0\u00a0\u00a0Centro de Pr\u00e1ticas N\u00daCLEO DE PR\u00c1TICAS JUR\u00cdDICASO N\u00facleo de Pr\u00e1ticas Jur\u00eddicas do Curso de Direito da URI &#8211; S\u00e3o Luiz Gonzaga encontra-se em funcionamento desde mar\u00e7o de 2018.O espa\u00e7o \u00e9 dedicado a possibilitar a realiza\u00e7\u00e3o dos est\u00e1gios obrigat\u00f3rios curriculares do Curso de Direito, com a participa\u00e7\u00e3o dos acad\u00eamicos matriculados nas disciplinas de Est\u00e1gio.Os atendimentos s\u00e3o [&hellip;]<\/p>\n","protected":false},"author":1,"featured_media":12959,"parent":0,"menu_order":0,"comment_status":"closed","ping_status":"closed","template":"","meta":{"footnotes":""},"class_list":["post-17963","page","type-page","status-publish","has-post-thumbnail","hentry"],"_links":{"self":[{"href":"https:\/\/urisaoluiz.com.br\/site\/wp-json\/wp\/v2\/pages\/17963","targetHints":{"allow":["GET"]}}],"collection":[{"href":"https:\/\/urisaoluiz.com.br\/site\/wp-json\/wp\/v2\/pages"}],"about":[{"href":"https:\/\/urisaoluiz.com.br\/site\/wp-json\/wp\/v2\/types\/page"}],"author":[{"embeddable":true,"href":"https:\/\/urisaoluiz.com.br\/site\/wp-json\/wp\/v2\/users\/1"}],"replies":[{"embeddable":true,"href":"https:\/\/urisaoluiz.com.br\/site\/wp-json\/wp\/v2\/comments?post=17963"}],"version-history":[{"count":1,"href":"https:\/\/urisaoluiz.com.br\/site\/wp-json\/wp\/v2\/pages\/17963\/revisions"}],"predecessor-version":[{"id":17964,"href":"https:\/\/urisaoluiz.com.br\/site\/wp-json\/wp\/v2\/pages\/17963\/revisions\/17964"}],"wp:featuredmedia":[{"embeddable":true,"href":"https:\/\/urisaoluiz.com.br\/site\/wp-json\/wp\/v2\/media\/12959"}],"wp:attachment":[{"href":"https:\/\/urisaoluiz.com.br\/site\/wp-json\/wp\/v2\/media?parent=17963"}],"curies":[{"name":"wp","href":"https:\/\/api.w.org\/{rel}","templated":true}]}}