{"id":190,"date":"2015-10-07T14:54:02","date_gmt":"2015-10-07T17:54:02","guid":{"rendered":"http:\/\/urisaoluiz.com.br\/site\/?page_id=190"},"modified":"2024-01-24T15:25:38","modified_gmt":"2024-01-24T18:25:38","slug":"ciencias-contabeis","status":"publish","type":"page","link":"https:\/\/urisaoluiz.com.br\/site\/graduacao\/ciencias-contabeis\/","title":{"rendered":"Ci\u00eancias Cont\u00e1beis"},"content":{"rendered":"<div id=\"dslc-main\">\n\t\t<div  class=\"dslc-modules-section  dslc-init-parallax \" style=\"padding-bottom:150px;padding-top:150px;background-color:#156892;background-image:url();background-position:center center;background-attachment:parallax;background-size:cover;border-color:#ec268f;border-top-style: hidden; border-right-style: hidden; border-bottom-style: hidden; border-left-style: hidden; \" data-section-id=\"7ad131949bc\">\n\t\t\t\t<div class=\"dslc-bg-video dslc-force-show\"><div class=\"dslc-bg-video-overlay\" style=\"background-color:#156892; opacity:0.7; \"><\/div><\/div>\n\t\t\t\t\n\t\t\t\t<div class=\"dslc-modules-section-wrapper dslc-clearfix\"><div class=\"dslc-modules-area dslc-col dslc-12-col dslc-last-col\" data-size=\"12\" data-valign=\"\">\n\t\t<div id=\"dslc-module-8912e370aa1\" class=\"dslc-module-front dslc-module-DSLC_Image dslc-in-viewport-check dslc-in-viewport-anim-none  dslc-col dslc-12-col dslc-last-col  dslc-module-handle-like-regular \" data-module-id=\"8912e370aa1\" data-module=\"DSLC_Image\" data-dslc-module-size=\"12\" data-dslc-anim=\"none\" data-dslc-anim-delay=\"\" data-dslc-anim-duration=\"650\"  data-dslc-anim-easing=\"ease\" data-dslc-preset=\"none\" >\n\n\t\t\t\n\t\t\t\n\t\t\t\t<div class=\"dslc-image-container\">\r\n\t\t<div class=\"dslc-image\">\r\n\r\n\t\t\t\r\n\t\t\t\t\r\n\t\t\t\t\t\t\t\t\t<img src=\"https:\/\/urisaoluiz.com.br\/site\/wp-content\/uploads\/2019\/05\/Simbolo_ciencias.svg_-86x100.png\" alt=\"\" title=\"Simbolo_ciencias.svg\" srcset=\"https:\/\/urisaoluiz.com.br\/site\/wp-content\/uploads\/2019\/05\/Simbolo_ciencias.svg_.png 888w, https:\/\/urisaoluiz.com.br\/site\/wp-content\/uploads\/2019\/05\/Simbolo_ciencias.svg_-260x300.png 260w, https:\/\/urisaoluiz.com.br\/site\/wp-content\/uploads\/2019\/05\/Simbolo_ciencias.svg_-768x886.png 768w\" sizes=\"(max-width: 888px) 100vw, 888px\" \/>\r\n\t\t\t\t\r\n\t\t\t\t\t\t\t\t\t<\/div><!-- .dslc-image -->\r\n\t\t<\/div>\r\n\t\t\n\t\t\t\t<\/div><!-- .dslc-module -->\n\t\t\n\t\t<div id=\"dslc-module-93af4a89f24\" class=\"dslc-module-front dslc-module-DSLC_TP_Title dslc-in-viewport-check dslc-in-viewport-anim-none  dslc-col dslc-12-col dslc-last-col  dslc-module-handle-like-regular \" data-module-id=\"93af4a89f24\" data-module=\"DSLC_TP_Title\" data-dslc-module-size=\"12\" data-dslc-anim=\"none\" data-dslc-anim-delay=\"0\" data-dslc-anim-duration=\"650\"  data-dslc-anim-easing=\"ease\" data-dslc-preset=\"none\" >\n\n\t\t\t\n\t\t\t\n\t\t\r\n\t\t\t\t<div class=\"dslc-tp-title\"><h1>Ci\u00eancias Cont\u00e1beis<\/h1><\/div>\r\n\r\n\t\t\t\n\t\t\t\t<\/div><!-- .dslc-module -->\n\t\t<\/div><\/div><\/div>\n\t\t<div  class=\"dslc-modules-section \" style=\"padding-bottom:40px;padding-top:40px;padding-left:3%;padding-right:3%;background-repeat:no-repeat;background-position:center top;\" data-section-id=\"f35f4209e52\">\n\t\t\t\t\n\t\t\t\t\n\t\t\t\t<div class=\"dslc-modules-section-wrapper dslc-clearfix\"><div class=\"dslc-modules-area dslc-col dslc-7-col dslc-first-col\" data-size=\"7\" data-valign=\"\">\n\t\t<div id=\"dslc-module-145790dea9c\" class=\"dslc-module-front dslc-module-DSLC_Text_Simple dslc-in-viewport-check dslc-in-viewport-anim-none  dslc-col dslc-12-col dslc-last-col  dslc-module-handle-like-regular \" data-module-id=\"145790dea9c\" data-module=\"DSLC_Text_Simple\" data-dslc-module-size=\"12\" data-dslc-anim=\"none\" data-dslc-anim-delay=\"0\" data-dslc-anim-duration=\"650\"  data-dslc-anim-easing=\"ease\" data-dslc-preset=\"none\" >\n\n\t\t\t\n\t\t\t\n\t\t\r\n\t\t<div class=\"dslc-text-module-content\">\r\n\t\t\t<h1 style=\"text-align: justify;\">Conhe\u00e7a o Curso<\/h1><p style=\"text-align: justify;\">O Curso de Ci\u00eancias Cont\u00e1beis da URI visa a forma\u00e7\u00e3o do profissional da \u00e1rea cont\u00e1bil para enfrentar o mundo dos neg\u00f3cios, com condi\u00e7\u00f5es de implementar e gerenciar controles e sistemas de informa\u00e7\u00f5es sobre o patrim\u00f4nio e suas varia\u00e7\u00f5es e atender as necessidades da iniciativa p\u00fablica e privada na \u00e1rea de interesse na Ci\u00eancia Cont\u00e1bil.<\/p><h1 style=\"text-align: justify;\">Objetivos<\/h1><p style=\"text-align: justify;\">Habilitar recursos humanos para o desenvolvimento regional e nacional de modo que possam atuar no mercado de trabalho em condi\u00e7\u00f5es de exercer sua atividade: Por conta pr\u00f3pria (aut\u00f4nomo ou propriet\u00e1rio de estabelecimento); Associado (inclusive com outras categorias); Como funcion\u00e1rio (setor privado ou p\u00fablico, com conhecimento generalista e dom\u00ednio de t\u00e9cnicas espec\u00edficas da profiss\u00e3o com est\u00edmulo permanente a pesquisa e o conseq\u00fcente desenvolvimento do saber, de modo que possa transpor os conhecimentos te\u00f3ricos para o campo de pr\u00e1tica e da aplica\u00e7\u00e3o pr\u00e1tica produzir, inovar, desenvolver o te\u00f3rico). Habilitar profissionais capazes de: Identificar os principais tipos de entidades p\u00fablicas e privadas, como empresas rurais comerciais, industriais, prestadoras de servi\u00e7os, institui\u00e7\u00f5es financeiras, entre outras; Idealizar, estruturar, implantar e gerir sistema de informa\u00e7\u00e3o cont\u00e1bil, como de contabilidade financeira, custos, or\u00e7amentos, etc; Executar trabalhos de escritura\u00e7\u00e3o cont\u00e1bil\/fiscal, cont\u00e1bil\/econ\u00f4micos, organiza\u00e7\u00e3o e reorganiza\u00e7\u00e3o de rotinas de servi\u00e7os e seus fluxos; Elaborar relat\u00f3rios\/demonstra\u00e7\u00f5es cont\u00e1beis oficiais e espec\u00edficas a cada necessidade administrativa; Executar trabalhos de confer\u00eancia, auditoria, per\u00edcias cont\u00e1beis; Analisar, interpretar situa\u00e7\u00f5es econ\u00f4mico-financeiras de uma entidade, quer nos aspectos de resultado, finan\u00e7as, nos custos, nas muta\u00e7\u00f5es patrimoniais, diagnosticando causas e efeitos, analisando tend\u00eancias espec\u00edficas e conjunturais; sugerindo\/propondo alternativas de decis\u00f5es; Assessorar e emitir pareceres, expressando-se de forma escrita, verbalmente com o produto de seu trabalho em aux\u00edlio ao processo de gest\u00e3o administrativa, quer no planejamento, nas opera\u00e7\u00f5es, nos controles operacionais, e, principalmente, nos controles gerenciais e na tomada de decis\u00e3o; Entender a din\u00e2mica social, pol\u00edtica e econ\u00f4mica e a rela\u00e7\u00e3o com seu trabalho e com a(s) entidade(s) a que presta o servi\u00e7o, e nela atuar cr\u00edtica, consciente e eticamente; Interpretar a legisla\u00e7\u00e3o comercial\/tribut\u00e1ria e nela exercer o planejamento tribut\u00e1rio; Assumir uma postura de gerente de informa\u00e7\u00e3o para os mais diferentes usu\u00e1rios, internos e externos \u00e0(s) entidade(s) em que atua; Interpretar a legisla\u00e7\u00e3o comercial\/tribut\u00e1ria e nela exercer o planejamento tribut\u00e1rio; Utilizar recursos tecnol\u00f3gicos (especialmente a inform\u00e1tica) de forma a racionalizar, agilizar o produto de seu trabalho, tornando mais eficaz e eficiente.<\/p><h1 style=\"text-align: justify;\">Perfil do Profissional<\/h1><p style=\"text-align: justify;\">Contador \u00e9 o profissional que exerce as fun\u00e7\u00f5es cont\u00e1beis, com forma\u00e7\u00e3o superior do ensino cont\u00e1bil (Bacharel em Ci\u00eancias Cont\u00e1beis)<\/p><h1 style=\"text-align: justify;\">Campo de Atua\u00e7\u00e3o<\/h1><p style=\"text-align: justify;\">A Contabilidade \u00e9 uma das \u00e1reas que mais proporcionam oportunidades para o profissional. O estudante que optou por um curso superior de Contabilidade ter\u00e1 in\u00fameras alternativas, entre as quais citaremos as seguintes: -Contabilidade Financeira : \u00c9 a contabilidade geral, necess\u00e1ria a todas as empresas. Fornece informa\u00e7\u00f5es b\u00e1sicas aos seus usu\u00e1rios e \u00e9 obrigat\u00f3ria para fins fiscais. -Contabilidade de Custos: Est\u00e1 voltada para o c\u00e1lculo e a interpreta\u00e7\u00e3o dos custos dos bens fabricados ou comercializados, ou dos servi\u00e7os prestados pela empresa. -Contabilidade Gerencial : Voltada para fins internos procura suprir os gerentes de um elenco maior de informa\u00e7\u00f5es, exclusivamente para a tomada de decis\u00f5es. -Auditor: Auditoria \u00e9 o exame, a verifica\u00e7\u00e3o da exatid\u00e3o dos procedimentos cont\u00e1beis. -Auditor Independente: \u00c9 o profissional que n\u00e3o \u00e9 empregado da empresa em que est\u00e1 realizando o trabalho de Auditoria. \u00c9 um profissional liberal, embora possa estar vinculado a uma empresa de Auditoria. -Auditor Interno: \u00c9 o Auditor que \u00e9 empregado (ou dependente econ\u00f4mico) da empresa em que faz o exame da Contabilidade. Analista de Balan\u00e7o - Analisa a situa\u00e7\u00e3o econ\u00f4mico-financeira da empresa atrav\u00e9s dos relat\u00f3rios fornecidos pela Contabilidade. A an\u00e1lise pode ter os mais diversos fins: medida de desempenho, concess\u00e3o de cr\u00e9dito, investimentos etc. Perito Cont\u00e1bil - A per\u00edcia judicial \u00e9 motivada por uma quest\u00e3o judicial, solicitada pela justi\u00e7a. O contador far\u00e1 uma verifica\u00e7\u00e3o na exatid\u00e3o dos registros cont\u00e1beis e em outros aspetos. Consultor Cont\u00e1bil - A consultoria, em franco desenvolvimento em nosso pa\u00eds, n\u00e3o se restringe especificamente \u00e0 parte cont\u00e1bil e financeira \u2013 e aqui houve um grande avan\u00e7o da profiss\u00e3o \u2013 \u00e0 consultoria fiscal. Pesquisador Cont\u00e1bil - Para aqueles que optarem pela carreira universit\u00e1ria, e que normalmente se dedicam em per\u00edodo integral \u00e0 Universidade, h\u00e1 um campo pouco explorado no Brasil, ou seja, a investiga\u00e7\u00e3o cient\u00edfica na Contabilidade. Cargos P\u00fablicos - Em muitos concursos, tanto na \u00e1rea Federal como na Estadual e na Municipal, tem havido grande contingente de contadores aprovados. Cargos Administrativos - Observamos ainda contadores que exercem cargos de assessoria, elevados postos de chefia, de ger\u00eancia e, at\u00e9 mesmo, de diretoria, com relativo sucesso. O contador \u00e9 um elemento gabaritado para tais cargos, pois, no exerc\u00edcio de sua profiss\u00e3o, entra em contato com todos os setores da empresa.<\/p>\t\t<\/div>\r\n\r\n\t\t\n\t\t\t\t<\/div><!-- .dslc-module -->\n\t\t<\/div><div class=\"dslc-modules-area dslc-col dslc-5-col dslc-last-col\" data-size=\"5\" data-valign=\"\">\n\t\t<div id=\"dslc-module-bdab6eb6ff9\" class=\"dslc-module-front dslc-module-DSLC_TP_Content dslc-in-viewport-check dslc-in-viewport-anim-none  dslc-col dslc-12-col dslc-last-col  dslc-module-handle-like-regular \" data-module-id=\"bdab6eb6ff9\" data-module=\"DSLC_TP_Content\" data-dslc-module-size=\"12\" data-dslc-anim=\"none\" data-dslc-anim-delay=\"0\" data-dslc-anim-duration=\"650\"  data-dslc-anim-easing=\"ease\" data-dslc-preset=\"none\" >\n\n\t\t\t\n\t\t\t\n\t\t<div class=\"dslc-tp-content\"><\/div>\n\t\t\t\t<\/div><!-- .dslc-module -->\n\t\t<\/div><\/div><\/div><\/div><input type=\"hidden\" id=\"dslca-post-data-thumb\" value=\"https:\/\/urisaoluiz.com.br\/site\/wp-content\/uploads\/2019\/05\/Mercado-financeiro-prev\u00ea-infla\u00e7\u00e3o-abaixo-do-limite-da-meta-de-3-Copia-960x676.png\" \/>","protected":false},"excerpt":{"rendered":"<p>Ci\u00eancias Cont\u00e1beis Conhe\u00e7a o CursoO Curso de Ci\u00eancias Cont\u00e1beis da URI visa a forma\u00e7\u00e3o do profissional da \u00e1rea cont\u00e1bil para enfrentar o mundo dos neg\u00f3cios, com condi\u00e7\u00f5es de implementar e gerenciar controles e sistemas de informa\u00e7\u00f5es sobre o patrim\u00f4nio e suas varia\u00e7\u00f5es e atender as necessidades da iniciativa p\u00fablica e privada na \u00e1rea de interesse [&hellip;]<\/p>\n","protected":false},"author":1,"featured_media":12921,"parent":51,"menu_order":0,"comment_status":"closed","ping_status":"closed","template":"","meta":{"footnotes":""},"class_list":["post-190","page","type-page","status-publish","has-post-thumbnail","hentry"],"_links":{"self":[{"href":"https:\/\/urisaoluiz.com.br\/site\/wp-json\/wp\/v2\/pages\/190","targetHints":{"allow":["GET"]}}],"collection":[{"href":"https:\/\/urisaoluiz.com.br\/site\/wp-json\/wp\/v2\/pages"}],"about":[{"href":"https:\/\/urisaoluiz.com.br\/site\/wp-json\/wp\/v2\/types\/page"}],"author":[{"embeddable":true,"href":"https:\/\/urisaoluiz.com.br\/site\/wp-json\/wp\/v2\/users\/1"}],"replies":[{"embeddable":true,"href":"https:\/\/urisaoluiz.com.br\/site\/wp-json\/wp\/v2\/comments?post=190"}],"version-history":[{"count":4,"href":"https:\/\/urisaoluiz.com.br\/site\/wp-json\/wp\/v2\/pages\/190\/revisions"}],"predecessor-version":[{"id":22377,"href":"https:\/\/urisaoluiz.com.br\/site\/wp-json\/wp\/v2\/pages\/190\/revisions\/22377"}],"up":[{"embeddable":true,"href":"https:\/\/urisaoluiz.com.br\/site\/wp-json\/wp\/v2\/pages\/51"}],"wp:featuredmedia":[{"embeddable":true,"href":"https:\/\/urisaoluiz.com.br\/site\/wp-json\/wp\/v2\/media\/12921"}],"wp:attachment":[{"href":"https:\/\/urisaoluiz.com.br\/site\/wp-json\/wp\/v2\/media?parent=190"}],"curies":[{"name":"wp","href":"https:\/\/api.w.org\/{rel}","templated":true}]}}