{"id":194,"date":"2015-10-07T14:55:41","date_gmt":"2015-10-07T17:55:41","guid":{"rendered":"http:\/\/urisaoluiz.com.br\/site\/?page_id=194"},"modified":"2024-05-02T21:23:31","modified_gmt":"2024-05-03T00:23:31","slug":"educacao-fisica","status":"publish","type":"page","link":"https:\/\/urisaoluiz.com.br\/site\/graduacao\/educacao-fisica\/","title":{"rendered":"Educa\u00e7\u00e3o F\u00edsica"},"content":{"rendered":"<div id=\"dslc-main\">\n\t\t<div  class=\"dslc-modules-section  dslc-init-parallax \" style=\"padding-bottom:150px;padding-top:150px;background-color:#156892;background-image:url();background-position:center center;background-attachment:parallax;background-size:cover;border-color:#ec268f;border-top-style: hidden; border-right-style: hidden; border-bottom-style: hidden; border-left-style: hidden; \" data-section-id=\"0d889068360\">\n\t\t\t\t<div class=\"dslc-bg-video dslc-force-show\"><div class=\"dslc-bg-video-overlay\" style=\"background-color:#156892; opacity:0.7; \"><\/div><\/div>\n\t\t\t\t\n\t\t\t\t<div class=\"dslc-modules-section-wrapper dslc-clearfix\"><div class=\"dslc-modules-area dslc-col dslc-12-col dslc-last-col\" data-size=\"12\" data-valign=\"\">\n\t\t<div id=\"dslc-module-4bf40623f21\" class=\"dslc-module-front dslc-module-DSLC_Image dslc-in-viewport-check dslc-in-viewport-anim-none  dslc-col dslc-12-col dslc-last-col  dslc-module-handle-like-regular \" data-module-id=\"4bf40623f21\" data-module=\"DSLC_Image\" data-dslc-module-size=\"12\" data-dslc-anim=\"none\" data-dslc-anim-delay=\"\" data-dslc-anim-duration=\"650\"  data-dslc-anim-easing=\"ease\" data-dslc-preset=\"none\" >\n\n\t\t\t\n\t\t\t\n\t\t\t\t<div class=\"dslc-image-container\">\r\n\t\t<div class=\"dslc-image\">\r\n\r\n\t\t\t\r\n\t\t\t\t\r\n\t\t\t\t\t\t\t\t\t<img src=\"https:\/\/urisaoluiz.com.br\/site\/wp-content\/uploads\/2015\/08\/iedf1-120x120.png\" alt=\"\" title=\"iedf\"   \/>\r\n\t\t\t\t\r\n\t\t\t\t\t\t\t\t\t<\/div><!-- .dslc-image -->\r\n\t\t<\/div>\r\n\t\t\n\t\t\t\t<\/div><!-- .dslc-module -->\n\t\t\n\t\t<div id=\"dslc-module-6dda38db3d1\" class=\"dslc-module-front dslc-module-DSLC_TP_Title dslc-in-viewport-check dslc-in-viewport-anim-none  dslc-col dslc-12-col dslc-last-col  dslc-module-handle-like-regular \" data-module-id=\"6dda38db3d1\" data-module=\"DSLC_TP_Title\" data-dslc-module-size=\"12\" data-dslc-anim=\"none\" data-dslc-anim-delay=\"0\" data-dslc-anim-duration=\"650\"  data-dslc-anim-easing=\"ease\" data-dslc-preset=\"none\" >\n\n\t\t\t\n\t\t\t\n\t\t\r\n\t\t\t\t<div class=\"dslc-tp-title\"><h1>Educa\u00e7\u00e3o F\u00edsica<\/h1><\/div>\r\n\r\n\t\t\t\n\t\t\t\t<\/div><!-- .dslc-module -->\n\t\t<\/div><\/div><\/div>\n\t\t<div  class=\"dslc-modules-section \" style=\"padding-bottom:40px;padding-top:40px;padding-left:3%;padding-right:3%;background-repeat:no-repeat;background-position:center top;\" data-section-id=\"4b7a107cd3e\">\n\t\t\t\t\n\t\t\t\t\n\t\t\t\t<div class=\"dslc-modules-section-wrapper dslc-clearfix\"><div class=\"dslc-modules-area dslc-col dslc-7-col dslc-first-col\" data-size=\"7\" data-valign=\"\">\n\t\t<div id=\"dslc-module-a6edf609196\" class=\"dslc-module-front dslc-module-DSLC_Text_Simple dslc-in-viewport-check dslc-in-viewport-anim-none  dslc-col dslc-12-col dslc-last-col  dslc-module-handle-like-regular \" data-module-id=\"a6edf609196\" data-module=\"DSLC_Text_Simple\" data-dslc-module-size=\"12\" data-dslc-anim=\"none\" data-dslc-anim-delay=\"0\" data-dslc-anim-duration=\"650\"  data-dslc-anim-easing=\"ease\" data-dslc-preset=\"none\" >\n\n\t\t\t\n\t\t\t\n\t\t\r\n\t\t<div class=\"dslc-text-module-content\">\r\n\t\t\t<h1 style=\"text-align: justify;\">Conhe\u00e7a o Curso<\/h1><p><br data-mce-bogus=\"1\"><\/p><p>O Curso de gradua\u00e7\u00e3o em Educa\u00e7\u00e3o F\u00edsica Bacharelado proporciona ao acad\u00eamico uma forma\u00e7\u00e3o geral e humanista, preparando-o para a integra\u00e7\u00e3o\/atua\u00e7\u00e3o no mercado de trabalho para intervir profissionalmente nos campos da sa\u00fade, esporte, cultura e lazer. Ainda, no campo da sa\u00fade o Profissional de Educa\u00e7\u00e3o F\u00edsica pode atuar na aten\u00e7\u00e3o b\u00e1sica, secund\u00e1ria e terci\u00e1ria da sa\u00fade, na sa\u00fade coletiva, e no Sistema \u00fanico de Sa\u00fade. A integra\u00e7\u00e3o com o mundo do trabalho, \u00e9 viabilizada por meio dos est\u00e1gios curriculares e n\u00e3o curriculares, projetos de extens\u00e3o, parcerias com outras institui\u00e7\u00f5es sob a supervis\u00e3o de professor(a) orientador(a). Al\u00e9m disso, s\u00e3o desenvolvidos projetos de pesquisa e extens\u00e3o que proporcionam qualifica\u00e7\u00e3o acad\u00eamica e intera\u00e7\u00e3o com a comunidade.<br>O graduado em Educa\u00e7\u00e3o F\u00edsica Bacharelado dever\u00e1 estar qualificado para analisar criticamente a realidade social, para nela intervir acad\u00eamica e profissionalmente nos eixos articuladores da sa\u00fade, esporte, cultura e lazer.\u00a0 Para o pleno desenvolvimento das atividades de forma\u00e7\u00e3o profissional, oferece aos acad\u00eamicos infraestrutura de Gin\u00e1sio Poliesportivo, Laborat\u00f3rios de Anatomia Humana, Fisiologia do Exerc\u00edcio, Pr\u00e1ticas Pedag\u00f3gicas, Salas de Gin\u00e1stica, Dan\u00e7a, Lutas, Muscula\u00e7\u00e3o, al\u00e9m de conv\u00eanios com academias,<br>cl\u00ednicas e clubes para pr\u00e1ticas de nata\u00e7\u00e3o, futebol, atletismo e atividade f\u00edsica na natureza.<\/p><p><br data-mce-bogus=\"1\"><\/p><h1>Objetivos do curso<\/h1><p><br data-mce-bogus=\"1\"><\/p><p>O Curso de Bacharelado em Educa\u00e7\u00e3o F\u00edsica tem por objetivo formar profissionais qualificados para atuar em institui\u00e7\u00f5es p\u00fablicas, privadas e outras organiza\u00e7\u00f5es sociais, buscando promover, atrav\u00e9s de um estilo de vida ativo, a sa\u00fade e a qualidade de vida da popula\u00e7\u00e3o, pautada em princ\u00edpios \u00e9ticos, com reflex\u00e3o da realidade econ\u00f4mica, pol\u00edtica, social e cultural.<\/p><p>\u00a0<\/p><h1>Mercado de Trabalho<\/h1><p><br data-mce-bogus=\"1\"><\/p><p>O mercado passa por um bom momento com o aumento do n\u00famero de academias de gin\u00e1stica e a exig\u00eancia da inclus\u00e3o de um profissional de Educa\u00e7\u00e3o F\u00edsica no N\u00facleo de Apoio \u00e0 Sa\u00fade da Fam\u00edlia, podendo atuar em cl\u00ednicas de reabilita\u00e7\u00e3o, programas de promo\u00e7\u00e3o e preven\u00e7\u00e3o da sa\u00fade. A expans\u00e3o nas \u00e1reas de sa\u00fade, esporte e lazer e a busca da popula\u00e7\u00e3o<br>por sa\u00fade e qualidade de vida s\u00e3o elementos promotores de um mercado promissor para o profissional em Educa\u00e7\u00e3o F\u00edsica.<\/p><p>\u00a0<\/p><h1>\u00c1rea de Atua\u00e7\u00e3o<\/h1><p><br data-mce-bogus=\"1\"><\/p><p>Al\u00e9m de trabalhar em academias e clubes, O Bacharel e Educa\u00e7\u00e3o F\u00edsica poder\u00e1 atuar como profissional liberal prestando servi\u00e7os de organiza\u00e7\u00e3o e arbitragem em eventos esportivos; administrador e t\u00e9cnico esportivo; \u00f3rg\u00e3os p\u00fablicos, spas e empresas; personal trainer.\u00a0 Na \u00e1rea de pesquisa cient\u00edfica que envolva educa\u00e7\u00e3o f\u00edsica e esportes; e em planejamento, administra\u00e7\u00e3o e execu\u00e7\u00e3o de projetos ligados \u00e0 recrea\u00e7\u00e3o, lazer, sa\u00fade e qualidade de vida, tanto em institui\u00e7\u00f5es p\u00fablicas como privadas.<\/p><p>\u00a0<\/p><h1>Perfil do Egresso<\/h1><p><br data-mce-bogus=\"1\"><\/p><p>O egresso de Educa\u00e7\u00e3o F\u00edsica Bacharelado dever\u00e1 atuar em todos os campos de interven\u00e7\u00e3o profissional da Educa\u00e7\u00e3o F\u00edsica, de forma acad\u00eamica e profissional, a partir de uma forma\u00e7\u00e3o geral, humanista, t\u00e9cnica, cr\u00edtica, inovadora, reflexiva e \u00e9tica, com responsabilidade social e compromisso com a vida e a cidadania, qualificadora da interven\u00e7\u00e3o profissional fundamentada no rigor cient\u00edfico, na reflex\u00e3o filos\u00f3fica e na conduta \u00e9tica buscando atender as necessidades da sociedade.<\/p>\t\t<\/div>\r\n\r\n\t\t\n\t\t\t\t<\/div><!-- .dslc-module -->\n\t\t<\/div><div class=\"dslc-modules-area dslc-col dslc-5-col dslc-last-col\" data-size=\"5\" data-valign=\"\">\n\t\t<div id=\"dslc-module-b0059e40760\" class=\"dslc-module-front dslc-module-DSLC_TP_Content dslc-in-viewport-check dslc-in-viewport-anim-none  dslc-col dslc-12-col dslc-last-col  dslc-module-handle-like-regular \" data-module-id=\"b0059e40760\" data-module=\"DSLC_TP_Content\" data-dslc-module-size=\"12\" data-dslc-anim=\"none\" data-dslc-anim-delay=\"0\" data-dslc-anim-duration=\"650\"  data-dslc-anim-easing=\"ease\" data-dslc-preset=\"none\" >\n\n\t\t\t\n\t\t\t\n\t\t<div class=\"dslc-tp-content\"><\/div>\n\t\t\t\t<\/div><!-- .dslc-module -->\n\t\t<\/div><\/div><\/div><\/div><input type=\"hidden\" id=\"dslca-post-data-thumb\" value=\"https:\/\/urisaoluiz.com.br\/site\/wp-content\/uploads\/2019\/05\/ImagemPadrao.png\" \/>","protected":false},"excerpt":{"rendered":"<p>Educa\u00e7\u00e3o F\u00edsica Conhe\u00e7a o CursoO Curso de gradua\u00e7\u00e3o em Educa\u00e7\u00e3o F\u00edsica Bacharelado proporciona ao acad\u00eamico uma forma\u00e7\u00e3o geral e humanista, preparando-o para a integra\u00e7\u00e3o\/atua\u00e7\u00e3o no mercado de trabalho para intervir profissionalmente nos campos da sa\u00fade, esporte, cultura e lazer. Ainda, no campo da sa\u00fade o Profissional de Educa\u00e7\u00e3o F\u00edsica pode atuar na aten\u00e7\u00e3o b\u00e1sica, secund\u00e1ria [&hellip;]<\/p>\n","protected":false},"author":1,"featured_media":12959,"parent":51,"menu_order":0,"comment_status":"closed","ping_status":"closed","template":"","meta":{"footnotes":""},"class_list":["post-194","page","type-page","status-publish","has-post-thumbnail","hentry"],"_links":{"self":[{"href":"https:\/\/urisaoluiz.com.br\/site\/wp-json\/wp\/v2\/pages\/194","targetHints":{"allow":["GET"]}}],"collection":[{"href":"https:\/\/urisaoluiz.com.br\/site\/wp-json\/wp\/v2\/pages"}],"about":[{"href":"https:\/\/urisaoluiz.com.br\/site\/wp-json\/wp\/v2\/types\/page"}],"author":[{"embeddable":true,"href":"https:\/\/urisaoluiz.com.br\/site\/wp-json\/wp\/v2\/users\/1"}],"replies":[{"embeddable":true,"href":"https:\/\/urisaoluiz.com.br\/site\/wp-json\/wp\/v2\/comments?post=194"}],"version-history":[{"count":24,"href":"https:\/\/urisaoluiz.com.br\/site\/wp-json\/wp\/v2\/pages\/194\/revisions"}],"predecessor-version":[{"id":22474,"href":"https:\/\/urisaoluiz.com.br\/site\/wp-json\/wp\/v2\/pages\/194\/revisions\/22474"}],"up":[{"embeddable":true,"href":"https:\/\/urisaoluiz.com.br\/site\/wp-json\/wp\/v2\/pages\/51"}],"wp:featuredmedia":[{"embeddable":true,"href":"https:\/\/urisaoluiz.com.br\/site\/wp-json\/wp\/v2\/media\/12959"}],"wp:attachment":[{"href":"https:\/\/urisaoluiz.com.br\/site\/wp-json\/wp\/v2\/media?parent=194"}],"curies":[{"name":"wp","href":"https:\/\/api.w.org\/{rel}","templated":true}]}}