{"id":196,"date":"2015-10-07T14:56:12","date_gmt":"2015-10-07T17:56:12","guid":{"rendered":"http:\/\/urisaoluiz.com.br\/site\/?page_id=196"},"modified":"2025-03-05T14:28:28","modified_gmt":"2025-03-05T17:28:28","slug":"engenharia-eletrica","status":"publish","type":"page","link":"https:\/\/urisaoluiz.com.br\/site\/graduacao\/engenharia-eletrica\/","title":{"rendered":"Engenharia El\u00e9trica"},"content":{"rendered":"<div id=\"dslc-main\">\n\t\t<div  class=\"dslc-modules-section  dslc-init-parallax \" style=\"padding-bottom:150px;padding-top:150px;background-color:#156892;background-image:url();background-position:center center;background-attachment:parallax;background-size:cover;border-color:#ec268f;border-top-style: hidden; border-right-style: hidden; border-bottom-style: hidden; border-left-style: hidden; \" data-section-id=\"c39cc0b0e50\">\n\t\t\t\t<div class=\"dslc-bg-video dslc-force-show\"><div class=\"dslc-bg-video-overlay\" style=\"background-color:#156892; opacity:0.7; \"><\/div><\/div>\n\t\t\t\t\n\t\t\t\t<div class=\"dslc-modules-section-wrapper dslc-clearfix\"><div class=\"dslc-modules-area dslc-col dslc-12-col dslc-last-col\" data-size=\"12\" data-valign=\"\">\n\t\t<div id=\"dslc-module-a8e7c8413d9\" class=\"dslc-module-front dslc-module-DSLC_Image dslc-in-viewport-check dslc-in-viewport-anim-none  dslc-col dslc-12-col dslc-last-col  dslc-module-handle-like-regular \" data-module-id=\"a8e7c8413d9\" data-module=\"DSLC_Image\" data-dslc-module-size=\"12\" data-dslc-anim=\"none\" data-dslc-anim-delay=\"\" data-dslc-anim-duration=\"650\"  data-dslc-anim-easing=\"ease\" data-dslc-preset=\"none\" >\n\n\t\t\t\n\t\t\t\n\t\t\t\t<div class=\"dslc-image-container\">\r\n\t\t<div class=\"dslc-image\">\r\n\r\n\t\t\t\r\n\t\t\t\t\r\n\t\t\t\t\t\t\t\t\t<img src=\"https:\/\/urisaoluiz.com.br\/site\/wp-content\/uploads\/2015\/08\/iege-100x100.png\" alt=\"\" title=\"iege\" srcset=\"https:\/\/urisaoluiz.com.br\/site\/wp-content\/uploads\/2015\/08\/iege.png 1062w, https:\/\/urisaoluiz.com.br\/site\/wp-content\/uploads\/2015\/08\/iege-150x150.png 150w, https:\/\/urisaoluiz.com.br\/site\/wp-content\/uploads\/2015\/08\/iege-300x300.png 300w, https:\/\/urisaoluiz.com.br\/site\/wp-content\/uploads\/2015\/08\/iege-1024x1024.png 1024w\" sizes=\"(max-width: 1062px) 100vw, 1062px\" \/>\r\n\t\t\t\t\r\n\t\t\t\t\t\t\t\t\t<\/div><!-- .dslc-image -->\r\n\t\t<\/div>\r\n\t\t\n\t\t\t\t<\/div><!-- .dslc-module -->\n\t\t\n\t\t<div id=\"dslc-module-97fcf03edf4\" class=\"dslc-module-front dslc-module-DSLC_TP_Title dslc-in-viewport-check dslc-in-viewport-anim-none  dslc-col dslc-12-col dslc-last-col  dslc-module-handle-like-regular \" data-module-id=\"97fcf03edf4\" data-module=\"DSLC_TP_Title\" data-dslc-module-size=\"12\" data-dslc-anim=\"none\" data-dslc-anim-delay=\"0\" data-dslc-anim-duration=\"650\"  data-dslc-anim-easing=\"ease\" data-dslc-preset=\"none\" >\n\n\t\t\t\n\t\t\t\n\t\t\r\n\t\t\t\t<div class=\"dslc-tp-title\"><h1>Engenharia El\u00e9trica<\/h1><\/div>\r\n\r\n\t\t\t\n\t\t\t\t<\/div><!-- .dslc-module -->\n\t\t<\/div><\/div><\/div>\n\t\t<div  class=\"dslc-modules-section \" style=\"padding-bottom:40px;padding-top:40px;padding-left:3%;padding-right:3%;background-repeat:no-repeat;background-position:center top;\" data-section-id=\"bcc969376e3\">\n\t\t\t\t\n\t\t\t\t\n\t\t\t\t<div class=\"dslc-modules-section-wrapper dslc-clearfix\"><div class=\"dslc-modules-area dslc-col dslc-7-col dslc-first-col\" data-size=\"7\" data-valign=\"\">\n\t\t<div id=\"dslc-module-1425b46c9e5\" class=\"dslc-module-front dslc-module-DSLC_Text_Simple dslc-in-viewport-check dslc-in-viewport-anim-none  dslc-col dslc-12-col dslc-last-col  dslc-module-handle-like-regular \" data-module-id=\"1425b46c9e5\" data-module=\"DSLC_Text_Simple\" data-dslc-module-size=\"12\" data-dslc-anim=\"none\" data-dslc-anim-delay=\"0\" data-dslc-anim-duration=\"650\"  data-dslc-anim-easing=\"ease\" data-dslc-preset=\"none\" >\n\n\t\t\t\n\t\t\t\n\t\t\r\n\t\t<div class=\"dslc-text-module-content\">\r\n\t\t\t<h1 style=\"text-align: justify;\">Conhe\u00e7a o Curso<\/h1><p style=\"text-align: justify;\">In\u00fameros s\u00e3o os fatores que influenciam mudan\u00e7as, caracter\u00edsticas e desempenho dos cursos de Engenharia El\u00e9trica. Atualmente, a energia el\u00e9trica \u00e9 um bem essencial a todos que a utilizam, sendo que, medidas s\u00e3o implementadas de forma din\u00e2mica, decorrentes da evolu\u00e7\u00e3o tecnol\u00f3gica e utiliza\u00e7\u00f5es por consumidores dos mais diversos tipos. Desta forma, devido \u00e0 escassez de recursos e falta de investimentos em obras necess\u00e1rias a manuten\u00e7\u00e3o da taxa de crescimento da demanda, \u00e9 fundamental a sua utiliza\u00e7\u00e3o de maneira racional, atrav\u00e9s da otimiza\u00e7\u00e3o de sistemas el\u00e9tricos, com um atendimento de qualidade e \u00edndices adequados a continuidade do fornecimento. No Brasil, ocorre a nova estrutura\u00e7\u00e3o do setor el\u00e9trico, caracterizando-se por um modelo funcional desverticalizado que implica na divis\u00e3o das empresas de energia em fun\u00e7\u00f5es de gera\u00e7\u00e3o, transmiss\u00e3o, distribui\u00e7\u00e3o e comercializa\u00e7\u00e3o de energia. A partir do novo modelo, os agentes encarregados dessas diversas fun\u00e7\u00f5es se relacionam atrav\u00e9s de oportunidades e t\u00eam a finalidade de estabelecer, entre outros requisitos, os n\u00edveis poss\u00edveis de responsabilidade, visando, sobretudo, o atendimento adequado as necessidades de energia el\u00e9trica do mercado. A desverticaliza\u00e7\u00e3o implica em grandes desafios em mat\u00e9ria de qualidade de energia, implicando na busca do aumento de confiabilidade em fun\u00e7\u00e3o de cada um dos segmentos do setor e, tamb\u00e9m um aumento da efic\u00e1cia quanto a aplica\u00e7\u00e3o de recursos. Dentro deste contexto, a energia el\u00e9trica se reveste de grande import\u00e2ncia no desenvolvimento e crescimento da regi\u00e3o.\u00a0 Analisando as perspectivas regionais e os projetos que j\u00e1 ou ainda est\u00e3o em desenvolvimento, identifica-se enormes lacunas em tais setores, o que fornece ind\u00edcios e proje\u00e7\u00f5es quanto a contribui\u00e7\u00e3o efetiva do setor de energia el\u00e9trica, alavancando demais setores da economia e portanto, fundamental ao processo de crescimento e desenvolvimento regional. O Curso de Gradua\u00e7\u00e3o em Engenharia El\u00e9trica da URI tem a finalidade de preparar o recurso humano adequadamente \u00e0 realidade e consciente da necessidade permanente de aprendizagem, desenvolvendo m\u00e9todos e an\u00e1lises de processos e novas t\u00e9cnicas para solu\u00e7\u00f5es de problemas. Levar \u00e0 comunidade o conhecimento e a conscientiza\u00e7\u00e3o das atividades e das a\u00e7\u00f5es laboriosas necess\u00e1rias \u00e0 supera\u00e7\u00e3o das dificuldades. Consiste da responsabilidade na prepara\u00e7\u00e3o de um agente modificador, capaz de intervir adequadamente na estrutura setorial existente, formando profissionais de alto n\u00edvel t\u00e9cnico com elementos humanos devidamente inseridos, para realizarem atitudes positivas e colaborarem no sentido de melhorar as condi\u00e7\u00f5es s\u00f3cio-econ\u00f4micas da regi\u00e3o com significativa responsabilidade.<\/p><h1 style=\"text-align: justify;\">Objetivos<\/h1><p style=\"text-align: justify;\">Proporcionar aos acad\u00eamicos uma forma\u00e7\u00e3o consistente nos fundamentos t\u00e9cnico-cient\u00edficos da Engenharia El\u00e9trica, o desenvolvimento das compet\u00eancias requeridas para atua\u00e7\u00e3o ampla dentre dos campos definidos na regulamenta\u00e7\u00e3o do CONFEA, possibilitando-lhes a constitui\u00e7\u00e3o de um perfil inovador e pr\u00f3-ativo, embasado em conhecimentos cient\u00edficos, tecnol\u00f3gicos e de gest\u00e3o, adapt\u00e1vel \u00e0s crescentes mudan\u00e7as sociais e evolu\u00e7\u00f5es tecnol\u00f3gicas.<\/p><h1 style=\"text-align: justify;\">Perfil Profissional<\/h1><p style=\"text-align: justify;\">O profissional ter\u00e1 s\u00f3lidos conhecimentos na \u00e1rea de Eletr\u00f4nica Anal\u00f3gica e Digital, Acionamento, M\u00e1quinas El\u00e9tricas, Automa\u00e7\u00e3o e Controle, Distribui\u00e7\u00e3o de energia El\u00e9trica, Qualidade de Energia, entre outros.<\/p><h1 style=\"text-align: justify;\">Campo de Atua\u00e7\u00e3o<\/h1><p style=\"text-align: justify;\">O mercado de trabalho para absor\u00e7\u00e3o de Engenheiros Eletricistas \u00e9 vasto, podendo ser em F\u00e1bricas de Equipamentos El\u00e9tricos pesados; Ind\u00fastria de Equipamentos Eletr\u00f4nicos; Empresas P\u00fablicas e Privadas; F\u00e1bricas de Celulares e Aparelhos de Infraestrutura de telecomunica\u00e7\u00f5es; F\u00e1brica e presta\u00e7\u00e3o de servi\u00e7os de computa\u00e7\u00e3o; Mercado aut\u00f4nomo e de doc\u00eancia.<\/p>\t\t<\/div>\r\n\r\n\t\t\n\t\t\t\t<\/div><!-- .dslc-module -->\n\t\t<\/div><div class=\"dslc-modules-area dslc-col dslc-5-col dslc-last-col\" data-size=\"5\" data-valign=\"\">\n\t\t<div id=\"dslc-module-42fa82cb43b\" class=\"dslc-module-front dslc-module-DSLC_TP_Content dslc-in-viewport-check dslc-in-viewport-anim-none  dslc-col dslc-12-col dslc-last-col  dslc-module-handle-like-regular \" data-module-id=\"42fa82cb43b\" data-module=\"DSLC_TP_Content\" data-dslc-module-size=\"12\" data-dslc-anim=\"none\" data-dslc-anim-delay=\"0\" data-dslc-anim-duration=\"650\"  data-dslc-anim-easing=\"ease\" data-dslc-preset=\"none\" >\n\n\t\t\t\n\t\t\t\n\t\t<div class=\"dslc-tp-content\"><\/div>\n\t\t\t\t<\/div><!-- .dslc-module -->\n\t\t<\/div><\/div><\/div><\/div><input type=\"hidden\" id=\"dslca-post-data-thumb\" value=\"https:\/\/urisaoluiz.com.br\/site\/wp-content\/uploads\/2019\/05\/ImagemPadrao.png\" \/>","protected":false},"excerpt":{"rendered":"<p>Engenharia El\u00e9trica Conhe\u00e7a o CursoIn\u00fameros s\u00e3o os fatores que influenciam mudan\u00e7as, caracter\u00edsticas e desempenho dos cursos de Engenharia El\u00e9trica. Atualmente, a energia el\u00e9trica \u00e9 um bem essencial a todos que a utilizam, sendo que, medidas s\u00e3o implementadas de forma din\u00e2mica, decorrentes da evolu\u00e7\u00e3o tecnol\u00f3gica e utiliza\u00e7\u00f5es por consumidores dos mais diversos tipos. Desta forma, devido [&hellip;]<\/p>\n","protected":false},"author":1,"featured_media":12959,"parent":51,"menu_order":0,"comment_status":"closed","ping_status":"closed","template":"","meta":{"footnotes":""},"class_list":["post-196","page","type-page","status-publish","has-post-thumbnail","hentry"],"_links":{"self":[{"href":"https:\/\/urisaoluiz.com.br\/site\/wp-json\/wp\/v2\/pages\/196","targetHints":{"allow":["GET"]}}],"collection":[{"href":"https:\/\/urisaoluiz.com.br\/site\/wp-json\/wp\/v2\/pages"}],"about":[{"href":"https:\/\/urisaoluiz.com.br\/site\/wp-json\/wp\/v2\/types\/page"}],"author":[{"embeddable":true,"href":"https:\/\/urisaoluiz.com.br\/site\/wp-json\/wp\/v2\/users\/1"}],"replies":[{"embeddable":true,"href":"https:\/\/urisaoluiz.com.br\/site\/wp-json\/wp\/v2\/comments?post=196"}],"version-history":[{"count":10,"href":"https:\/\/urisaoluiz.com.br\/site\/wp-json\/wp\/v2\/pages\/196\/revisions"}],"predecessor-version":[{"id":22793,"href":"https:\/\/urisaoluiz.com.br\/site\/wp-json\/wp\/v2\/pages\/196\/revisions\/22793"}],"up":[{"embeddable":true,"href":"https:\/\/urisaoluiz.com.br\/site\/wp-json\/wp\/v2\/pages\/51"}],"wp:featuredmedia":[{"embeddable":true,"href":"https:\/\/urisaoluiz.com.br\/site\/wp-json\/wp\/v2\/media\/12959"}],"wp:attachment":[{"href":"https:\/\/urisaoluiz.com.br\/site\/wp-json\/wp\/v2\/media?parent=196"}],"curies":[{"name":"wp","href":"https:\/\/api.w.org\/{rel}","templated":true}]}}