{"id":198,"date":"2015-10-07T14:56:41","date_gmt":"2015-10-07T17:56:41","guid":{"rendered":"http:\/\/urisaoluiz.com.br\/site\/?page_id=198"},"modified":"2025-03-05T15:37:59","modified_gmt":"2025-03-05T18:37:59","slug":"fisioterapia","status":"publish","type":"page","link":"https:\/\/urisaoluiz.com.br\/site\/graduacao\/fisioterapia\/","title":{"rendered":"Fisioterapia"},"content":{"rendered":"<div id=\"dslc-main\">\n\t\t<div  class=\"dslc-modules-section  dslc-init-parallax \" style=\"padding-bottom:150px;padding-top:150px;background-color:#156892;background-image:url(https:\/\/urisaoluiz.com.br\/site\/wp-content\/uploads\/2019\/05\/relaxation-page.jpg);background-position:center center;background-attachment:parallax;background-size:cover;border-color:#ec268f;border-top-style: hidden; border-right-style: hidden; border-bottom-style: hidden; border-left-style: hidden; \" data-section-id=\"cc2778ee5e1\">\n\t\t\t\t<div class=\"dslc-bg-video dslc-force-show\"><div class=\"dslc-bg-video-overlay\" style=\"background-color:#156892; opacity:0.7; \"><\/div><\/div>\n\t\t\t\t\n\t\t\t\t<div class=\"dslc-modules-section-wrapper dslc-clearfix\"><div class=\"dslc-modules-area dslc-col dslc-12-col dslc-last-col\" data-size=\"12\" data-valign=\"\">\n\t\t<div id=\"dslc-module-853b78114f4\" class=\"dslc-module-front dslc-module-DSLC_Image dslc-in-viewport-check dslc-in-viewport-anim-none  dslc-col dslc-12-col dslc-last-col  dslc-module-handle-like-regular \" data-module-id=\"853b78114f4\" data-module=\"DSLC_Image\" data-dslc-module-size=\"12\" data-dslc-anim=\"none\" data-dslc-anim-delay=\"\" data-dslc-anim-duration=\"650\"  data-dslc-anim-easing=\"ease\" data-dslc-preset=\"none\" >\n\n\t\t\t\n\t\t\t\n\t\t\t\t<div class=\"dslc-image-container\">\r\n\t\t<div class=\"dslc-image\">\r\n\r\n\t\t\t\r\n\t\t\t\t\r\n\t\t\t\t\t\t\t\t\t<img src=\"https:\/\/urisaoluiz.com.br\/site\/wp-content\/uploads\/2015\/08\/ifisio1-100x100.png\" alt=\"\" title=\"ifisio\"   \/>\r\n\t\t\t\t\r\n\t\t\t\t\t\t\t\t\t<\/div><!-- .dslc-image -->\r\n\t\t<\/div>\r\n\t\t\n\t\t\t\t<\/div><!-- .dslc-module -->\n\t\t\n\t\t<div id=\"dslc-module-21468fcf2f6\" class=\"dslc-module-front dslc-module-DSLC_TP_Title dslc-in-viewport-check dslc-in-viewport-anim-none  dslc-col dslc-12-col dslc-last-col  dslc-module-handle-like-regular \" data-module-id=\"21468fcf2f6\" data-module=\"DSLC_TP_Title\" data-dslc-module-size=\"12\" data-dslc-anim=\"none\" data-dslc-anim-delay=\"0\" data-dslc-anim-duration=\"650\"  data-dslc-anim-easing=\"ease\" data-dslc-preset=\"none\" >\n\n\t\t\t\n\t\t\t\n\t\t\r\n\t\t\t\t<div class=\"dslc-tp-title\"><h1>Fisioterapia<\/h1><\/div>\r\n\r\n\t\t\t\n\t\t\t\t<\/div><!-- .dslc-module -->\n\t\t<\/div><\/div><\/div>\n\t\t<div  class=\"dslc-modules-section \" style=\"padding-bottom:40px;padding-top:40px;padding-left:3%;padding-right:3%;background-repeat:no-repeat;background-position:center top;\" data-section-id=\"2c7c4ea4b16\">\n\t\t\t\t\n\t\t\t\t\n\t\t\t\t<div class=\"dslc-modules-section-wrapper dslc-clearfix\"><div class=\"dslc-modules-area dslc-col dslc-7-col dslc-first-col\" data-size=\"7\" data-valign=\"\">\n\t\t<div id=\"dslc-module-6aeb4ab1ec7\" class=\"dslc-module-front dslc-module-DSLC_Text_Simple dslc-in-viewport-check dslc-in-viewport-anim-none  dslc-col dslc-12-col dslc-last-col  dslc-module-handle-like-regular \" data-module-id=\"6aeb4ab1ec7\" data-module=\"DSLC_Text_Simple\" data-dslc-module-size=\"12\" data-dslc-anim=\"none\" data-dslc-anim-delay=\"0\" data-dslc-anim-duration=\"650\"  data-dslc-anim-easing=\"ease\" data-dslc-preset=\"none\" >\n\n\t\t\t\n\t\t\t\n\t\t\r\n\t\t<div class=\"dslc-text-module-content\">\r\n\t\t\t<h1 style=\"text-align: justify;\">Conhe\u00e7a o Curso<\/h1><p style=\"font-weight: 400;\">O Curso de Fisioterapia da URI \u2013Campus S\u00e3o Luiz Gonzaga destina-se \u00e0 forma\u00e7\u00e3o de profissionais fisioterapeutas generalistas, aptos a atuarem na Educa\u00e7\u00e3o em Sa\u00fade, de forma a promover, proteger e recuperar a sa\u00fade, tanto em n\u00edvel individual quanto coletivo, de maneira competente, humana, \u00e9tica e inovadora.<\/p><p style=\"font-weight: 400;\">O Fisioterapeuta pode atuar nos tr\u00eas n\u00edveis de aten\u00e7\u00e3o \u00e0 sa\u00fade: promo\u00e7\u00e3o, preven\u00e7\u00e3o e reabilita\u00e7\u00e3o, tendo como enfoque as \u00e1reas Ortop\u00e9dica, Traumatol\u00f3gica, Reumatol\u00f3gica, Desportiva, Neurol\u00f3gica, Cardiol\u00f3gica, Respirat\u00f3ria, Oncol\u00f3gica, Pedi\u00e1trica, Uroginecol\u00f3gica, Hidroter\u00e1pica, Geri\u00e1trica, Dermatofuncional, entre outras.<\/p><p style=\"font-weight: 400;\">O Curso de Fisioterapia da URI \u2013 Extens\u00e3o de S\u00e3o Luiz Gonzaga iniciou suas atividades no ano de 2009. O Curso foi autorizado conforme Res. 1261\/CUN\/2008 e obteve Renova\u00e7\u00e3o e Reconhecimento na data de 01 de mar\u00e7o de 2018, Portaria n\u00ba 133 expedida pelo MEC.<\/p><h1 style=\"font-weight: 400;\">Objetivos<\/h1><p style=\"font-weight: 400;\">Propiciar a forma\u00e7\u00e3o de profissionais capacitados para trabalhar nas altera\u00e7\u00f5es cin\u00e9tico-funcionais do ser humano, cr\u00edticos-reflexivos, criativos, \u00e9ticos, com s\u00f3lidos conhecimentos e sens\u00edveis aos problemas da sociedade - capazes de agir conscientemente e intervir positivamente no processo sa\u00fade-doen\u00e7a, promovendo a autonomia sobre a sa\u00fade e o compromisso com a qualidade de vida.<\/p><p style=\"font-weight: 400;\">Estimular nos alunos o desenvolvimento do esp\u00edrito cr\u00edtico, da \u00e9tica e da sensibilidade para com os problemas sociais colocando-os como agentes de transforma\u00e7\u00e3o;<\/p><p style=\"font-weight: 400;\">Habilitar o aluno a trabalhar com vis\u00e3o integrada e de forma multidisciplinar, interdisciplinar e transdisciplinar.<\/p><h1 style=\"text-align: justify;\">Perfil Profissional<\/h1><p style=\"text-align: justify;\">Ser um profissional capaz de desenvolver um senso \u00e9tico, cr\u00edtico, inovador, utilizando recursos fisioterap\u00eauticos e conhecimentos t\u00e9cnico-cient\u00edficos, human\u00edsticos e sociais, orientados para a educa\u00e7\u00e3o \u00e0 sa\u00fade.<\/p><h1 style=\"text-align: justify;\">Campo de Atua\u00e7\u00e3o<\/h1><p style=\"text-align: justify;\">Atua\u00e7\u00e3o nos diferentes n\u00edveis de assist\u00eancia \u00e0 sa\u00fade, agindo em programas de promo\u00e7\u00e3o, preven\u00e7\u00e3o e reabilita\u00e7\u00e3o, respeitando o ser humano e agindo de acordo com os conhecimentos t\u00e9cnicos e cient\u00edficos da fisioterapia, tendo como enfoque as \u00e1reas ortop\u00e9dica, traumatol\u00f3gica, reumatol\u00f3gica, desportiva, neurol\u00f3gica, cardiol\u00f3gica, pneumol\u00f3gica, oncol\u00f3gica, pedi\u00e1trica, geri\u00e1trica, entre outras.<\/p>\t\t<\/div>\r\n\r\n\t\t\n\t\t\t\t<\/div><!-- .dslc-module -->\n\t\t<\/div><div class=\"dslc-modules-area dslc-col dslc-5-col dslc-last-col\" data-size=\"5\" data-valign=\"\">\n\t\t<div id=\"dslc-module-0ec3f9c2eb9\" class=\"dslc-module-front dslc-module-DSLC_TP_Content dslc-in-viewport-check dslc-in-viewport-anim-none  dslc-col dslc-12-col dslc-last-col  dslc-module-handle-like-regular \" data-module-id=\"0ec3f9c2eb9\" data-module=\"DSLC_TP_Content\" data-dslc-module-size=\"12\" data-dslc-anim=\"none\" data-dslc-anim-delay=\"0\" data-dslc-anim-duration=\"650\"  data-dslc-anim-easing=\"ease\" data-dslc-preset=\"none\" >\n\n\t\t\t\n\t\t\t\n\t\t<div class=\"dslc-tp-content\"><\/div>\n\t\t\t\t<\/div><!-- .dslc-module -->\n\t\t<\/div><\/div><\/div><\/div><input type=\"hidden\" id=\"dslca-post-data-thumb\" value=\"https:\/\/urisaoluiz.com.br\/site\/wp-content\/uploads\/2019\/05\/ImagemPadrao.png\" \/>","protected":false},"excerpt":{"rendered":"<p>Fisioterapia Conhe\u00e7a o CursoO Curso de Fisioterapia da URI \u2013Campus S\u00e3o Luiz Gonzaga destina-se \u00e0 forma\u00e7\u00e3o de profissionais fisioterapeutas generalistas, aptos a atuarem na Educa\u00e7\u00e3o em Sa\u00fade, de forma a promover, proteger e recuperar a sa\u00fade, tanto em n\u00edvel individual quanto coletivo, de maneira competente, humana, \u00e9tica e inovadora.O Fisioterapeuta pode atuar nos tr\u00eas n\u00edveis [&hellip;]<\/p>\n","protected":false},"author":1,"featured_media":12959,"parent":51,"menu_order":0,"comment_status":"closed","ping_status":"closed","template":"","meta":{"footnotes":""},"class_list":["post-198","page","type-page","status-publish","has-post-thumbnail","hentry"],"_links":{"self":[{"href":"https:\/\/urisaoluiz.com.br\/site\/wp-json\/wp\/v2\/pages\/198","targetHints":{"allow":["GET"]}}],"collection":[{"href":"https:\/\/urisaoluiz.com.br\/site\/wp-json\/wp\/v2\/pages"}],"about":[{"href":"https:\/\/urisaoluiz.com.br\/site\/wp-json\/wp\/v2\/types\/page"}],"author":[{"embeddable":true,"href":"https:\/\/urisaoluiz.com.br\/site\/wp-json\/wp\/v2\/users\/1"}],"replies":[{"embeddable":true,"href":"https:\/\/urisaoluiz.com.br\/site\/wp-json\/wp\/v2\/comments?post=198"}],"version-history":[{"count":25,"href":"https:\/\/urisaoluiz.com.br\/site\/wp-json\/wp\/v2\/pages\/198\/revisions"}],"predecessor-version":[{"id":22802,"href":"https:\/\/urisaoluiz.com.br\/site\/wp-json\/wp\/v2\/pages\/198\/revisions\/22802"}],"up":[{"embeddable":true,"href":"https:\/\/urisaoluiz.com.br\/site\/wp-json\/wp\/v2\/pages\/51"}],"wp:featuredmedia":[{"embeddable":true,"href":"https:\/\/urisaoluiz.com.br\/site\/wp-json\/wp\/v2\/media\/12959"}],"wp:attachment":[{"href":"https:\/\/urisaoluiz.com.br\/site\/wp-json\/wp\/v2\/media?parent=198"}],"curies":[{"name":"wp","href":"https:\/\/api.w.org\/{rel}","templated":true}]}}