{"id":19908,"date":"2022-04-26T16:45:11","date_gmt":"2022-04-26T19:45:11","guid":{"rendered":"https:\/\/urisaoluiz.com.br\/site\/?page_id=19908"},"modified":"2022-06-21T18:39:15","modified_gmt":"2022-06-21T21:39:15","slug":"siicitec","status":"publish","type":"page","link":"https:\/\/urisaoluiz.com.br\/site\/siicitec\/","title":{"rendered":"SIICITec"},"content":{"rendered":"<div id=\"dslc-main\">\n\t\t<div  class=\"dslc-modules-section \" style=\"padding-bottom:0px;padding-top:0px;padding-left:3%;padding-right:3%;background-repeat:no-repeat;background-position:center top;\" data-section-id=\"6a0929e27c0\">\n\t\t\t\t\n\t\t\t\t\n\t\t\t\t<div class=\"dslc-modules-section-wrapper dslc-clearfix\"><div class=\"dslc-modules-area dslc-col dslc-4-col dslc-first-col\" data-size=\"4\" data-valign=\"\">\n\t\t<div id=\"dslc-module-1fe14103b7a\" class=\"dslc-module-front dslc-module-DSLC_Button dslc-in-viewport-check dslc-in-viewport-anim-none  dslc-col dslc-12-col dslc-last-col  dslc-module-handle-like-regular \" data-module-id=\"1fe14103b7a\" data-module=\"DSLC_Button\" data-dslc-module-size=\"12\" data-dslc-anim=\"none\" data-dslc-anim-delay=\"0\" data-dslc-anim-duration=\"650\"  data-dslc-anim-easing=\"ease\" data-dslc-preset=\"none\" >\n\n\t\t\t\n\t\t\t\n\t\t\r\n\t\t\t<div class=\"dslc-button\">\r\n\t\t\t\t\t\t\t\t\t<a href=\"https:\/\/urisaoluiz.com.br\/site\/siicitec\/\" target=\"_self\"  onClick=\"\" class=\"\">\r\n\t\t\t\t\t\t\t\t\t\t\t\t\t\t\t\t\t\t\t<span>Apresenta\u00e7\u00e3o<\/span>\r\n\t\t\t\t\t\t\t\t\t\t\t\t\t\t\t\t\t<\/a>\r\n\t\t\t\t\t\t\t<\/div><!-- .dslc-button -->\r\n\r\n\r\n\t\t\t\t\t\t\n\t\t\t\t<\/div><!-- .dslc-module -->\n\t\t\n\t\t<div id=\"dslc-module-994spgcg5vo\" class=\"dslc-module-front dslc-module-DSLC_Button dslc-in-viewport-check dslc-in-viewport-anim-none  dslc-col dslc-12-col dslc-last-col  dslc-module-handle-like-regular \" data-module-id=\"994spgcg5vo\" data-module=\"DSLC_Button\" data-dslc-module-size=\"12\" data-dslc-anim=\"none\" data-dslc-anim-delay=\"0\" data-dslc-anim-duration=\"650\"  data-dslc-anim-easing=\"ease\" data-dslc-preset=\"none\" >\n\n\t\t\t\n\t\t\t\n\t\t\r\n\t\t\t<div class=\"dslc-button\">\r\n\t\t\t\t\t\t\t\t\t<a href=\"https:\/\/urisaoluiz.com.br\/site\/siicitec\/programacao-siicitec-2022\/\" target=\"_self\"  onClick=\"\" class=\"\">\r\n\t\t\t\t\t\t\t\t\t\t\t\t\t\t\t\t\t\t\t<span>Programa\u00e7\u00e3o<\/span>\r\n\t\t\t\t\t\t\t\t\t\t\t\t\t\t\t\t\t<\/a>\r\n\t\t\t\t\t\t\t<\/div><!-- .dslc-button -->\r\n\r\n\r\n\t\t\t\t\t\t\n\t\t\t\t<\/div><!-- .dslc-module -->\n\t\t\n\t\t<div id=\"dslc-module-1bbb9c2d11d\" class=\"dslc-module-front dslc-module-DSLC_Button dslc-in-viewport-check dslc-in-viewport-anim-none  dslc-col dslc-12-col dslc-last-col  dslc-module-handle-like-regular \" data-module-id=\"1bbb9c2d11d\" data-module=\"DSLC_Button\" data-dslc-module-size=\"12\" data-dslc-anim=\"none\" data-dslc-anim-delay=\"0\" data-dslc-anim-duration=\"650\"  data-dslc-anim-easing=\"ease\" data-dslc-preset=\"none\" >\n\n\t\t\t\n\t\t\t\n\t\t\r\n\t\t\t<div class=\"dslc-button\">\r\n\t\t\t\t\t\t\t\t\t<a href=\"http:\/\/urisaoluiz.com.br\/site\/siicitec\/normas-submissao\/\" target=\"_self\"  onClick=\"\" class=\"\">\r\n\t\t\t\t\t\t\t\t\t\t\t\t\t\t\t\t\t\t\t<span>Normas e Orienta\u00e7\u00f5es para Submiss\u00e3o de Trabalhos<\/span>\r\n\t\t\t\t\t\t\t\t\t\t\t\t\t\t\t\t\t<\/a>\r\n\t\t\t\t\t\t\t<\/div><!-- .dslc-button -->\r\n\r\n\r\n\t\t\t\t\t\t\n\t\t\t\t<\/div><!-- .dslc-module -->\n\t\t\n\t\t<div id=\"dslc-module-o1jat72kvk8\" class=\"dslc-module-front dslc-module-DSLC_Button dslc-in-viewport-check dslc-in-viewport-anim-none  dslc-col dslc-12-col dslc-last-col  dslc-module-handle-like-regular \" data-module-id=\"o1jat72kvk8\" data-module=\"DSLC_Button\" data-dslc-module-size=\"12\" data-dslc-anim=\"none\" data-dslc-anim-delay=\"0\" data-dslc-anim-duration=\"650\"  data-dslc-anim-easing=\"ease\" data-dslc-preset=\"none\" >\n\n\t\t\t\n\t\t\t\n\t\t\r\n\t\t\t<div class=\"dslc-button\">\r\n\t\t\t\t\t\t\t\t\t<a href=\"http:\/\/urisaoluiz.com.br\/site\/siicitec\/cronograma\/\" target=\"_self\"  onClick=\"\" class=\"\">\r\n\t\t\t\t\t\t\t\t\t\t\t\t\t\t\t\t\t\t\t<span>Salas e Cronograma de Apresenta\u00e7\u00f5es<\/span>\r\n\t\t\t\t\t\t\t\t\t\t\t\t\t\t\t\t\t<\/a>\r\n\t\t\t\t\t\t\t<\/div><!-- .dslc-button -->\r\n\r\n\r\n\t\t\t\t\t\t\n\t\t\t\t<\/div><!-- .dslc-module -->\n\t\t\n\t\t<div id=\"dslc-module-mvs1pm8hlho\" class=\"dslc-module-front dslc-module-DSLC_Button dslc-in-viewport-check dslc-in-viewport-anim-none  dslc-col dslc-12-col dslc-last-col  dslc-module-handle-like-regular \" data-module-id=\"mvs1pm8hlho\" data-module=\"DSLC_Button\" data-dslc-module-size=\"12\" data-dslc-anim=\"none\" data-dslc-anim-delay=\"0\" data-dslc-anim-duration=\"650\"  data-dslc-anim-easing=\"ease\" data-dslc-preset=\"none\" >\n\n\t\t\t\n\t\t\t\n\t\t\r\n\t\t\t<div class=\"dslc-button\">\r\n\t\t\t\t\t\t\t\t\t<a href=\"https:\/\/urisaoluiz.com.br\/site\/siicitec\/acta-e-anais\/\" target=\"_self\"  onClick=\"\" class=\"\">\r\n\t\t\t\t\t\t\t\t\t\t\t\t\t\t\t\t\t\t\t<span>Acta e Anais<\/span>\r\n\t\t\t\t\t\t\t\t\t\t\t\t\t\t\t\t\t<\/a>\r\n\t\t\t\t\t\t\t<\/div><!-- .dslc-button -->\r\n\r\n\r\n\t\t\t\t\t\t\n\t\t\t\t<\/div><!-- .dslc-module -->\n\t\t<\/div><div class=\"dslc-modules-area dslc-col dslc-8-col dslc-last-col\" data-size=\"8\" data-valign=\"\">\n\t\t<div id=\"dslc-module-a97b46ea85c\" class=\"dslc-module-front dslc-module-DSLC_Text_Simple dslc-in-viewport-check dslc-in-viewport-anim-none  dslc-col dslc-12-col dslc-last-col  dslc-module-handle-like-regular \" data-module-id=\"a97b46ea85c\" data-module=\"DSLC_Text_Simple\" data-dslc-module-size=\"12\" data-dslc-anim=\"none\" data-dslc-anim-delay=\"0\" data-dslc-anim-duration=\"650\"  data-dslc-anim-easing=\"ease\" data-dslc-preset=\"none\" >\n\n\t\t\t\n\t\t\t\n\t\t\r\n\t\t<div class=\"dslc-text-module-content\">\r\n\t\t\t<p><img class=\"aligncenter size-large wp-image-20798\" src=\"..\/wp-content\/uploads\/2022\/07\/BANNER-SIICITec-1024x320.png\" alt=\"\" width=\"1024\" height=\"320\" data-mce-src=\"..\/wp-content\/uploads\/2022\/07\/BANNER-SIICITec-1024x320.png\"><\/p><p><br><\/p><p style=\"text-align: center;\" data-mce-style=\"text-align: center;\"><strong>Apresenta\u00e7\u00e3o<\/strong><\/p><p>\u00a0 \u00a0 \u00a0 O XXVIII Semin\u00e1rio Institucional de Inicia\u00e7\u00e3o Cient\u00edfica, Inova\u00e7\u00e3o e Tecnologia (SIICITec), XXVI Semin\u00e1rio de Integra\u00e7\u00e3o de Pesquisa e P\u00f3s-Gradua\u00e7\u00e3o (SIPPG) e XX Semin\u00e1rio Institucional de Extens\u00e3o (SIEx) tem como\u00a0 tema \u201cCi\u00eancia e inova\u00e7\u00e3o a servi\u00e7o da vida\u201d e reunir\u00e1 pesquisadores, p\u00f3s-graduandos e acad\u00eamicos bolsistas da URI e de outras IES, havendo apresenta\u00e7\u00e3o, reflex\u00e3o e discuss\u00e3o de relevantes temas das diferentes \u00e1reas de conhecimento, oportunizando o debate sobre resultados de pesquisas cient\u00edficas e atividades de extens\u00e3o desenvolvidas no \u00e2mbito\u00a0 da educa\u00e7\u00e3o b\u00e1sica, gradua\u00e7\u00e3o e p\u00f3s-gradua\u00e7\u00e3o da Universidade.<\/p><p>\u00a0 \u00a0 \u00a0 \u00a0 O evento objetiva, principalmente, divulgar e avaliar as atividades de pesquisa em n\u00edvel de inicia\u00e7\u00e3o cient\u00edfica, extens\u00e3o e inova\u00e7\u00e3o tecnol\u00f3gica, assim como socializar pesquisas de p\u00f3s-gradua\u00e7\u00e3o desenvolvidas na URI e outras Institui\u00e7\u00f5es, de forma a favorecer a intera\u00e7\u00e3o entre pesquisadores e o fortalecimento da ci\u00eancia na forma\u00e7\u00e3o acad\u00eamica e profissional.<\/p><p><br><\/p><p><br><\/p>\t\t<\/div>\r\n\r\n\t\t\n\t\t\t\t<\/div><!-- .dslc-module -->\n\t\t<\/div><\/div><\/div><\/div><input type=\"hidden\" id=\"dslca-post-data-thumb\" value=\"https:\/\/urisaoluiz.com.br\/site\/wp-content\/uploads\/2019\/05\/ImagemPadrao.png\" \/>","protected":false},"excerpt":{"rendered":"<p>Apresenta\u00e7\u00e3o Programa\u00e7\u00e3o Normas e Orienta\u00e7\u00f5es para Submiss\u00e3o de Trabalhos Salas e Cronograma de Apresenta\u00e7\u00f5es Acta e Anais Apresenta\u00e7\u00e3o\u00a0 \u00a0 \u00a0 O XXVIII Semin\u00e1rio Institucional de Inicia\u00e7\u00e3o Cient\u00edfica, Inova\u00e7\u00e3o e Tecnologia (SIICITec), XXVI Semin\u00e1rio de Integra\u00e7\u00e3o de Pesquisa e P\u00f3s-Gradua\u00e7\u00e3o (SIPPG) e XX Semin\u00e1rio Institucional de Extens\u00e3o (SIEx) tem como\u00a0 tema \u201cCi\u00eancia e inova\u00e7\u00e3o a servi\u00e7o [&hellip;]<\/p>\n","protected":false},"author":5,"featured_media":12959,"parent":0,"menu_order":0,"comment_status":"closed","ping_status":"closed","template":"","meta":{"footnotes":""},"class_list":["post-19908","page","type-page","status-publish","has-post-thumbnail","hentry"],"_links":{"self":[{"href":"https:\/\/urisaoluiz.com.br\/site\/wp-json\/wp\/v2\/pages\/19908","targetHints":{"allow":["GET"]}}],"collection":[{"href":"https:\/\/urisaoluiz.com.br\/site\/wp-json\/wp\/v2\/pages"}],"about":[{"href":"https:\/\/urisaoluiz.com.br\/site\/wp-json\/wp\/v2\/types\/page"}],"author":[{"embeddable":true,"href":"https:\/\/urisaoluiz.com.br\/site\/wp-json\/wp\/v2\/users\/5"}],"replies":[{"embeddable":true,"href":"https:\/\/urisaoluiz.com.br\/site\/wp-json\/wp\/v2\/comments?post=19908"}],"version-history":[{"count":2,"href":"https:\/\/urisaoluiz.com.br\/site\/wp-json\/wp\/v2\/pages\/19908\/revisions"}],"predecessor-version":[{"id":20565,"href":"https:\/\/urisaoluiz.com.br\/site\/wp-json\/wp\/v2\/pages\/19908\/revisions\/20565"}],"wp:featuredmedia":[{"embeddable":true,"href":"https:\/\/urisaoluiz.com.br\/site\/wp-json\/wp\/v2\/media\/12959"}],"wp:attachment":[{"href":"https:\/\/urisaoluiz.com.br\/site\/wp-json\/wp\/v2\/media?parent=19908"}],"curies":[{"name":"wp","href":"https:\/\/api.w.org\/{rel}","templated":true}]}}