{"id":19914,"date":"2022-04-26T16:49:50","date_gmt":"2022-04-26T19:49:50","guid":{"rendered":"https:\/\/urisaoluiz.com.br\/site\/?page_id=19914"},"modified":"2022-04-26T16:49:50","modified_gmt":"2022-04-26T19:49:50","slug":"programacao-siicitec-2022","status":"publish","type":"page","link":"https:\/\/urisaoluiz.com.br\/site\/siicitec\/programacao-siicitec-2022\/","title":{"rendered":"Programa\u00e7\u00e3o SIICITec 2022"},"content":{"rendered":"<div id=\"dslc-main\">\n\t\t<div  class=\"dslc-modules-section \" style=\"padding-bottom:0px;padding-top:0px;padding-left:3%;padding-right:3%;background-repeat:no-repeat;background-position:center top;\" data-section-id=\"ef7557ed2d6\">\n\t\t\t\t\n\t\t\t\t\n\t\t\t\t<div class=\"dslc-modules-section-wrapper dslc-clearfix\"><div class=\"dslc-modules-area dslc-col dslc-4-col dslc-first-col\" data-size=\"4\" data-valign=\"\">\n\t\t<div id=\"dslc-module-04a3qk64ia\" class=\"dslc-module-front dslc-module-DSLC_Button dslc-in-viewport-check dslc-in-viewport-anim-none  dslc-col dslc-12-col dslc-last-col  dslc-module-handle-like-regular \" data-module-id=\"04a3qk64ia\" data-module=\"DSLC_Button\" data-dslc-module-size=\"12\" data-dslc-anim=\"none\" data-dslc-anim-delay=\"0\" data-dslc-anim-duration=\"650\"  data-dslc-anim-easing=\"ease\" data-dslc-preset=\"none\" >\n\n\t\t\t\n\t\t\t\n\t\t\r\n\t\t\t<div class=\"dslc-button\">\r\n\t\t\t\t\t\t\t\t\t<a href=\"https:\/\/urisaoluiz.com.br\/site\/siicitec\/\" target=\"_self\"  onClick=\"\" class=\"\">\r\n\t\t\t\t\t\t\t\t\t\t\t\t\t\t\t\t\t\t\t<span>Apresenta\u00e7\u00e3o<br><\/span>\r\n\t\t\t\t\t\t\t\t\t\t\t\t\t\t\t\t\t<\/a>\r\n\t\t\t\t\t\t\t<\/div><!-- .dslc-button -->\r\n\r\n\r\n\t\t\t\t\t\t\n\t\t\t\t<\/div><!-- .dslc-module -->\n\t\t\n\t\t<div id=\"dslc-module-hos8184jojo\" class=\"dslc-module-front dslc-module-DSLC_Button dslc-in-viewport-check dslc-in-viewport-anim-none  dslc-col dslc-12-col dslc-last-col  dslc-module-handle-like-regular \" data-module-id=\"hos8184jojo\" data-module=\"DSLC_Button\" data-dslc-module-size=\"12\" data-dslc-anim=\"none\" data-dslc-anim-delay=\"0\" data-dslc-anim-duration=\"650\"  data-dslc-anim-easing=\"ease\" data-dslc-preset=\"none\" >\n\n\t\t\t\n\t\t\t\n\t\t\r\n\t\t\t<div class=\"dslc-button\">\r\n\t\t\t\t\t\t\t\t\t<a href=\"https:\/\/urisaoluiz.com.br\/site\/siicitec\/programacao-siicitec-2022\/\" target=\"_self\"  onClick=\"\" class=\"\">\r\n\t\t\t\t\t\t\t\t\t\t\t\t\t\t\t\t\t\t\t<span>Programa\u00e7\u00e3o<br><\/span>\r\n\t\t\t\t\t\t\t\t\t\t\t\t\t\t\t\t\t<\/a>\r\n\t\t\t\t\t\t\t<\/div><!-- .dslc-button -->\r\n\r\n\r\n\t\t\t\t\t\t\n\t\t\t\t<\/div><!-- .dslc-module -->\n\t\t\n\t\t<div id=\"dslc-module-8489434e4f2\" class=\"dslc-module-front dslc-module-DSLC_Button dslc-in-viewport-check dslc-in-viewport-anim-none  dslc-col dslc-12-col dslc-last-col  dslc-module-handle-like-regular \" data-module-id=\"8489434e4f2\" data-module=\"DSLC_Button\" data-dslc-module-size=\"12\" data-dslc-anim=\"none\" data-dslc-anim-delay=\"0\" data-dslc-anim-duration=\"650\"  data-dslc-anim-easing=\"ease\" data-dslc-preset=\"none\" >\n\n\t\t\t\n\t\t\t\n\t\t\r\n\t\t\t<div class=\"dslc-button\">\r\n\t\t\t\t\t\t\t\t\t<a href=\"https:\/\/urisaoluiz.com.br\/site\/siicitec\/normas-submissao\/\" target=\"_self\"  onClick=\"\" class=\"\">\r\n\t\t\t\t\t\t\t\t\t\t\t\t\t\t\t\t\t\t\t<span>Normas e Orienta\u00e7\u00f5es para Submiss\u00e3o de Trabalhos<\/span>\r\n\t\t\t\t\t\t\t\t\t\t\t\t\t\t\t\t\t<\/a>\r\n\t\t\t\t\t\t\t<\/div><!-- .dslc-button -->\r\n\r\n\r\n\t\t\t\t\t\t\n\t\t\t\t<\/div><!-- .dslc-module -->\n\t\t\n\t\t<div id=\"dslc-module-qsskrjg3dr\" class=\"dslc-module-front dslc-module-DSLC_Button dslc-in-viewport-check dslc-in-viewport-anim-none  dslc-col dslc-12-col dslc-last-col  dslc-module-handle-like-regular \" data-module-id=\"qsskrjg3dr\" data-module=\"DSLC_Button\" data-dslc-module-size=\"12\" data-dslc-anim=\"none\" data-dslc-anim-delay=\"0\" data-dslc-anim-duration=\"650\"  data-dslc-anim-easing=\"ease\" data-dslc-preset=\"none\" >\n\n\t\t\t\n\t\t\t\n\t\t\r\n\t\t\t<div class=\"dslc-button\">\r\n\t\t\t\t\t\t\t\t\t<a href=\"https:\/\/urisaoluiz.com.br\/site\/siicitec\/cronograma\/\" target=\"_self\"  onClick=\"\" class=\"\">\r\n\t\t\t\t\t\t\t\t\t\t\t\t\t\t\t\t\t\t\t<span>Salas e Cronograma de Apresenta\u00e7\u00f5es<\/span>\r\n\t\t\t\t\t\t\t\t\t\t\t\t\t\t\t\t\t<\/a>\r\n\t\t\t\t\t\t\t<\/div><!-- .dslc-button -->\r\n\r\n\r\n\t\t\t\t\t\t\n\t\t\t\t<\/div><!-- .dslc-module -->\n\t\t<\/div><div class=\"dslc-modules-area dslc-col dslc-8-col dslc-last-col\" data-size=\"8\" data-valign=\"\">\n\t\t<div id=\"dslc-module-0f6b8c07523\" class=\"dslc-module-front dslc-module-DSLC_Text_Simple dslc-in-viewport-check dslc-in-viewport-anim-none  dslc-col dslc-12-col dslc-last-col  dslc-module-handle-like-regular \" data-module-id=\"0f6b8c07523\" data-module=\"DSLC_Text_Simple\" data-dslc-module-size=\"12\" data-dslc-anim=\"none\" data-dslc-anim-delay=\"0\" data-dslc-anim-duration=\"650\"  data-dslc-anim-easing=\"ease\" data-dslc-preset=\"none\" >\n\n\t\t\t\n\t\t\t\n\t\t\r\n\t\t<div class=\"dslc-text-module-content\">\r\n\t\t\t<p><img class=\"size-large wp-image-20798 aligncenter\" src=\"https:\/\/urisaoluiz.com.br\/site\/wp-content\/uploads\/2022\/07\/BANNER-SIICITec-1024x320.png\" alt=\"\" width=\"1024\" height=\"320\"><\/p><h1>Programa\u00e7\u00e3o do Evento<\/h1><h3><strong>Quinta-feira, 27 de outubro de 2022<\/strong><\/h3><p><strong>Abertura Oficial<\/strong><\/p><p>Local: Canal da URI S\u00e3o Luiz Gonzaga no Youtube<\/p><p>In\u00edcio:\u00a008h30min<\/p><p>T\u00e9rmino:\u00a008h50min<\/p><p>\u00a0<\/p><p><strong>Momento Cultural<\/strong><\/p><p>Local: Canal da URI S\u00e3o Luiz Gonzaga no Youtube<\/p><p>In\u00edcio:\u00a008h50min<\/p><p>T\u00e9rmino: 09 horas<\/p><p>\u00a0<\/p><p><strong>Palestra de Abertura: O conhecimento como exerc\u00edcio de significa\u00e7\u00f5es da condi\u00e7\u00e3o humana<\/strong><\/p><p>Palestrante: Prof. Dr. Jorge Luiz da Cunha (UFSM)<\/p><p>Local: Canal da URI S\u00e3o Luiz Gonzaga no Youtube<\/p><p>In\u00edcio:\u00a009h<\/p><p>T\u00e9rmino:\u00a010h15min<\/p><p>\u00a0<\/p><p><strong>Apresenta\u00e7\u00f5es Orais<\/strong><\/p><p>Local:\u00a0 Google Meet. O link da sala ser\u00e1 enviado por e-mail.<\/p><p>In\u00edcio:\u00a010h30min<\/p><p>T\u00e9rmino:\u00a012h<\/p><p>\u00a0<\/p><p><strong>Apresenta\u00e7\u00f5es Orais<\/strong><\/p><p>Local: Google Meet. O link da sala ser\u00e1 enviado por e-mail.<\/p><p>In\u00edcio:\u00a013h30min<\/p><p>T\u00e9rmino:\u00a016h15min<\/p><p>\u00a0<\/p><p><strong>Roda de Conversa: Extens\u00e3o Universit\u00e1ria - Intera\u00e7\u00e3o Dial\u00f3gica entre a Universidade e a Comunidade<\/strong><\/p><p>Local: Google Meet. O link da sala ser\u00e1 enviado por e-mail.<\/p><p>n\u00edcio: 13h30min<\/p><p>T\u00e9rmino: 15h30min<\/p><p>\u00a0<\/p><p><strong>Premia\u00e7\u00e3o<\/strong><\/p><p>Local: Canal da URI S\u00e3o Luiz Gonzaga no Youtube<\/p><p>n\u00edcio: 16h30min<\/p><p>\u00a0<\/p><p><strong>Encerramento<\/strong><\/p><p>Local: Canal da URI S\u00e3o Luiz Gonzaga no Youtube<\/p><p>n\u00edcio: 16h45min<\/p><p>\u00a0<\/p>\t\t<\/div>\r\n\r\n\t\t\n\t\t\t\t<\/div><!-- .dslc-module -->\n\t\t<\/div><\/div><\/div><\/div><input type=\"hidden\" id=\"dslca-post-data-thumb\" value=\"https:\/\/urisaoluiz.com.br\/site\/wp-content\/uploads\/2019\/05\/ImagemPadrao.png\" \/>","protected":false},"excerpt":{"rendered":"<p>Apresenta\u00e7\u00e3o Programa\u00e7\u00e3o Normas e Orienta\u00e7\u00f5es para Submiss\u00e3o de Trabalhos Salas e Cronograma de Apresenta\u00e7\u00f5es Programa\u00e7\u00e3o do EventoQuinta-feira, 27 de outubro de 2022Abertura OficialLocal: Canal da URI S\u00e3o Luiz Gonzaga no YoutubeIn\u00edcio:\u00a008h30minT\u00e9rmino:\u00a008h50min\u00a0Momento CulturalLocal: Canal da URI S\u00e3o Luiz Gonzaga no YoutubeIn\u00edcio:\u00a008h50minT\u00e9rmino: 09 horas\u00a0Palestra de Abertura: O conhecimento como exerc\u00edcio de significa\u00e7\u00f5es da condi\u00e7\u00e3o humanaPalestrante: Prof. Dr. [&hellip;]<\/p>\n","protected":false},"author":5,"featured_media":12959,"parent":19908,"menu_order":0,"comment_status":"closed","ping_status":"closed","template":"","meta":{"footnotes":""},"class_list":["post-19914","page","type-page","status-publish","has-post-thumbnail","hentry"],"_links":{"self":[{"href":"https:\/\/urisaoluiz.com.br\/site\/wp-json\/wp\/v2\/pages\/19914","targetHints":{"allow":["GET"]}}],"collection":[{"href":"https:\/\/urisaoluiz.com.br\/site\/wp-json\/wp\/v2\/pages"}],"about":[{"href":"https:\/\/urisaoluiz.com.br\/site\/wp-json\/wp\/v2\/types\/page"}],"author":[{"embeddable":true,"href":"https:\/\/urisaoluiz.com.br\/site\/wp-json\/wp\/v2\/users\/5"}],"replies":[{"embeddable":true,"href":"https:\/\/urisaoluiz.com.br\/site\/wp-json\/wp\/v2\/comments?post=19914"}],"version-history":[{"count":1,"href":"https:\/\/urisaoluiz.com.br\/site\/wp-json\/wp\/v2\/pages\/19914\/revisions"}],"predecessor-version":[{"id":19915,"href":"https:\/\/urisaoluiz.com.br\/site\/wp-json\/wp\/v2\/pages\/19914\/revisions\/19915"}],"up":[{"embeddable":true,"href":"https:\/\/urisaoluiz.com.br\/site\/wp-json\/wp\/v2\/pages\/19908"}],"wp:featuredmedia":[{"embeddable":true,"href":"https:\/\/urisaoluiz.com.br\/site\/wp-json\/wp\/v2\/media\/12959"}],"wp:attachment":[{"href":"https:\/\/urisaoluiz.com.br\/site\/wp-json\/wp\/v2\/media?parent=19914"}],"curies":[{"name":"wp","href":"https:\/\/api.w.org\/{rel}","templated":true}]}}