{"id":20099,"date":"2022-05-13T20:24:29","date_gmt":"2022-05-13T23:24:29","guid":{"rendered":"https:\/\/urisaoluiz.com.br\/site\/?page_id=20099"},"modified":"2022-05-13T20:24:29","modified_gmt":"2022-05-13T23:24:29","slug":"normas-submissao","status":"publish","type":"page","link":"https:\/\/urisaoluiz.com.br\/site\/siicitec\/normas-submissao\/","title":{"rendered":"Normas Submiss\u00e3o"},"content":{"rendered":"<div id=\"dslc-main\">\n\t\t<div  class=\"dslc-modules-section \" style=\"padding-bottom:0px;padding-top:0px;padding-left:3%;padding-right:3%;background-repeat:no-repeat;background-position:center top;\" data-section-id=\"2bde96fca4c\">\n\t\t\t\t\n\t\t\t\t\n\t\t\t\t<div class=\"dslc-modules-section-wrapper dslc-clearfix\"><div class=\"dslc-modules-area dslc-col dslc-4-col dslc-first-col\" data-size=\"4\" data-valign=\"\">\n\t\t<div id=\"dslc-module-e29a4b83e7d\" class=\"dslc-module-front dslc-module-DSLC_Button dslc-in-viewport-check dslc-in-viewport-anim-none  dslc-col dslc-12-col dslc-last-col  dslc-module-handle-like-regular \" data-module-id=\"e29a4b83e7d\" data-module=\"DSLC_Button\" data-dslc-module-size=\"12\" data-dslc-anim=\"none\" data-dslc-anim-delay=\"0\" data-dslc-anim-duration=\"650\"  data-dslc-anim-easing=\"ease\" data-dslc-preset=\"none\" >\n\n\t\t\t\n\t\t\t\n\t\t\r\n\t\t\t<div class=\"dslc-button\">\r\n\t\t\t\t\t\t\t\t\t<a href=\"https:\/\/urisaoluiz.com.br\/site\/siicitec\/\" target=\"_self\"  onClick=\"\" class=\"\">\r\n\t\t\t\t\t\t\t\t\t\t\t\t\t\t\t\t\t\t\t<span>Apresenta\u00e7\u00e3o<br><\/span>\r\n\t\t\t\t\t\t\t\t\t\t\t\t\t\t\t\t\t<\/a>\r\n\t\t\t\t\t\t\t<\/div><!-- .dslc-button -->\r\n\r\n\r\n\t\t\t\t\t\t\n\t\t\t\t<\/div><!-- .dslc-module -->\n\t\t\n\t\t<div id=\"dslc-module-nmvovnqnkdg\" class=\"dslc-module-front dslc-module-DSLC_Button dslc-in-viewport-check dslc-in-viewport-anim-none  dslc-col dslc-12-col dslc-last-col  dslc-module-handle-like-regular \" data-module-id=\"nmvovnqnkdg\" data-module=\"DSLC_Button\" data-dslc-module-size=\"12\" data-dslc-anim=\"none\" data-dslc-anim-delay=\"0\" data-dslc-anim-duration=\"650\"  data-dslc-anim-easing=\"ease\" data-dslc-preset=\"none\" >\n\n\t\t\t\n\t\t\t\n\t\t\r\n\t\t\t<div class=\"dslc-button\">\r\n\t\t\t\t\t\t\t\t\t<a href=\"https:\/\/urisaoluiz.com.br\/site\/siicitec\/programacao-siicitec-2022\/\" target=\"_self\"  onClick=\"\" class=\"\">\r\n\t\t\t\t\t\t\t\t\t\t\t\t\t\t\t\t\t\t\t<span>Programa\u00e7\u00e3o<\/span>\r\n\t\t\t\t\t\t\t\t\t\t\t\t\t\t\t\t\t<\/a>\r\n\t\t\t\t\t\t\t<\/div><!-- .dslc-button -->\r\n\r\n\r\n\t\t\t\t\t\t\n\t\t\t\t<\/div><!-- .dslc-module -->\n\t\t\n\t\t<div id=\"dslc-module-a2e38c8aeb0\" class=\"dslc-module-front dslc-module-DSLC_Button dslc-in-viewport-check dslc-in-viewport-anim-none  dslc-col dslc-12-col dslc-last-col  dslc-module-handle-like-regular \" data-module-id=\"a2e38c8aeb0\" data-module=\"DSLC_Button\" data-dslc-module-size=\"12\" data-dslc-anim=\"none\" data-dslc-anim-delay=\"0\" data-dslc-anim-duration=\"650\"  data-dslc-anim-easing=\"ease\" data-dslc-preset=\"none\" >\n\n\t\t\t\n\t\t\t\n\t\t\r\n\t\t\t<div class=\"dslc-button\">\r\n\t\t\t\t\t\t\t\t\t<a href=\"https:\/\/urisaoluiz.com.br\/site\/siicitec\/normas-submissao\/\" target=\"_self\"  onClick=\"\" class=\"\">\r\n\t\t\t\t\t\t\t\t\t\t\t\t\t\t\t\t\t\t\t<span>Normas e Orienta\u00e7\u00f5es para Submiss\u00e3o de Trabalhos<\/span>\r\n\t\t\t\t\t\t\t\t\t\t\t\t\t\t\t\t\t<\/a>\r\n\t\t\t\t\t\t\t<\/div><!-- .dslc-button -->\r\n\r\n\r\n\t\t\t\t\t\t\n\t\t\t\t<\/div><!-- .dslc-module -->\n\t\t\n\t\t<div id=\"dslc-module-eq5mgmk302o\" class=\"dslc-module-front dslc-module-DSLC_Button dslc-in-viewport-check dslc-in-viewport-anim-none  dslc-col dslc-12-col dslc-last-col  dslc-module-handle-like-regular \" data-module-id=\"eq5mgmk302o\" data-module=\"DSLC_Button\" data-dslc-module-size=\"12\" data-dslc-anim=\"none\" data-dslc-anim-delay=\"0\" data-dslc-anim-duration=\"650\"  data-dslc-anim-easing=\"ease\" data-dslc-preset=\"none\" >\n\n\t\t\t\n\t\t\t\n\t\t\r\n\t\t\t<div class=\"dslc-button\">\r\n\t\t\t\t\t\t\t\t\t<a href=\"https:\/\/urisaoluiz.com.br\/site\/siicitec\/cronograma\" target=\"_self\"  onClick=\"\" class=\"\">\r\n\t\t\t\t\t\t\t\t\t\t\t\t\t\t\t\t\t\t\t<span>Salas e Cronograma de Apresenta\u00e7\u00f5es<\/span>\r\n\t\t\t\t\t\t\t\t\t\t\t\t\t\t\t\t\t<\/a>\r\n\t\t\t\t\t\t\t<\/div><!-- .dslc-button -->\r\n\r\n\r\n\t\t\t\t\t\t\n\t\t\t\t<\/div><!-- .dslc-module -->\n\t\t<\/div><div class=\"dslc-modules-area dslc-col dslc-8-col dslc-last-col\" data-size=\"8\" data-valign=\"\">\n\t\t<div id=\"dslc-module-53bf91c2a48\" class=\"dslc-module-front dslc-module-DSLC_Text_Simple dslc-in-viewport-check dslc-in-viewport-anim-none  dslc-col dslc-12-col dslc-last-col  dslc-module-handle-like-regular \" data-module-id=\"53bf91c2a48\" data-module=\"DSLC_Text_Simple\" data-dslc-module-size=\"12\" data-dslc-anim=\"none\" data-dslc-anim-delay=\"0\" data-dslc-anim-duration=\"650\"  data-dslc-anim-easing=\"ease\" data-dslc-preset=\"none\" >\n\n\t\t\t\n\t\t\t\n\t\t\r\n\t\t<div class=\"dslc-text-module-content\">\r\n\t\t\t<p><img class=\"aligncenter size-large wp-image-20798\" src=\"..\/..\/wp-content\/uploads\/2022\/07\/BANNER-SIICITec-1024x320.png\" alt=\"\" width=\"1024\" height=\"320\"><\/p><p style=\"text-align: center;\"><strong>XXVIII Semin\u00e1rio Institucional de Inicia\u00e7\u00e3o Cient\u00edfica, Inova\u00e7\u00e3o e Tecnologia (SIICITec)<\/strong><\/p><p style=\"text-align: center;\"><strong>XXVI Semin\u00e1rio de Integra\u00e7\u00e3o de Pesquisa e P\u00f3s-Gradua\u00e7\u00e3o (SIPPG)<\/strong><\/p><p style=\"text-align: center;\"><strong>XX Semin\u00e1rio Institucional de Extens\u00e3o (SIEx)<\/strong><\/p><p><br>O evento possibilita que a comunidade interna e externa \u00e0 URI participe como ouvinte e\/ou apresentador.<\/p><p>Para a inscri\u00e7\u00e3o, os participantes dever\u00e3o preencher a ficha de inscri\u00e7\u00e3o e pagar a taxa do evento.<br><br><strong>NORMAS PARA SUBMISS\u00c3O DE TRABALHOS<br><br><\/strong>Para a submiss\u00e3o de trabalhos, os autores (bolsista, orientador e colaboradores) dever\u00e3o estar inscritos no evento, com a taxa de inscri\u00e7\u00e3o paga.<\/p><p>Os resumos dos bolsistas de inicia\u00e7\u00e3o cient\u00edfica (IC), inicia\u00e7\u00e3o tecnol\u00f3gica e inova\u00e7\u00e3o (ITI) e extens\u00e3o da institui\u00e7\u00e3o, ser\u00e3o retirados a partir dos relat\u00f3rios finais inseridos no Sistema de Projetos URI \u2013 SPURI, juntamente com o t\u00edtulo do projeto (t\u00edtulo do plano de trabalho do bolsista), n\u00e3o sendo necess\u00e1rio o envio do resumo no momento da inscri\u00e7\u00e3o.<\/p><p>Os demais resumos de trabalhos de pesquisa e extens\u00e3o, desenvolvidos no ensino m\u00e9dio ou em cursos de gradua\u00e7\u00e3o, da URI ou de outras institui\u00e7\u00f5es, dever\u00e3o ser submetidos de forma on-line, no per\u00edodo de 13 de julho a 26 de agosto de 2022.<\/p><p>As inscri\u00e7\u00f5es e o envio on-line dos trabalhos completos de pesquisas de p\u00f3s-gradua\u00e7\u00e3o devem ser feitos no per\u00edodo de 13 de julho a 26 de agosto de 2022.<\/p><p><br><strong>INSTRU\u00c7\u00d5ES AOS AUTORES<br><br><\/strong><strong>Resumo<\/strong><\/p><p>Os resumos dos alunos bolsistas de inicia\u00e7\u00e3o cient\u00edfica e extens\u00e3o da URI ser\u00e3o obtidos automaticamente, a partir dos relat\u00f3rios finais inseridos no SPURI.\u00a0 Os demais dever\u00e3o submeter arquivo (doc ou docx) com resumo no ato da inscri\u00e7\u00e3o, conforme instru\u00e7\u00f5es abaixo:<\/p><p>O resumo \u00e9 uma apresenta\u00e7\u00e3o concisa e seletiva dos pontos relevantes do trabalho e deve ressaltar o que se buscou solucionar e explicar, fornecendo uma vis\u00e3o r\u00e1pida e clara do conte\u00fado e das conclus\u00f5es do trabalho. Deve ter entre 250 e 500 palavras, redigido em portugu\u00eas, ingl\u00eas ou espanhol.<\/p><p>O resumo deve ser escrito em par\u00e1grafo \u00fanico. Fonte Times New Roman, tamanho 12, espa\u00e7amento simples e conter os seguintes elementos essenciais: t\u00edtulo, introdu\u00e7\u00e3o, objetivos, metodologia, resultados e conclus\u00f5es\/considera\u00e7\u00f5es finais.<\/p><p>T\u00edtulo: letras mai\u00fasculas, negrito e centralizado.<\/p><p>Autores: nome completo, separados por ponto e v\u00edrgula e centralizado. Para cada autor, utilizar um n\u00famero ar\u00e1bico sobrescrito. Fazer chamada abaixo dos autores para indicar a filia\u00e7\u00e3o acad\u00eamica\/institui\u00e7\u00e3o.<\/p><p>Palavras-chave: de tr\u00eas a cinco palavras-chave, apresentadas em ordem alfab\u00e9tica e separadas por ponto e v\u00edrgula.<br><br><strong>Trabalho completo<br><br><\/strong>O arquivo deve ser salvo no formato doc ou docx.<\/p><p>Folha: formato A4 (21 cm x 29,7 cm).<\/p><p>Margens: esquerda e superior de 3 cm; direita e inferior de 2 cm.<\/p><p>O texto deve ser redigido em portugu\u00eas, ingl\u00eas ou espanhol, constitu\u00eddo por, no m\u00ednimo, cinco e no m\u00e1ximo dez p\u00e1ginas.<\/p><p>T\u00edtulo: com letras mai\u00fasculas, negrito e centralizado.<\/p><p>Subt\u00edtulo: com letras mai\u00fasculas e min\u00fasculas, alinhado \u00e0 esquerda.<\/p><p>Resumo: redigido em \u00fanico par\u00e1grafo, fonte Times New Roman, tamanho 10, constitu\u00eddo por 250 a 500 palavras<\/p><p>Palavras-chave: de tr\u00eas a cinco palavras-chave, apresentadas em ordem alfab\u00e9tica e separadas por ponto e v\u00edrgula.<\/p><p>Elementos textuais: introdu\u00e7\u00e3o, metodologia, resultados e discuss\u00e3o,\u00a0conclus\u00f5es\/considera\u00e7\u00f5es finais, refer\u00eancias e agradecimentos (opcional).<\/p><p>Fonte: Times New Roman, tamanho 12 para todo o trabalho, excetuando-se resumo, cita\u00e7\u00f5es com mais de tr\u00eas linhas, notas de rodap\u00e9, legendas, fontes e indica\u00e7\u00f5es das ilustra\u00e7\u00f5es e das tabelas, que devem ser em tamanho 10.<\/p><p>Espa\u00e7amento: 1,5 entre linhas, excetuando-se resumo, cita\u00e7\u00f5es com mais de tr\u00eas linhas, notas de rodap\u00e9, refer\u00eancias, legendas e fontes das ilustra\u00e7\u00f5es e das tabelas, que devem ser em espa\u00e7amento simples.<\/p><p>Par\u00e1grafo: recuo de primeira linha: 1,25 cm; alinhamento justificado<\/p><p>Autores: No m\u00e1ximo cinco (um principal, mais quatro coautores). Informar nome completo, separados por ponto e v\u00edrgula e centralizado. Para cada autor utilizar um n\u00famero ar\u00e1bico sobrescrito. Fazer chamada abaixo dos autores para indicar a filia\u00e7\u00e3o acad\u00eamica\/institui\u00e7\u00e3o e curso a que pertence.<\/p><p>Os trabalhos completos ser\u00e3o inclu\u00eddos nos Anais do\u00a0XXVIII Semin\u00e1rio Institucional de Inicia\u00e7\u00e3o Cient\u00edfica, Inova\u00e7\u00e3o e Tecnologia (SIICITec),\u00a0 XXVI Semin\u00e1rio de Integra\u00e7\u00e3o de Pesquisa e P\u00f3s-Gradua\u00e7\u00e3o (SIPPG) e XX Semin\u00e1rio Institucional de Extens\u00e3o (SIEX), on-line, contendo todos os trabalhos de todas as \u00e1reas.<br><br><strong>Observa\u00e7\u00f5es:<br><br><\/strong>Os conceitos e as afirma\u00e7\u00f5es contidas nos trabalhos s\u00e3o de inteira responsabilidade dos autores.<\/p><p>A revis\u00e3o e a formata\u00e7\u00e3o dos textos submetidos s\u00e3o de responsabilidade dos autores, sendo condi\u00e7\u00e3o para aprova\u00e7\u00e3o.<\/p><p>Todos os trabalhos que envolvam animais ou seres humanos devem fazer refer\u00eancia ao protocolo de aprova\u00e7\u00e3o no respectivo Comit\u00ea de \u00c9tica, na se\u00e7\u00e3o Metodologia.<\/p><p>Trabalhos de pesquisa que envolvam o Patrim\u00f4nio Gen\u00e9tico e o Conhecimento Tradicional Associado devem ser previamente cadastrados no Sistema Nacional de Gest\u00e3o do Patrim\u00f4nio Gen\u00e9tico e do Conhecimento Tradicional Associado (SisGen) e submetidos juntamente com a Declara\u00e7\u00e3o URI-SisGen, devidamente preenchida. Quando n\u00e3o aplic\u00e1vel, o respons\u00e1vel pela pesquisa deve encaminhar a Declara\u00e7\u00e3o URI-SisGen com tal indica\u00e7\u00e3o.<\/p><p><strong>O envio da Declara\u00e7\u00e3o URI-SisGen deve ser feito para o e-mai<\/strong><strong>l siicitec2022@saoluiz.uri.edu.br.<\/strong><\/p><p>Os textos ser\u00e3o avaliados pela Comiss\u00e3o Cient\u00edfica.<\/p><p>Os trabalhos aceitos, bem como sua forma e local de apresenta\u00e7\u00e3o, ser\u00e3o divulgados na p\u00e1gina do evento.<br><br><strong>Apresenta\u00e7\u00e3o oral<br><br><\/strong>A apresenta\u00e7\u00e3o deve ser elaborada em formato ppt ou pptx (Power Point) de acordo com o modelo disponibilizado no site do evento.<\/p><p>O apresentador dever\u00e1 acessar a sala virtual, no m\u00ednimo, trinta minutos antes do hor\u00e1rio previsto para a sess\u00e3o. Os links e hor\u00e1rios das apresenta\u00e7\u00f5es ser\u00e3o enviados por e-mail.<\/p><p>O trabalho dever\u00e1 ser apresentado em dez minutos; ser\u00e3o concedidos mais cinco minutos para coment\u00e1rios e questionamentos da banca.<\/p><p><strong>Pr\u00eamio Destaque<\/strong><\/p><p>Sobre o Pr\u00eamio Destaque em inicia\u00e7\u00e3o cient\u00edfica e destaque em extens\u00e3o, consultar a Resolu\u00e7\u00e3o 2433\/CUN\/2018.<\/p><p>As inscri\u00e7\u00f5es devem ser individuais, encaminhadas por meio de formul\u00e1rio de inscri\u00e7\u00e3o, , corretamente preenchido, dispon\u00edvel <a href=\"..\/..\/wp-content\/uploads\/2022\/07\/FormulriodeInscriodoPrmio.doc\">AQUI<\/a>, acompanhado do artigo e da declara\u00e7\u00e3o URI-SisGen. Estes documentos precisam ser enviados por e-mail aos coordenadores locais do CIAP e do CIAPEx, durante o per\u00edodo de inscri\u00e7\u00e3o, seguindo as normas de apresenta\u00e7\u00e3o da Resolu\u00e7\u00e3o acima citada e o cronograma abaixo:<\/p><ul><li>\u00a006\/julho a 11\/agosto \u2013 Per\u00edodo de inscri\u00e7\u00f5es, realizadas pelos estudantes.<\/li><li>15 a 31\/agosto \u2013 Per\u00edodo de avalia\u00e7\u00e3o e classifica\u00e7\u00e3o dos trabalhos por \u00e1rea do conhecimento (IC e ITI) ou por \u00e1rea tem\u00e1tica (Extens\u00e3o), sob a responsabilidade dos membros do CIAP e CIAPEx local.<\/li><li>05\/setembro \u2013 Data limite para enviar \u00e0 PROPEPG os artigos classificados em n\u00edvel interno, sendo 01 (um) trabalho de Pesquisa por \u00c1rea do Conhecimento e 01 (um) trabalho de Extens\u00e3o por \u00c1rea Tem\u00e1tica.<\/li><\/ul><p>Os premiados ser\u00e3o conhecidos em cerim\u00f4nia oficial on-line, durante o encerramento do XXVIII Semin\u00e1rio Institucional de Inicia\u00e7\u00e3o Cient\u00edfica, Inova\u00e7\u00e3o e Tecnologia e o XX Semin\u00e1rio de Extens\u00e3o, no dia 27 de outubro de 2022. Os pr\u00eamios e certificados ser\u00e3o encaminhados aos contemplados, posteriormente, via correio.<\/p><p><br><strong>Resolu\u00e7\u00e3o Pr\u00eamio Destaque<\/strong><\/p><p>Clique\u00a0\u00a0<a href=\"..\/..\/wp-content\/uploads\/2022\/05\/Resolucao-Premio-Destaque.pdf\">AQUI<\/a>\u00a0para baixar a resolu\u00e7\u00e3o.<\/p><p><strong>Declara\u00e7\u00e3o URI-SisGen<\/strong><\/p><p>Clique\u00a0<a href=\"..\/..\/wp-content\/uploads\/2022\/05\/Declarao-SisGen-SIICITec.docx\">AQUI<\/a>\u00a0 para baixar a declara\u00e7\u00e3o.<\/p><p><strong>Modelo de Resumo<\/strong><\/p><p>Clique\u00a0 <a href=\"..\/..\/wp-content\/uploads\/2022\/07\/Modelo-de-Resumo.docx\">AQUI<\/a> para baixar o modelo de resumo.<\/p><p><strong>Modelo de Artigo<\/strong><\/p><p>Clique <a href=\"https:\/\/urisaoluiz.com.br\/site\/wp-content\/uploads\/2022\/08\/Modelo-de-Artigo.docx\">AQUI<\/a>\u00a0 para baixar o modelo de artigo.<\/p><p><strong>Modelo de Apresenta\u00e7\u00e3o Oral<\/strong><\/p><p>Clique <a href=\"..\/..\/wp-content\/uploads\/2022\/07\/Modelo-Apresentacao-Oral.pptx\">AQUI<\/a>\u00a0 para baixar o modelo de apresenta\u00e7\u00e3o oral.<\/p><p>\u00a0<\/p>\t\t<\/div>\r\n\r\n\t\t\n\t\t\t\t<\/div><!-- .dslc-module -->\n\t\t<\/div><\/div><\/div><\/div><input type=\"hidden\" id=\"dslca-post-data-thumb\" value=\"https:\/\/urisaoluiz.com.br\/site\/wp-content\/uploads\/2019\/05\/ImagemPadrao.png\" \/>","protected":false},"excerpt":{"rendered":"<p>Apresenta\u00e7\u00e3o Programa\u00e7\u00e3o Normas e Orienta\u00e7\u00f5es para Submiss\u00e3o de Trabalhos Salas e Cronograma de Apresenta\u00e7\u00f5es XXVIII Semin\u00e1rio Institucional de Inicia\u00e7\u00e3o Cient\u00edfica, Inova\u00e7\u00e3o e Tecnologia (SIICITec)XXVI Semin\u00e1rio de Integra\u00e7\u00e3o de Pesquisa e P\u00f3s-Gradua\u00e7\u00e3o (SIPPG)XX Semin\u00e1rio Institucional de Extens\u00e3o (SIEx)O evento possibilita que a comunidade interna e externa \u00e0 URI participe como ouvinte e\/ou apresentador.Para a inscri\u00e7\u00e3o, os [&hellip;]<\/p>\n","protected":false},"author":5,"featured_media":12959,"parent":19908,"menu_order":0,"comment_status":"closed","ping_status":"closed","template":"","meta":{"footnotes":""},"class_list":["post-20099","page","type-page","status-publish","has-post-thumbnail","hentry"],"_links":{"self":[{"href":"https:\/\/urisaoluiz.com.br\/site\/wp-json\/wp\/v2\/pages\/20099","targetHints":{"allow":["GET"]}}],"collection":[{"href":"https:\/\/urisaoluiz.com.br\/site\/wp-json\/wp\/v2\/pages"}],"about":[{"href":"https:\/\/urisaoluiz.com.br\/site\/wp-json\/wp\/v2\/types\/page"}],"author":[{"embeddable":true,"href":"https:\/\/urisaoluiz.com.br\/site\/wp-json\/wp\/v2\/users\/5"}],"replies":[{"embeddable":true,"href":"https:\/\/urisaoluiz.com.br\/site\/wp-json\/wp\/v2\/comments?post=20099"}],"version-history":[{"count":1,"href":"https:\/\/urisaoluiz.com.br\/site\/wp-json\/wp\/v2\/pages\/20099\/revisions"}],"predecessor-version":[{"id":20100,"href":"https:\/\/urisaoluiz.com.br\/site\/wp-json\/wp\/v2\/pages\/20099\/revisions\/20100"}],"up":[{"embeddable":true,"href":"https:\/\/urisaoluiz.com.br\/site\/wp-json\/wp\/v2\/pages\/19908"}],"wp:featuredmedia":[{"embeddable":true,"href":"https:\/\/urisaoluiz.com.br\/site\/wp-json\/wp\/v2\/media\/12959"}],"wp:attachment":[{"href":"https:\/\/urisaoluiz.com.br\/site\/wp-json\/wp\/v2\/media?parent=20099"}],"curies":[{"name":"wp","href":"https:\/\/api.w.org\/{rel}","templated":true}]}}