{"id":21778,"date":"2023-01-12T20:17:28","date_gmt":"2023-01-12T23:17:28","guid":{"rendered":"https:\/\/urisaoluiz.com.br\/site\/?page_id=21778"},"modified":"2023-01-12T20:25:48","modified_gmt":"2023-01-12T23:25:48","slug":"edicao-13","status":"publish","type":"page","link":"https:\/\/urisaoluiz.com.br\/site\/ricadi\/publicacoes\/edicao-13\/","title":{"rendered":"Edi\u00e7\u00e3o 13"},"content":{"rendered":"<div id=\"dslc-main\">\n\t\t<div  class=\"dslc-modules-section  dslc-no-columns-spacing \" style=\"padding-bottom:0px;padding-top:0px;padding-left:3%;padding-right:3%;background-repeat:no-repeat;background-position:center top;\" data-section-id=\"fc9a8847f77\">\n\t\t\t\t\n\t\t\t\t\n\t\t\t\t<div class=\"dslc-modules-section-wrapper dslc-clearfix\"><div class=\"dslc-modules-area dslc-col dslc-12-col dslc-last-col\" data-size=\"12\" data-valign=\"\">\n\t\t<div id=\"dslc-module-f34db3cd93a\" class=\"dslc-module-front dslc-module-DSLC_Text_Simple dslc-in-viewport-check dslc-in-viewport-anim-none  dslc-col dslc-12-col dslc-last-col  dslc-module-handle-like-regular \" data-module-id=\"f34db3cd93a\" data-module=\"DSLC_Text_Simple\" data-dslc-module-size=\"12\" data-dslc-anim=\"none\" data-dslc-anim-delay=\"0\" data-dslc-anim-duration=\"650\"  data-dslc-anim-easing=\"ease\" data-dslc-preset=\"none\" >\n\n\t\t\t\n\t\t\t\n\t\t\r\n\t\t<div class=\"dslc-text-module-content\">\r\n\t\t\t<p>Revista RICADI<\/p>\t\t<\/div>\r\n\r\n\t\t\n\t\t\t\t<\/div><!-- .dslc-module -->\n\t\t<\/div><div class=\"dslc-modules-area dslc-col dslc-1-col dslc-first-col\" data-size=\"1\" data-valign=\"\"><\/div><div class=\"dslc-modules-area dslc-col dslc-2-col \" data-size=\"2\" data-valign=\"\">\n\t\t<div id=\"dslc-module-564770fc9c6\" class=\"dslc-module-front dslc-module-DSLC_Button dslc-in-viewport-check dslc-in-viewport-anim-none  dslc-col dslc-12-col dslc-last-col  dslc-module-handle-like-regular \" data-module-id=\"564770fc9c6\" data-module=\"DSLC_Button\" data-dslc-module-size=\"12\" data-dslc-anim=\"none\" data-dslc-anim-delay=\"0\" data-dslc-anim-duration=\"650\"  data-dslc-anim-easing=\"ease\" data-dslc-preset=\"none\" >\n\n\t\t\t\n\t\t\t\n\t\t\r\n\t\t\t<div class=\"dslc-button\">\r\n\t\t\t\t\t\t\t\t\t<a href=\"http:\/\/urisaoluiz.com.br\/site\/ricadi\/\" target=\"_self\"  onClick=\"\" class=\"\">\r\n\t\t\t\t\t\t\t\t\t\t\t\t\t\t\t\t\t\t\t<span>Apresenta\u00e7\u00e3o<\/span>\r\n\t\t\t\t\t\t\t\t\t\t\t\t\t\t\t\t\t<\/a>\r\n\t\t\t\t\t\t\t<\/div><!-- .dslc-button -->\r\n\r\n\r\n\t\t\t\t\t\t\n\t\t\t\t<\/div><!-- .dslc-module -->\n\t\t\n\t\t<div id=\"dslc-module-5693b2608f4\" class=\"dslc-module-front dslc-module-DSLC_Button dslc-in-viewport-check dslc-in-viewport-anim-none  dslc-col dslc-12-col dslc-last-col  dslc-module-handle-like-regular \" data-module-id=\"5693b2608f4\" data-module=\"DSLC_Button\" data-dslc-module-size=\"12\" data-dslc-anim=\"none\" data-dslc-anim-delay=\"0\" data-dslc-anim-duration=\"650\"  data-dslc-anim-easing=\"ease\" data-dslc-preset=\"none\" >\n\n\t\t\t\n\t\t\t\n\t\t\r\n\t\t\t<div class=\"dslc-button\">\r\n\t\t\t\t\t\t\t\t\t<a href=\"http:\/\/urisaoluiz.com.br\/site\/ricadi\/equipe\/\" target=\"_self\"  onClick=\"\" class=\"\">\r\n\t\t\t\t\t\t\t\t\t\t\t\t\t\t\t\t\t\t\t<span>Equipe<\/span>\r\n\t\t\t\t\t\t\t\t\t\t\t\t\t\t\t\t\t<\/a>\r\n\t\t\t\t\t\t\t<\/div><!-- .dslc-button -->\r\n\r\n\r\n\t\t\t\t\t\t\n\t\t\t\t<\/div><!-- .dslc-module -->\n\t\t\n\t\t<div id=\"dslc-module-b0a54a5b3d0\" class=\"dslc-module-front dslc-module-DSLC_Button dslc-in-viewport-check dslc-in-viewport-anim-none  dslc-col dslc-12-col dslc-last-col  dslc-module-handle-like-regular \" data-module-id=\"b0a54a5b3d0\" data-module=\"DSLC_Button\" data-dslc-module-size=\"12\" data-dslc-anim=\"none\" data-dslc-anim-delay=\"0\" data-dslc-anim-duration=\"650\"  data-dslc-anim-easing=\"ease\" data-dslc-preset=\"none\" >\n\n\t\t\t\n\t\t\t\n\t\t\r\n\t\t\t<div class=\"dslc-button\">\r\n\t\t\t\t\t\t\t\t\t<a href=\"http:\/\/urisaoluiz.com.br\/site\/ricadi\/condicoes-para-submissao\/\" target=\"_self\"  onClick=\"\" class=\"\">\r\n\t\t\t\t\t\t\t\t\t\t\t\t\t\t\t\t\t\t\t<span>Condi\u00e7\u00f5es para<br>Submiss\u00e3o<br><\/span>\r\n\t\t\t\t\t\t\t\t\t\t\t\t\t\t\t\t\t<\/a>\r\n\t\t\t\t\t\t\t<\/div><!-- .dslc-button -->\r\n\r\n\r\n\t\t\t\t\t\t\n\t\t\t\t<\/div><!-- .dslc-module -->\n\t\t\n\t\t<div id=\"dslc-module-95fe6e39d55\" class=\"dslc-module-front dslc-module-DSLC_Button dslc-in-viewport-check dslc-in-viewport-anim-none  dslc-col dslc-12-col dslc-last-col  dslc-module-handle-like-regular \" data-module-id=\"95fe6e39d55\" data-module=\"DSLC_Button\" data-dslc-module-size=\"12\" data-dslc-anim=\"none\" data-dslc-anim-delay=\"0\" data-dslc-anim-duration=\"650\"  data-dslc-anim-easing=\"ease\" data-dslc-preset=\"none\" >\n\n\t\t\t\n\t\t\t\n\t\t\r\n\t\t\t<div class=\"dslc-button\">\r\n\t\t\t\t\t\t\t\t\t<a href=\"http:\/\/urisaoluiz.com.br\/site\/ricadi\/diretrizes-para-autores\/\" target=\"_self\"  onClick=\"\" class=\"\">\r\n\t\t\t\t\t\t\t\t\t\t\t\t\t\t\t\t\t\t\t<span>Diretrizes para Autores<\/span>\r\n\t\t\t\t\t\t\t\t\t\t\t\t\t\t\t\t\t<\/a>\r\n\t\t\t\t\t\t\t<\/div><!-- .dslc-button -->\r\n\r\n\r\n\t\t\t\t\t\t\n\t\t\t\t<\/div><!-- .dslc-module -->\n\t\t\n\t\t<div id=\"dslc-module-4aeaf1719e2\" class=\"dslc-module-front dslc-module-DSLC_Button dslc-in-viewport-check dslc-in-viewport-anim-none  dslc-col dslc-12-col dslc-last-col  dslc-module-handle-like-regular \" data-module-id=\"4aeaf1719e2\" data-module=\"DSLC_Button\" data-dslc-module-size=\"12\" data-dslc-anim=\"none\" data-dslc-anim-delay=\"0\" data-dslc-anim-duration=\"650\"  data-dslc-anim-easing=\"ease\" data-dslc-preset=\"none\" >\n\n\t\t\t\n\t\t\t\n\t\t\r\n\t\t\t<div class=\"dslc-button\">\r\n\t\t\t\t\t\t\t\t\t<a href=\"http:\/\/urisaoluiz.com.br\/site\/ricadi\/http:\/\/urisaoluiz.com.br\/site\/ricadi\/politicas-editoriais\/\" target=\"_self\"  onClick=\"\" class=\"\">\r\n\t\t\t\t\t\t\t\t\t\t\t\t\t\t\t\t\t\t\t<span>Pol\u00edticas Editoriais<br><\/span>\r\n\t\t\t\t\t\t\t\t\t\t\t\t\t\t\t\t\t<\/a>\r\n\t\t\t\t\t\t\t<\/div><!-- .dslc-button -->\r\n\r\n\r\n\t\t\t\t\t\t\n\t\t\t\t<\/div><!-- .dslc-module -->\n\t\t\n\t\t<div id=\"dslc-module-e433cae4995\" class=\"dslc-module-front dslc-module-DSLC_Button dslc-in-viewport-check dslc-in-viewport-anim-none  dslc-col dslc-12-col dslc-last-col  dslc-module-handle-like-regular \" data-module-id=\"e433cae4995\" data-module=\"DSLC_Button\" data-dslc-module-size=\"12\" data-dslc-anim=\"none\" data-dslc-anim-delay=\"0\" data-dslc-anim-duration=\"650\"  data-dslc-anim-easing=\"ease\" data-dslc-preset=\"none\" >\n\n\t\t\t\n\t\t\t\n\t\t\r\n\t\t\t<div class=\"dslc-button\">\r\n\t\t\t\t\t\t\t\t\t<a href=\"http:\/\/urisaoluiz.com.br\/site\/ricadi\/publicacoes\/\" target=\"_self\"  onClick=\"\" class=\"\">\r\n\t\t\t\t\t\t\t\t\t\t\t\t\t\t\t\t\t\t\t<span>Publica\u00e7\u00f5es<br><\/span>\r\n\t\t\t\t\t\t\t\t\t\t\t\t\t\t\t\t\t<\/a>\r\n\t\t\t\t\t\t\t<\/div><!-- .dslc-button -->\r\n\r\n\r\n\t\t\t\t\t\t\n\t\t\t\t<\/div><!-- .dslc-module -->\n\t\t<\/div><div class=\"dslc-modules-area dslc-col dslc-1-col \" data-size=\"1\" data-valign=\"\"><\/div><div class=\"dslc-modules-area dslc-col dslc-8-col dslc-last-col\" data-size=\"8\" data-valign=\"\">\n\t\t<div id=\"dslc-module-ab8cfada57e\" class=\"dslc-module-front dslc-module-DSLC_Image dslc-in-viewport-check dslc-in-viewport-anim-none  dslc-col dslc-4-col  dslc-module-handle-like-regular \" data-module-id=\"ab8cfada57e\" data-module=\"DSLC_Image\" data-dslc-module-size=\"4\" data-dslc-anim=\"none\" data-dslc-anim-delay=\"0\" data-dslc-anim-duration=\"650\"  data-dslc-anim-easing=\"ease\" data-dslc-preset=\"none\" >\n\n\t\t\t\n\t\t\t\n\t\t\t\t<div class=\"dslc-image-container\">\r\n\t\t<div class=\"dslc-image\">\r\n\r\n\t\t\t\r\n\t\t\t\t\r\n\t\t\t\t\t\t\t\t\t<img src=\"https:\/\/urisaoluiz.com.br\/site\/wp-content\/uploads\/2018\/08\/ricadi01.png\" alt=\"\" title=\"ricadi01\" srcset=\"https:\/\/urisaoluiz.com.br\/site\/wp-content\/uploads\/2018\/08\/ricadi01.png 593w, https:\/\/urisaoluiz.com.br\/site\/wp-content\/uploads\/2018\/08\/ricadi01-211x300.png 211w\" sizes=\"(max-width: 593px) 100vw, 593px\" \/>\r\n\t\t\t\t\r\n\t\t\t\t\t\t\t\t\t<\/div><!-- .dslc-image -->\r\n\t\t<\/div>\r\n\t\t\n\t\t\t\t<\/div><!-- .dslc-module -->\n\t\t\n\t\t<div id=\"dslc-module-968badf7dcd\" class=\"dslc-module-front dslc-module-DSLC_TP_Content dslc-in-viewport-check dslc-in-viewport-anim-none  dslc-col dslc-8-col dslc-last-col  dslc-module-handle-like-regular \" data-module-id=\"968badf7dcd\" data-module=\"DSLC_TP_Content\" data-dslc-module-size=\"8\" data-dslc-anim=\"none\" data-dslc-anim-delay=\"0\" data-dslc-anim-duration=\"650\"  data-dslc-anim-easing=\"ease\" data-dslc-preset=\"none\" >\n\n\t\t\t\n\t\t\t\n\t\t<div class=\"dslc-tp-content\"><\/div>\n\t\t\t\t<\/div><!-- .dslc-module -->\n\t\t<\/div><\/div><\/div><\/div><input type=\"hidden\" id=\"dslca-post-data-thumb\" value=\"https:\/\/urisaoluiz.com.br\/site\/wp-content\/uploads\/2019\/05\/ImagemPadrao.png\" \/>","protected":false},"excerpt":{"rendered":"<p>Revista RICADI Apresenta\u00e7\u00e3o Equipe Condi\u00e7\u00f5es paraSubmiss\u00e3o Diretrizes para Autores Pol\u00edticas Editoriais Publica\u00e7\u00f5es<\/p>\n","protected":false},"author":5,"featured_media":12959,"parent":4600,"menu_order":0,"comment_status":"closed","ping_status":"closed","template":"","meta":{"footnotes":""},"class_list":["post-21778","page","type-page","status-publish","has-post-thumbnail","hentry"],"_links":{"self":[{"href":"https:\/\/urisaoluiz.com.br\/site\/wp-json\/wp\/v2\/pages\/21778","targetHints":{"allow":["GET"]}}],"collection":[{"href":"https:\/\/urisaoluiz.com.br\/site\/wp-json\/wp\/v2\/pages"}],"about":[{"href":"https:\/\/urisaoluiz.com.br\/site\/wp-json\/wp\/v2\/types\/page"}],"author":[{"embeddable":true,"href":"https:\/\/urisaoluiz.com.br\/site\/wp-json\/wp\/v2\/users\/5"}],"replies":[{"embeddable":true,"href":"https:\/\/urisaoluiz.com.br\/site\/wp-json\/wp\/v2\/comments?post=21778"}],"version-history":[{"count":5,"href":"https:\/\/urisaoluiz.com.br\/site\/wp-json\/wp\/v2\/pages\/21778\/revisions"}],"predecessor-version":[{"id":21796,"href":"https:\/\/urisaoluiz.com.br\/site\/wp-json\/wp\/v2\/pages\/21778\/revisions\/21796"}],"up":[{"embeddable":true,"href":"https:\/\/urisaoluiz.com.br\/site\/wp-json\/wp\/v2\/pages\/4600"}],"wp:featuredmedia":[{"embeddable":true,"href":"https:\/\/urisaoluiz.com.br\/site\/wp-json\/wp\/v2\/media\/12959"}],"wp:attachment":[{"href":"https:\/\/urisaoluiz.com.br\/site\/wp-json\/wp\/v2\/media?parent=21778"}],"curies":[{"name":"wp","href":"https:\/\/api.w.org\/{rel}","templated":true}]}}