{"id":21839,"date":"2023-03-14T13:32:04","date_gmt":"2023-03-14T16:32:04","guid":{"rendered":"https:\/\/urisaoluiz.com.br\/site\/?page_id=21839"},"modified":"2025-03-05T15:36:53","modified_gmt":"2025-03-05T18:36:53","slug":"psicologia","status":"publish","type":"page","link":"https:\/\/urisaoluiz.com.br\/site\/graduacao\/psicologia\/","title":{"rendered":"Psicologia"},"content":{"rendered":"<div id=\"dslc-main\">\n\t\t<div  class=\"dslc-modules-section  dslc-init-parallax \" style=\"padding-bottom:150px;padding-top:150px;background-color:#156892;background-image:url();background-position:center center;background-attachment:parallax;background-size:cover;border-color:#ec268f;border-top-style: hidden; border-right-style: hidden; border-bottom-style: hidden; border-left-style: hidden; \" data-section-id=\"950c5220ae0\">\n\t\t\t\t<div class=\"dslc-bg-video dslc-force-show\"><div class=\"dslc-bg-video-overlay\" style=\"background-color:#156892; opacity:0.7; \"><\/div><\/div>\n\t\t\t\t\n\t\t\t\t<div class=\"dslc-modules-section-wrapper dslc-clearfix\"><div class=\"dslc-modules-area dslc-col dslc-12-col dslc-last-col\" data-size=\"12\" data-valign=\"\">\n\t\t<div id=\"dslc-module-3c1bcbd0dfd\" class=\"dslc-module-front dslc-module-DSLC_TP_Title dslc-in-viewport-check dslc-in-viewport-anim-none  dslc-col dslc-12-col dslc-last-col  dslc-module-handle-like-regular \" data-module-id=\"3c1bcbd0dfd\" data-module=\"DSLC_TP_Title\" data-dslc-module-size=\"12\" data-dslc-anim=\"none\" data-dslc-anim-delay=\"0\" data-dslc-anim-duration=\"650\"  data-dslc-anim-easing=\"ease\" data-dslc-preset=\"none\" >\n\n\t\t\t\n\t\t\t\n\t\t\r\n\t\t\t\t<div class=\"dslc-tp-title\"><h1>Psicologia<\/h1><\/div>\r\n\r\n\t\t\t\n\t\t\t\t<\/div><!-- .dslc-module -->\n\t\t<\/div><\/div><\/div>\n\t\t<div  class=\"dslc-modules-section \" style=\"padding-bottom:0px;padding-top:0px;background-color:#c23278;\" data-section-id=\"85fopabk3ro\">\n\t\t\t\t\n\t\t\t\t\n\t\t\t\t<div class=\"dslc-modules-section-wrapper dslc-clearfix\"><div class=\"dslc-modules-area dslc-col dslc-12-col dslc-last-col\" data-size=\"12\" data-valign=\"\">\n\t\t<div id=\"dslc-module-jpl35dc14ao\" class=\"dslc-module-front dslc-module-DSLC_Separator dslc-in-viewport-check dslc-in-viewport-anim-none  dslc-col dslc-12-col dslc-last-col  dslc-module-handle-like-regular \" data-module-id=\"jpl35dc14ao\" data-module=\"DSLC_Separator\" data-dslc-module-size=\"12\" data-dslc-anim=\"none\" data-dslc-anim-delay=\"0\" data-dslc-anim-duration=\"650\"  data-dslc-anim-easing=\"ease\" data-dslc-preset=\"none\" >\n\n\t\t\t\n\t\t\t\n\t\t\t\t\t<div class=\"dslc-separator-wrapper\">\r\n\t\t\t\t<div class=\"dslc-separator dslc-separator-style-invisible\">\r\n\t\t\t\t\t\t\t\t\t<\/div>\r\n\t\t\t\t<div><\/div>\r\n\t\t\t<\/div><!-- .dslc-separator-wrapper -->\r\n\t\t\t\n\t\t\t\t<\/div><!-- .dslc-module -->\n\t\t<\/div><\/div><\/div>\n\t\t<div  class=\"dslc-modules-section \" style=\"padding-bottom:40px;padding-top:40px;padding-left:3%;padding-right:3%;background-repeat:no-repeat;background-position:center top;\" data-section-id=\"7ffefbc6646\">\n\t\t\t\t\n\t\t\t\t\n\t\t\t\t<div class=\"dslc-modules-section-wrapper dslc-clearfix\"><div class=\"dslc-modules-area dslc-col dslc-7-col dslc-first-col\" data-size=\"7\" data-valign=\"\">\n\t\t<div id=\"dslc-module-2889b1d4413\" class=\"dslc-module-front dslc-module-DSLC_Text_Simple dslc-in-viewport-check dslc-in-viewport-anim-none  dslc-col dslc-12-col dslc-last-col  dslc-module-handle-like-regular \" data-module-id=\"2889b1d4413\" data-module=\"DSLC_Text_Simple\" data-dslc-module-size=\"12\" data-dslc-anim=\"none\" data-dslc-anim-delay=\"0\" data-dslc-anim-duration=\"650\"  data-dslc-anim-easing=\"ease\" data-dslc-preset=\"none\" >\n\n\t\t\t\n\t\t\t\n\t\t\r\n\t\t<div class=\"dslc-text-module-content\">\r\n\t\t\t<h1 style=\"text-align: justify;\" data-mce-style=\"text-align: justify;\">Conhe\u00e7a o Curso<\/h1><p style=\"font-weight: 400;\" data-mce-style=\"font-weight: 400;\">\u00a0 \u00a0 \u00a0 \u00a0 \u00a0 O Curso\u00a0 prop\u00f5e-se\u00a0 a f ormar psic\u00f3logos comprometidos\u00a0 com\u00a0 os\u00a0 valores\u00a0 de solidariedade, cidadania e direitos humanos, tecnicamente qualificados, capazes de identificar demandas sociais em sa\u00fade coletiva e nos diversos contextos de atua\u00e7\u00e3o da\u00a0 Psicologia,\u00a0 como\u00a0 assist\u00eancia,\u00a0 educa\u00e7\u00e3o,\u00a0 contextos\u00a0 \u00a0de\u00a0 \u00a0trabalho,\u00a0 entre outras possibilidades\u00a0 em\u00a0 que\u00a0 o\u00a0 saber\u00a0 da\u00a0 Psicologia\u00a0 pode\u00a0 auxiliar\u00a0 no desenvolvimento humano\u00a0 e\u00a0 na\u00a0 qualidade\u00a0 de\u00a0 vida.\u00a0 Para\u00a0 tanto,\u00a0 o\u00a0 profissional\u00a0 deve\u00a0 ser\u00a0 capaz\u00a0 de trabalhar\u00a0 \u00a0em\u00a0 uma\u00a0 perspectiva\u00a0 interdisciplinar,\u00a0 com condi\u00e7\u00f5es\u00a0 de\u00a0 se\u00a0 inserir\u00a0 na pr\u00e1tica profissional e cient\u00edfica de maneira competente, aut\u00f4noma e \u00e9tica.<\/p><h1 style=\"font-weight: 400;\" data-mce-style=\"font-weight: 400;\"><strong>Objetivos<\/strong><\/h1><p><strong>Objetivo geral do curso<\/strong><\/p><p>\u00a0 \u00a0 \u00a0 \u00a0 \u00a0O curso de\u00a0 Psicologia da URI tem por objetivo\u00a0 formar\u00a0 psic\u00f3logos generalistas com\u00a0 uma\u00a0 vis\u00e3o\u00a0 abrangente\u00a0 e\u00a0 cr\u00edtica\u00a0 da\u00a0 Psicologia\u00a0 e\u00a0 da\u00a0 realidade\u00a0 sociocultural, sens\u00edveis\u00a0 \u00e0s\u00a0 necessidades\u00a0 \u00a0da\u00a0 comunidade\u00a0 e\u00a0 da\u00a0 na\u00e7\u00e3o,\u00a0 \u00e9ticos\u00a0 em\u00a0 sua\u00a0 atua\u00e7\u00e3o profissional, e qualificados para o exerc\u00edcio da profiss\u00e3o em seus variados contextos e para a produ\u00e7\u00e3o de conhecimento cient\u00edfico em Psicologia.<\/p><p><strong>Objetivos espec\u00edficos<\/strong><\/p><p>a)\u00a0 Formar profissionais qualificados, \u00e9ticos, que possam responder \u00e0s demandas no \u00e2mbito da Psicologia, em seu contexto de atua\u00e7\u00e3o profissional;<\/p><p>b)\u00a0 Desenvolver\u00a0 profissionais\u00a0 com\u00a0 capacidade\u00a0 de\u00a0 analisar\u00a0 os\u00a0 fen\u00f4menos sociais, relacionais e individuais\u00a0 fundamentais\u00a0 ao exerc\u00edcio da profiss\u00e3o e\u00a0 da\u00a0 cidadania\u00a0 de forma \u00e9tica e aut\u00f4noma.<\/p><p>c)\u00a0 Fomentar\u00a0 \u00a0a\u00a0 \u00a0pr\u00e1tica\u00a0 \u00a0da\u00a0 \u00a0constru\u00e7\u00e3o\u00a0 \u00a0de\u00a0 \u00a0conhecimentos\u00a0 \u00a0cient\u00edficos\u00a0 \u00a0e\u00a0 \u00a0o posicionamento te\u00f3rico e metodol\u00f3gico no \u00e2mbito da ci\u00eancia psicol\u00f3gica, conectada com a produ\u00e7\u00e3o cient\u00edfica e inova\u00e7\u00f5es t\u00e9cnicas.\u00a0<\/p><h1 style=\"text-align: justify;\" data-mce-style=\"text-align: justify;\">Perfil Profissional<\/h1><p style=\"text-align: justify;\" data-mce-style=\"text-align: justify;\">O egresso do curso de Psicologia da URI S\u00e3o Luiz Gonzaga dever\u00e1 ser sens\u00edvel e comprometido com as necessidades sociais, compreendendo o indiv\u00edduo integralmente em suas dimens\u00f5es pessoais, sociais, pol\u00edticas, culturais e hist\u00f3ricas, pautando sua atua\u00e7\u00e3o profissional por princ\u00edpios \u00e9ticos e legais, buscando promover a qualidade de vida. Dever\u00e1 ser capaz de identificar a pluralidade te\u00f3rica e pr\u00e1tica da Psicologia e de atuar profissionalmente em diferentes contextos, em suas dimens\u00f5es relacionais (institucionais, organizacionais e culturais), frente a diferentes demandas da sociedade em sa\u00fade coletiva e nas demais esferas de atua\u00e7\u00e3o da Psicologia. Tamb\u00e9m dever\u00e1 apresentar capacidade t\u00e9cnica para utilizar recursos e instrumentais pr\u00f3prios da Psicologia no diagn\u00f3stico e\/ou avalia\u00e7\u00e3o de processos psicol\u00f3gicos de indiv\u00edduos, grupos, organiza\u00e7\u00f5es e movimentos sociais, em diferentes contextos, bem como elaborar projetos de interven\u00e7\u00e3o e a\u00e7\u00e3o coerentes com os referenciais te\u00f3ricos e caracter\u00edsticas da popula\u00e7\u00e3o.\u00a0\u00a0<\/p><h1 style=\"text-align: justify;\" data-mce-style=\"text-align: justify;\">Campo de Atua\u00e7\u00e3o<\/h1><p style=\"text-align: justify;\" data-mce-style=\"text-align: justify;\">O Psic\u00f3logo, nas suas especificidades profissionais, atua no \u00e2mbito da educa\u00e7\u00e3o, sa\u00fade, lazer, trabalho, seguran\u00e7a, justi\u00e7a, comunidades e comunica\u00e7\u00e3o com o objetivo de promover, em seu trabalho, o respeito \u00e0 dignidade e integridade do ser humano. Dentre as possibilidades de atua\u00e7\u00e3o, destacam-se: Psicologia Cl\u00ednica, Hospitalar, Educacional\/Escolar, Orienta\u00e7\u00e3o Profissional, Psicologia do Esporte, Psicologia do Tr\u00e2nsito, Psicologia Social, Comunit\u00e1ria e Institucional, Psicologia Organizacional e do Trabalho.<\/p>\t\t<\/div>\r\n\r\n\t\t\n\t\t\t\t<\/div><!-- .dslc-module -->\n\t\t<\/div><div class=\"dslc-modules-area dslc-col dslc-5-col dslc-last-col\" data-size=\"5\" data-valign=\"\">\n\t\t<div id=\"dslc-module-ba11b7b8669\" class=\"dslc-module-front dslc-module-DSLC_TP_Content dslc-in-viewport-check dslc-in-viewport-anim-none  dslc-col dslc-12-col dslc-last-col  dslc-module-handle-like-regular \" data-module-id=\"ba11b7b8669\" data-module=\"DSLC_TP_Content\" data-dslc-module-size=\"12\" data-dslc-anim=\"none\" data-dslc-anim-delay=\"0\" data-dslc-anim-duration=\"650\"  data-dslc-anim-easing=\"ease\" data-dslc-preset=\"none\" >\n\n\t\t\t\n\t\t\t\n\t\t<div class=\"dslc-tp-content\"><\/div>\n\t\t\t\t<\/div><!-- .dslc-module -->\n\t\t<\/div><\/div><\/div><\/div><input type=\"hidden\" id=\"dslca-post-data-thumb\" value=\"https:\/\/urisaoluiz.com.br\/site\/wp-content\/uploads\/2019\/05\/ImagemPadrao.png\" \/>","protected":false},"excerpt":{"rendered":"<p>Psicologia Conhe\u00e7a o Curso\u00a0 \u00a0 \u00a0 \u00a0 \u00a0 O Curso\u00a0 prop\u00f5e-se\u00a0 a f ormar psic\u00f3logos comprometidos\u00a0 com\u00a0 os\u00a0 valores\u00a0 de solidariedade, cidadania e direitos humanos, tecnicamente qualificados, capazes de identificar demandas sociais em sa\u00fade coletiva e nos diversos contextos de atua\u00e7\u00e3o da\u00a0 Psicologia,\u00a0 como\u00a0 assist\u00eancia,\u00a0 educa\u00e7\u00e3o,\u00a0 contextos\u00a0 \u00a0de\u00a0 \u00a0trabalho,\u00a0 entre outras possibilidades\u00a0 em\u00a0 que\u00a0 o\u00a0 [&hellip;]<\/p>\n","protected":false},"author":5,"featured_media":12959,"parent":51,"menu_order":0,"comment_status":"closed","ping_status":"closed","template":"","meta":{"footnotes":""},"class_list":["post-21839","page","type-page","status-publish","has-post-thumbnail","hentry"],"_links":{"self":[{"href":"https:\/\/urisaoluiz.com.br\/site\/wp-json\/wp\/v2\/pages\/21839","targetHints":{"allow":["GET"]}}],"collection":[{"href":"https:\/\/urisaoluiz.com.br\/site\/wp-json\/wp\/v2\/pages"}],"about":[{"href":"https:\/\/urisaoluiz.com.br\/site\/wp-json\/wp\/v2\/types\/page"}],"author":[{"embeddable":true,"href":"https:\/\/urisaoluiz.com.br\/site\/wp-json\/wp\/v2\/users\/5"}],"replies":[{"embeddable":true,"href":"https:\/\/urisaoluiz.com.br\/site\/wp-json\/wp\/v2\/comments?post=21839"}],"version-history":[{"count":23,"href":"https:\/\/urisaoluiz.com.br\/site\/wp-json\/wp\/v2\/pages\/21839\/revisions"}],"predecessor-version":[{"id":22800,"href":"https:\/\/urisaoluiz.com.br\/site\/wp-json\/wp\/v2\/pages\/21839\/revisions\/22800"}],"up":[{"embeddable":true,"href":"https:\/\/urisaoluiz.com.br\/site\/wp-json\/wp\/v2\/pages\/51"}],"wp:featuredmedia":[{"embeddable":true,"href":"https:\/\/urisaoluiz.com.br\/site\/wp-json\/wp\/v2\/media\/12959"}],"wp:attachment":[{"href":"https:\/\/urisaoluiz.com.br\/site\/wp-json\/wp\/v2\/media?parent=21839"}],"curies":[{"name":"wp","href":"https:\/\/api.w.org\/{rel}","templated":true}]}}