{"id":228,"date":"2015-10-08T19:41:15","date_gmt":"2015-10-08T22:41:15","guid":{"rendered":"http:\/\/urisaoluiz.com.br\/site\/?page_id=228"},"modified":"2018-02-13T17:37:02","modified_gmt":"2018-02-13T20:37:02","slug":"todas-as-noticias","status":"publish","type":"page","link":"https:\/\/urisaoluiz.com.br\/site\/todas-as-noticias\/","title":{"rendered":"Todas as Not\u00edcias"},"content":{"rendered":"<div id=\"dslc-main\">\n\t\t<div  class=\"dslc-modules-section  dslc-init-parallax \" style=\"padding-bottom:40px;padding-top:40px;background-color:#156892;background-image:url();background-position:center center;background-attachment:parallax;background-size:cover;border-color:#ec268f;border-top-style: hidden; border-right-style: hidden; border-bottom-style: hidden; border-left-style: hidden; \" data-section-id=\"da13474be32\">\n\t\t\t\t<div class=\"dslc-bg-video dslc-force-show\"><div class=\"dslc-bg-video-overlay\" style=\"background-color:#156892; opacity:0.7; \"><\/div><\/div>\n\t\t\t\t\n\t\t\t\t<div class=\"dslc-modules-section-wrapper dslc-clearfix\"><div class=\"dslc-modules-area dslc-col dslc-12-col dslc-last-col\" data-size=\"12\" data-valign=\"\">\n\t\t<div id=\"dslc-module-38c9e95fc9c\" class=\"dslc-module-front dslc-module-DSLC_TP_Title dslc-in-viewport-check dslc-in-viewport-anim-none  dslc-col dslc-12-col dslc-last-col  dslc-module-handle-like-regular \" data-module-id=\"38c9e95fc9c\" data-module=\"DSLC_TP_Title\" data-dslc-module-size=\"12\" data-dslc-anim=\"none\" data-dslc-anim-delay=\"0\" data-dslc-anim-duration=\"650\"  data-dslc-anim-easing=\"ease\" data-dslc-preset=\"none\" >\n\n\t\t\t\n\t\t\t\n\t\t\r\n\t\t\t\t<div class=\"dslc-tp-title\"><h1>Edital n\u00ba 021\/2025, Processo Seletivo Pr\u00f3prio de Concess\u00e3o de Bolsas de Estudo dos Cursos de Gradua\u00e7\u00e3o da URI<\/h1><\/div>\r\n\r\n\t\t\t\n\t\t\t\t<\/div><!-- .dslc-module -->\n\t\t\n\t\t<div id=\"dslc-module-a51fb08fc26\" class=\"dslc-module-front dslc-module-DSLC_TP_Meta dslc-in-viewport-check dslc-in-viewport-anim-none  dslc-col dslc-12-col dslc-last-col  dslc-module-handle-like-regular \" data-module-id=\"a51fb08fc26\" data-module=\"DSLC_TP_Meta\" data-dslc-module-size=\"12\" data-dslc-anim=\"none\" data-dslc-anim-delay=\"0\" data-dslc-anim-duration=\"650\"  data-dslc-anim-easing=\"ease\" data-dslc-preset=\"none\" >\n\n\t\t\t\n\t\t\t\n\t\t\r\n\t\t\t\t<div class=\"dslc-tp-meta dslc-tp-meta-horizontal\">\r\n\t\t\t\t\t<ul class=\"dslc-clearfix\">\r\n\r\n\t\t\t\t\t\t\t\t\t\t\t\t\t<li>17 de novembro de 2025<\/li>\r\n\t\t\t\t\t\t\r\n\t\t\t\t\t\t\r\n\t\t\t\t\t\t\r\n\t\t\t\t\t\t\r\n\t\t\t\t\t\t\r\n\t\t\t\t\t<\/ul>\r\n\t\t\t\t<\/div>\r\n\r\n\t\t\t\n\t\t\t\t<\/div><!-- .dslc-module -->\n\t\t<\/div><\/div><\/div>\n\t\t<div  class=\"dslc-modules-section \" style=\"padding-bottom:20px;padding-top:20px;\" data-section-id=\"aee2fee54c8\">\n\t\t\t\t\n\t\t\t\t\n\t\t\t\t<div class=\"dslc-modules-section-wrapper dslc-clearfix\"><div class=\"dslc-modules-area dslc-col dslc-5-col dslc-first-col\" data-size=\"5\" data-valign=\"\">\n\t\t<div id=\"dslc-module-df21016b7e5\" class=\"dslc-module-front dslc-module-DSLC_TP_Thumbnail dslc-in-viewport-check dslc-in-viewport-anim-none  dslc-col dslc-12-col dslc-last-col  dslc-module-handle-like-regular \" data-module-id=\"df21016b7e5\" data-module=\"DSLC_TP_Thumbnail\" data-dslc-module-size=\"12\" data-dslc-anim=\"none\" data-dslc-anim-delay=\"0\" data-dslc-anim-duration=\"650\"  data-dslc-anim-easing=\"ease\" data-dslc-preset=\"none\" >\n\n\t\t\t\n\t\t\t\n\t\t\r\n\t\t\t<div class=\"dslc-tp-thumbnail\">\r\n\t\t\t\t\t\t\t\t\t\t\t\t\t\t\t<img width=\"201\" height=\"225\" src=\"https:\/\/urisaoluiz.com.br\/site\/wp-content\/uploads\/2025\/11\/logo-uri.jpg\" class=\"attachment-full size-full wp-post-image\" alt=\"\" title=\"logo-uri\" \/>\t\t\t\t\t\t\t\t\t\t\t\t<\/div>\r\n\r\n\t\t\r\n\t\t\n\t\t\t\t<\/div><!-- .dslc-module -->\n\t\t<\/div><div class=\"dslc-modules-area dslc-col dslc-7-col dslc-last-col\" data-size=\"7\" data-valign=\"\">\n\t\t<div id=\"dslc-module-8hoh9nefs8g\" class=\"dslc-module-front dslc-module-DSLC_TP_Content dslc-in-viewport-check dslc-in-viewport-anim-none  dslc-col dslc-12-col dslc-last-col  dslc-module-handle-like-regular \" data-module-id=\"8hoh9nefs8g\" data-module=\"DSLC_TP_Content\" data-dslc-module-size=\"12\" data-dslc-anim=\"none\" data-dslc-anim-delay=\"0\" data-dslc-anim-duration=\"650\"  data-dslc-anim-easing=\"ease\" data-dslc-preset=\"none\" >\n\n\t\t\t\n\t\t\t\n\t\t<div class=\"dslc-tp-content\"><div id=\"dslc-theme-content\"><div id=\"dslc-theme-content-inner\"><p>A URI \u2013 Campus Avan\u00e7ado de S\u00e3o Luiz Gonzaga, divulga o Edital 021\/2025, referente ao Processo Seletivo Pr\u00f3prio de Concess\u00e3o de Bolsas de Estudo dos Cursos\u00a0 de Gradua\u00e7\u00e3o para o ano de 2025. Na oportunidade, est\u00e3o sendo ofertadas 4 bolsas integrais e 2 bolsas parciais, conforme o quadro abaixo.<\/p>\n<p><img decoding=\"async\" class=\"aligncenter size-full wp-image-23107\" src=\"https:\/\/urisaoluiz.com.br\/site\/wp-content\/uploads\/2025\/11\/quadro.png\" alt=\"\" width=\"645\" height=\"111\" srcset=\"https:\/\/urisaoluiz.com.br\/site\/wp-content\/uploads\/2025\/11\/quadro.png 645w, https:\/\/urisaoluiz.com.br\/site\/wp-content\/uploads\/2025\/11\/quadro-300x52.png 300w\" sizes=\"(max-width: 645px) 100vw, 645px\" \/><\/p>\n<p>O per\u00edodo de inscri\u00e7\u00f5es \u00e9 de 18\/11\/2025 a 25\/11\/2025, o formul\u00e1rio devidamente documentado deve ser entregue no Setor de Atendimento ao Estudante de tarde\u00a0 das 13h30 \u00e0s 17h ou de noite das 18h30 \u00e0s 21h.<\/p>\n<p>&nbsp;<\/p>\n<h4>Edital 021\/2025\u00a0 &#8211;\u00a0 \u00a0<a href=\"https:\/\/urisaoluiz.com.br\/site\/wp-content\/uploads\/2025\/11\/Edital-021-2025-Bolsas-Estudo-Proprios-Graduacao-2025.pdf\">Clique Aqui para baixar<\/a><\/h4>\n<p><strong><a href=\"https:\/\/urisaoluiz.com.br\/site\/wp-content\/uploads\/2025\/12\/01BB-Aditivo-ao-Edital-021-2025-Bolsas-Estudo-Proprias-Graduacao-2025-SAN-e-SLG-03122025.pdf\">Aditivo ao Edital 021-2025 Bolsas Estudo Pr\u00f3prias Gradua\u00e7\u00e3o 2025<\/a><\/strong><\/p>\n<p>&nbsp;<\/p>\n<h4><a href=\"https:\/\/urisaoluiz.com.br\/site\/wp-content\/uploads\/2025\/11\/Anexo-1-Formulario-de-Inscricao.docx\">Anexo 1 &#8211; Formul\u00e1rio de Inscri\u00e7\u00e3o<\/a><\/h4>\n<h4><a href=\"https:\/\/urisaoluiz.com.br\/site\/wp-content\/uploads\/2025\/11\/Anexo-2-Documentos-Obrigatorios.pdf\">Anexo 2 &#8211; Documentos Obrigat\u00f3rios<\/a><\/h4>\n<\/div><\/div><\/div>\n\t\t\t\t<\/div><!-- .dslc-module -->\n\t\t<\/div><\/div><\/div><\/div><input type=\"hidden\" id=\"dslca-post-data-thumb\" value=\"https:\/\/urisaoluiz.com.br\/site\/wp-content\/uploads\/2025\/11\/logo-uri.jpg\" \/>","protected":false},"excerpt":{"rendered":"<p>Edital n\u00ba 021\/2025, Processo Seletivo Pr\u00f3prio de Concess\u00e3o de Bolsas de Estudo dos Cursos de Gradua\u00e7\u00e3o da URI 17 de novembro de 2025 A URI \u2013 Campus Avan\u00e7ado de S\u00e3o Luiz Gonzaga, divulga o Edital 021\/2025, referente ao Processo Seletivo Pr\u00f3prio de Concess\u00e3o de Bolsas de Estudo dos Cursos\u00a0 de Gradua\u00e7\u00e3o para o ano de [&hellip;]<\/p>\n","protected":false},"author":1,"featured_media":12959,"parent":0,"menu_order":0,"comment_status":"closed","ping_status":"closed","template":"","meta":{"footnotes":""},"class_list":["post-228","page","type-page","status-publish","has-post-thumbnail","hentry"],"_links":{"self":[{"href":"https:\/\/urisaoluiz.com.br\/site\/wp-json\/wp\/v2\/pages\/228","targetHints":{"allow":["GET"]}}],"collection":[{"href":"https:\/\/urisaoluiz.com.br\/site\/wp-json\/wp\/v2\/pages"}],"about":[{"href":"https:\/\/urisaoluiz.com.br\/site\/wp-json\/wp\/v2\/types\/page"}],"author":[{"embeddable":true,"href":"https:\/\/urisaoluiz.com.br\/site\/wp-json\/wp\/v2\/users\/1"}],"replies":[{"embeddable":true,"href":"https:\/\/urisaoluiz.com.br\/site\/wp-json\/wp\/v2\/comments?post=228"}],"version-history":[{"count":0,"href":"https:\/\/urisaoluiz.com.br\/site\/wp-json\/wp\/v2\/pages\/228\/revisions"}],"wp:featuredmedia":[{"embeddable":true,"href":"https:\/\/urisaoluiz.com.br\/site\/wp-json\/wp\/v2\/media\/12959"}],"wp:attachment":[{"href":"https:\/\/urisaoluiz.com.br\/site\/wp-json\/wp\/v2\/media?parent=228"}],"curies":[{"name":"wp","href":"https:\/\/api.w.org\/{rel}","templated":true}]}}