{"id":263,"date":"2015-10-12T21:50:29","date_gmt":"2015-10-13T00:50:29","guid":{"rendered":"http:\/\/urisaoluiz.com.br\/site\/?page_id=263"},"modified":"2018-02-13T17:04:08","modified_gmt":"2018-02-13T20:04:08","slug":"atendimento","status":"publish","type":"page","link":"https:\/\/urisaoluiz.com.br\/site\/atendimento\/","title":{"rendered":"Atendimento"},"content":{"rendered":"<div id=\"dslc-main\">\n\t\t<div  class=\"dslc-modules-section \" style=\"padding-bottom:0px;padding-top:0px;padding-left:3%;padding-right:3%;background-repeat:no-repeat;background-position:center top;\" data-section-id=\"f560a927f08\">\n\t\t\t\t\n\t\t\t\t\n\t\t\t\t<div class=\"dslc-modules-section-wrapper dslc-clearfix\"><div class=\"dslc-modules-area dslc-col dslc-5-col dslc-first-col\" data-size=\"5\" data-valign=\"\">\n\t\t<div id=\"dslc-module-17243588927\" class=\"dslc-module-front dslc-module-DSLC_TP_Title dslc-in-viewport-check dslc-in-viewport-anim-none  dslc-col dslc-12-col dslc-last-col  dslc-module-handle-like-regular \" data-module-id=\"17243588927\" data-module=\"DSLC_TP_Title\" data-dslc-module-size=\"12\" data-dslc-anim=\"none\" data-dslc-anim-delay=\"0\" data-dslc-anim-duration=\"650\"  data-dslc-anim-easing=\"ease\" data-dslc-preset=\"none\" >\n\n\t\t\t\n\t\t\t\n\t\t\r\n\t\t\t\t<div class=\"dslc-tp-title\"><h1>Atendimento<\/h1><\/div>\r\n\r\n\t\t\t\n\t\t\t\t<\/div><!-- .dslc-module -->\n\t\t\n\t\t<div id=\"dslc-module-449\" class=\"dslc-module-front dslc-module-DSLC_Image dslc-in-viewport-check dslc-in-viewport-anim-none  dslc-col dslc-12-col dslc-last-col  dslc-module-handle-like-regular \" data-module-id=\"449\" data-module=\"DSLC_Image\" data-dslc-module-size=\"12\" data-dslc-anim=\"none\" data-dslc-anim-delay=\"0\" data-dslc-anim-duration=\"650\"  data-dslc-anim-easing=\"ease\" data-dslc-preset=\"none\" >\n\n\t\t\t\n\t\t\t\n\t\t\t\t<div class=\"dslc-image-container\">\r\n\t\t<div class=\"dslc-image\">\r\n\r\n\t\t\t\r\n\t\t\t\t\r\n\t\t\t\t\t\t\t\t\t<a class=\"dslc-lightbox-image \" href=\"https:\/\/urisaoluiz.com.br\/site\/wp-content\/uploads\/2015\/10\/map.jpg\" target=\"_self\"  >\r\n\t\t\t\t\t\t\t\t\t<img src=\"https:\/\/urisaoluiz.com.br\/site\/wp-content\/uploads\/2015\/10\/map.jpg\" alt=\"Clique no mapa para ampliar\" title=\"map\" srcset=\"https:\/\/urisaoluiz.com.br\/site\/wp-content\/uploads\/2015\/10\/map.jpg 1500w, https:\/\/urisaoluiz.com.br\/site\/wp-content\/uploads\/2015\/10\/map-300x211.jpg 300w, https:\/\/urisaoluiz.com.br\/site\/wp-content\/uploads\/2015\/10\/map-1024x720.jpg 1024w\" sizes=\"(max-width: 1500px) 100vw, 1500px\" \/>\r\n\t\t\t\t\t\t\t\t\t<\/a>\r\n\t\t\t\t\r\n\t\t\t\t\t\t\t\t\t<\/div><!-- .dslc-image -->\r\n\t\t<\/div>\r\n\t\t\n\t\t\t\t<\/div><!-- .dslc-module -->\n\t\t<\/div><div class=\"dslc-modules-area dslc-col dslc-7-col dslc-last-col\" data-size=\"7\" data-valign=\"\">\n\t\t<div id=\"dslc-module-448\" class=\"dslc-module-front dslc-module-DSLC_Text_Simple dslc-in-viewport-check dslc-in-viewport-anim-none  dslc-col dslc-12-col dslc-last-col  dslc-module-handle-like-regular \" data-module-id=\"448\" data-module=\"DSLC_Text_Simple\" data-dslc-module-size=\"12\" data-dslc-anim=\"none\" data-dslc-anim-delay=\"0\" data-dslc-anim-duration=\"650\"  data-dslc-anim-easing=\"ease\" data-dslc-preset=\"none\" >\n\n\t\t\t\n\t\t\t\n\t\t\r\n\t\t<div class=\"dslc-text-module-content\">\r\n\t\t\t<p>Rua Jos\u00e9 Bonif\u00e1cio, 3149<br>S\u00e3o Luiz Gonzaga RS<\/p><h1><br><b>55 3352-8150<\/b><\/h1><p>\u00a0<\/p><p>Utilize o formul\u00e1rio abaixo para entrar em contato conosco!<\/p><p><p class=\"wpcf7-contact-form-not-found\"><strong>Erro:<\/strong> Formul\u00e1rio de contato n\u00e3o encontrado.<\/p><\/p>\t\t<\/div>\r\n\r\n\t\t\n\t\t\t\t<\/div><!-- .dslc-module -->\n\t\t<\/div><\/div><\/div><\/div><input type=\"hidden\" id=\"dslca-post-data-thumb\" value=\"https:\/\/urisaoluiz.com.br\/site\/wp-content\/uploads\/2019\/05\/ImagemPadrao.png\" \/>","protected":false},"excerpt":{"rendered":"<p>Atendimento Rua Jos\u00e9 Bonif\u00e1cio, 3149S\u00e3o Luiz Gonzaga RS55 3352-8150\u00a0Utilize o formul\u00e1rio abaixo para entrar em contato conosco!Erro: Formul\u00e1rio de contato n\u00e3o encontrado.<\/p>\n","protected":false},"author":1,"featured_media":12959,"parent":0,"menu_order":0,"comment_status":"closed","ping_status":"closed","template":"","meta":{"footnotes":""},"class_list":["post-263","page","type-page","status-publish","has-post-thumbnail","hentry"],"_links":{"self":[{"href":"https:\/\/urisaoluiz.com.br\/site\/wp-json\/wp\/v2\/pages\/263","targetHints":{"allow":["GET"]}}],"collection":[{"href":"https:\/\/urisaoluiz.com.br\/site\/wp-json\/wp\/v2\/pages"}],"about":[{"href":"https:\/\/urisaoluiz.com.br\/site\/wp-json\/wp\/v2\/types\/page"}],"author":[{"embeddable":true,"href":"https:\/\/urisaoluiz.com.br\/site\/wp-json\/wp\/v2\/users\/1"}],"replies":[{"embeddable":true,"href":"https:\/\/urisaoluiz.com.br\/site\/wp-json\/wp\/v2\/comments?post=263"}],"version-history":[{"count":0,"href":"https:\/\/urisaoluiz.com.br\/site\/wp-json\/wp\/v2\/pages\/263\/revisions"}],"wp:featuredmedia":[{"embeddable":true,"href":"https:\/\/urisaoluiz.com.br\/site\/wp-json\/wp\/v2\/media\/12959"}],"wp:attachment":[{"href":"https:\/\/urisaoluiz.com.br\/site\/wp-json\/wp\/v2\/media?parent=263"}],"curies":[{"name":"wp","href":"https:\/\/api.w.org\/{rel}","templated":true}]}}