{"id":290,"date":"2015-10-13T10:31:07","date_gmt":"2015-10-13T13:31:07","guid":{"rendered":"http:\/\/urisaoluiz.com.br\/site\/?page_id=290"},"modified":"2018-02-13T17:16:40","modified_gmt":"2018-02-13T20:16:40","slug":"cpa","status":"publish","type":"page","link":"https:\/\/urisaoluiz.com.br\/site\/cpa\/","title":{"rendered":"CPA"},"content":{"rendered":"<div id=\"dslc-main\">\n\t\t<div  class=\"dslc-modules-section \" style=\"padding-bottom:0px;padding-top:0px;padding-left:3%;padding-right:3%;background-repeat:no-repeat;background-position:center top;\" data-section-id=\"2fdece30dcd\">\n\t\t\t\t\n\t\t\t\t\n\t\t\t\t<div class=\"dslc-modules-section-wrapper dslc-clearfix\"><div class=\"dslc-modules-area dslc-col dslc-5-col dslc-first-col\" data-size=\"5\" data-valign=\"\">\n\t\t<div id=\"dslc-module-afa5ad31b7e\" class=\"dslc-module-front dslc-module-DSLC_TP_Title dslc-in-viewport-check dslc-in-viewport-anim-none  dslc-col dslc-12-col dslc-last-col  dslc-module-handle-like-regular \" data-module-id=\"afa5ad31b7e\" data-module=\"DSLC_TP_Title\" data-dslc-module-size=\"12\" data-dslc-anim=\"none\" data-dslc-anim-delay=\"0\" data-dslc-anim-duration=\"650\"  data-dslc-anim-easing=\"ease\" data-dslc-preset=\"none\" >\n\n\t\t\t\n\t\t\t\n\t\t\r\n\t\t\t\t<div class=\"dslc-tp-title\"><h1>CPA<\/h1><\/div>\r\n\r\n\t\t\t\n\t\t\t\t<\/div><!-- .dslc-module -->\n\t\t\n\t\t<div id=\"dslc-module-260\" class=\"dslc-module-front dslc-module-DSLC_Text_Simple dslc-in-viewport-check dslc-in-viewport-anim-none  dslc-col dslc-12-col dslc-last-col  dslc-module-handle-like-regular \" data-module-id=\"260\" data-module=\"DSLC_Text_Simple\" data-dslc-module-size=\"12\" data-dslc-anim=\"none\" data-dslc-anim-delay=\"0\" data-dslc-anim-duration=\"650\"  data-dslc-anim-easing=\"ease\" data-dslc-preset=\"none\" >\n\n\t\t\t\n\t\t\t\n\t\t\r\n\t\t<div class=\"dslc-text-module-content\">\r\n\t\t\t<p>\u00a0<\/p><p><strong>Fale com\u00a0a CPA<\/strong><\/p><div id=\"wpcf7-f328-p290-o1\" class=\"wpcf7\" dir=\"ltr\" lang=\"pt-BR\" role=\"form\"><div class=\"screen-reader-response\">\u00a0<\/div><form class=\"wpcf7-form\" action=\"\/site\/cpa\/?dslc#wpcf7-f328-p290-o1\" method=\"post\" novalidate=\"novalidate\"><div style=\"display: none;\"><input name=\"_wpcf7\" type=\"hidden\" value=\"328\"><br><input name=\"_wpcf7_version\" type=\"hidden\" value=\"5.0\"><br><input name=\"_wpcf7_locale\" type=\"hidden\" value=\"pt_BR\"><br><input name=\"_wpcf7_unit_tag\" type=\"hidden\" value=\"wpcf7-f328-p290-o1\"><br><input name=\"_wpcf7_container_post\" type=\"hidden\" value=\"290\"><\/div><p>Seu nome <br><span class=\"wpcf7-form-control-wrap your-name\"><input class=\"wpcf7-form-control wpcf7-text wpcf7-validates-as-required\" name=\"your-name\" size=\"40\" type=\"text\" value=\"\" aria-required=\"true\" aria-invalid=\"false\"><\/span><\/p><p>Seu e-mail <br><span class=\"wpcf7-form-control-wrap your-email\"><input class=\"wpcf7-form-control wpcf7-text wpcf7-email wpcf7-validates-as-required wpcf7-validates-as-email\" name=\"your-email\" size=\"40\" type=\"email\" value=\"\" aria-required=\"true\" aria-invalid=\"false\"><\/span><\/p><p>Seu telefone <br><span class=\"wpcf7-form-control-wrap fone\"><input class=\"wpcf7-form-control wpcf7-text wpcf7-validates-as-required\" name=\"fone\" size=\"40\" type=\"text\" value=\"\" aria-required=\"true\" aria-invalid=\"false\"><\/span><\/p><p>Sua cidade <br><span class=\"wpcf7-form-control-wrap cidade\"><input class=\"wpcf7-form-control wpcf7-text wpcf7-validates-as-required\" name=\"cidade\" size=\"40\" type=\"text\" value=\"\" aria-required=\"true\" aria-invalid=\"false\"><\/span><\/p><p>Assunto<br><span class=\"wpcf7-form-control-wrap your-subject\"><input class=\"wpcf7-form-control wpcf7-text\" name=\"your-subject\" size=\"40\" type=\"text\" value=\"\" aria-invalid=\"false\"><\/span><\/p><p>Sua mensagem<br><span class=\"wpcf7-form-control-wrap your-message\"><textarea class=\"wpcf7-form-control wpcf7-textarea\" cols=\"40\" name=\"your-message\" rows=\"10\" aria-invalid=\"false\"><\/textarea><\/span><\/p><p><input class=\"wpcf7-form-control wpcf7-submit\" type=\"submit\" value=\"Enviar\"><\/p><\/form><\/div><p>\u00a0<\/p>\t\t<\/div>\r\n\r\n\t\t\n\t\t\t\t<\/div><!-- .dslc-module -->\n\t\t<\/div><div class=\"dslc-modules-area dslc-col dslc-7-col dslc-last-col\" data-size=\"7\" data-valign=\"\">\n\t\t<div id=\"dslc-module-261\" class=\"dslc-module-front dslc-module-DSLC_Text_Simple dslc-in-viewport-check dslc-in-viewport-anim-none  dslc-col dslc-12-col dslc-last-col  dslc-module-handle-like-regular \" data-module-id=\"261\" data-module=\"DSLC_Text_Simple\" data-dslc-module-size=\"12\" data-dslc-anim=\"none\" data-dslc-anim-delay=\"0\" data-dslc-anim-duration=\"650\"  data-dslc-anim-easing=\"ease\" data-dslc-preset=\"none\" >\n\n\t\t\t\n\t\t\t\n\t\t\r\n\t\t<div class=\"dslc-text-module-content\">\r\n\t\t\t<p style=\"text-align: justify;\">A avalia\u00e7\u00e3o institucional constitui-se como um processo imerso em aspectos ideol\u00f3gicos, pol\u00edticos, econ\u00f4micos e culturais, dentre outros e, portanto, desponta a discuss\u00e3o a respeito da educa\u00e7\u00e3o, visto que seus resultados servem de base para o aprofundamento do ensino, da pesquisa e da extens\u00e3o, tr\u00edplice miss\u00e3o da Universidade.<\/p><p style=\"text-align: justify;\">A Universidade Regional Integrada do Alto Uruguai e das Miss\u00f5es \u2013 URI - \u00e9 uma institui\u00e7\u00e3o comunit\u00e1ria e por ser multicampi convive com diferentes realidades das regi\u00f5es em que est\u00e1 inserida. Assim, para que cumpra a miss\u00e3o a que a URI se prop\u00f5e, a demanda exige que se avaliem constantemente as a\u00e7\u00f5es, bem como se adapte os cursos de gradua\u00e7\u00e3o e p\u00f3s-gradua\u00e7\u00e3o implantados \u00e0s peculiaridades, aos interesses e \u00e0s necessidades das comunidades regionais.<\/p><p style=\"text-align: justify;\">As diferen\u00e7as regionais tornam a URI uma universidade culturalmente rica, que contribui para a integra\u00e7\u00e3o regional e o crescimento econ\u00f4mico, pol\u00edtico, educacional e social do Estado do Rio Grande do Sul.<\/p><p style=\"text-align: justify;\"><strong>\u00a0Avalia\u00e7\u00e3o Institucional na URI<\/strong><\/p><p style=\"text-align: justify;\">Com o intuito de aprimorar cada vez mais a gest\u00e3o universit\u00e1ria, a URI adota a avalia\u00e7\u00e3o institucional como pr\u00e1tica, h\u00e1 alguns anos. Enquanto institui\u00e7\u00e3o comunit\u00e1ria e membro do Cons\u00f3rcio das Universidades Comunit\u00e1rias Ga\u00fachas \u2013 COMUNG, a URI aderiu ao Programa de Avalia\u00e7\u00e3o Institucional das Universidades que comp\u00f5e o COMUNG \u2013 PAIUNG. A partir de 2003 criou o Programa de Avalia\u00e7\u00e3o Institucional da URI \u2013 PAIURI e nomeou um Comit\u00ea de Avalia\u00e7\u00e3o Institucional.<\/p><p style=\"text-align: justify;\">As etapas do processo de avalia\u00e7\u00e3o, previstas no Projeto de Avalia\u00e7\u00e3o Institucional, s\u00e3o as seguintes:<\/p><ol style=\"text-align: justify;\"><li>Sensibiliza\u00e7\u00e3o e Mobiliza\u00e7\u00e3o: processo que acompanha as diferentes etapas da avalia\u00e7\u00e3o, atrav\u00e9s de programa\u00e7\u00e3o continuada de semin\u00e1rios, reuni\u00f5es, debates, palestras, distribui\u00e7\u00e3o de material, entre outros. O objetivo desta fase \u00e9 aperfei\u00e7oar o car\u00e1ter participativo e continuado da avalia\u00e7\u00e3o.<\/li><li>Diagn\u00f3stico Institucional: global, de base quantitativa, com informa\u00e7\u00f5es coletadas, considerando as dez dimens\u00f5es do SINAES - Sistema Nacional de Avalia\u00e7\u00e3o da Educa\u00e7\u00e3o Superior. Tais informa\u00e7\u00f5es permitem um diagn\u00f3stico da situa\u00e7\u00e3o atual da URI, servindo como base, tanto para a autoavalia\u00e7\u00e3o, como para a avalia\u00e7\u00e3o externa. Nesse processo, s\u00e3o sugeridos os indicadores utilizados pelas comiss\u00f5es de avalia\u00e7\u00e3o das condi\u00e7\u00f5es de ensino do INEP e os utilizados pela CAPES.<\/li><li>Autoavalia\u00e7\u00e3o ou Avalia\u00e7\u00e3o Interna: ao utilizar aspectos quantitativos e qualitativos das diferentes dimens\u00f5es, a autoavalia\u00e7\u00e3o constitui fundamental exerc\u00edcio para que a URI debata as metas, avalie os projetos que vem realizando, os acertos e o que precisa ser aprimorado, vislumbrando, assim, novos caminhos e possibilidades.<\/li><li>Avalia\u00e7\u00e3o Externa: A avalia\u00e7\u00e3o externa tem como ponto de partida o diagn\u00f3stico e os relat\u00f3rios da avalia\u00e7\u00e3o interna, preliminarmente \u00e0 visita dos avaliadores externos \u00e0 URI, para an\u00e1lise.<\/li><\/ol><p style=\"text-align: justify;\">Reavalia\u00e7\u00e3o \/ Avalia\u00e7\u00e3o da Avalia\u00e7\u00e3o: divulgados internamente e discutidos os dados obtidos no diagn\u00f3stico geral, na autoavalia\u00e7\u00e3o e na avalia\u00e7\u00e3o externa de cada dimens\u00e3o do SINAES. Espera-se com esta \u00faltima etapa, a realimenta\u00e7\u00e3o e difus\u00e3o da avalia\u00e7\u00e3o, a an\u00e1lise pelos \u00f3rg\u00e3os colegiados da URI e dos seus gestores, aos quais cabe a responsabilidade de tomar decis\u00f5es e implementar medidas consideradas necess\u00e1rias para corrigir distor\u00e7\u00f5es e para melhorar a qualidade do ensino, da pesquisa, da extens\u00e3o e da gest\u00e3o na URI. Este \u00e9 o momento em que \u00e9 dada publicidade ao processo avaliativo, encaminhando um relat\u00f3rio final para os setores internos da URI e aos diversos segmentos da comunidade externa.<\/p><p style=\"text-align: justify;\"><strong>Per\u00edodo de realiza\u00e7\u00e3o da Avalia\u00e7\u00e3o Institucional na URI<\/strong><\/p><p style=\"text-align: justify;\">A Avalia\u00e7\u00e3o Institucional \u00e9 realizada semestralmente. Em geral, no primeiro semestre letivo, o per\u00edodo estende-se de maio a junho. E, no segundo semestre, de outubro a novembro.<\/p><p style=\"text-align: justify;\">Os resultados obtidos na avalia\u00e7\u00e3o institucional constituem-se em elementos norteadores para decis\u00f5es e a\u00e7\u00f5es a serem desenvolvidas na URI S\u00e3o Luiz Gonzaga, buscando assim qualificar o gerenciamento da Universidade.<\/p><p>CPA \u2013 Comiss\u00e3o Pr\u00f3pria de Avalia\u00e7\u00e3o da URI S\u00e3o Luiz Gonzaga<\/p><p>Na URI \u2013 S\u00e3o Luiz Gonzaga integram a CPA:<\/p><p>- Cinara Dal Santo Pes \u2013 Representante dos Docentes (Coordenadora)<\/p><p>- Renata Barth Machado\u2013 Dire\u00e7\u00e3o-Geral<\/p><p>- Ana Luci Santos da Silva \u2013 Secret\u00e1ria-Geral<\/p><p>- Leonardo Silveira Farias da Silva \u2013 Representante dos Funcion\u00e1rios T\u00e9cnico-Administrativos e de Apoio<\/p><p>- Marisa de Jesus Morais Garay - Representante da Comunidade Externa<\/p><p>\u00a0<\/p><p><strong><a href=\"..\/wp-content\/uploads\/2022\/05\/Relatorio-de-Autoavaliacao-2021.pdf\">Relat\u00f3rio de Autoavalia\u00e7\u00e3o 2021<\/a><\/strong><\/p><p><strong><a href=\"..\/wp-content\/uploads\/2022\/05\/Relatorio-de-Autoavaliacao_2020.pdf\">Relat\u00f3rio de Autoavalia\u00e7\u00e3o 2020<\/a><\/strong><\/p><p><a href=\"http:\/\/urisaoluiz.com.br\/site\/relatorio\/cpa\/2017\"><strong>Relat\u00f3rio de Autoavalia\u00e7\u00e3o 2017<\/strong><\/a><\/p><p><a href=\"http:\/\/urisaoluiz.com.br\/site\/relatorio-autoavaliacao-2018\"><strong>Relat\u00f3rio de Autoavalia\u00e7\u00e3o 2018<\/strong><\/a><\/p><p><a href=\"..\/relatorio-autoavaliacao-2019\"><strong>Relat\u00f3rio de Autoavalia\u00e7\u00e3o 2019<\/strong><\/a><\/p><p><strong><a href=\"http:\/\/urisaoluiz.com.br\/site\/resolucao-2623\">Resolu\u00e7\u00e3o N\u00ba 2623<\/a><\/strong><\/p><p><a href=\"..\/portaria-2954\"><strong>Portaria N\u00ba 2954<\/strong><\/a><\/p><p><strong><a href=\"https:\/\/urisaoluiz.com.br\/site\/wp-content\/uploads\/2023\/03\/PORTARIA-No-3597-de-03-de-marco-de-2023..pdf\">Portaria N\u00ba 3597<\/a><\/strong><\/p>\t\t<\/div>\r\n\r\n\t\t\n\t\t\t\t<\/div><!-- .dslc-module -->\n\t\t<\/div><\/div><\/div><\/div><input type=\"hidden\" id=\"dslca-post-data-thumb\" value=\"https:\/\/urisaoluiz.com.br\/site\/wp-content\/uploads\/2019\/05\/ImagemPadrao.png\" \/>","protected":false},"excerpt":{"rendered":"<p>CPA \u00a0Fale com\u00a0a CPA\u00a0Seu nome Seu e-mail Seu telefone Sua cidade AssuntoSua mensagem\u00a0 A avalia\u00e7\u00e3o institucional constitui-se como um processo imerso em aspectos ideol\u00f3gicos, pol\u00edticos, econ\u00f4micos e culturais, dentre outros e, portanto, desponta a discuss\u00e3o a respeito da educa\u00e7\u00e3o, visto que seus resultados servem de base para o aprofundamento do ensino, da pesquisa e da [&hellip;]<\/p>\n","protected":false},"author":1,"featured_media":12959,"parent":0,"menu_order":0,"comment_status":"closed","ping_status":"closed","template":"","meta":{"footnotes":""},"class_list":["post-290","page","type-page","status-publish","has-post-thumbnail","hentry"],"_links":{"self":[{"href":"https:\/\/urisaoluiz.com.br\/site\/wp-json\/wp\/v2\/pages\/290","targetHints":{"allow":["GET"]}}],"collection":[{"href":"https:\/\/urisaoluiz.com.br\/site\/wp-json\/wp\/v2\/pages"}],"about":[{"href":"https:\/\/urisaoluiz.com.br\/site\/wp-json\/wp\/v2\/types\/page"}],"author":[{"embeddable":true,"href":"https:\/\/urisaoluiz.com.br\/site\/wp-json\/wp\/v2\/users\/1"}],"replies":[{"embeddable":true,"href":"https:\/\/urisaoluiz.com.br\/site\/wp-json\/wp\/v2\/comments?post=290"}],"version-history":[{"count":0,"href":"https:\/\/urisaoluiz.com.br\/site\/wp-json\/wp\/v2\/pages\/290\/revisions"}],"wp:featuredmedia":[{"embeddable":true,"href":"https:\/\/urisaoluiz.com.br\/site\/wp-json\/wp\/v2\/media\/12959"}],"wp:attachment":[{"href":"https:\/\/urisaoluiz.com.br\/site\/wp-json\/wp\/v2\/media?parent=290"}],"curies":[{"name":"wp","href":"https:\/\/api.w.org\/{rel}","templated":true}]}}