{"id":334,"date":"2015-10-14T20:22:18","date_gmt":"2015-10-14T23:22:18","guid":{"rendered":"http:\/\/urisaoluiz.com.br\/site\/?page_id=334"},"modified":"2021-04-27T16:08:04","modified_gmt":"2021-04-27T19:08:04","slug":"biblioteca-4","status":"publish","type":"page","link":"https:\/\/urisaoluiz.com.br\/site\/biblioteca-4\/","title":{"rendered":"Biblioteca"},"content":{"rendered":"<div id=\"dslc-main\">\n\t\t<div  class=\"dslc-modules-section  dslc-init-parallax \" style=\"padding-bottom:40px;padding-top:40px;background-color:#156892;background-image:url();background-position:center center;background-attachment:parallax;background-size:cover;border-color:#ec268f;border-top-style: hidden; border-right-style: hidden; border-bottom-style: hidden; border-left-style: hidden; \" data-section-id=\"2c058447f57\">\n\t\t\t\t<div class=\"dslc-bg-video dslc-force-show\"><div class=\"dslc-bg-video-overlay\" style=\"background-color:#156892; opacity:0.7; \"><\/div><\/div>\n\t\t\t\t\n\t\t\t\t<div class=\"dslc-modules-section-wrapper dslc-clearfix\"><div class=\"dslc-modules-area dslc-col dslc-12-col dslc-last-col\" data-size=\"12\" data-valign=\"\">\n\t\t<div id=\"dslc-module-aa118e68438\" class=\"dslc-module-front dslc-module-DSLC_TP_Title dslc-in-viewport-check dslc-in-viewport-anim-none  dslc-col dslc-12-col dslc-last-col  dslc-module-handle-like-regular \" data-module-id=\"aa118e68438\" data-module=\"DSLC_TP_Title\" data-dslc-module-size=\"12\" data-dslc-anim=\"none\" data-dslc-anim-delay=\"0\" data-dslc-anim-duration=\"650\"  data-dslc-anim-easing=\"ease\" data-dslc-preset=\"none\" >\n\n\t\t\t\n\t\t\t\n\t\t\r\n\t\t\t\t<div class=\"dslc-tp-title\"><h1>Biblioteca<\/h1><\/div>\r\n\r\n\t\t\t\n\t\t\t\t<\/div><!-- .dslc-module -->\n\t\t<\/div><\/div><\/div>\n\t\t<div  class=\"dslc-modules-section \" style=\"padding-bottom:0px;padding-top:0px;padding-left:3%;padding-right:3%;background-repeat:no-repeat;background-position:center top;\" data-section-id=\"47dc8257d34\">\n\t\t\t\t\n\t\t\t\t\n\t\t\t\t<div class=\"dslc-modules-section-wrapper dslc-clearfix\"><div class=\"dslc-modules-area dslc-col dslc-5-col dslc-first-col\" data-size=\"5\" data-valign=\"\">\n\t\t<div id=\"dslc-module-ee89a4c8a17\" class=\"dslc-module-front dslc-module-DSLC_Navigation dslc-in-viewport-check dslc-in-viewport-anim-none  dslc-col dslc-12-col dslc-last-col  dslc-module-handle-like-regular \" data-module-id=\"ee89a4c8a17\" data-module=\"DSLC_Navigation\" data-dslc-module-size=\"12\" data-dslc-anim=\"none\" data-dslc-anim-delay=\"0\" data-dslc-anim-duration=\"650\"  data-dslc-anim-easing=\"default\" data-dslc-preset=\"none\" >\n\n\t\t\t\n\t\t\t\n\t\t\t\t\t<div class=\"dslc-navigation dslc-navigation-sub-position-default dslc-navigation-res-t-disabled dslc-navigation-res-p-disabled dslc-navigation-orientation-vertical\">\r\n\t\t\t\t<div class=\"dslc-navigation-inner\">\r\n\t\t\t\t\t<div class=\"menu-biblio-container\"><ul id=\"menu-biblio-1\" class=\"menu\"><li class=\"menu-item menu-item-type-custom menu-item-object-custom menu-item-14558\"><a href=\"https:\/\/abnt.org.br\/\">ABNT<\/a><\/li>\n<li class=\"menu-item menu-item-type-custom menu-item-object-custom menu-item-14559\"><a href=\"http:\/\/portal.uri.br\/Corpore.Net\/Login.aspx\">Biblioteca Virtual<\/a><\/li>\n<li class=\"menu-item menu-item-type-custom menu-item-object-custom menu-item-14560\"><a href=\"http:\/\/urisaoluiz.com.br\/site\/renovacao\">Renova\u00e7\u00e3o<\/a><\/li>\n<li class=\"menu-item menu-item-type-custom menu-item-object-custom menu-item-14561\"><a href=\"https:\/\/www-periodicos-capes-gov-br.ez219.periodicos.capes.gov.br\/\">Peri\u00f3dicos CAPES<\/a><\/li>\n<li class=\"menu-item menu-item-type-custom menu-item-object-custom menu-item-14562\"><a href=\"http:\/\/urisaoluiz.com.br\/site\/renovacao-mobile\">Renova\u00e7\u00e3o Mobile<\/a><\/li>\n<li class=\"menu-item menu-item-type-custom menu-item-object-custom menu-item-14563\"><a href=\"http:\/\/urisaoluiz.com.br\/site\/fontes\">Fontes de Pesquisa<\/a><\/li>\n<li class=\"menu-item menu-item-type-custom menu-item-object-custom menu-item-14564\"><a href=\"https:\/\/urisaoluiz.com.br\/site\/wp-content\/uploads\/2025\/07\/Segunda-edicao-do-Manual-de-Normas-Tecnicas-1-2022.pdf\">Manual de Normas T\u00e9cnicas para Produ\u00e7\u00f5es Acad\u00eamicas da URI<\/a><\/li>\n<li class=\"menu-item menu-item-type-post_type menu-item-object-page menu-item-15489\"><a href=\"https:\/\/urisaoluiz.com.br\/site\/repositorio-de-tccs\/\">Reposit\u00f3rio de TCCs<\/a><\/li>\n<\/ul><\/div>\r\n\t\t\t\t\t\t\t\t\t<\/div>\r\n\t\t\t<\/div>\r\n\t\t\t<div class=\"dslc-mobile-navigation dslc-navigation-res-t-disabled  dslc-navigation-res-p-disabled\">\r\n\t\t\t\t<select><option>- Select -<\/option><option value=\"https:\/\/abnt.org.br\/\" >ABNT<\/option><option value=\"http:\/\/portal.uri.br\/Corpore.Net\/Login.aspx\" >Biblioteca Virtual<\/option><option value=\"http:\/\/urisaoluiz.com.br\/site\/renovacao\" >Renova\u00e7\u00e3o<\/option><option value=\"https:\/\/www-periodicos-capes-gov-br.ez219.periodicos.capes.gov.br\/\" >Peri\u00f3dicos CAPES<\/option><option value=\"http:\/\/urisaoluiz.com.br\/site\/renovacao-mobile\" >Renova\u00e7\u00e3o Mobile<\/option><option value=\"http:\/\/urisaoluiz.com.br\/site\/fontes\" >Fontes de Pesquisa<\/option><option value=\"https:\/\/urisaoluiz.com.br\/site\/wp-content\/uploads\/2025\/07\/Segunda-edicao-do-Manual-de-Normas-Tecnicas-1-2022.pdf\" >Manual de Normas T\u00e9cnicas para Produ\u00e7\u00f5es Acad\u00eamicas da URI<\/option><option value=\"https:\/\/urisaoluiz.com.br\/site\/repositorio-de-tccs\/\" >Reposit\u00f3rio de TCCs<\/option><\/select>\r\n\t\t\t\t<div class=\"dslc-mobile-navigation-hook\"><span class=\"dslc-icon dslc-icon-reorder\"><\/span><\/div>\r\n\t\t\t<\/div><!-- .dslc-mobile-navigation -->\r\n\r\n\t\t\t\r\n\t\t\t<script type=\"text\/javascript\">\r\n\t\t\t\tvar menuItems = document.querySelectorAll( '.dslc-navigation .menu > li.menu-item-has-children:not(.menu-with-arrow) > a' );\r\n\r\n\t\t\t\tfor (var i = 0, len = menuItems.length; i < len; i++) {\r\n\t\t\t\t  menuItems[i].insertAdjacentHTML('afterend', '<span class=\"dslc-navigation-arrow dslc-icon dslc-icon-chevron-down\"><\/span>');\r\n\t\t\t\t  menuItems[i].parentElement.className += \" menu-with-arrow\";\r\n\t\t\t\t}\r\n\t\t\t<\/script>\r\n\t\t\t\n\t\t\t\t<\/div><!-- .dslc-module -->\n\t\t\n\t\t<div id=\"dslc-module-326\" class=\"dslc-module-front dslc-module-DSLC_Text_Simple dslc-in-viewport-check dslc-in-viewport-anim-none  dslc-col dslc-12-col dslc-last-col  dslc-module-handle-like-regular \" data-module-id=\"326\" data-module=\"DSLC_Text_Simple\" data-dslc-module-size=\"12\" data-dslc-anim=\"none\" data-dslc-anim-delay=\"0\" data-dslc-anim-duration=\"650\"  data-dslc-anim-easing=\"ease\" data-dslc-preset=\"none\" >\n\n\t\t\t\n\t\t\t\n\t\t\r\n\t\t<div class=\"dslc-text-module-content\">\r\n\t\t\t<p><br><\/p><p><br><\/p><p><strong>Galeria de Fotos<\/strong><\/p><p><br><\/p><p><img src=\"data:image\/gif;base64,R0lGODlhAQABAIAAAAAAAP\/\/\/yH5BAEAAAAALAAAAAABAAEAAAIBRAA7\" data-wp-preserve=\"%3Cstyle%20type%3D%22text%2Fcss%22%3E%0A%09%09%09%23gallery-1%20%7B%3Cbr%20%2F%3E%0A%09%09%09%09margin%3A%20auto%3B%3Cbr%20%2F%3E%0A%09%09%09%7D%3Cbr%20%2F%3E%0A%09%09%09%23gallery-1%20.gallery-item%20%7B%3Cbr%20%2F%3E%0A%09%09%09%09float%3A%20left%3B%3Cbr%20%2F%3E%0A%09%09%09%09margin-top%3A%2010px%3B%3Cbr%20%2F%3E%0A%09%09%09%09text-align%3A%20center%3B%3Cbr%20%2F%3E%0A%09%09%09%09width%3A%2050%25%3B%3Cbr%20%2F%3E%0A%09%09%09%7D%3Cbr%20%2F%3E%0A%09%09%09%23gallery-1%20img%20%7B%3Cbr%20%2F%3E%0A%09%09%09%09border%3A%202px%20solid%20%23cfcfcf%3B%3Cbr%20%2F%3E%0A%09%09%09%7D%3Cbr%20%2F%3E%0A%09%09%09%23gallery-1%20.gallery-caption%20%7B%3Cbr%20%2F%3E%0A%09%09%09%09margin-left%3A%200%3B%3Cbr%20%2F%3E%0A%09%09%09%7D%3Cbr%20%2F%3E%0A%09%09%09%2F*%20see%20gallery_shortcode()%20in%20wp-includes%2Fmedia.php%20*%2F%3Cbr%20%2F%3E%0A%09%09%3C%2Fstyle%3E\" data-mce-resize=\"false\" data-mce-placeholder=\"1\" class=\"mce-object\" width=\"20\" height=\"20\" alt=\"<style>\" title=\"<style>\"><\/p><div id=\"gallery-1\" class=\"gallery galleryid-0 gallery-columns-2 gallery-size-medium\"><dl class=\"gallery-item\"><dt class=\"gallery-icon landscape\"><a href=\"https:\/\/urisaoluiz.com.br\/site\/wp-content\/uploads\/2021\/04\/IMG_6339-scaled.jpg\" data-mce-href=\"..\/wp-content\/uploads\/2021\/04\/IMG_6339-scaled.jpg\" data-mce-selected=\"inline-boundary\"><img width=\"300\" height=\"225\" src=\"https:\/\/urisaoluiz.com.br\/site\/wp-content\/uploads\/2021\/04\/IMG_6339-300x225.jpg\" class=\"attachment-medium size-medium\" alt=\"\" srcset=\"https:\/\/urisaoluiz.com.br\/site\/wp-content\/uploads\/2021\/04\/IMG_6339-300x225.jpg 300w, https:\/\/urisaoluiz.com.br\/site\/wp-content\/uploads\/2021\/04\/IMG_6339-1024x768.jpg 1024w, https:\/\/urisaoluiz.com.br\/site\/wp-content\/uploads\/2021\/04\/IMG_6339-768x576.jpg 768w, https:\/\/urisaoluiz.com.br\/site\/wp-content\/uploads\/2021\/04\/IMG_6339-1536x1152.jpg 1536w, https:\/\/urisaoluiz.com.br\/site\/wp-content\/uploads\/2021\/04\/IMG_6339-2048x1536.jpg 2048w\" sizes=\"(max-width: 300px) 100vw, 300px\" data-mce-src=\"..\/wp-content\/uploads\/2021\/04\/IMG_6339-300x225.jpg\" data-mce-selected=\"1\">\ufeff<\/a><\/dt><\/dl><dl class=\"gallery-item\"><dt class=\"gallery-icon landscape\"><a href=\"https:\/\/urisaoluiz.com.br\/site\/wp-content\/uploads\/2021\/04\/IMG_6338-scaled.jpg\" data-mce-href=\"..\/wp-content\/uploads\/2021\/04\/IMG_6338-scaled.jpg\"><img width=\"300\" height=\"225\" src=\"https:\/\/urisaoluiz.com.br\/site\/wp-content\/uploads\/2021\/04\/IMG_6338-300x225.jpg\" class=\"attachment-medium size-medium\" alt=\"\" srcset=\"https:\/\/urisaoluiz.com.br\/site\/wp-content\/uploads\/2021\/04\/IMG_6338-300x225.jpg 300w, https:\/\/urisaoluiz.com.br\/site\/wp-content\/uploads\/2021\/04\/IMG_6338-1024x768.jpg 1024w, https:\/\/urisaoluiz.com.br\/site\/wp-content\/uploads\/2021\/04\/IMG_6338-768x576.jpg 768w, https:\/\/urisaoluiz.com.br\/site\/wp-content\/uploads\/2021\/04\/IMG_6338-1536x1152.jpg 1536w, https:\/\/urisaoluiz.com.br\/site\/wp-content\/uploads\/2021\/04\/IMG_6338-2048x1536.jpg 2048w\" sizes=\"(max-width: 300px) 100vw, 300px\" data-mce-src=\"..\/wp-content\/uploads\/2021\/04\/IMG_6338-300x225.jpg\"><\/a><\/dt><\/dl><p><br style=\"clear: both;\" data-mce-style=\"clear: both;\"><\/p><dl class=\"gallery-item\"><dt class=\"gallery-icon landscape\"><a href=\"https:\/\/urisaoluiz.com.br\/site\/wp-content\/uploads\/2021\/04\/IMG_6335-scaled.jpg\" data-mce-href=\"..\/wp-content\/uploads\/2021\/04\/IMG_6335-scaled.jpg\"><img width=\"300\" height=\"225\" src=\"https:\/\/urisaoluiz.com.br\/site\/wp-content\/uploads\/2021\/04\/IMG_6335-300x225.jpg\" class=\"attachment-medium size-medium\" alt=\"\" srcset=\"https:\/\/urisaoluiz.com.br\/site\/wp-content\/uploads\/2021\/04\/IMG_6335-300x225.jpg 300w, https:\/\/urisaoluiz.com.br\/site\/wp-content\/uploads\/2021\/04\/IMG_6335-1024x768.jpg 1024w, https:\/\/urisaoluiz.com.br\/site\/wp-content\/uploads\/2021\/04\/IMG_6335-768x576.jpg 768w, https:\/\/urisaoluiz.com.br\/site\/wp-content\/uploads\/2021\/04\/IMG_6335-1536x1152.jpg 1536w, https:\/\/urisaoluiz.com.br\/site\/wp-content\/uploads\/2021\/04\/IMG_6335-2048x1536.jpg 2048w\" sizes=\"(max-width: 300px) 100vw, 300px\" data-mce-src=\"..\/wp-content\/uploads\/2021\/04\/IMG_6335-300x225.jpg\"><\/a><\/dt><\/dl><dl class=\"gallery-item\"><dt class=\"gallery-icon landscape\"><a href=\"https:\/\/urisaoluiz.com.br\/site\/wp-content\/uploads\/2021\/04\/IMG_6334-scaled.jpg\" data-mce-href=\"..\/wp-content\/uploads\/2021\/04\/IMG_6334-scaled.jpg\"><img width=\"300\" height=\"225\" src=\"https:\/\/urisaoluiz.com.br\/site\/wp-content\/uploads\/2021\/04\/IMG_6334-300x225.jpg\" class=\"attachment-medium size-medium\" alt=\"\" srcset=\"https:\/\/urisaoluiz.com.br\/site\/wp-content\/uploads\/2021\/04\/IMG_6334-300x225.jpg 300w, https:\/\/urisaoluiz.com.br\/site\/wp-content\/uploads\/2021\/04\/IMG_6334-1024x768.jpg 1024w, https:\/\/urisaoluiz.com.br\/site\/wp-content\/uploads\/2021\/04\/IMG_6334-768x576.jpg 768w, https:\/\/urisaoluiz.com.br\/site\/wp-content\/uploads\/2021\/04\/IMG_6334-1536x1152.jpg 1536w, https:\/\/urisaoluiz.com.br\/site\/wp-content\/uploads\/2021\/04\/IMG_6334-2048x1536.jpg 2048w\" sizes=\"(max-width: 300px) 100vw, 300px\" data-mce-src=\"..\/wp-content\/uploads\/2021\/04\/IMG_6334-300x225.jpg\"><\/a><\/dt><\/dl><p><br style=\"clear: both;\" data-mce-style=\"clear: both;\"><\/p><dl class=\"gallery-item\"><dt class=\"gallery-icon landscape\"><a href=\"https:\/\/urisaoluiz.com.br\/site\/wp-content\/uploads\/2021\/04\/IMG_6332-scaled.jpg\" data-mce-href=\"..\/wp-content\/uploads\/2021\/04\/IMG_6332-scaled.jpg\"><img width=\"300\" height=\"225\" src=\"https:\/\/urisaoluiz.com.br\/site\/wp-content\/uploads\/2021\/04\/IMG_6332-300x225.jpg\" class=\"attachment-medium size-medium\" alt=\"\" srcset=\"https:\/\/urisaoluiz.com.br\/site\/wp-content\/uploads\/2021\/04\/IMG_6332-300x225.jpg 300w, https:\/\/urisaoluiz.com.br\/site\/wp-content\/uploads\/2021\/04\/IMG_6332-1024x768.jpg 1024w, https:\/\/urisaoluiz.com.br\/site\/wp-content\/uploads\/2021\/04\/IMG_6332-768x576.jpg 768w, https:\/\/urisaoluiz.com.br\/site\/wp-content\/uploads\/2021\/04\/IMG_6332-1536x1152.jpg 1536w, https:\/\/urisaoluiz.com.br\/site\/wp-content\/uploads\/2021\/04\/IMG_6332-2048x1536.jpg 2048w\" sizes=\"(max-width: 300px) 100vw, 300px\" data-mce-src=\"..\/wp-content\/uploads\/2021\/04\/IMG_6332-300x225.jpg\"><\/a><\/dt><\/dl><dl class=\"gallery-item\"><dt class=\"gallery-icon landscape\"><a href=\"https:\/\/urisaoluiz.com.br\/site\/wp-content\/uploads\/2021\/04\/IMG_6327-1-scaled.jpg\" data-mce-href=\"..\/wp-content\/uploads\/2021\/04\/IMG_6327-1-scaled.jpg\"><img width=\"300\" height=\"225\" src=\"https:\/\/urisaoluiz.com.br\/site\/wp-content\/uploads\/2021\/04\/IMG_6327-1-300x225.jpg\" class=\"attachment-medium size-medium\" alt=\"\" srcset=\"https:\/\/urisaoluiz.com.br\/site\/wp-content\/uploads\/2021\/04\/IMG_6327-1-300x225.jpg 300w, https:\/\/urisaoluiz.com.br\/site\/wp-content\/uploads\/2021\/04\/IMG_6327-1-1024x768.jpg 1024w, https:\/\/urisaoluiz.com.br\/site\/wp-content\/uploads\/2021\/04\/IMG_6327-1-768x576.jpg 768w, https:\/\/urisaoluiz.com.br\/site\/wp-content\/uploads\/2021\/04\/IMG_6327-1-1536x1152.jpg 1536w, https:\/\/urisaoluiz.com.br\/site\/wp-content\/uploads\/2021\/04\/IMG_6327-1-2048x1536.jpg 2048w\" sizes=\"(max-width: 300px) 100vw, 300px\" data-mce-src=\"..\/wp-content\/uploads\/2021\/04\/IMG_6327-1-300x225.jpg\"><\/a><\/dt><\/dl><p><br style=\"clear: both;\" data-mce-style=\"clear: both;\"><\/p><dl class=\"gallery-item\"><dt class=\"gallery-icon landscape\"><a href=\"https:\/\/urisaoluiz.com.br\/site\/wp-content\/uploads\/2021\/04\/IMG_6330-scaled.jpg\" data-mce-href=\"..\/wp-content\/uploads\/2021\/04\/IMG_6330-scaled.jpg\"><img width=\"300\" height=\"225\" src=\"https:\/\/urisaoluiz.com.br\/site\/wp-content\/uploads\/2021\/04\/IMG_6330-300x225.jpg\" class=\"attachment-medium size-medium\" alt=\"\" srcset=\"https:\/\/urisaoluiz.com.br\/site\/wp-content\/uploads\/2021\/04\/IMG_6330-300x225.jpg 300w, https:\/\/urisaoluiz.com.br\/site\/wp-content\/uploads\/2021\/04\/IMG_6330-1024x768.jpg 1024w, https:\/\/urisaoluiz.com.br\/site\/wp-content\/uploads\/2021\/04\/IMG_6330-768x576.jpg 768w, https:\/\/urisaoluiz.com.br\/site\/wp-content\/uploads\/2021\/04\/IMG_6330-1536x1152.jpg 1536w, https:\/\/urisaoluiz.com.br\/site\/wp-content\/uploads\/2021\/04\/IMG_6330-2048x1536.jpg 2048w\" sizes=\"(max-width: 300px) 100vw, 300px\" data-mce-src=\"..\/wp-content\/uploads\/2021\/04\/IMG_6330-300x225.jpg\"><\/a><\/dt><\/dl><dl class=\"gallery-item\"><dt class=\"gallery-icon landscape\"><a href=\"https:\/\/urisaoluiz.com.br\/site\/wp-content\/uploads\/2021\/04\/IMG_6331-scaled.jpg\" data-mce-href=\"..\/wp-content\/uploads\/2021\/04\/IMG_6331-scaled.jpg\"><img width=\"300\" height=\"225\" src=\"https:\/\/urisaoluiz.com.br\/site\/wp-content\/uploads\/2021\/04\/IMG_6331-300x225.jpg\" class=\"attachment-medium size-medium\" alt=\"\" srcset=\"https:\/\/urisaoluiz.com.br\/site\/wp-content\/uploads\/2021\/04\/IMG_6331-300x225.jpg 300w, https:\/\/urisaoluiz.com.br\/site\/wp-content\/uploads\/2021\/04\/IMG_6331-1024x768.jpg 1024w, https:\/\/urisaoluiz.com.br\/site\/wp-content\/uploads\/2021\/04\/IMG_6331-768x576.jpg 768w, https:\/\/urisaoluiz.com.br\/site\/wp-content\/uploads\/2021\/04\/IMG_6331-1536x1152.jpg 1536w, https:\/\/urisaoluiz.com.br\/site\/wp-content\/uploads\/2021\/04\/IMG_6331-2048x1536.jpg 2048w\" sizes=\"(max-width: 300px) 100vw, 300px\" data-mce-src=\"..\/wp-content\/uploads\/2021\/04\/IMG_6331-300x225.jpg\"><\/a><\/dt><\/dl><p><br style=\"clear: both;\" data-mce-style=\"clear: both;\"><\/p><\/div><div id=\"mceResizeHandlenw\" data-mce-bogus=\"all\" class=\"mce-resizehandle\" unselectable=\"true\" data-mce-style=\"cursor: nw-resize; margin: 0px; padding: 0px; left: -4.5px; top: 94.5px;\" style=\"cursor: nw-resize; margin: 0px; padding: 0px; left: -4.5px; top: 94.5px;\"><\/div><div id=\"mceResizeHandlene\" data-mce-bogus=\"all\" class=\"mce-resizehandle\" unselectable=\"true\" data-mce-style=\"cursor: ne-resize; margin: 0px; padding: 0px; left: 295.5px; top: 94.5px;\" style=\"cursor: ne-resize; margin: 0px; padding: 0px; left: 295.5px; top: 94.5px;\"><\/div><div id=\"mceResizeHandlese\" data-mce-bogus=\"all\" class=\"mce-resizehandle\" unselectable=\"true\" data-mce-style=\"cursor: se-resize; margin: 0px; padding: 0px; left: 295.5px; top: 319.5px;\" style=\"cursor: se-resize; margin: 0px; padding: 0px; left: 295.5px; top: 319.5px;\"><\/div><div id=\"mceResizeHandlesw\" data-mce-bogus=\"all\" class=\"mce-resizehandle\" unselectable=\"true\" data-mce-style=\"cursor: sw-resize; margin: 0px; padding: 0px; left: -4.5px; top: 319.5px;\" style=\"cursor: sw-resize; margin: 0px; padding: 0px; left: -4.5px; top: 319.5px;\"><\/div>\t\t<\/div>\r\n\r\n\t\t\n\t\t\t\t<\/div><!-- .dslc-module -->\n\t\t<\/div><div class=\"dslc-modules-area dslc-col dslc-6-col \" data-size=\"6\" data-valign=\"\">\n\t\t<div id=\"dslc-module-9076d31805a\" class=\"dslc-module-front dslc-module-DSLC_TP_Content dslc-in-viewport-check dslc-in-viewport-anim-none  dslc-col dslc-12-col dslc-last-col  dslc-module-handle-like-regular \" data-module-id=\"9076d31805a\" data-module=\"DSLC_TP_Content\" data-dslc-module-size=\"12\" data-dslc-anim=\"none\" data-dslc-anim-delay=\"0\" data-dslc-anim-duration=\"650\"  data-dslc-anim-easing=\"ease\" data-dslc-preset=\"none\" >\n\n\t\t\t\n\t\t\t\n\t\t<div class=\"dslc-tp-content\"><\/div>\n\t\t\t\t<\/div><!-- .dslc-module -->\n\t\t<\/div><\/div><\/div>\n\t\t<div  class=\"dslc-modules-section \" style=\"padding-bottom:40px;padding-top:40px;\" data-section-id=\"b6ff82a82db\">\n\t\t\t\t\n\t\t\t\t\n\t\t\t\t<div class=\"dslc-modules-section-wrapper dslc-clearfix\"><div class=\"dslc-modules-area dslc-col dslc-12-col dslc-last-col\" data-size=\"12\" data-valign=\"\"><\/div><\/div><\/div><\/div><input type=\"hidden\" id=\"dslca-post-data-thumb\" value=\"https:\/\/urisaoluiz.com.br\/site\/wp-content\/uploads\/2019\/05\/ImagemPadrao.png\" \/>","protected":false},"excerpt":{"rendered":"<p>Biblioteca ABNT Biblioteca Virtual Renova\u00e7\u00e3o Peri\u00f3dicos CAPES Renova\u00e7\u00e3o Mobile Fontes de Pesquisa Manual de Normas T\u00e9cnicas para Produ\u00e7\u00f5es Acad\u00eamicas da URI Reposit\u00f3rio de TCCs &#8211; Select -ABNTBiblioteca VirtualRenova\u00e7\u00e3oPeri\u00f3dicos CAPESRenova\u00e7\u00e3o MobileFontes de PesquisaManual de Normas T\u00e9cnicas para Produ\u00e7\u00f5es Acad\u00eamicas da URIReposit\u00f3rio de TCCs Galeria de Fotos\ufeff<\/p>\n","protected":false},"author":1,"featured_media":12959,"parent":0,"menu_order":0,"comment_status":"closed","ping_status":"closed","template":"","meta":{"footnotes":""},"class_list":["post-334","page","type-page","status-publish","has-post-thumbnail","hentry"],"_links":{"self":[{"href":"https:\/\/urisaoluiz.com.br\/site\/wp-json\/wp\/v2\/pages\/334","targetHints":{"allow":["GET"]}}],"collection":[{"href":"https:\/\/urisaoluiz.com.br\/site\/wp-json\/wp\/v2\/pages"}],"about":[{"href":"https:\/\/urisaoluiz.com.br\/site\/wp-json\/wp\/v2\/types\/page"}],"author":[{"embeddable":true,"href":"https:\/\/urisaoluiz.com.br\/site\/wp-json\/wp\/v2\/users\/1"}],"replies":[{"embeddable":true,"href":"https:\/\/urisaoluiz.com.br\/site\/wp-json\/wp\/v2\/comments?post=334"}],"version-history":[{"count":2,"href":"https:\/\/urisaoluiz.com.br\/site\/wp-json\/wp\/v2\/pages\/334\/revisions"}],"predecessor-version":[{"id":18026,"href":"https:\/\/urisaoluiz.com.br\/site\/wp-json\/wp\/v2\/pages\/334\/revisions\/18026"}],"wp:featuredmedia":[{"embeddable":true,"href":"https:\/\/urisaoluiz.com.br\/site\/wp-json\/wp\/v2\/media\/12959"}],"wp:attachment":[{"href":"https:\/\/urisaoluiz.com.br\/site\/wp-json\/wp\/v2\/media?parent=334"}],"curies":[{"name":"wp","href":"https:\/\/api.w.org\/{rel}","templated":true}]}}