{"id":345,"date":"2015-10-14T22:36:44","date_gmt":"2015-10-15T01:36:44","guid":{"rendered":"http:\/\/urisaoluiz.com.br\/site\/?page_id=345"},"modified":"2018-02-13T17:05:58","modified_gmt":"2018-02-13T20:05:58","slug":"clinica-escola","status":"publish","type":"page","link":"https:\/\/urisaoluiz.com.br\/site\/clinica-escola\/","title":{"rendered":"Cl\u00ednica Escola"},"content":{"rendered":"<div id=\"dslc-main\">\n\t\t<div  class=\"dslc-modules-section \" style=\"padding-bottom:0px;padding-top:0px;padding-left:3%;padding-right:3%;background-repeat:no-repeat;background-position:center top;\" data-section-id=\"3ba29165adc\">\n\t\t\t\t\n\t\t\t\t\n\t\t\t\t<div class=\"dslc-modules-section-wrapper dslc-clearfix\"><div class=\"dslc-modules-area dslc-col dslc-1-col dslc-first-col\" data-size=\"1\" data-valign=\"\"><\/div><div class=\"dslc-modules-area dslc-col dslc-5-col \" data-size=\"5\" data-valign=\"\">\n\t\t<div id=\"dslc-module-289\" class=\"dslc-module-front dslc-module-DSLC_Text_Simple dslc-in-viewport-check dslc-in-viewport-anim-none  dslc-col dslc-12-col dslc-last-col  dslc-module-handle-like-regular \" data-module-id=\"289\" data-module=\"DSLC_Text_Simple\" data-dslc-module-size=\"12\" data-dslc-anim=\"none\" data-dslc-anim-delay=\"0\" data-dslc-anim-duration=\"650\"  data-dslc-anim-easing=\"ease\" data-dslc-preset=\"none\" >\n\n\t\t\t\n\t\t\t\n\t\t\r\n\t\t<div class=\"dslc-text-module-content\">\r\n\t\t\t<h1>\u00a0<\/h1><h1>\u00a0<\/h1><h1>\u00a0<\/h1><p><br data-mce-bogus=\"1\"><\/p><p><br data-mce-bogus=\"1\"><\/p><p><br data-mce-bogus=\"1\"><\/p><p><br data-mce-bogus=\"1\"><\/p><h1>Centro de Pr\u00e1ticas<\/h1>\t\t<\/div>\r\n\r\n\t\t\n\t\t\t\t<\/div><!-- .dslc-module -->\n\t\t<\/div><div class=\"dslc-modules-area dslc-col dslc-6-col dslc-last-col\" data-size=\"6\" data-valign=\"\">\n\t\t<div id=\"dslc-module-292\" class=\"dslc-module-front dslc-module-DSLC_Text_Simple dslc-in-viewport-check dslc-in-viewport-anim-none  dslc-col dslc-12-col dslc-last-col  dslc-module-handle-like-regular \" data-module-id=\"292\" data-module=\"DSLC_Text_Simple\" data-dslc-module-size=\"12\" data-dslc-anim=\"none\" data-dslc-anim-delay=\"0\" data-dslc-anim-duration=\"650\"  data-dslc-anim-easing=\"ease\" data-dslc-preset=\"none\" >\n\n\t\t\t\n\t\t\t\n\t\t\r\n\t\t<div class=\"dslc-text-module-content\">\r\n\t\t\t<h1 style=\"text-align: left;\">FISIOTERAPIA - CENTRO DE PR\u00c1TICAS da URI - S\u00e3o Luiz Gonzaga<\/h1><p style=\"text-align: left;\">Realiza atendimentos nas \u00e1reas de FISIOTERAPIA em Neurologia e Pediatria, Disfun\u00e7\u00f5es M\u00fasculo-esquel\u00e9ticas, Hidrocinesioterapia, Cardiologia e pneumologia desenvolvendo atividades de promo\u00e7\u00e3o, preven\u00e7\u00e3o \u00a0e \u00a0recupera\u00e7\u00e3o\u00a0 da sa\u00fade da comunidade e regi\u00e3o. Possui conv\u00eanio com a Secretaria da Sa\u00fade da Prefeitura de S\u00e3o Luiz Gonzaga, promovendo assist\u00eancia aos usu\u00e1rios do SUS que necessitam de atendimento especifico e qualificado nas \u00e1reas de atua\u00e7\u00e3o do fisioterapeuta, assegurando a realiza\u00e7\u00e3o das pr\u00e1ticas de componente curriculares e de est\u00e1gios do Curso, bem como de atividades de pesquisa e extens\u00e3o.<\/p><p>\n\t\t<style type=\"text\/css\">\n\t\t\t#gallery-2 {\n\t\t\t\tmargin: auto;\n\t\t\t}\n\t\t\t#gallery-2 .gallery-item {\n\t\t\t\tfloat: left;\n\t\t\t\tmargin-top: 10px;\n\t\t\t\ttext-align: center;\n\t\t\t\twidth: 33%;\n\t\t\t}\n\t\t\t#gallery-2 img {\n\t\t\t\tborder: 2px solid #cfcfcf;\n\t\t\t}\n\t\t\t#gallery-2 .gallery-caption {\n\t\t\t\tmargin-left: 0;\n\t\t\t}\n\t\t\t\/* see gallery_shortcode() in wp-includes\/media.php *\/\n\t\t<\/style>\n\t\t<div id='gallery-2' class='gallery galleryid-345 gallery-columns-3 gallery-size-thumbnail'><dl class='gallery-item'>\n\t\t\t<dt class='gallery-icon landscape'>\n\t\t\t\t<a href='https:\/\/urisaoluiz.com.br\/site\/wp-content\/uploads\/2018\/03\/IMG_3894.jpg'><img width=\"150\" height=\"150\" src=\"https:\/\/urisaoluiz.com.br\/site\/wp-content\/uploads\/2018\/03\/IMG_3894-150x150.jpg\" class=\"attachment-thumbnail size-thumbnail\" alt=\"\" \/><\/a>\n\t\t\t<\/dt><\/dl><dl class='gallery-item'>\n\t\t\t<dt class='gallery-icon landscape'>\n\t\t\t\t<a href='https:\/\/urisaoluiz.com.br\/site\/wp-content\/uploads\/2018\/03\/IMG_3895.jpg'><img width=\"150\" height=\"150\" src=\"https:\/\/urisaoluiz.com.br\/site\/wp-content\/uploads\/2018\/03\/IMG_3895-150x150.jpg\" class=\"attachment-thumbnail size-thumbnail\" alt=\"\" \/><\/a>\n\t\t\t<\/dt><\/dl><dl class='gallery-item'>\n\t\t\t<dt class='gallery-icon landscape'>\n\t\t\t\t<a href='https:\/\/urisaoluiz.com.br\/site\/wp-content\/uploads\/2018\/03\/IMG_3896.jpg'><img width=\"150\" height=\"150\" src=\"https:\/\/urisaoluiz.com.br\/site\/wp-content\/uploads\/2018\/03\/IMG_3896-150x150.jpg\" class=\"attachment-thumbnail size-thumbnail\" alt=\"\" \/><\/a>\n\t\t\t<\/dt><\/dl><br style=\"clear: both\" \/><dl class='gallery-item'>\n\t\t\t<dt class='gallery-icon landscape'>\n\t\t\t\t<a href='https:\/\/urisaoluiz.com.br\/site\/wp-content\/uploads\/2018\/03\/IMG_3897.jpg'><img width=\"150\" height=\"150\" src=\"https:\/\/urisaoluiz.com.br\/site\/wp-content\/uploads\/2018\/03\/IMG_3897-150x150.jpg\" class=\"attachment-thumbnail size-thumbnail\" alt=\"\" \/><\/a>\n\t\t\t<\/dt><\/dl><dl class='gallery-item'>\n\t\t\t<dt class='gallery-icon landscape'>\n\t\t\t\t<a href='https:\/\/urisaoluiz.com.br\/site\/wp-content\/uploads\/2018\/03\/IMG_3898.jpg'><img width=\"150\" height=\"150\" src=\"https:\/\/urisaoluiz.com.br\/site\/wp-content\/uploads\/2018\/03\/IMG_3898-150x150.jpg\" class=\"attachment-thumbnail size-thumbnail\" alt=\"\" \/><\/a>\n\t\t\t<\/dt><\/dl><dl class='gallery-item'>\n\t\t\t<dt class='gallery-icon landscape'>\n\t\t\t\t<a href='https:\/\/urisaoluiz.com.br\/site\/wp-content\/uploads\/2018\/03\/IMG_3899.jpg'><img width=\"150\" height=\"150\" src=\"https:\/\/urisaoluiz.com.br\/site\/wp-content\/uploads\/2018\/03\/IMG_3899-150x150.jpg\" class=\"attachment-thumbnail size-thumbnail\" alt=\"\" \/><\/a>\n\t\t\t<\/dt><\/dl><br style=\"clear: both\" \/><dl class='gallery-item'>\n\t\t\t<dt class='gallery-icon landscape'>\n\t\t\t\t<a href='https:\/\/urisaoluiz.com.br\/site\/wp-content\/uploads\/2018\/03\/IMG_3900.jpg'><img width=\"150\" height=\"150\" src=\"https:\/\/urisaoluiz.com.br\/site\/wp-content\/uploads\/2018\/03\/IMG_3900-150x150.jpg\" class=\"attachment-thumbnail size-thumbnail\" alt=\"\" \/><\/a>\n\t\t\t<\/dt><\/dl><dl class='gallery-item'>\n\t\t\t<dt class='gallery-icon landscape'>\n\t\t\t\t<a href='https:\/\/urisaoluiz.com.br\/site\/wp-content\/uploads\/2018\/03\/IMG_3901.jpg'><img width=\"150\" height=\"150\" src=\"https:\/\/urisaoluiz.com.br\/site\/wp-content\/uploads\/2018\/03\/IMG_3901-150x150.jpg\" class=\"attachment-thumbnail size-thumbnail\" alt=\"\" \/><\/a>\n\t\t\t<\/dt><\/dl><dl class='gallery-item'>\n\t\t\t<dt class='gallery-icon landscape'>\n\t\t\t\t<a href='https:\/\/urisaoluiz.com.br\/site\/wp-content\/uploads\/2018\/03\/IMG_3904.jpg'><img width=\"150\" height=\"150\" src=\"https:\/\/urisaoluiz.com.br\/site\/wp-content\/uploads\/2018\/03\/IMG_3904-150x150.jpg\" class=\"attachment-thumbnail size-thumbnail\" alt=\"\" \/><\/a>\n\t\t\t<\/dt><\/dl><br style=\"clear: both\" \/><dl class='gallery-item'>\n\t\t\t<dt class='gallery-icon landscape'>\n\t\t\t\t<a href='https:\/\/urisaoluiz.com.br\/site\/wp-content\/uploads\/2018\/03\/IMG_3905.jpg'><img width=\"150\" height=\"150\" src=\"https:\/\/urisaoluiz.com.br\/site\/wp-content\/uploads\/2018\/03\/IMG_3905-150x150.jpg\" class=\"attachment-thumbnail size-thumbnail\" alt=\"\" \/><\/a>\n\t\t\t<\/dt><\/dl><dl class='gallery-item'>\n\t\t\t<dt class='gallery-icon landscape'>\n\t\t\t\t<a href='https:\/\/urisaoluiz.com.br\/site\/wp-content\/uploads\/2018\/03\/IMG_3906.jpg'><img width=\"150\" height=\"150\" src=\"https:\/\/urisaoluiz.com.br\/site\/wp-content\/uploads\/2018\/03\/IMG_3906-150x150.jpg\" class=\"attachment-thumbnail size-thumbnail\" alt=\"\" \/><\/a>\n\t\t\t<\/dt><\/dl>\n\t\t\t<br style='clear: both' \/>\n\t\t<\/div>\n<\/p>\t\t<\/div>\r\n\r\n\t\t\n\t\t\t\t<\/div><!-- .dslc-module -->\n\t\t<\/div><\/div><\/div><\/div><input type=\"hidden\" id=\"dslca-post-data-thumb\" value=\"https:\/\/urisaoluiz.com.br\/site\/wp-content\/uploads\/2019\/05\/ImagemPadrao.png\" \/>","protected":false},"excerpt":{"rendered":"<p>\u00a0\u00a0\u00a0Centro de Pr\u00e1ticas FISIOTERAPIA &#8211; CENTRO DE PR\u00c1TICAS da URI &#8211; S\u00e3o Luiz GonzagaRealiza atendimentos nas \u00e1reas de FISIOTERAPIA em Neurologia e Pediatria, Disfun\u00e7\u00f5es M\u00fasculo-esquel\u00e9ticas, Hidrocinesioterapia, Cardiologia e pneumologia desenvolvendo atividades de promo\u00e7\u00e3o, preven\u00e7\u00e3o \u00a0e \u00a0recupera\u00e7\u00e3o\u00a0 da sa\u00fade da comunidade e regi\u00e3o. Possui conv\u00eanio com a Secretaria da Sa\u00fade da Prefeitura de S\u00e3o Luiz Gonzaga, [&hellip;]<\/p>\n","protected":false},"author":1,"featured_media":12959,"parent":0,"menu_order":0,"comment_status":"closed","ping_status":"closed","template":"","meta":{"footnotes":""},"class_list":["post-345","page","type-page","status-publish","has-post-thumbnail","hentry"],"_links":{"self":[{"href":"https:\/\/urisaoluiz.com.br\/site\/wp-json\/wp\/v2\/pages\/345","targetHints":{"allow":["GET"]}}],"collection":[{"href":"https:\/\/urisaoluiz.com.br\/site\/wp-json\/wp\/v2\/pages"}],"about":[{"href":"https:\/\/urisaoluiz.com.br\/site\/wp-json\/wp\/v2\/types\/page"}],"author":[{"embeddable":true,"href":"https:\/\/urisaoluiz.com.br\/site\/wp-json\/wp\/v2\/users\/1"}],"replies":[{"embeddable":true,"href":"https:\/\/urisaoluiz.com.br\/site\/wp-json\/wp\/v2\/comments?post=345"}],"version-history":[{"count":0,"href":"https:\/\/urisaoluiz.com.br\/site\/wp-json\/wp\/v2\/pages\/345\/revisions"}],"wp:featuredmedia":[{"embeddable":true,"href":"https:\/\/urisaoluiz.com.br\/site\/wp-json\/wp\/v2\/media\/12959"}],"wp:attachment":[{"href":"https:\/\/urisaoluiz.com.br\/site\/wp-json\/wp\/v2\/media?parent=345"}],"curies":[{"name":"wp","href":"https:\/\/api.w.org\/{rel}","templated":true}]}}