{"id":374,"date":"2015-10-15T08:58:00","date_gmt":"2015-10-15T11:58:00","guid":{"rendered":"http:\/\/urisaoluiz.com.br\/site\/?page_id=374"},"modified":"2018-02-13T17:36:23","modified_gmt":"2018-02-13T20:36:23","slug":"secretaria-geral","status":"publish","type":"page","link":"https:\/\/urisaoluiz.com.br\/site\/secretaria-geral\/","title":{"rendered":"Secretaria Geral"},"content":{"rendered":"<div id=\"dslc-main\">\n\t\t<div  class=\"dslc-modules-section \" style=\"padding-bottom:0px;padding-top:0px;padding-left:3%;padding-right:3%;background-repeat:no-repeat;background-position:center top;\" data-section-id=\"fbc729a0bd7\">\n\t\t\t\t\n\t\t\t\t\n\t\t\t\t<div class=\"dslc-modules-section-wrapper dslc-clearfix\"><div class=\"dslc-modules-area dslc-col dslc-5-col dslc-first-col\" data-size=\"5\" data-valign=\"\">\n\t\t<div id=\"dslc-module-258536cfbb5\" class=\"dslc-module-front dslc-module-DSLC_TP_Title dslc-in-viewport-check dslc-in-viewport-anim-none  dslc-col dslc-12-col dslc-last-col  dslc-module-handle-like-regular \" data-module-id=\"258536cfbb5\" data-module=\"DSLC_TP_Title\" data-dslc-module-size=\"12\" data-dslc-anim=\"none\" data-dslc-anim-delay=\"0\" data-dslc-anim-duration=\"650\"  data-dslc-anim-easing=\"ease\" data-dslc-preset=\"none\" >\n\n\t\t\t\n\t\t\t\n\t\t\r\n\t\t\t\t<div class=\"dslc-tp-title\"><h1>Secretaria Geral<\/h1><\/div>\r\n\r\n\t\t\t\n\t\t\t\t<\/div><!-- .dslc-module -->\n\t\t<\/div><div class=\"dslc-modules-area dslc-col dslc-7-col dslc-last-col\" data-size=\"7\" data-valign=\"\">\n\t\t<div id=\"dslc-module-309\" class=\"dslc-module-front dslc-module-DSLC_Text_Simple dslc-in-viewport-check dslc-in-viewport-anim-none  dslc-col dslc-12-col dslc-last-col  dslc-module-handle-like-regular \" data-module-id=\"309\" data-module=\"DSLC_Text_Simple\" data-dslc-module-size=\"12\" data-dslc-anim=\"none\" data-dslc-anim-delay=\"0\" data-dslc-anim-duration=\"650\"  data-dslc-anim-easing=\"ease\" data-dslc-preset=\"none\" >\n\n\t\t\t\n\t\t\t\n\t\t\r\n\t\t<div class=\"dslc-text-module-content\">\r\n\t\t\t<p style=\"text-align: justify;\" data-mce-style=\"text-align: justify;\"><strong>Apresenta\u00e7\u00e3o<\/strong><\/p><p style=\"text-align: justify;\" data-mce-style=\"text-align: justify;\">A Secretaria Geral da Gradua\u00e7\u00e3o na URI \u2013 S\u00e3o Luiz Gonzaga, vinculada \u00e0 Pr\u00f3-Reitoria de Ensino, atrav\u00e9s da Coordenadoria de Administra\u00e7\u00e3o Escolar, \u00e9 respons\u00e1vel por manter atualizada a vida acad\u00eamica dos discentes, desde seu ingresso na Universidade at\u00e9 a expedi\u00e7\u00e3o do respectivo Diploma. Tamb\u00e9m, coordena, registra, confere, controla e mant\u00e9m atualizadas as atividades de ensino, pesquisa e extens\u00e3o dos Cursos de Gradua\u00e7\u00e3o, P\u00f3s-Gradua\u00e7\u00e3o e Cursos T\u00e9cnicos, promovidos pela universidade, com todos os seus servi\u00e7os informatizados.\u00a0<\/p><p style=\"text-align: justify;\" data-mce-style=\"text-align: justify;\"><strong>Equipe<\/strong><\/p><p style=\"text-align: justify;\" data-mce-style=\"text-align: justify;\">Secret\u00e1ria Geral da Gradua\u00e7\u00e3o: Ana Luci Santos da Silva<\/p><p style=\"text-align: justify;\" data-mce-style=\"text-align: justify;\"><strong>Hor\u00e1rio de Atendimento da Gradua\u00e7\u00e3o <\/strong><\/p><p style=\"text-align: justify;\" data-mce-style=\"text-align: justify;\">Tarde: 13h30min \u00e0s 17horas<\/p><p style=\"text-align: justify;\" data-mce-style=\"text-align: justify;\">Noite: 18h30min \u00e0s 22h<\/p><p style=\"text-align: justify;\" data-mce-style=\"text-align: justify;\"><strong>Fale com a Secretaria Geral<\/strong><\/p><p><code><\/code><\/p><div role=\"form\" class=\"wpcf7\" id=\"wpcf7-f315-p374-o1\" lang=\"pt-BR\" dir=\"ltr\"><p><code><\/code><\/p><div class=\"screen-reader-response\"><p role=\"status\" aria-live=\"polite\" aria-atomic=\"true\"><br><\/p><\/div><form action=\"\/site\/secretaria-geral\/?dslc#wpcf7-f315-p374-o1\" method=\"post\" class=\"wpcf7-form init\" novalidate=\"novalidate\" data-status=\"init\"><div style=\"display: none;\" data-mce-style=\"display: none;\"><input type=\"hidden\" name=\"_wpcf7\" value=\"315\"><br><input type=\"hidden\" name=\"_wpcf7_version\" value=\"5.4.2\"><br><input type=\"hidden\" name=\"_wpcf7_locale\" value=\"pt_BR\"><br><input type=\"hidden\" name=\"_wpcf7_unit_tag\" value=\"wpcf7-f315-p374-o1\"><br><input type=\"hidden\" name=\"_wpcf7_container_post\" value=\"374\"><br><input type=\"hidden\" name=\"_wpcf7_posted_data_hash\" value=\"\"><\/div><p>Seu nome <br><span class=\"wpcf7-form-control-wrap your-name\"><input type=\"text\" name=\"your-name\" value=\"\" size=\"40\" class=\"wpcf7-form-control wpcf7-text wpcf7-validates-as-required\" aria-required=\"true\" aria-invalid=\"false\"><\/span><\/p><p>Seu e-mail <br><span class=\"wpcf7-form-control-wrap your-email\"><input type=\"email\" name=\"your-email\" value=\"\" size=\"40\" class=\"wpcf7-form-control wpcf7-text wpcf7-email wpcf7-validates-as-required wpcf7-validates-as-email\" aria-required=\"true\" aria-invalid=\"false\"><\/span><\/p><p>Seu telefone <br><span class=\"wpcf7-form-control-wrap fone\"><input type=\"text\" name=\"fone\" value=\"\" size=\"40\" class=\"wpcf7-form-control wpcf7-text wpcf7-validates-as-required\" aria-required=\"true\" aria-invalid=\"false\"><\/span><\/p><p>Sua cidade <br><span class=\"wpcf7-form-control-wrap cidade\"><input type=\"text\" name=\"cidade\" value=\"\" size=\"40\" class=\"wpcf7-form-control wpcf7-text wpcf7-validates-as-required\" aria-required=\"true\" aria-invalid=\"false\"><\/span><\/p><p>Assunto<br><span class=\"wpcf7-form-control-wrap your-subject\"><input type=\"text\" name=\"your-subject\" value=\"\" size=\"40\" class=\"wpcf7-form-control wpcf7-text\" aria-invalid=\"false\"><\/span><\/p><p>Sua mensagem<br><span class=\"wpcf7-form-control-wrap your-message\"><textarea name=\"your-message\" cols=\"40\" rows=\"10\" class=\"wpcf7-form-control wpcf7-textarea\" aria-invalid=\"false\"><\/textarea><\/span><\/p><p><input type=\"submit\" value=\"Enviar\" class=\"wpcf7-form-control wpcf7-submit\"><\/p><div class=\"wpcf7-response-output\" aria-hidden=\"true\"><br><\/div><\/form><p><br><\/p><\/div>\t\t<\/div>\r\n\r\n\t\t\n\t\t\t\t<\/div><!-- .dslc-module -->\n\t\t<\/div><\/div><\/div><\/div><input type=\"hidden\" id=\"dslca-post-data-thumb\" value=\"https:\/\/urisaoluiz.com.br\/site\/wp-content\/uploads\/2019\/05\/ImagemPadrao.png\" \/>","protected":false},"excerpt":{"rendered":"<p>Secretaria Geral Apresenta\u00e7\u00e3oA Secretaria Geral da Gradua\u00e7\u00e3o na URI \u2013 S\u00e3o Luiz Gonzaga, vinculada \u00e0 Pr\u00f3-Reitoria de Ensino, atrav\u00e9s da Coordenadoria de Administra\u00e7\u00e3o Escolar, \u00e9 respons\u00e1vel por manter atualizada a vida acad\u00eamica dos discentes, desde seu ingresso na Universidade at\u00e9 a expedi\u00e7\u00e3o do respectivo Diploma. Tamb\u00e9m, coordena, registra, confere, controla e mant\u00e9m atualizadas as atividades [&hellip;]<\/p>\n","protected":false},"author":1,"featured_media":12959,"parent":0,"menu_order":0,"comment_status":"closed","ping_status":"closed","template":"","meta":{"footnotes":""},"class_list":["post-374","page","type-page","status-publish","has-post-thumbnail","hentry"],"_links":{"self":[{"href":"https:\/\/urisaoluiz.com.br\/site\/wp-json\/wp\/v2\/pages\/374","targetHints":{"allow":["GET"]}}],"collection":[{"href":"https:\/\/urisaoluiz.com.br\/site\/wp-json\/wp\/v2\/pages"}],"about":[{"href":"https:\/\/urisaoluiz.com.br\/site\/wp-json\/wp\/v2\/types\/page"}],"author":[{"embeddable":true,"href":"https:\/\/urisaoluiz.com.br\/site\/wp-json\/wp\/v2\/users\/1"}],"replies":[{"embeddable":true,"href":"https:\/\/urisaoluiz.com.br\/site\/wp-json\/wp\/v2\/comments?post=374"}],"version-history":[{"count":0,"href":"https:\/\/urisaoluiz.com.br\/site\/wp-json\/wp\/v2\/pages\/374\/revisions"}],"wp:featuredmedia":[{"embeddable":true,"href":"https:\/\/urisaoluiz.com.br\/site\/wp-json\/wp\/v2\/media\/12959"}],"wp:attachment":[{"href":"https:\/\/urisaoluiz.com.br\/site\/wp-json\/wp\/v2\/media?parent=374"}],"curies":[{"name":"wp","href":"https:\/\/api.w.org\/{rel}","templated":true}]}}