{"id":395,"date":"2015-10-15T11:47:13","date_gmt":"2015-10-15T14:47:13","guid":{"rendered":"http:\/\/urisaoluiz.com.br\/site\/?page_id=395"},"modified":"2018-02-13T17:16:15","modified_gmt":"2018-02-13T20:16:15","slug":"conheca-a-escola-basica","status":"publish","type":"page","link":"https:\/\/urisaoluiz.com.br\/site\/conheca-a-escola-basica\/","title":{"rendered":"Conhe\u00e7a a Escola B\u00e1sica"},"content":{"rendered":"<div id=\"dslc-main\">\n\t\t<div  class=\"dslc-modules-section \" style=\"padding-left:3%;padding-right:3%;background-image:url();background-repeat:no-repeat;background-position:center top;\" data-section-id=\"\">\n\t\t\t\t\n\t\t\t\t\n\t\t\t\t<div class=\"dslc-modules-section-wrapper dslc-clearfix\"> <div class=\"dslc-modules-area dslc-col dslc-12-col dslc-last-col\" data-size=\"12\" data-valign=\"\">\n\t\t<div id=\"dslc-module-355\" class=\"dslc-module-front dslc-module-DSLC_Text_Simple dslc-in-viewport-check dslc-in-viewport-anim-none  dslc-col dslc-12-col  dslc-module-handle-like-regular \" data-module-id=\"355\" data-module=\"DSLC_Text_Simple\" data-dslc-module-size=\"12\" data-dslc-anim=\"none\" data-dslc-anim-delay=\"0\" data-dslc-anim-duration=\"650\"  data-dslc-anim-easing=\"ease\" data-dslc-preset=\"none\" >\n\n\t\t\t\n\t\t\t\n\t\t\r\n\t\t<div class=\"dslc-text-module-content\">\r\n\t\t\t<p>&nbsp;<\/p><p>&nbsp;<\/p><p>&nbsp;<\/p><p>&nbsp;<\/p>\t\t<\/div>\r\n\r\n\t\t\n\t\t\t\t<\/div><!-- .dslc-module -->\n\t\t<\/div> <div class=\"dslc-modules-area dslc-col dslc-1-col dslc-first-col\" data-size=\"1\" data-valign=\"\"><\/div> <div class=\"dslc-modules-area dslc-col dslc-6-col \" data-size=\"6\" data-valign=\"\">\n\t\t<div id=\"dslc-module-356\" class=\"dslc-module-front dslc-module-DSLC_Text_Simple dslc-in-viewport-check dslc-in-viewport-anim-none  dslc-col dslc-12-col  dslc-module-handle-like-regular \" data-module-id=\"356\" data-module=\"DSLC_Text_Simple\" data-dslc-module-size=\"12\" data-dslc-anim=\"none\" data-dslc-anim-delay=\"0\" data-dslc-anim-duration=\"650\"  data-dslc-anim-easing=\"ease\" data-dslc-preset=\"none\" >\n\n\t\t\t\n\t\t\t\n\t\t\r\n\t\t<div class=\"dslc-text-module-content\">\r\n\t\t\t<h1 style=\"text-align: justify;\">\u00a0<\/h1><p style=\"text-align: justify;\">\u00a0<\/p><p style=\"text-align: justify;\">\u00a0<\/p><p style=\"text-align: justify;\">A Escola de Educa\u00e7\u00e3o B\u00e1sica da URI \u2013S\u00e3o Luiz Gonzaga \u00e9 mantida pela FuRI \u2013 Funda\u00e7\u00e3o Regional Integrada, com sede e foro na cidade de Santo \u00c2ngelo, Estado do Rio Grande do Sul, entidade filantr\u00f3pica, de natureza comunit\u00e1ria, de direito privado, sem fins lucrativos, com Estatuto registrado no Registro de Pessoas Jur\u00eddicas, Cart\u00f3rio Especial de Santo \u00c2ngelo, 1\u00ba Tabelionato, sob n\u00ba. 497, folhas 173, do livro A-3. Par\u00e1grafo \u00danico \u2013 A Escola rege-se pelo presente Regimento e pelo Estatuto da Mantenedora.<\/p><p style=\"text-align: justify;\"><strong>Objetivos da Educa\u00e7\u00e3o Infantil<\/strong><\/p><p style=\"text-align: justify;\">Proporcionar \u00e0 crian\u00e7a a descoberta e conhecimento progressivo de seu pr\u00f3prio corpo, de suas potencialidades e seus limites; Valorizar h\u00e1bitos e cuidados com a pr\u00f3pria sa\u00fade; Salientar a import\u00e2ncia da afetividade entre as crian\u00e7as, fortalecendo sua autoestima e ampliando o seu relacionamento; Incentivar nas crian\u00e7as o uso das diferentes linguagens (corporal, gestual, musical, pl\u00e1stica, oral, escrita e matem\u00e1tica); Integrar as diferentes situa\u00e7\u00f5es de comunica\u00e7\u00e3o.<\/p><p style=\"text-align: justify;\"><strong>Objetivos do Ensino Fundamental<\/strong><\/p><p style=\"text-align: justify;\">O Ensino Fundamental - <em>Anos iniciais<\/em> - tem como objetivos: Desenvolver na crian\u00e7a o conhecimento de si e o sentimento de confian\u00e7a em suas capacidades afetiva, f\u00edsica, cognitiva, \u00e9tica, est\u00e9tica, de inter-rela\u00e7\u00e3o pessoal e de inser\u00e7\u00e3o social; Estimular o aluno a conhecer e cuidar do pr\u00f3prio corpo; Incentivar a pr\u00e1tica de cultivar h\u00e1bitos importantes para ter qualidade de vida; Respeitar as diferen\u00e7as; Proporcionar a utiliza\u00e7\u00e3o das diferentes linguagens (corporal, verbal, escrita, pl\u00e1stica, musical e matem\u00e1tica).<\/p><p style=\"text-align: justify;\">O Ensino Fundamental - <em>Anos finais<\/em> - tem como objetivos: Desenvolver a capacidade de escuta, oralidade, leitura, interpreta\u00e7\u00e3o, escrita e argumenta\u00e7\u00e3o para a resolu\u00e7\u00e3o de situa\u00e7\u00f5es-problema tendo em vista a (re) constru\u00e7\u00e3o do conhecimento e o desenvolvimento de habilidades; Respeitar as diferen\u00e7as; Proporcionar aos alunos o aprimoramento da leitura cr\u00edtica da realidade.<\/p><p style=\"text-align: justify;\"><strong>Objetivos do Ensino M\u00e9dio<\/strong><\/p><p style=\"text-align: justify;\">Desenvolver a\u00e7\u00f5es que possibilitem a criticidade e a criatividade para o prosseguimento dos estudos e atua\u00e7\u00e3o na sociedade; Incentivar os jovens ao di\u00e1logo, nas diversas circunst\u00e2ncias da vida; Respeitar as diferen\u00e7as; Promover o desenvolvimento humano com atitude \u00e9tica, autonomia intelectual e capacidade de fazer op\u00e7\u00f5es; Promover a\u00e7\u00f5es que respeitem a vida; Estimular os alunos ao exerc\u00edcio da cidadania e \u00e0 viv\u00eancia do conhecimento cient\u00edfico e de suas aplica\u00e7\u00f5es; Primar pelo desenvolvimento do cidad\u00e3o capaz de construir o conhecimento, promover a cultura e o interc\u00e2mbio dos saberes para participa\u00e7\u00e3o ativa na comunidade regional.<\/p>\t\t<\/div>\r\n\r\n\t\t\n\t\t\t\t<\/div><!-- .dslc-module -->\n\t\t<\/div> <div class=\"dslc-modules-area dslc-col dslc-5-col dslc-last-col\" data-size=\"5\" data-valign=\"\">\n\t\t<div id=\"dslc-module-359\" class=\"dslc-module-front dslc-module-DSLC_Text_Simple dslc-in-viewport-check dslc-in-viewport-anim-none  dslc-col dslc-12-col  dslc-module-handle-like-regular \" data-module-id=\"359\" data-module=\"DSLC_Text_Simple\" data-dslc-module-size=\"12\" data-dslc-anim=\"none\" data-dslc-anim-delay=\"0\" data-dslc-anim-duration=\"650\"  data-dslc-anim-easing=\"ease\" data-dslc-preset=\"none\" >\n\n\t\t\t\n\t\t\t\n\t\t\r\n\t\t<div class=\"dslc-text-module-content\">\r\n\t\t\t<h1 style=\"text-align: center;\">\u00a0<\/h1><p>\u00a0<\/p>\t\t<\/div>\r\n\r\n\t\t\n\t\t\t\t<\/div><!-- .dslc-module -->\n\t\t\n\t\t<div id=\"dslc-module-360\" class=\"dslc-module-front dslc-module-DSLC_Text_Simple dslc-in-viewport-check dslc-in-viewport-anim-none  dslc-col dslc-12-col  dslc-module-handle-like-regular \" data-module-id=\"360\" data-module=\"DSLC_Text_Simple\" data-dslc-module-size=\"12\" data-dslc-anim=\"none\" data-dslc-anim-delay=\"0\" data-dslc-anim-duration=\"650\"  data-dslc-anim-easing=\"ease\" data-dslc-preset=\"none\" >\n\n\t\t\t\n\t\t\t\n\t\t\r\n\t\t<div class=\"dslc-text-module-content\">\r\n\t\t\t<h1>Coordena\u00e7\u00e3o<\/h1><p>Prof. Rosa Carine Menezes<\/p><p>(Educa\u00e7\u00e3o Infantil e Ensino Fundamental)<\/p><p>&nbsp;<\/p><p>Prof.&nbsp;Jerusa Dutra Schreiner<\/p><p>(Ensino M\u00e9dio)<\/p><p>&nbsp;<\/p>\t\t<\/div>\r\n\r\n\t\t\n\t\t\t\t<\/div><!-- .dslc-module -->\n\t\t\n\t\t<div id=\"dslc-module-361\" class=\"dslc-module-front dslc-module-DSLC_Button dslc-in-viewport-check dslc-in-viewport-anim-none  dslc-col dslc-12-col  dslc-module-handle-like-regular \" data-module-id=\"361\" data-module=\"DSLC_Button\" data-dslc-module-size=\"12\" data-dslc-anim=\"none\" data-dslc-anim-delay=\"0\" data-dslc-anim-duration=\"650\"  data-dslc-anim-easing=\"ease\" data-dslc-preset=\"none\" >\n\n\t\t\t\n\t\t\t\n\t\t\r\n\t\t\t<div class=\"dslc-button\">\r\n\t\t\t\t\t\t\t\t\t<a href=\"http:\/\/urisaoluiz.com.br\/site\/conheca-a-escola-basica\/\" target=\"_self\"  class=\"\">\r\n\t\t\t\t\t\t\t\t\t\t\t\t\t\t\t\t\t\t\t<span>Conhe\u00e7a a Escola B\u00e1sica<\/span>\r\n\t\t\t\t\t\t\t\t\t\t\t\t\t\t\t\t\t<\/a>\r\n\t\t\t\t\t\t\t<\/div><!-- .dslc-button -->\r\n\r\n\r\n\t\t\t\t\t\t\n\t\t\t\t<\/div><!-- .dslc-module -->\n\t\t\n\t\t<div id=\"dslc-module-362\" class=\"dslc-module-front dslc-module-DSLC_Button dslc-in-viewport-check dslc-in-viewport-anim-none  dslc-col dslc-12-col  dslc-module-handle-like-regular \" data-module-id=\"362\" data-module=\"DSLC_Button\" data-dslc-module-size=\"12\" data-dslc-anim=\"none\" data-dslc-anim-delay=\"0\" data-dslc-anim-duration=\"650\"  data-dslc-anim-easing=\"ease\" data-dslc-preset=\"none\" >\n\n\t\t\t\n\t\t\t\n\t\t\r\n\t\t\t<div class=\"dslc-button\">\r\n\t\t\t\t\t\t\t\t\t<a href=\"http:\/\/urisaoluiz.com.br\/site\/missao-e-visao\/\" target=\"_self\"  class=\"\">\r\n\t\t\t\t\t\t\t\t\t\t\t\t\t\t\t\t\t\t\t<span>Miss\u00e3o e Vis\u00e3o<\/span>\r\n\t\t\t\t\t\t\t\t\t\t\t\t\t\t\t\t\t<\/a>\r\n\t\t\t\t\t\t\t<\/div><!-- .dslc-button -->\r\n\r\n\r\n\t\t\t\t\t\t\n\t\t\t\t<\/div><!-- .dslc-module -->\n\t\t\n\t\t<div id=\"dslc-module-363\" class=\"dslc-module-front dslc-module-DSLC_Button dslc-in-viewport-check dslc-in-viewport-anim-none  dslc-col dslc-12-col  dslc-module-handle-like-regular \" data-module-id=\"363\" data-module=\"DSLC_Button\" data-dslc-module-size=\"12\" data-dslc-anim=\"none\" data-dslc-anim-delay=\"0\" data-dslc-anim-duration=\"650\"  data-dslc-anim-easing=\"ease\" data-dslc-preset=\"none\" >\n\n\t\t\t\n\t\t\t\n\t\t\r\n\t\t\t<div class=\"dslc-button\">\r\n\t\t\t\t\t\t\t\t\t<a href=\"http:\/\/urisaoluiz.com.br\/site\/educacao-basica\/\" target=\"_self\"  class=\"\">\r\n\t\t\t\t\t\t\t\t\t\t\t\t\t\t\t\t\t\t\t<span>A Escola B\u00e1sica<\/span>\r\n\t\t\t\t\t\t\t\t\t\t\t\t\t\t\t\t\t<\/a>\r\n\t\t\t\t\t\t\t<\/div><!-- .dslc-button -->\r\n\r\n\r\n\t\t\t\t\t\t\n\t\t\t\t<\/div><!-- .dslc-module -->\n\t\t\n\t\t<div id=\"dslc-module-451\" class=\"dslc-module-front dslc-module-DSLC_Button dslc-in-viewport-check dslc-in-viewport-anim-none  dslc-col dslc-12-col  dslc-module-handle-like-regular \" data-module-id=\"451\" data-module=\"DSLC_Button\" data-dslc-module-size=\"12\" data-dslc-anim=\"none\" data-dslc-anim-delay=\"0\" data-dslc-anim-duration=\"650\"  data-dslc-anim-easing=\"ease\" data-dslc-preset=\"none\" >\n\n\t\t\t\n\t\t\t\n\t\t\r\n\t\t\t<div class=\"dslc-button\">\r\n\t\t\t\t\t\t\t\t\t<a href=\"http:\/\/urisaoluiz.com.br\/site\/professores\/\" target=\"_self\"  class=\"\">\r\n\t\t\t\t\t\t\t\t\t\t\t\t\t\t\t\t\t\t\t<span>Professores<\/span>\r\n\t\t\t\t\t\t\t\t\t\t\t\t\t\t\t\t\t<\/a>\r\n\t\t\t\t\t\t\t<\/div><!-- .dslc-button -->\r\n\r\n\r\n\t\t\t\t\t\t\n\t\t\t\t<\/div><!-- .dslc-module -->\n\t\t<\/div> <\/div><\/div> <\/div><input type=\"hidden\" id=\"dslca-post-data-thumb\" value=\"https:\/\/urisaoluiz.com.br\/site\/wp-content\/uploads\/2019\/05\/ImagemPadrao.png\" \/>","protected":false},"excerpt":{"rendered":"<p>&nbsp;&nbsp;&nbsp;&nbsp; \u00a0\u00a0\u00a0A Escola de Educa\u00e7\u00e3o B\u00e1sica da URI \u2013S\u00e3o Luiz Gonzaga \u00e9 mantida pela FuRI \u2013 Funda\u00e7\u00e3o Regional Integrada, com sede e foro na cidade de Santo \u00c2ngelo, Estado do Rio Grande do Sul, entidade filantr\u00f3pica, de natureza comunit\u00e1ria, de direito privado, sem fins lucrativos, com Estatuto registrado no Registro de Pessoas Jur\u00eddicas, Cart\u00f3rio Especial [&hellip;]<\/p>\n","protected":false},"author":1,"featured_media":12959,"parent":0,"menu_order":0,"comment_status":"closed","ping_status":"closed","template":"","meta":{"footnotes":""},"class_list":["post-395","page","type-page","status-publish","has-post-thumbnail","hentry"],"_links":{"self":[{"href":"https:\/\/urisaoluiz.com.br\/site\/wp-json\/wp\/v2\/pages\/395","targetHints":{"allow":["GET"]}}],"collection":[{"href":"https:\/\/urisaoluiz.com.br\/site\/wp-json\/wp\/v2\/pages"}],"about":[{"href":"https:\/\/urisaoluiz.com.br\/site\/wp-json\/wp\/v2\/types\/page"}],"author":[{"embeddable":true,"href":"https:\/\/urisaoluiz.com.br\/site\/wp-json\/wp\/v2\/users\/1"}],"replies":[{"embeddable":true,"href":"https:\/\/urisaoluiz.com.br\/site\/wp-json\/wp\/v2\/comments?post=395"}],"version-history":[{"count":0,"href":"https:\/\/urisaoluiz.com.br\/site\/wp-json\/wp\/v2\/pages\/395\/revisions"}],"wp:featuredmedia":[{"embeddable":true,"href":"https:\/\/urisaoluiz.com.br\/site\/wp-json\/wp\/v2\/media\/12959"}],"wp:attachment":[{"href":"https:\/\/urisaoluiz.com.br\/site\/wp-json\/wp\/v2\/media?parent=395"}],"curies":[{"name":"wp","href":"https:\/\/api.w.org\/{rel}","templated":true}]}}