{"id":4089,"date":"2016-10-19T10:08:36","date_gmt":"2016-10-19T13:08:36","guid":{"rendered":"http:\/\/urisaoluiz.com.br\/site\/?page_id=4089"},"modified":"2018-02-13T17:33:49","modified_gmt":"2018-02-13T20:33:49","slug":"diretrizes-para-autores","status":"publish","type":"page","link":"https:\/\/urisaoluiz.com.br\/site\/ricadi\/diretrizes-para-autores\/","title":{"rendered":"Diretrizes para autores"},"content":{"rendered":"<div id=\"dslc-main\">\n\t\t<div  class=\"dslc-modules-section  dslc-no-columns-spacing \" style=\"padding-bottom:0px;padding-top:0px;padding-left:3%;padding-right:3%;background-repeat:no-repeat;background-position:center top;\" data-section-id=\"\">\n\t\t\t\t\n\t\t\t\t\n\t\t\t\t<div class=\"dslc-modules-section-wrapper dslc-clearfix\"> <div class=\"dslc-modules-area dslc-col dslc-12-col dslc-last-col\" data-size=\"12\" data-valign=\"\">\n\t\t<div id=\"dslc-module-1626\" class=\"dslc-module-front dslc-module-DSLC_Text_Simple dslc-in-viewport-check dslc-in-viewport-anim-none  dslc-col dslc-12-col  dslc-module-handle-like-regular \" data-module-id=\"1626\" data-module=\"DSLC_Text_Simple\" data-dslc-module-size=\"12\" data-dslc-anim=\"none\" data-dslc-anim-delay=\"0\" data-dslc-anim-duration=\"650\"  data-dslc-anim-easing=\"ease\" data-dslc-preset=\"none\" >\n\n\t\t\t\n\t\t\t\n\t\t\r\n\t\t<div class=\"dslc-text-module-content\">\r\n\t\t\t<p>Revista RICADI<\/p>\t\t<\/div>\r\n\r\n\t\t\n\t\t\t\t<\/div><!-- .dslc-module -->\n\t\t<\/div> <div class=\"dslc-modules-area dslc-col dslc-1-col dslc-first-col\" data-size=\"1\" data-valign=\"\"><\/div> <div class=\"dslc-modules-area dslc-col dslc-2-col \" data-size=\"2\" data-valign=\"\">\n\t\t<div id=\"dslc-module-1627\" class=\"dslc-module-front dslc-module-DSLC_Button dslc-in-viewport-check dslc-in-viewport-anim-none  dslc-col dslc-12-col  dslc-module-handle-like-regular \" data-module-id=\"1627\" data-module=\"DSLC_Button\" data-dslc-module-size=\"12\" data-dslc-anim=\"none\" data-dslc-anim-delay=\"0\" data-dslc-anim-duration=\"650\"  data-dslc-anim-easing=\"ease\" data-dslc-preset=\"none\" >\n\n\t\t\t\n\t\t\t\n\t\t\r\n\t\t\t<div class=\"dslc-button\">\r\n\t\t\t\t\t\t\t\t\t<a href=\"http:\/\/urisaoluiz.com.br\/site\/ricadi\/\" target=\"_self\"  class=\"\">\r\n\t\t\t\t\t\t\t\t\t\t\t\t\t\t\t\t\t\t\t<span>Apresenta\u00e7\u00e3o<\/span>\r\n\t\t\t\t\t\t\t\t\t\t\t\t\t\t\t\t\t<\/a>\r\n\t\t\t\t\t\t\t<\/div><!-- .dslc-button -->\r\n\r\n\r\n\t\t\t\t\t\t\n\t\t\t\t<\/div><!-- .dslc-module -->\n\t\t\n\t\t<div id=\"dslc-module-1628\" class=\"dslc-module-front dslc-module-DSLC_Button dslc-in-viewport-check dslc-in-viewport-anim-none  dslc-col dslc-12-col  dslc-module-handle-like-regular \" data-module-id=\"1628\" data-module=\"DSLC_Button\" data-dslc-module-size=\"12\" data-dslc-anim=\"none\" data-dslc-anim-delay=\"0\" data-dslc-anim-duration=\"650\"  data-dslc-anim-easing=\"ease\" data-dslc-preset=\"none\" >\n\n\t\t\t\n\t\t\t\n\t\t\r\n\t\t\t<div class=\"dslc-button\">\r\n\t\t\t\t\t\t\t\t\t<a href=\"http:\/\/urisaoluiz.com.br\/site\/ricadi\/equipe\/\" target=\"_self\"  class=\"\">\r\n\t\t\t\t\t\t\t\t\t\t\t\t\t\t\t\t\t\t\t<span>Equipe<\/span>\r\n\t\t\t\t\t\t\t\t\t\t\t\t\t\t\t\t\t<\/a>\r\n\t\t\t\t\t\t\t<\/div><!-- .dslc-button -->\r\n\r\n\r\n\t\t\t\t\t\t\n\t\t\t\t<\/div><!-- .dslc-module -->\n\t\t\n\t\t<div id=\"dslc-module-1629\" class=\"dslc-module-front dslc-module-DSLC_Button dslc-in-viewport-check dslc-in-viewport-anim-none  dslc-col dslc-12-col  dslc-module-handle-like-regular \" data-module-id=\"1629\" data-module=\"DSLC_Button\" data-dslc-module-size=\"12\" data-dslc-anim=\"none\" data-dslc-anim-delay=\"0\" data-dslc-anim-duration=\"650\"  data-dslc-anim-easing=\"ease\" data-dslc-preset=\"none\" >\n\n\t\t\t\n\t\t\t\n\t\t\r\n\t\t\t<div class=\"dslc-button\">\r\n\t\t\t\t\t\t\t\t\t<a href=\"http:\/\/urisaoluiz.com.br\/site\/ricadi\/condicoes-para-submissao\/\" target=\"_self\"  class=\"\">\r\n\t\t\t\t\t\t\t\t\t\t\t\t\t\t\t\t\t\t\t<span>Condi\u00e7\u00f5es para<br>Submiss\u00e3o<br><\/span>\r\n\t\t\t\t\t\t\t\t\t\t\t\t\t\t\t\t\t<\/a>\r\n\t\t\t\t\t\t\t<\/div><!-- .dslc-button -->\r\n\r\n\r\n\t\t\t\t\t\t\n\t\t\t\t<\/div><!-- .dslc-module -->\n\t\t\n\t\t<div id=\"dslc-module-1630\" class=\"dslc-module-front dslc-module-DSLC_Button dslc-in-viewport-check dslc-in-viewport-anim-none  dslc-col dslc-12-col  dslc-module-handle-like-regular \" data-module-id=\"1630\" data-module=\"DSLC_Button\" data-dslc-module-size=\"12\" data-dslc-anim=\"none\" data-dslc-anim-delay=\"0\" data-dslc-anim-duration=\"650\"  data-dslc-anim-easing=\"ease\" data-dslc-preset=\"none\" >\n\n\t\t\t\n\t\t\t\n\t\t\r\n\t\t\t<div class=\"dslc-button\">\r\n\t\t\t\t\t\t\t\t\t<a href=\"http:\/\/urisaoluiz.com.br\/site\/ricadi\/diretrizes-para-autores\/\" target=\"_self\"  class=\"\">\r\n\t\t\t\t\t\t\t\t\t\t\t\t\t\t\t\t\t\t\t<span>Diretrizes para Autores<\/span>\r\n\t\t\t\t\t\t\t\t\t\t\t\t\t\t\t\t\t<\/a>\r\n\t\t\t\t\t\t\t<\/div><!-- .dslc-button -->\r\n\r\n\r\n\t\t\t\t\t\t\n\t\t\t\t<\/div><!-- .dslc-module -->\n\t\t\n\t\t<div id=\"dslc-module-1662\" class=\"dslc-module-front dslc-module-DSLC_Button dslc-in-viewport-check dslc-in-viewport-anim-none  dslc-col dslc-12-col  dslc-module-handle-like-regular \" data-module-id=\"1662\" data-module=\"DSLC_Button\" data-dslc-module-size=\"12\" data-dslc-anim=\"none\" data-dslc-anim-delay=\"0\" data-dslc-anim-duration=\"650\"  data-dslc-anim-easing=\"ease\" data-dslc-preset=\"none\" >\n\n\t\t\t\n\t\t\t\n\t\t\r\n\t\t\t<div class=\"dslc-button\">\r\n\t\t\t\t\t\t\t\t\t<a href=\"http:\/\/urisaoluiz.com.br\/site\/ricadi\/politicas-editoriais\/\" target=\"_self\"  class=\"\">\r\n\t\t\t\t\t\t\t\t\t\t\t\t\t\t\t\t\t\t\t<span>Pol\u00edticas Editoriais<br><\/span>\r\n\t\t\t\t\t\t\t\t\t\t\t\t\t\t\t\t\t<\/a>\r\n\t\t\t\t\t\t\t<\/div><!-- .dslc-button -->\r\n\r\n\r\n\t\t\t\t\t\t\n\t\t\t\t<\/div><!-- .dslc-module -->\n\t\t<\/div> <div class=\"dslc-modules-area dslc-col dslc-1-col \" data-size=\"1\" data-valign=\"\"><\/div> <div class=\"dslc-modules-area dslc-col dslc-8-col dslc-last-col\" data-size=\"8\" data-valign=\"\">\n\t\t<div id=\"dslc-module-1631\" class=\"dslc-module-front dslc-module-DSLC_Text_Simple dslc-in-viewport-check dslc-in-viewport-anim-none  dslc-col dslc-12-col  dslc-module-handle-like-regular \" data-module-id=\"1631\" data-module=\"DSLC_Text_Simple\" data-dslc-module-size=\"12\" data-dslc-anim=\"none\" data-dslc-anim-delay=\"0\" data-dslc-anim-duration=\"650\"  data-dslc-anim-easing=\"ease\" data-dslc-preset=\"none\" >\n\n\t\t\t\n\t\t\t\n\t\t\r\n\t\t<div class=\"dslc-text-module-content\">\r\n\t\t\t<p>&nbsp;<\/p><p><strong>1. A estrutura\u00e7\u00e3o e disposi\u00e7\u00e3o do texto<\/strong><\/p><p>1.1. T\u00edtulo: centralizado, em negrito, caixa alta e fonte Arial \u2013 tamanho 12.<\/p><p>1.2. Autor e coautores: nome(s) por extenso, uma linha abaixo do t\u00edtulo, com alinhamento \u00e0 direita, em negrito, indicando em nota de rodap\u00e9 a titula\u00e7\u00e3o, institui\u00e7\u00e3o, grupo de pesquisa, \u00f3rg\u00e3o de fomento e e-mail.<\/p><p>1.3. Resumo e palavras-chave: uma linha abaixo dos autores, deve constar o resumo de at\u00e9 200 palavras, seguido de, no m\u00ednimo, tr\u00eas e, no m\u00e1ximo, cinco palavras-chave separadas por ponto. Fonte Arial \u2013 tamanho 12, espa\u00e7o simples.<\/p><p>1.4. Resumo e palavras-chave em l\u00edngua estrangeira (Abstract\/Keywords; Resumen\/Palabras Clave): uma linha abaixo das palavras-chave. Se o artigo estiver na L\u00edngua Espanhola, fica dispensado o resumo e palavras-chave em l\u00edngua estrangeira.<\/p><p>1.5. Texto: uma linha abaixo das palavras-chave, deve constar o artigo, contemplando, no m\u00ednimo, os seguintes elementos: introdu\u00e7\u00e3o, desenvolvimento e considera\u00e7\u00f5es finais.<\/p><p>1.6. Refer\u00eancias: somente as obras citadas no texto, em ordem alfab\u00e9tica, alinhadas \u00e0 margem esquerda, em espa\u00e7o simples e separadas entre si por um espa\u00e7o simples em branco, em conformidade com as Normas da Associa\u00e7\u00e3o Brasileira de Normas T\u00e9cnicas (ABNT \u2013 NBR 6023\/2002).<\/p><p>&nbsp;<\/p><p><strong>2. A formata\u00e7\u00e3o do texto <\/strong><\/p><p>2.1. Folha: formato A4 (21 cm x 29,7 cm).<\/p><p>2.2. Editor de texto: Word for Windows vers\u00e3o 2003 (doc. ou docx.) ou posterior, no formato Rich Text (.rtf).<\/p><p>2.3. Margens: esquerda e superior de 3 cm; direita e inferior de 2 cm.<\/p><p>2.4. Fonte: Arial, tamanho 12 para todo o trabalho, excetuando-se cita\u00e7\u00f5es com mais de 3 linhas, notas de rodap\u00e9, legendas, fontes e indica\u00e7\u00f5es das ilustra\u00e7\u00f5es e das tabelas, que devem ser em tamanho 10.<\/p><p>2.5. Espa\u00e7amento: 1,5 entre linhas, excetuando-se cita\u00e7\u00f5es com mais de 3 linhas, notas de rodap\u00e9, refer\u00eancias, legendas e fontes das ilustra\u00e7\u00f5es e das tabelas, que devem ser em espa\u00e7o simples.<\/p><p>2.6. Par\u00e1grafo: espa\u00e7amento: 1,25 cm; alinhamento justificado.<\/p><p>2.7. Cita\u00e7\u00f5es: literais, com mais de 3 linhas, em par\u00e1grafo recuado, em espa\u00e7o simples, fonte 10. Cita\u00e7\u00f5es diretas, com at\u00e9 3 linhas, incorporadas ao texto e entre aspas. Usar o Sistema de Chamada autor-data, exemplo: (FREIRE, 2000, p. 16). (ABNT \u2013 NBR - 10520\/2002).<\/p><p>2.8. N\u00famero de p\u00e1ginas: extens\u00e3o m\u00ednima de dez p\u00e1ginas e m\u00e1xima de vinte e cinco p\u00e1ginas (n\u00e3o numeradas), incluindo refer\u00eancias.<\/p><p>2.9. As figuras, tabelas e gr\u00e1ficos devem ser centralizadas no corpo do texto, indicando-se as refer\u00eancias.<\/p>\t\t<\/div>\r\n\r\n\t\t\n\t\t\t\t<\/div><!-- .dslc-module -->\n\t\t<\/div> <\/div><\/div> <\/div><input type=\"hidden\" id=\"dslca-post-data-thumb\" value=\"https:\/\/urisaoluiz.com.br\/site\/wp-content\/uploads\/2019\/05\/ImagemPadrao.png\" \/>","protected":false},"excerpt":{"rendered":"<p>Revista RICADI Apresenta\u00e7\u00e3o Equipe Condi\u00e7\u00f5es paraSubmiss\u00e3o Diretrizes para Autores Pol\u00edticas Editoriais &nbsp;1. A estrutura\u00e7\u00e3o e disposi\u00e7\u00e3o do texto1.1. T\u00edtulo: centralizado, em negrito, caixa alta e fonte Arial \u2013 tamanho 12.1.2. Autor e coautores: nome(s) por extenso, uma linha abaixo do t\u00edtulo, com alinhamento \u00e0 direita, em negrito, indicando em nota de rodap\u00e9 a titula\u00e7\u00e3o, institui\u00e7\u00e3o, [&hellip;]<\/p>\n","protected":false},"author":1,"featured_media":12959,"parent":4085,"menu_order":0,"comment_status":"closed","ping_status":"closed","template":"","meta":{"footnotes":""},"class_list":["post-4089","page","type-page","status-publish","has-post-thumbnail","hentry"],"_links":{"self":[{"href":"https:\/\/urisaoluiz.com.br\/site\/wp-json\/wp\/v2\/pages\/4089","targetHints":{"allow":["GET"]}}],"collection":[{"href":"https:\/\/urisaoluiz.com.br\/site\/wp-json\/wp\/v2\/pages"}],"about":[{"href":"https:\/\/urisaoluiz.com.br\/site\/wp-json\/wp\/v2\/types\/page"}],"author":[{"embeddable":true,"href":"https:\/\/urisaoluiz.com.br\/site\/wp-json\/wp\/v2\/users\/1"}],"replies":[{"embeddable":true,"href":"https:\/\/urisaoluiz.com.br\/site\/wp-json\/wp\/v2\/comments?post=4089"}],"version-history":[{"count":0,"href":"https:\/\/urisaoluiz.com.br\/site\/wp-json\/wp\/v2\/pages\/4089\/revisions"}],"up":[{"embeddable":true,"href":"https:\/\/urisaoluiz.com.br\/site\/wp-json\/wp\/v2\/pages\/4085"}],"wp:featuredmedia":[{"embeddable":true,"href":"https:\/\/urisaoluiz.com.br\/site\/wp-json\/wp\/v2\/media\/12959"}],"wp:attachment":[{"href":"https:\/\/urisaoluiz.com.br\/site\/wp-json\/wp\/v2\/media?parent=4089"}],"curies":[{"name":"wp","href":"https:\/\/api.w.org\/{rel}","templated":true}]}}