{"id":4091,"date":"2016-10-19T10:09:08","date_gmt":"2016-10-19T13:09:08","guid":{"rendered":"http:\/\/urisaoluiz.com.br\/site\/?page_id=4091"},"modified":"2018-02-13T17:34:01","modified_gmt":"2018-02-13T20:34:01","slug":"equipe","status":"publish","type":"page","link":"https:\/\/urisaoluiz.com.br\/site\/ricadi\/equipe\/","title":{"rendered":"Equipe"},"content":{"rendered":"<div id=\"dslc-main\">\n\t\t<div  class=\"dslc-modules-section  dslc-no-columns-spacing \" style=\"padding-bottom:0px;padding-top:0px;padding-left:3%;padding-right:3%;background-repeat:no-repeat;background-position:center top;\" data-section-id=\"f46f9547f81\">\n\t\t\t\t\n\t\t\t\t\n\t\t\t\t<div class=\"dslc-modules-section-wrapper dslc-clearfix\"><div class=\"dslc-modules-area dslc-col dslc-12-col dslc-last-col\" data-size=\"12\" data-valign=\"\">\n\t\t<div id=\"dslc-module-1632\" class=\"dslc-module-front dslc-module-DSLC_Text_Simple dslc-in-viewport-check dslc-in-viewport-anim-none  dslc-col dslc-12-col dslc-last-col  dslc-module-handle-like-regular \" data-module-id=\"1632\" data-module=\"DSLC_Text_Simple\" data-dslc-module-size=\"12\" data-dslc-anim=\"none\" data-dslc-anim-delay=\"0\" data-dslc-anim-duration=\"650\"  data-dslc-anim-easing=\"ease\" data-dslc-preset=\"none\" >\n\n\t\t\t\n\t\t\t\n\t\t\r\n\t\t<div class=\"dslc-text-module-content\">\r\n\t\t\t<p>Revista RICADI<\/p>\t\t<\/div>\r\n\r\n\t\t\n\t\t\t\t<\/div><!-- .dslc-module -->\n\t\t<\/div><div class=\"dslc-modules-area dslc-col dslc-1-col dslc-first-col\" data-size=\"1\" data-valign=\"\"><\/div><div class=\"dslc-modules-area dslc-col dslc-2-col \" data-size=\"2\" data-valign=\"\">\n\t\t<div id=\"dslc-module-1633\" class=\"dslc-module-front dslc-module-DSLC_Button dslc-in-viewport-check dslc-in-viewport-anim-none  dslc-col dslc-12-col dslc-last-col  dslc-module-handle-like-regular \" data-module-id=\"1633\" data-module=\"DSLC_Button\" data-dslc-module-size=\"12\" data-dslc-anim=\"none\" data-dslc-anim-delay=\"0\" data-dslc-anim-duration=\"650\"  data-dslc-anim-easing=\"ease\" data-dslc-preset=\"none\" >\n\n\t\t\t\n\t\t\t\n\t\t\r\n\t\t\t<div class=\"dslc-button\">\r\n\t\t\t\t\t\t\t\t\t<a href=\"http:\/\/urisaoluiz.com.br\/site\/ricadi\/\" target=\"_self\"  onClick=\"\" class=\"\">\r\n\t\t\t\t\t\t\t\t\t\t\t\t\t\t\t\t\t\t\t<span>Apresenta\u00e7\u00e3o<\/span>\r\n\t\t\t\t\t\t\t\t\t\t\t\t\t\t\t\t\t<\/a>\r\n\t\t\t\t\t\t\t<\/div><!-- .dslc-button -->\r\n\r\n\r\n\t\t\t\t\t\t\n\t\t\t\t<\/div><!-- .dslc-module -->\n\t\t\n\t\t<div id=\"dslc-module-1634\" class=\"dslc-module-front dslc-module-DSLC_Button dslc-in-viewport-check dslc-in-viewport-anim-none  dslc-col dslc-12-col dslc-last-col  dslc-module-handle-like-regular \" data-module-id=\"1634\" data-module=\"DSLC_Button\" data-dslc-module-size=\"12\" data-dslc-anim=\"none\" data-dslc-anim-delay=\"0\" data-dslc-anim-duration=\"650\"  data-dslc-anim-easing=\"ease\" data-dslc-preset=\"none\" >\n\n\t\t\t\n\t\t\t\n\t\t\r\n\t\t\t<div class=\"dslc-button\">\r\n\t\t\t\t\t\t\t\t\t<a href=\"http:\/\/urisaoluiz.com.br\/site\/ricadi\/equipe\/\" target=\"_self\"  onClick=\"\" class=\"\">\r\n\t\t\t\t\t\t\t\t\t\t\t\t\t\t\t\t\t\t\t<span>Equipe<\/span>\r\n\t\t\t\t\t\t\t\t\t\t\t\t\t\t\t\t\t<\/a>\r\n\t\t\t\t\t\t\t<\/div><!-- .dslc-button -->\r\n\r\n\r\n\t\t\t\t\t\t\n\t\t\t\t<\/div><!-- .dslc-module -->\n\t\t\n\t\t<div id=\"dslc-module-1635\" class=\"dslc-module-front dslc-module-DSLC_Button dslc-in-viewport-check dslc-in-viewport-anim-none  dslc-col dslc-12-col dslc-last-col  dslc-module-handle-like-regular \" data-module-id=\"1635\" data-module=\"DSLC_Button\" data-dslc-module-size=\"12\" data-dslc-anim=\"none\" data-dslc-anim-delay=\"0\" data-dslc-anim-duration=\"650\"  data-dslc-anim-easing=\"ease\" data-dslc-preset=\"none\" >\n\n\t\t\t\n\t\t\t\n\t\t\r\n\t\t\t<div class=\"dslc-button\">\r\n\t\t\t\t\t\t\t\t\t<a href=\"http:\/\/urisaoluiz.com.br\/site\/ricadi\/condicoes-para-submissao\/\" target=\"_self\"  onClick=\"\" class=\"\">\r\n\t\t\t\t\t\t\t\t\t\t\t\t\t\t\t\t\t\t\t<span>Condi\u00e7\u00f5es para<br>Submiss\u00e3o<br><\/span>\r\n\t\t\t\t\t\t\t\t\t\t\t\t\t\t\t\t\t<\/a>\r\n\t\t\t\t\t\t\t<\/div><!-- .dslc-button -->\r\n\r\n\r\n\t\t\t\t\t\t\n\t\t\t\t<\/div><!-- .dslc-module -->\n\t\t\n\t\t<div id=\"dslc-module-1636\" class=\"dslc-module-front dslc-module-DSLC_Button dslc-in-viewport-check dslc-in-viewport-anim-none  dslc-col dslc-12-col dslc-last-col  dslc-module-handle-like-regular \" data-module-id=\"1636\" data-module=\"DSLC_Button\" data-dslc-module-size=\"12\" data-dslc-anim=\"none\" data-dslc-anim-delay=\"0\" data-dslc-anim-duration=\"650\"  data-dslc-anim-easing=\"ease\" data-dslc-preset=\"none\" >\n\n\t\t\t\n\t\t\t\n\t\t\r\n\t\t\t<div class=\"dslc-button\">\r\n\t\t\t\t\t\t\t\t\t<a href=\"http:\/\/urisaoluiz.com.br\/site\/ricadi\/diretrizes-para-autores\/\" target=\"_self\"  onClick=\"\" class=\"\">\r\n\t\t\t\t\t\t\t\t\t\t\t\t\t\t\t\t\t\t\t<span>Diretrizes para Autores<\/span>\r\n\t\t\t\t\t\t\t\t\t\t\t\t\t\t\t\t\t<\/a>\r\n\t\t\t\t\t\t\t<\/div><!-- .dslc-button -->\r\n\r\n\r\n\t\t\t\t\t\t\n\t\t\t\t<\/div><!-- .dslc-module -->\n\t\t\n\t\t<div id=\"dslc-module-1654\" class=\"dslc-module-front dslc-module-DSLC_Button dslc-in-viewport-check dslc-in-viewport-anim-none  dslc-col dslc-12-col dslc-last-col  dslc-module-handle-like-regular \" data-module-id=\"1654\" data-module=\"DSLC_Button\" data-dslc-module-size=\"12\" data-dslc-anim=\"none\" data-dslc-anim-delay=\"0\" data-dslc-anim-duration=\"650\"  data-dslc-anim-easing=\"ease\" data-dslc-preset=\"none\" >\n\n\t\t\t\n\t\t\t\n\t\t\r\n\t\t\t<div class=\"dslc-button\">\r\n\t\t\t\t\t\t\t\t\t<a href=\"http:\/\/urisaoluiz.com.br\/site\/ricadi\/politicas-editoriais\/\" target=\"_self\"  onClick=\"\" class=\"\">\r\n\t\t\t\t\t\t\t\t\t\t\t\t\t\t\t\t\t\t\t<span>Pol\u00edticas Editoriais<br><\/span>\r\n\t\t\t\t\t\t\t\t\t\t\t\t\t\t\t\t\t<\/a>\r\n\t\t\t\t\t\t\t<\/div><!-- .dslc-button -->\r\n\r\n\r\n\t\t\t\t\t\t\n\t\t\t\t<\/div><!-- .dslc-module -->\n\t\t<\/div><div class=\"dslc-modules-area dslc-col dslc-1-col \" data-size=\"1\" data-valign=\"\"><\/div><div class=\"dslc-modules-area dslc-col dslc-8-col dslc-last-col\" data-size=\"8\" data-valign=\"\">\n\t\t<div id=\"dslc-module-1637\" class=\"dslc-module-front dslc-module-DSLC_Text_Simple dslc-in-viewport-check dslc-in-viewport-anim-none  dslc-col dslc-12-col dslc-last-col  dslc-module-handle-like-regular \" data-module-id=\"1637\" data-module=\"DSLC_Text_Simple\" data-dslc-module-size=\"12\" data-dslc-anim=\"none\" data-dslc-anim-delay=\"0\" data-dslc-anim-duration=\"650\"  data-dslc-anim-easing=\"ease\" data-dslc-preset=\"none\" >\n\n\t\t\t\n\t\t\t\n\t\t\r\n\t\t<div class=\"dslc-text-module-content\">\r\n\t\t\t<p>\u00a0<\/p><ol><li><strong> Equipe editorial<\/strong><\/li><\/ol><p>\u00a0<\/p><p><strong>E<\/strong><strong>stela Steinke<\/strong>, Universidade Regional Integrada do Alto Uruguai e das Miss\u00f5es, URI- SLG, S\u00e3o Luiz Gonzaga, Brasil.<\/p><p>\u00a0<\/p><p><strong>C<\/strong><strong>ristiane Menna Barreto Azambuja<\/strong>, Universidade Regional Integrada do Alto Uruguai e das Miss\u00f5es, URI-SLG, S\u00e3o Luiz Gonzaga, Brasil.<\/p><p>\u00a0<\/p><p>\u00a0<\/p><ol start=\"2\"><li><strong> Conselho cient\u00edfico nacional e internacional<\/strong><\/li><\/ol><p>\u00a0<\/p><p><strong>Andressa Schaurich dos Santos<\/strong>, Faculdade Integrada de Santa Maria, FISMA, Santa<\/p><p>Maria, Brasil.<\/p><p>\u00a0<\/p><p><strong>B<\/strong><strong>runa Avila Wiethan<\/strong>, Universidade Regional Integrada do Alto Uruguai e das Miss\u00f5es, URI-SLG, S\u00e3o Luiz Gonzaga, Brasil.<\/p><p>\u00a0<\/p><p><strong>C<\/strong><strong>l<\/strong><strong>\u00e1udia De Freitas Michelin<\/strong>, Universidade Luterana do Brasil - ULBRA \u2013 Cachoeira do<\/p><p>Sul\/Santa Maria, Brasil.<\/p><p>\u00a0<\/p><p><strong>Daniel Knebel Baggio<\/strong>, Universidade Regional do Noroeste do Estado do Rio Grande do<\/p><p>Sul, UNIJU\u00cd, Brasil.<\/p><p>\u00a0<\/p><p><strong>Daniela \u00a0Bortoli \u00a0Tomasi<\/strong>, \u00a0Universidade \u00a0Regional \u00a0Integrada \u00a0do \u00a0Alto \u00a0Uruguai \u00a0e \u00a0das<\/p><p>Miss\u00f5es, URI-SLG, S\u00e3o Luiz Gonzaga, \u00a0Brasil.<\/p><p>\u00a0<\/p><p><strong>Gil<\/strong><strong>m<\/strong><strong>ar Ant\u00f4nio Bedin<\/strong>, Universidade Regional do Noroeste do Estado \u00a0do RS, UNIJUI, Brasil.<\/p><p>\u00a0<\/p><p><strong>J<\/strong><strong>o<\/strong><strong>rge Guillermo Odriozola<\/strong>, Universidad Nacional del Nordeste, UNNE, Argentina.<\/p><p>\u00a0<\/p><p><strong>Lucas Almeida dos Santos<\/strong>, Centro Universit\u00e1rio Franciscano, UNIFRA, Santa Maria, Brasil.<\/p><p>\u00a0<\/p><p><strong>Lurdes Marlene Seide Froemming<\/strong>, Universidade Regional do Noroeste do Estado do<\/p><p>Rio Grande do Sul, UNIJU\u00cd, Brasil.<\/p><p>\u00a0<\/p><p><strong>Maiquel \u00c2ngelo Dezordi Wermuth<\/strong>, Universidade do Vale do Rio dos Sinos e Universidade \u00a0Regional \u00a0do\u00a0 Noroeste \u00a0do\u00a0 Estado\u00a0 do\u00a0 Rio \u00a0Grande \u00a0do\u00a0 Sul, \u00a0UNISINOS \u00a0e UNIJU\u00cd, Brasil.<\/p><p>\u00a0<\/p><p><strong>V<\/strong><strong>o<\/strong><strong>ln<\/strong><strong>e<\/strong><strong>i Jos\u00e9 Righi<\/strong>, Univesit\u00e9 Rennes 2 - Fran\u00e7a.<\/p>\t\t<\/div>\r\n\r\n\t\t\n\t\t\t\t<\/div><!-- .dslc-module -->\n\t\t<\/div><\/div><\/div><\/div><input type=\"hidden\" id=\"dslca-post-data-thumb\" value=\"https:\/\/urisaoluiz.com.br\/site\/wp-content\/uploads\/2019\/05\/ImagemPadrao.png\" \/>","protected":false},"excerpt":{"rendered":"<p>Revista RICADI Apresenta\u00e7\u00e3o Equipe Condi\u00e7\u00f5es paraSubmiss\u00e3o Diretrizes para Autores Pol\u00edticas Editoriais \u00a0 Equipe editorial\u00a0Estela Steinke, Universidade Regional Integrada do Alto Uruguai e das Miss\u00f5es, URI- SLG, S\u00e3o Luiz Gonzaga, Brasil.\u00a0Cristiane Menna Barreto Azambuja, Universidade Regional Integrada do Alto Uruguai e das Miss\u00f5es, URI-SLG, S\u00e3o Luiz Gonzaga, Brasil.\u00a0\u00a0 Conselho cient\u00edfico nacional e internacional\u00a0Andressa Schaurich dos Santos, [&hellip;]<\/p>\n","protected":false},"author":1,"featured_media":12959,"parent":4085,"menu_order":0,"comment_status":"closed","ping_status":"closed","template":"","meta":{"footnotes":""},"class_list":["post-4091","page","type-page","status-publish","has-post-thumbnail","hentry"],"_links":{"self":[{"href":"https:\/\/urisaoluiz.com.br\/site\/wp-json\/wp\/v2\/pages\/4091","targetHints":{"allow":["GET"]}}],"collection":[{"href":"https:\/\/urisaoluiz.com.br\/site\/wp-json\/wp\/v2\/pages"}],"about":[{"href":"https:\/\/urisaoluiz.com.br\/site\/wp-json\/wp\/v2\/types\/page"}],"author":[{"embeddable":true,"href":"https:\/\/urisaoluiz.com.br\/site\/wp-json\/wp\/v2\/users\/1"}],"replies":[{"embeddable":true,"href":"https:\/\/urisaoluiz.com.br\/site\/wp-json\/wp\/v2\/comments?post=4091"}],"version-history":[{"count":0,"href":"https:\/\/urisaoluiz.com.br\/site\/wp-json\/wp\/v2\/pages\/4091\/revisions"}],"up":[{"embeddable":true,"href":"https:\/\/urisaoluiz.com.br\/site\/wp-json\/wp\/v2\/pages\/4085"}],"wp:featuredmedia":[{"embeddable":true,"href":"https:\/\/urisaoluiz.com.br\/site\/wp-json\/wp\/v2\/media\/12959"}],"wp:attachment":[{"href":"https:\/\/urisaoluiz.com.br\/site\/wp-json\/wp\/v2\/media?parent=4091"}],"curies":[{"name":"wp","href":"https:\/\/api.w.org\/{rel}","templated":true}]}}