{"id":5002,"date":"2017-03-03T13:59:13","date_gmt":"2017-03-03T16:59:13","guid":{"rendered":"http:\/\/urisaoluiz.com.br\/site\/?page_id=5002"},"modified":"2018-02-13T17:27:22","modified_gmt":"2018-02-13T20:27:22","slug":"observatorio","status":"publish","type":"page","link":"https:\/\/urisaoluiz.com.br\/site\/observatorio\/","title":{"rendered":"Observat\u00f3rio"},"content":{"rendered":"<div id=\"dslc-main\">\n\t\t<div  class=\"dslc-modules-section  dslc-no-columns-spacing \" style=\"padding-bottom:0px;padding-top:0px;padding-left:3%;padding-right:3%;background-repeat:no-repeat;background-position:center top;\" data-section-id=\"5e6a0ddfb8b\">\n\t\t\t\t\n\t\t\t\t\n\t\t\t\t<div class=\"dslc-modules-section-wrapper dslc-clearfix\"><div class=\"dslc-modules-area dslc-col dslc-12-col dslc-last-col\" data-size=\"12\" data-valign=\"\">\n\t\t<div id=\"dslc-module-1785\" class=\"dslc-module-front dslc-module-DSLC_Text_Simple dslc-in-viewport-check dslc-in-viewport-anim-none  dslc-col dslc-12-col dslc-last-col  dslc-module-handle-like-regular \" data-module-id=\"1785\" data-module=\"DSLC_Text_Simple\" data-dslc-module-size=\"12\" data-dslc-anim=\"none\" data-dslc-anim-delay=\"0\" data-dslc-anim-duration=\"650\"  data-dslc-anim-easing=\"ease\" data-dslc-preset=\"none\" >\n\n\t\t\t\n\t\t\t\n\t\t\r\n\t\t<div class=\"dslc-text-module-content\">\r\n\t\t\t<p><a href=\"http:\/\/urisaoluiz.com.br\/site\/wp-content\/uploads\/2017\/03\/17105734_1515227641893282_704433693_n.jpg\" rel=\"attachment wp-att-5004\"><img class=\"alignleft  wp-image-5004\" src=\"http:\/\/urisaoluiz.com.br\/site\/wp-content\/uploads\/2017\/03\/17105734_1515227641893282_704433693_n.jpg\" alt=\"17105734_1515227641893282_704433693_n\" width=\"195\" height=\"196\"><\/a><\/p>\t\t<\/div>\r\n\r\n\t\t\n\t\t\t\t<\/div><!-- .dslc-module -->\n\t\t<\/div><div class=\"dslc-modules-area dslc-col dslc-1-col dslc-first-col\" data-size=\"1\" data-valign=\"\"><\/div><div class=\"dslc-modules-area dslc-col dslc-2-col \" data-size=\"2\" data-valign=\"\">\n\t\t<div id=\"dslc-module-1786\" class=\"dslc-module-front dslc-module-DSLC_Button dslc-in-viewport-check dslc-in-viewport-anim-none  dslc-col dslc-12-col dslc-last-col  dslc-module-handle-like-regular \" data-module-id=\"1786\" data-module=\"DSLC_Button\" data-dslc-module-size=\"12\" data-dslc-anim=\"none\" data-dslc-anim-delay=\"0\" data-dslc-anim-duration=\"650\"  data-dslc-anim-easing=\"ease\" data-dslc-preset=\"none\" >\n\n\t\t\t\n\t\t\t\n\t\t\r\n\t\t\t<div class=\"dslc-button\">\r\n\t\t\t\t\t\t\t\t\t<a href=\"http:\/\/urisaoluiz.com.br\/site\/observatorio\/\" target=\"_self\"  onClick=\"\" class=\"\">\r\n\t\t\t\t\t\t\t\t\t\t\t\t\t\t\t\t\t\t\t<span>Introdu\u00e7\u00e3o<\/span>\r\n\t\t\t\t\t\t\t\t\t\t\t\t\t\t\t\t\t<\/a>\r\n\t\t\t\t\t\t\t<\/div><!-- .dslc-button -->\r\n\r\n\r\n\t\t\t\t\t\t\n\t\t\t\t<\/div><!-- .dslc-module -->\n\t\t\n\t\t<div id=\"dslc-module-1787\" class=\"dslc-module-front dslc-module-DSLC_Button dslc-in-viewport-check dslc-in-viewport-anim-none  dslc-col dslc-12-col dslc-last-col  dslc-module-handle-like-regular \" data-module-id=\"1787\" data-module=\"DSLC_Button\" data-dslc-module-size=\"12\" data-dslc-anim=\"none\" data-dslc-anim-delay=\"0\" data-dslc-anim-duration=\"650\"  data-dslc-anim-easing=\"ease\" data-dslc-preset=\"none\" >\n\n\t\t\t\n\t\t\t\n\t\t\r\n\t\t\t<div class=\"dslc-button\">\r\n\t\t\t\t\t\t\t\t\t<a href=\"http:\/\/urisaoluiz.com.br\/site\/observatorio\/problema-de-pesquisa\/\" target=\"_self\"  onClick=\"\" class=\"\">\r\n\t\t\t\t\t\t\t\t\t\t\t\t\t\t\t\t\t\t\t<span>EmiCult<\/span>\r\n\t\t\t\t\t\t\t\t\t\t\t\t\t\t\t\t\t<\/a>\r\n\t\t\t\t\t\t\t<\/div><!-- .dslc-button -->\r\n\r\n\r\n\t\t\t\t\t\t\n\t\t\t\t<\/div><!-- .dslc-module -->\n\t\t\n\t\t<div id=\"dslc-module-1788\" class=\"dslc-module-front dslc-module-DSLC_Button dslc-in-viewport-check dslc-in-viewport-anim-none  dslc-col dslc-12-col dslc-last-col  dslc-module-handle-like-regular \" data-module-id=\"1788\" data-module=\"DSLC_Button\" data-dslc-module-size=\"12\" data-dslc-anim=\"none\" data-dslc-anim-delay=\"0\" data-dslc-anim-duration=\"650\"  data-dslc-anim-easing=\"ease\" data-dslc-preset=\"none\" >\n\n\t\t\t\n\t\t\t\n\t\t\r\n\t\t\t<div class=\"dslc-button\">\r\n\t\t\t\t\t\t\t\t\t<a href=\"http:\/\/urisaoluiz.com.br\/site\/observatorio\/hipoteses\/\" target=\"_self\"  onClick=\"\" class=\"\">\r\n\t\t\t\t\t\t\t\t\t\t\t\t\t\t\t\t\t\t\t<span>F\u00f3rum Internacional Mulheres<\/span>\r\n\t\t\t\t\t\t\t\t\t\t\t\t\t\t\t\t\t<\/a>\r\n\t\t\t\t\t\t\t<\/div><!-- .dslc-button -->\r\n\r\n\r\n\t\t\t\t\t\t\n\t\t\t\t<\/div><!-- .dslc-module -->\n\t\t\n\t\t<div id=\"dslc-module-92hi24rifkg\" class=\"dslc-module-front dslc-module-DSLC_Button dslc-in-viewport-check dslc-in-viewport-anim-none  dslc-col dslc-12-col dslc-last-col  dslc-module-handle-like-regular \" data-module-id=\"92hi24rifkg\" data-module=\"DSLC_Button\" data-dslc-module-size=\"12\" data-dslc-anim=\"none\" data-dslc-anim-delay=\"0\" data-dslc-anim-duration=\"650\"  data-dslc-anim-easing=\"ease\" data-dslc-preset=\"none\" >\n\n\t\t\t\n\t\t\t\n\t\t\r\n\t\t\t<div class=\"dslc-button\">\r\n\t\t\t\t\t\t\t\t\t<a href=\"http:\/\/urisaoluiz.com.br\/site\/wp-content\/uploads\/2018\/05\/Perfil-Mulher-em-situa\u00e7\u00e3o-de-Viol\u00eancia.pdf\" target=\"_self\"  onClick=\"\" class=\"\">\r\n\t\t\t\t\t\t\t\t\t\t\t\t\t\t\t\t\t\t\t<span>Perfil da Mulher em Situa\u00e7\u00e3o de Viol\u00eancia<\/span>\r\n\t\t\t\t\t\t\t\t\t\t\t\t\t\t\t\t\t<\/a>\r\n\t\t\t\t\t\t\t<\/div><!-- .dslc-button -->\r\n\r\n\r\n\t\t\t\t\t\t\n\t\t\t\t<\/div><!-- .dslc-module -->\n\t\t<\/div><div class=\"dslc-modules-area dslc-col dslc-1-col \" data-size=\"1\" data-valign=\"\"><\/div><div class=\"dslc-modules-area dslc-col dslc-8-col dslc-last-col\" data-size=\"8\" data-valign=\"\">\n\t\t<div id=\"dslc-module-1790\" class=\"dslc-module-front dslc-module-DSLC_Text_Simple dslc-in-viewport-check dslc-in-viewport-anim-none  dslc-col dslc-12-col dslc-last-col  dslc-module-handle-like-regular \" data-module-id=\"1790\" data-module=\"DSLC_Text_Simple\" data-dslc-module-size=\"12\" data-dslc-anim=\"none\" data-dslc-anim-delay=\"0\" data-dslc-anim-duration=\"650\"  data-dslc-anim-easing=\"ease\" data-dslc-preset=\"none\" >\n\n\t\t\t\n\t\t\t\n\t\t\r\n\t\t<div class=\"dslc-text-module-content\">\r\n\t\t\t<p><strong>OBSERVAT\u00d3RIO DE ESTUDOS CULTURAIS & DIVERSIDADES<\/strong><\/p><p>O Observat\u00f3rio de Estudos Culturais & Diversidades foi implantado na URI\/S\u00e3o Luiz Gonzaga em agosto de 2016.<\/p><p>\u00a0<\/p><p><strong>Objetivo Geral:<\/strong><\/p><p>Pensar, de forma coletiva e integrada aos professores, acad\u00eamicos, a outras Institui\u00e7\u00f5es de Ensino Superior, Institui\u00e7\u00f5es comunit\u00e1rias\/ escolares, sobre a tem\u00e1tica <strong>Cultura<\/strong> \u00a0refletindo sobre seu significado, sobre os\u00a0 tipos de cultura, o direito \u00e0 cultura, as pol\u00edticas e pr\u00e1ticas culturais e como podemos, juntos - gestores de institui\u00e7\u00f5es culturais- p\u00fablicas ou n\u00e3o - buscar alternativas de desenvolvimento cultural para a comunidade acad\u00eamica e regional.<\/p><p><strong>\u00a0\u00a0\u00a0\u00a0\u00a0\u00a0\u00a0\u00a0\u00a0\u00a0\u00a0 <\/strong><\/p><p><strong>Objetivos Espec\u00edficos:<\/strong><\/p><p>- Incentivar a pesquisa e a extens\u00e3o na \u00e1rea cultural.<\/p><p>- Desenvolver, em parceria com pesquisadores e extensionistas de Institui\u00e7\u00f5es de Ensino Superior parceiras, projetos e a\u00e7\u00f5es que objetivem o estudo da cultural local e regional de forma transdisciplinar.<\/p><p>- Democratizar a gest\u00e3o da cultura em diferentes \u00e2mbitos atrav\u00e9s da promo\u00e7\u00e3o de parcerias com Institui\u00e7\u00f5es culturais, comunidade e Institui\u00e7\u00f5es de Ensino Superior.<\/p><p>- Promover, de forma participativa e plural, a an\u00e1lises dos elementos culturais.<\/p><p>- Planejar e executar, de forma participativa e coletiva, objetivos, diretrizes, estrat\u00e9gias e a\u00e7\u00f5es culturais municipais e regionais.<\/p><p>- Realizar eventos e debates baseado na realidade cultural missioneira e nos anseios da popula\u00e7\u00e3o acad\u00eamica definindo-se diretrizes e programas que valorizem a identidade local e promovam o desenvolvimento cultural, humanizado e inovador.<\/p>\t\t<\/div>\r\n\r\n\t\t\n\t\t\t\t<\/div><!-- .dslc-module -->\n\t\t<\/div><\/div><\/div><\/div><input type=\"hidden\" id=\"dslca-post-data-thumb\" value=\"https:\/\/urisaoluiz.com.br\/site\/wp-content\/uploads\/2019\/05\/ImagemPadrao.png\" \/>","protected":false},"excerpt":{"rendered":"<p>Introdu\u00e7\u00e3o EmiCult F\u00f3rum Internacional Mulheres Perfil da Mulher em Situa\u00e7\u00e3o de Viol\u00eancia OBSERVAT\u00d3RIO DE ESTUDOS CULTURAIS &#038; DIVERSIDADESO Observat\u00f3rio de Estudos Culturais &#038; Diversidades foi implantado na URI\/S\u00e3o Luiz Gonzaga em agosto de 2016.\u00a0Objetivo Geral:Pensar, de forma coletiva e integrada aos professores, acad\u00eamicos, a outras Institui\u00e7\u00f5es de Ensino Superior, Institui\u00e7\u00f5es comunit\u00e1rias\/ escolares, sobre a tem\u00e1tica [&hellip;]<\/p>\n","protected":false},"author":1,"featured_media":12959,"parent":0,"menu_order":0,"comment_status":"closed","ping_status":"closed","template":"","meta":{"footnotes":""},"class_list":["post-5002","page","type-page","status-publish","has-post-thumbnail","hentry"],"_links":{"self":[{"href":"https:\/\/urisaoluiz.com.br\/site\/wp-json\/wp\/v2\/pages\/5002","targetHints":{"allow":["GET"]}}],"collection":[{"href":"https:\/\/urisaoluiz.com.br\/site\/wp-json\/wp\/v2\/pages"}],"about":[{"href":"https:\/\/urisaoluiz.com.br\/site\/wp-json\/wp\/v2\/types\/page"}],"author":[{"embeddable":true,"href":"https:\/\/urisaoluiz.com.br\/site\/wp-json\/wp\/v2\/users\/1"}],"replies":[{"embeddable":true,"href":"https:\/\/urisaoluiz.com.br\/site\/wp-json\/wp\/v2\/comments?post=5002"}],"version-history":[{"count":0,"href":"https:\/\/urisaoluiz.com.br\/site\/wp-json\/wp\/v2\/pages\/5002\/revisions"}],"wp:featuredmedia":[{"embeddable":true,"href":"https:\/\/urisaoluiz.com.br\/site\/wp-json\/wp\/v2\/media\/12959"}],"wp:attachment":[{"href":"https:\/\/urisaoluiz.com.br\/site\/wp-json\/wp\/v2\/media?parent=5002"}],"curies":[{"name":"wp","href":"https:\/\/api.w.org\/{rel}","templated":true}]}}