{"id":6815,"date":"2017-07-17T15:10:52","date_gmt":"2017-07-17T18:10:52","guid":{"rendered":"http:\/\/urisaoluiz.com.br\/site\/?page_id=6815"},"modified":"2018-02-13T17:35:08","modified_gmt":"2018-02-13T20:35:08","slug":"diretrizes-para-autores","status":"publish","type":"page","link":"https:\/\/urisaoluiz.com.br\/site\/saude-e-ciencia-em-movimento\/diretrizes-para-autores\/","title":{"rendered":"Diretrizes para Autores"},"content":{"rendered":"<div id=\"dslc-main\">\n\t\t<div  class=\"dslc-modules-section  dslc-init-parallax \" style=\"padding-bottom:40px;padding-top:40px;background-color:#156892;background-image:url();background-position:center center;background-attachment:parallax;background-size:cover;border-color:#ec268f;border-top-style: hidden; border-right-style: hidden; border-bottom-style: hidden; border-left-style: hidden; \" data-section-id=\"80de435c236\">\n\t\t\t\t<div class=\"dslc-bg-video dslc-force-show\"><div class=\"dslc-bg-video-overlay\" style=\"background-color:#156892; opacity:0.7; \"><\/div><\/div>\n\t\t\t\t\n\t\t\t\t<div class=\"dslc-modules-section-wrapper dslc-clearfix\"><div class=\"dslc-modules-area dslc-col dslc-12-col dslc-last-col\" data-size=\"12\" data-valign=\"\">\n\t\t<div id=\"dslc-module-e4d2f574058\" class=\"dslc-module-front dslc-module-DSLC_TP_Title dslc-in-viewport-check dslc-in-viewport-anim-none  dslc-col dslc-12-col dslc-last-col  dslc-module-handle-like-regular \" data-module-id=\"e4d2f574058\" data-module=\"DSLC_TP_Title\" data-dslc-module-size=\"12\" data-dslc-anim=\"none\" data-dslc-anim-delay=\"0\" data-dslc-anim-duration=\"650\"  data-dslc-anim-easing=\"ease\" data-dslc-preset=\"none\" >\n\n\t\t\t\n\t\t\t\n\t\t\r\n\t\t\t\t<div class=\"dslc-tp-title\"><h1>Diretrizes para Autores<\/h1><\/div>\r\n\r\n\t\t\t\n\t\t\t\t<\/div><!-- .dslc-module -->\n\t\t<\/div><\/div><\/div>\n\t\t<div  class=\"dslc-modules-section \" style=\"padding-bottom:10px;padding-top:10px;background-color:#ec268f;\" data-section-id=\"a55281bb070\">\n\t\t\t\t\n\t\t\t\t\n\t\t\t\t<div class=\"dslc-modules-section-wrapper dslc-clearfix\"><div class=\"dslc-modules-area dslc-col dslc-2-col dslc-first-col\" data-size=\"2\" data-valign=\"\">\n\t\t<div id=\"dslc-module-8d748e471c8\" class=\"dslc-module-front dslc-module-DSLC_Button dslc-in-viewport-check dslc-in-viewport-anim-none  dslc-col dslc-12-col dslc-last-col  dslc-module-handle-like-regular \" data-module-id=\"8d748e471c8\" data-module=\"DSLC_Button\" data-dslc-module-size=\"12\" data-dslc-anim=\"none\" data-dslc-anim-delay=\"0\" data-dslc-anim-duration=\"650\"  data-dslc-anim-easing=\"ease\" data-dslc-preset=\"none\" >\n\n\t\t\t\n\t\t\t\n\t\t\r\n\t\t\t<div class=\"dslc-button\">\r\n\t\t\t\t\t\t\t\t\t<a href=\"https:\/\/urisaoluiz.com.br\/site\/saude-e-ciencia-em-movimento\/\" target=\"_self\"  onClick=\"\" class=\"\">\r\n\t\t\t\t\t\t\t\t\t\t\t\t\t\t\t\t\t\t\t<span>Apresenta\u00e7\u00e3o<\/span>\r\n\t\t\t\t\t\t\t\t\t\t\t\t\t\t\t\t\t<\/a>\r\n\t\t\t\t\t\t\t<\/div><!-- .dslc-button -->\r\n\r\n\r\n\t\t\t\t\t\t\n\t\t\t\t<\/div><!-- .dslc-module -->\n\t\t<\/div><div class=\"dslc-modules-area dslc-col dslc-2-col \" data-size=\"2\" data-valign=\"\">\n\t\t<div id=\"dslc-module-4cc65631ae7\" class=\"dslc-module-front dslc-module-DSLC_Button dslc-in-viewport-check dslc-in-viewport-anim-none  dslc-col dslc-12-col dslc-last-col  dslc-module-handle-like-regular \" data-module-id=\"4cc65631ae7\" data-module=\"DSLC_Button\" data-dslc-module-size=\"12\" data-dslc-anim=\"none\" data-dslc-anim-delay=\"0\" data-dslc-anim-duration=\"650\"  data-dslc-anim-easing=\"ease\" data-dslc-preset=\"none\" >\n\n\t\t\t\n\t\t\t\n\t\t\r\n\t\t\t<div class=\"dslc-button\">\r\n\t\t\t\t\t\t\t\t\t<a href=\"https:\/\/urisaoluiz.com.br\/site\/saude-e-ciencia-em-movimento\/condicoes_para_submissao\/\" target=\"_self\"  onClick=\"\" class=\"\">\r\n\t\t\t\t\t\t\t\t\t\t\t\t\t\t\t\t\t\t\t<span>Condi\u00e7\u00f5es para Submiss\u00e3o<\/span>\r\n\t\t\t\t\t\t\t\t\t\t\t\t\t\t\t\t\t<\/a>\r\n\t\t\t\t\t\t\t<\/div><!-- .dslc-button -->\r\n\r\n\r\n\t\t\t\t\t\t\n\t\t\t\t<\/div><!-- .dslc-module -->\n\t\t<\/div><div class=\"dslc-modules-area dslc-col dslc-2-col \" data-size=\"2\" data-valign=\"\">\n\t\t<div id=\"dslc-module-b8d2e3c2bd1\" class=\"dslc-module-front dslc-module-DSLC_Button dslc-in-viewport-check dslc-in-viewport-anim-none  dslc-col dslc-12-col dslc-last-col  dslc-module-handle-like-regular \" data-module-id=\"b8d2e3c2bd1\" data-module=\"DSLC_Button\" data-dslc-module-size=\"12\" data-dslc-anim=\"none\" data-dslc-anim-delay=\"0\" data-dslc-anim-duration=\"650\"  data-dslc-anim-easing=\"ease\" data-dslc-preset=\"none\" >\n\n\t\t\t\n\t\t\t\n\t\t\r\n\t\t\t<div class=\"dslc-button\">\r\n\t\t\t\t\t\t\t\t\t<a href=\"https:\/\/urisaoluiz.com.br\/site\/saude-e-ciencia-em-movimento\/diretrizes-para-autores\/\" target=\"_self\"  onClick=\"\" class=\"\">\r\n\t\t\t\t\t\t\t\t\t\t\t\t\t\t\t\t\t\t\t<span>Diretrizes para Autores<\/span>\r\n\t\t\t\t\t\t\t\t\t\t\t\t\t\t\t\t\t<\/a>\r\n\t\t\t\t\t\t\t<\/div><!-- .dslc-button -->\r\n\r\n\r\n\t\t\t\t\t\t\n\t\t\t\t<\/div><!-- .dslc-module -->\n\t\t<\/div><div class=\"dslc-modules-area dslc-col dslc-2-col \" data-size=\"2\" data-valign=\"\">\n\t\t<div id=\"dslc-module-5ec2b1b9ec2\" class=\"dslc-module-front dslc-module-DSLC_Button dslc-in-viewport-check dslc-in-viewport-anim-none  dslc-col dslc-12-col dslc-last-col  dslc-module-handle-like-regular \" data-module-id=\"5ec2b1b9ec2\" data-module=\"DSLC_Button\" data-dslc-module-size=\"12\" data-dslc-anim=\"none\" data-dslc-anim-delay=\"0\" data-dslc-anim-duration=\"650\"  data-dslc-anim-easing=\"ease\" data-dslc-preset=\"none\" >\n\n\t\t\t\n\t\t\t\n\t\t\r\n\t\t\t<div class=\"dslc-button\">\r\n\t\t\t\t\t\t\t\t\t<a href=\"https:\/\/urisaoluiz.com.br\/site\/saude-e-ciencia-em-movimento\/politicas-editoriais\/\" target=\"_self\"  onClick=\"\" class=\"\">\r\n\t\t\t\t\t\t\t\t\t\t\t\t\t\t\t\t\t\t\t<span>Pol\u00edticas Editoriais<\/span>\r\n\t\t\t\t\t\t\t\t\t\t\t\t\t\t\t\t\t<\/a>\r\n\t\t\t\t\t\t\t<\/div><!-- .dslc-button -->\r\n\r\n\r\n\t\t\t\t\t\t\n\t\t\t\t<\/div><!-- .dslc-module -->\n\t\t<\/div><div class=\"dslc-modules-area dslc-col dslc-2-col \" data-size=\"2\" data-valign=\"\">\n\t\t<div id=\"dslc-module-b2d6f6cd1dd\" class=\"dslc-module-front dslc-module-DSLC_Button dslc-in-viewport-check dslc-in-viewport-anim-none  dslc-col dslc-12-col dslc-last-col  dslc-module-handle-like-regular \" data-module-id=\"b2d6f6cd1dd\" data-module=\"DSLC_Button\" data-dslc-module-size=\"12\" data-dslc-anim=\"none\" data-dslc-anim-delay=\"0\" data-dslc-anim-duration=\"650\"  data-dslc-anim-easing=\"ease\" data-dslc-preset=\"none\" >\n\n\t\t\t\n\t\t\t\n\t\t\r\n\t\t\t<div class=\"dslc-button\">\r\n\t\t\t\t\t\t\t\t\t<a href=\"https:\/\/urisaoluiz.com.br\/site\/saude-e-ciencia-em-movimento\/equipe\/\" target=\"_self\"  onClick=\"\" class=\"\">\r\n\t\t\t\t\t\t\t\t\t\t\t\t\t\t\t\t\t\t\t<span>Equipe<\/span>\r\n\t\t\t\t\t\t\t\t\t\t\t\t\t\t\t\t\t<\/a>\r\n\t\t\t\t\t\t\t<\/div><!-- .dslc-button -->\r\n\r\n\r\n\t\t\t\t\t\t\n\t\t\t\t<\/div><!-- .dslc-module -->\n\t\t<\/div><div class=\"dslc-modules-area dslc-col dslc-2-col dslc-last-col\" data-size=\"2\" data-valign=\"\">\n\t\t<div id=\"dslc-module-f033a0c4833\" class=\"dslc-module-front dslc-module-DSLC_Button dslc-in-viewport-check dslc-in-viewport-anim-none  dslc-col dslc-12-col dslc-last-col  dslc-module-handle-like-regular \" data-module-id=\"f033a0c4833\" data-module=\"DSLC_Button\" data-dslc-module-size=\"12\" data-dslc-anim=\"none\" data-dslc-anim-delay=\"0\" data-dslc-anim-duration=\"650\"  data-dslc-anim-easing=\"ease\" data-dslc-preset=\"none\" >\n\n\t\t\t\n\t\t\t\n\t\t\r\n\t\t\t<div class=\"dslc-button\">\r\n\t\t\t\t\t\t\t\t\t<a href=\"https:\/\/urisaoluiz.com.br\/site\/saude-e-ciencia-em-movimento\/publicacoes\/\" target=\"_self\"  onClick=\"\" class=\"\">\r\n\t\t\t\t\t\t\t\t\t\t\t\t\t\t\t\t\t\t\t<span>Publica\u00e7\u00f5es<\/span>\r\n\t\t\t\t\t\t\t\t\t\t\t\t\t\t\t\t\t<\/a>\r\n\t\t\t\t\t\t\t<\/div><!-- .dslc-button -->\r\n\r\n\r\n\t\t\t\t\t\t\n\t\t\t\t<\/div><!-- .dslc-module -->\n\t\t<\/div><\/div><\/div>\n\t\t<div  class=\"dslc-modules-section  dslc-no-columns-spacing \" style=\"padding-bottom:0px;padding-top:0px;padding-left:3%;padding-right:3%;background-repeat:no-repeat;background-position:center top;\" data-section-id=\"723e42df153\">\n\t\t\t\t\n\t\t\t\t\n\t\t\t\t<div class=\"dslc-modules-section-wrapper dslc-clearfix\"><div class=\"dslc-modules-area dslc-col dslc-12-col dslc-last-col\" data-size=\"12\" data-valign=\"\">\n\t\t<div id=\"dslc-module-58f198d7581\" class=\"dslc-module-front dslc-module-DSLC_Text_Simple dslc-in-viewport-check dslc-in-viewport-anim-none  dslc-col dslc-12-col dslc-last-col  dslc-module-handle-like-regular \" data-module-id=\"58f198d7581\" data-module=\"DSLC_Text_Simple\" data-dslc-module-size=\"12\" data-dslc-anim=\"none\" data-dslc-anim-delay=\"0\" data-dslc-anim-duration=\"650\"  data-dslc-anim-easing=\"ease\" data-dslc-preset=\"none\" >\n\n\t\t\t\n\t\t\t\n\t\t\r\n\t\t<div class=\"dslc-text-module-content\">\r\n\t\t\t<ol><\/ol><p><br data-mce-bogus=\"1\"><\/p><p><strong>OBJETIVOS E ESCOPO<\/strong><\/p><p>\u00a0 \u00a0 \u00a0 A Revista Sa\u00fade e Ci\u00eancia em Movimento \u00e9 um peri\u00f3dico cient\u00edfico de r\u00e1pida<br>editora\u00e7\u00e3o, com o objetivo de divulgar estudos de alta qualidade com foco no<br>desenvolvimento do conhecimento nas \u00e1reas de Educa\u00e7\u00e3o, Ci\u00eancias Biol\u00f3gicas e<br>Ci\u00eancias da Sa\u00fade.<\/p><p><br data-mce-bogus=\"1\"><\/p><p><strong>DIRETRIZES PARA AUTORES<\/strong><\/p><p>\u00a0 \u00a0 \u00a0 O texto deve ser submetido em Word (arquivo doc. ou docx.), vers\u00e3o 2003 ou superior,<br>fonte Times New Roman, tamanho 12, espa\u00e7amento de 1,5 entre linhas e alinhamento<br>justificado. Margens \u00e0 esquerda e superior de 3 cm; direita e inferior de 2 cm. P\u00e1ginas<br>numeradas.<\/p><p><strong><br data-mce-bogus=\"1\"><\/strong><\/p><p><strong>Artigo Cient\u00edfico<\/strong><\/p><p>Detalhes referentes \u00e0s se\u00e7\u00f5es do texto:<br>1. T\u00edtulo: centralizado, em negrito e caixa alta.<br>2. Autor(es): nome(s) por extenso, duas linhas abaixo do t\u00edtulo, com alinhamento \u00e0<br>esquerda, indicando a titula\u00e7\u00e3o, institui\u00e7\u00e3o, grupo de pesquisa e e-mail.<br>3. Resumo e palavras-chave: em p\u00e1gina separada. O resumo deve conter at\u00e9 250<br>palavras, seguido de, no m\u00ednimo, tr\u00eas e, no m\u00e1ximo, cinco palavras-chave separadas por<br>ponto.<br>4. Resumo e palavras-chave em l\u00edngua diferente da utilizada no corpo principal do<br>artigo (Portugu\u00eas, Ingl\u00eas ou Espanhol): em p\u00e1gina separada. O resumo deve conter at\u00e9<br>250 palavras, seguido de, no m\u00ednimo, tr\u00eas e, no m\u00e1ximo, cinco palavras-chave<br>separadas por ponto.<br>5. Elementos Textuais: al\u00e9m de T\u00edtulo, Resumos e Palavras-chave, o Artigo deve conter<br>as seguintes se\u00e7\u00f5es: Introdu\u00e7\u00e3o, Material e M\u00e9todos, Resultados, Discuss\u00e3o, Conclus\u00e3o,<br>Agradecimentos (opcional) e Refer\u00eancias.<br>6. Refer\u00eancias: somente as obras citadas no texto, em ordem alfab\u00e9tica, alinhadas \u00e0<br>margem esquerda, em espa\u00e7o simples e separadas entre si por um espa\u00e7o simples em<br>branco, em conformidade com as Normas da Associa\u00e7\u00e3o Brasileira de Normas T\u00e9cnicas<br>(ABNT) vigentes.<br>Observa\u00e7\u00e3o: resumos publicados em anais de eventos n\u00e3o ser\u00e3o aceitos como literatura<br>de refer\u00eancia.<\/p><p>7. Tabelas: se presentes, devem ser apresentadas no corpo do texto, no local desejado<br>pelo autor.<br>8. Figuras: se presentes, devem ser de alta qualidade. As figuras devem ser<br>apresentadas no corpo do texto, no local desejado pelo autor, respeitando as margens da<br>folha (ver in\u00edcio desta se\u00e7\u00e3o).<br>9. Legendas das tabelas e figuras: as legendas das Tabelas e Figuras devem ser<br>autoexplicativas, ou seja, o leitor n\u00e3o deve precisar recorrer ao texto do Artigo para<br>compreender o conte\u00fado apresentado. As legendas devem ser apresentadas acima das<br>respectivas tabelas e figuras.<\/p><p><strong>Nota Cient\u00edfica:<\/strong><br>O texto deve conter, no m\u00e1ximo, tr\u00eas p\u00e1ginas. As se\u00e7\u00f5es do texto devem ser separadas<br>por uma linha em branco.<br>Detalhes referentes \u00e0s se\u00e7\u00f5es do texto:<br>1. T\u00edtulo: centralizado, em negrito e caixa alta.<br>2. Autor(es): nome(s) por extenso, duas linhas abaixo do t\u00edtulo, com alinhamento \u00e0<br>esquerda, indicando a titula\u00e7\u00e3o, institui\u00e7\u00e3o, grupo de pesquisa e e-mail.<br>3. Elementos Textuais: Introdu\u00e7\u00e3o, Material e M\u00e9todos, Resultados e Discuss\u00e3o,<br>Agradecimentos e Refer\u00eancias.<br>4. Refer\u00eancias: somente as obras citadas no texto, em ordem alfab\u00e9tica, alinhadas \u00e0<br>margem esquerda, em espa\u00e7o simples e separadas entre si por um espa\u00e7o simples em<br>branco, em conformidade com as Normas da Associa\u00e7\u00e3o Brasileira de Normas T\u00e9cnicas<br>(ABNT) vigentes.<br>Observa\u00e7\u00e3o: resumos publicados em anais de eventos n\u00e3o ser\u00e3o aceitos como literatura<br>de refer\u00eancia.<br>5. Tabela e Figuras: a Nota Cient\u00edfica pode conter, no m\u00e1ximo, uma tabela e duas<br>figuras formatadas de acordo com os itens 7, 8 e 9 do Artigo Cient\u00edfico.<\/p><p><br><\/p><p><br data-mce-bogus=\"1\"><\/p><p><br data-mce-bogus=\"1\"><\/p>\t\t<\/div>\r\n\r\n\t\t\n\t\t\t\t<\/div><!-- .dslc-module -->\n\t\t<\/div><\/div><\/div><\/div><input type=\"hidden\" id=\"dslca-post-data-thumb\" value=\"https:\/\/urisaoluiz.com.br\/site\/wp-content\/uploads\/2019\/05\/ImagemPadrao.png\" \/>","protected":false},"excerpt":{"rendered":"<p>Diretrizes para Autores Apresenta\u00e7\u00e3o Condi\u00e7\u00f5es para Submiss\u00e3o Diretrizes para Autores Pol\u00edticas Editoriais Equipe Publica\u00e7\u00f5es OBJETIVOS E ESCOPO\u00a0 \u00a0 \u00a0 A Revista Sa\u00fade e Ci\u00eancia em Movimento \u00e9 um peri\u00f3dico cient\u00edfico de r\u00e1pidaeditora\u00e7\u00e3o, com o objetivo de divulgar estudos de alta qualidade com foco nodesenvolvimento do conhecimento nas \u00e1reas de Educa\u00e7\u00e3o, Ci\u00eancias Biol\u00f3gicas eCi\u00eancias da Sa\u00fade.DIRETRIZES [&hellip;]<\/p>\n","protected":false},"author":1,"featured_media":12959,"parent":6808,"menu_order":0,"comment_status":"closed","ping_status":"closed","template":"","meta":{"footnotes":""},"class_list":["post-6815","page","type-page","status-publish","has-post-thumbnail","hentry"],"_links":{"self":[{"href":"https:\/\/urisaoluiz.com.br\/site\/wp-json\/wp\/v2\/pages\/6815","targetHints":{"allow":["GET"]}}],"collection":[{"href":"https:\/\/urisaoluiz.com.br\/site\/wp-json\/wp\/v2\/pages"}],"about":[{"href":"https:\/\/urisaoluiz.com.br\/site\/wp-json\/wp\/v2\/types\/page"}],"author":[{"embeddable":true,"href":"https:\/\/urisaoluiz.com.br\/site\/wp-json\/wp\/v2\/users\/1"}],"replies":[{"embeddable":true,"href":"https:\/\/urisaoluiz.com.br\/site\/wp-json\/wp\/v2\/comments?post=6815"}],"version-history":[{"count":0,"href":"https:\/\/urisaoluiz.com.br\/site\/wp-json\/wp\/v2\/pages\/6815\/revisions"}],"up":[{"embeddable":true,"href":"https:\/\/urisaoluiz.com.br\/site\/wp-json\/wp\/v2\/pages\/6808"}],"wp:featuredmedia":[{"embeddable":true,"href":"https:\/\/urisaoluiz.com.br\/site\/wp-json\/wp\/v2\/media\/12959"}],"wp:attachment":[{"href":"https:\/\/urisaoluiz.com.br\/site\/wp-json\/wp\/v2\/media?parent=6815"}],"curies":[{"name":"wp","href":"https:\/\/api.w.org\/{rel}","templated":true}]}}