{"id":6819,"date":"2017-07-17T15:12:35","date_gmt":"2017-07-17T18:12:35","guid":{"rendered":"http:\/\/urisaoluiz.com.br\/site\/?page_id=6819"},"modified":"2023-01-06T09:07:58","modified_gmt":"2023-01-06T12:07:58","slug":"publicacoes","status":"publish","type":"page","link":"https:\/\/urisaoluiz.com.br\/site\/saude-e-ciencia-em-movimento\/publicacoes\/","title":{"rendered":"Publica\u00e7\u00f5es"},"content":{"rendered":"<div id=\"dslc-main\">\n\t\t<div  class=\"dslc-modules-section  dslc-init-parallax \" style=\"padding-bottom:40px;padding-top:40px;background-color:#156892;background-image:url();background-position:center center;background-attachment:parallax;background-size:cover;border-color:#ec268f;border-top-style: hidden; border-right-style: hidden; border-bottom-style: hidden; border-left-style: hidden; \" data-section-id=\"4e650f13591\">\n\t\t\t\t<div class=\"dslc-bg-video dslc-force-show\"><div class=\"dslc-bg-video-overlay\" style=\"background-color:#156892; opacity:0.7; \"><\/div><\/div>\n\t\t\t\t\n\t\t\t\t<div class=\"dslc-modules-section-wrapper dslc-clearfix\"><div class=\"dslc-modules-area dslc-col dslc-12-col dslc-last-col\" data-size=\"12\" data-valign=\"\">\n\t\t<div id=\"dslc-module-4ba5383520e\" class=\"dslc-module-front dslc-module-DSLC_TP_Title dslc-in-viewport-check dslc-in-viewport-anim-none  dslc-col dslc-12-col dslc-last-col  dslc-module-handle-like-regular \" data-module-id=\"4ba5383520e\" data-module=\"DSLC_TP_Title\" data-dslc-module-size=\"12\" data-dslc-anim=\"none\" data-dslc-anim-delay=\"0\" data-dslc-anim-duration=\"650\"  data-dslc-anim-easing=\"ease\" data-dslc-preset=\"none\" >\n\n\t\t\t\n\t\t\t\n\t\t\r\n\t\t\t\t<div class=\"dslc-tp-title\"><h1>Publica\u00e7\u00f5es<\/h1><\/div>\r\n\r\n\t\t\t\n\t\t\t\t<\/div><!-- .dslc-module -->\n\t\t<\/div><\/div><\/div>\n\t\t<div  class=\"dslc-modules-section \" style=\"padding-bottom:10px;padding-top:10px;background-color:#ec268f;\" data-section-id=\"4ac1b41f479\">\n\t\t\t\t\n\t\t\t\t\n\t\t\t\t<div class=\"dslc-modules-section-wrapper dslc-clearfix\"><div class=\"dslc-modules-area dslc-col dslc-2-col dslc-first-col\" data-size=\"2\" data-valign=\"\">\n\t\t<div id=\"dslc-module-be6f0da0333\" class=\"dslc-module-front dslc-module-DSLC_Button dslc-in-viewport-check dslc-in-viewport-anim-none  dslc-col dslc-12-col dslc-last-col  dslc-module-handle-like-regular \" data-module-id=\"be6f0da0333\" data-module=\"DSLC_Button\" data-dslc-module-size=\"12\" data-dslc-anim=\"none\" data-dslc-anim-delay=\"0\" data-dslc-anim-duration=\"650\"  data-dslc-anim-easing=\"ease\" data-dslc-preset=\"none\" >\n\n\t\t\t\n\t\t\t\n\t\t\r\n\t\t\t<div class=\"dslc-button\">\r\n\t\t\t\t\t\t\t\t\t<a href=\"https:\/\/urisaoluiz.com.br\/site\/saude-e-ciencia-em-movimento\/\" target=\"_self\"  onClick=\"\" class=\"\">\r\n\t\t\t\t\t\t\t\t\t\t\t\t\t\t\t\t\t\t\t<span>Apresenta\u00e7\u00e3o<\/span>\r\n\t\t\t\t\t\t\t\t\t\t\t\t\t\t\t\t\t<\/a>\r\n\t\t\t\t\t\t\t<\/div><!-- .dslc-button -->\r\n\r\n\r\n\t\t\t\t\t\t\n\t\t\t\t<\/div><!-- .dslc-module -->\n\t\t<\/div><div class=\"dslc-modules-area dslc-col dslc-2-col \" data-size=\"2\" data-valign=\"\">\n\t\t<div id=\"dslc-module-611de9fffc5\" class=\"dslc-module-front dslc-module-DSLC_Button dslc-in-viewport-check dslc-in-viewport-anim-none  dslc-col dslc-12-col dslc-last-col  dslc-module-handle-like-regular \" data-module-id=\"611de9fffc5\" data-module=\"DSLC_Button\" data-dslc-module-size=\"12\" data-dslc-anim=\"none\" data-dslc-anim-delay=\"0\" data-dslc-anim-duration=\"650\"  data-dslc-anim-easing=\"ease\" data-dslc-preset=\"none\" >\n\n\t\t\t\n\t\t\t\n\t\t\r\n\t\t\t<div class=\"dslc-button\">\r\n\t\t\t\t\t\t\t\t\t<a href=\"https:\/\/urisaoluiz.com.br\/site\/saude-e-ciencia-em-movimento\/condicoes_para_submissao\/\" target=\"_self\"  onClick=\"\" class=\"\">\r\n\t\t\t\t\t\t\t\t\t\t\t\t\t\t\t\t\t\t\t<span>Condi\u00e7\u00f5es para Submiss\u00e3o<\/span>\r\n\t\t\t\t\t\t\t\t\t\t\t\t\t\t\t\t\t<\/a>\r\n\t\t\t\t\t\t\t<\/div><!-- .dslc-button -->\r\n\r\n\r\n\t\t\t\t\t\t\n\t\t\t\t<\/div><!-- .dslc-module -->\n\t\t<\/div><div class=\"dslc-modules-area dslc-col dslc-2-col \" data-size=\"2\" data-valign=\"\">\n\t\t<div id=\"dslc-module-23379365b20\" class=\"dslc-module-front dslc-module-DSLC_Button dslc-in-viewport-check dslc-in-viewport-anim-none  dslc-col dslc-12-col dslc-last-col  dslc-module-handle-like-regular \" data-module-id=\"23379365b20\" data-module=\"DSLC_Button\" data-dslc-module-size=\"12\" data-dslc-anim=\"none\" data-dslc-anim-delay=\"0\" data-dslc-anim-duration=\"650\"  data-dslc-anim-easing=\"ease\" data-dslc-preset=\"none\" >\n\n\t\t\t\n\t\t\t\n\t\t\r\n\t\t\t<div class=\"dslc-button\">\r\n\t\t\t\t\t\t\t\t\t<a href=\"https:\/\/urisaoluiz.com.br\/site\/saude-e-ciencia-em-movimento\/diretrizes-para-autores\/\" target=\"_self\"  onClick=\"\" class=\"\">\r\n\t\t\t\t\t\t\t\t\t\t\t\t\t\t\t\t\t\t\t<span>Diretrizes para Autores<\/span>\r\n\t\t\t\t\t\t\t\t\t\t\t\t\t\t\t\t\t<\/a>\r\n\t\t\t\t\t\t\t<\/div><!-- .dslc-button -->\r\n\r\n\r\n\t\t\t\t\t\t\n\t\t\t\t<\/div><!-- .dslc-module -->\n\t\t<\/div><div class=\"dslc-modules-area dslc-col dslc-2-col \" data-size=\"2\" data-valign=\"\">\n\t\t<div id=\"dslc-module-6cc4531d7c2\" class=\"dslc-module-front dslc-module-DSLC_Button dslc-in-viewport-check dslc-in-viewport-anim-none  dslc-col dslc-12-col dslc-last-col  dslc-module-handle-like-regular \" data-module-id=\"6cc4531d7c2\" data-module=\"DSLC_Button\" data-dslc-module-size=\"12\" data-dslc-anim=\"none\" data-dslc-anim-delay=\"0\" data-dslc-anim-duration=\"650\"  data-dslc-anim-easing=\"ease\" data-dslc-preset=\"none\" >\n\n\t\t\t\n\t\t\t\n\t\t\r\n\t\t\t<div class=\"dslc-button\">\r\n\t\t\t\t\t\t\t\t\t<a href=\"https:\/\/urisaoluiz.com.br\/site\/saude-e-ciencia-em-movimento\/politicas-editoriais\/\" target=\"_self\"  onClick=\"\" class=\"\">\r\n\t\t\t\t\t\t\t\t\t\t\t\t\t\t\t\t\t\t\t<span>Pol\u00edticas Editoriais<\/span>\r\n\t\t\t\t\t\t\t\t\t\t\t\t\t\t\t\t\t<\/a>\r\n\t\t\t\t\t\t\t<\/div><!-- .dslc-button -->\r\n\r\n\r\n\t\t\t\t\t\t\n\t\t\t\t<\/div><!-- .dslc-module -->\n\t\t<\/div><div class=\"dslc-modules-area dslc-col dslc-2-col \" data-size=\"2\" data-valign=\"\">\n\t\t<div id=\"dslc-module-22acc230a26\" class=\"dslc-module-front dslc-module-DSLC_Button dslc-in-viewport-check dslc-in-viewport-anim-none  dslc-col dslc-12-col dslc-last-col  dslc-module-handle-like-regular \" data-module-id=\"22acc230a26\" data-module=\"DSLC_Button\" data-dslc-module-size=\"12\" data-dslc-anim=\"none\" data-dslc-anim-delay=\"0\" data-dslc-anim-duration=\"650\"  data-dslc-anim-easing=\"ease\" data-dslc-preset=\"none\" >\n\n\t\t\t\n\t\t\t\n\t\t\r\n\t\t\t<div class=\"dslc-button\">\r\n\t\t\t\t\t\t\t\t\t<a href=\"https:\/\/urisaoluiz.com.br\/site\/saude-e-ciencia-em-movimento\/equipe\/\" target=\"_self\"  onClick=\"\" class=\"\">\r\n\t\t\t\t\t\t\t\t\t\t\t\t\t\t\t\t\t\t\t<span>Equipe<\/span>\r\n\t\t\t\t\t\t\t\t\t\t\t\t\t\t\t\t\t<\/a>\r\n\t\t\t\t\t\t\t<\/div><!-- .dslc-button -->\r\n\r\n\r\n\t\t\t\t\t\t\n\t\t\t\t<\/div><!-- .dslc-module -->\n\t\t<\/div><div class=\"dslc-modules-area dslc-col dslc-2-col dslc-last-col\" data-size=\"2\" data-valign=\"\">\n\t\t<div id=\"dslc-module-bc6bea69b9f\" class=\"dslc-module-front dslc-module-DSLC_Button dslc-in-viewport-check dslc-in-viewport-anim-none  dslc-col dslc-12-col dslc-last-col  dslc-module-handle-like-regular \" data-module-id=\"bc6bea69b9f\" data-module=\"DSLC_Button\" data-dslc-module-size=\"12\" data-dslc-anim=\"none\" data-dslc-anim-delay=\"0\" data-dslc-anim-duration=\"650\"  data-dslc-anim-easing=\"ease\" data-dslc-preset=\"none\" >\n\n\t\t\t\n\t\t\t\n\t\t\r\n\t\t\t<div class=\"dslc-button\">\r\n\t\t\t\t\t\t\t\t\t<a href=\"https:\/\/urisaoluiz.com.br\/site\/saude-e-ciencia-em-movimento\/publicacoes\/\" target=\"_self\"  onClick=\"\" class=\"\">\r\n\t\t\t\t\t\t\t\t\t\t\t\t\t\t\t\t\t\t\t<span>Publica\u00e7\u00f5es<\/span>\r\n\t\t\t\t\t\t\t\t\t\t\t\t\t\t\t\t\t<\/a>\r\n\t\t\t\t\t\t\t<\/div><!-- .dslc-button -->\r\n\r\n\r\n\t\t\t\t\t\t\n\t\t\t\t<\/div><!-- .dslc-module -->\n\t\t<\/div><\/div><\/div>\n\t\t<div  class=\"dslc-modules-section \" style=\"\" data-section-id=\"e7ae4c4aa10\">\n\t\t\t\t\n\t\t\t\t\n\t\t\t\t<div class=\"dslc-modules-section-wrapper dslc-clearfix\"><div class=\"dslc-modules-area dslc-col dslc-12-col dslc-last-col\" data-size=\"12\" data-valign=\"\">\n\t\t<div id=\"dslc-module-1dc9073ace6\" class=\"dslc-module-front dslc-module-DSLC_Accordion dslc-in-viewport-check dslc-in-viewport-anim-none  dslc-col dslc-12-col dslc-last-col  dslc-module-handle-like-accordion \" data-module-id=\"1dc9073ace6\" data-module=\"DSLC_Accordion\" data-dslc-module-size=\"12\" data-dslc-anim=\"none\" data-dslc-anim-delay=\"0\" data-dslc-anim-duration=\"650\"  data-dslc-anim-easing=\"ease\" data-dslc-preset=\"none\" >\n\n\t\t\t\n\t\t\t\n\t\t\r\n\t\t\t\t<div class=\"dslc-accordion\" data-open=\"1\">\r\n\r\n\t\t\t\t\t\r\n\t\t\t\t\t\t\r\n\t\t\t\t\t\t\t<div class=\"dslc-accordion-item\" id=\"accordion-0\">\r\n\r\n\t\t\t\t\t\t\t\t<div class=\"dslc-accordion-header dslc-accordion-hook\">\r\n\t\t\t\t\t\t\t\t\t<span class=\"dslc-accordion-title\" >Volume 01, Jan\/Jul 2018           <\/span>\r\n\t\t\t\t\t\t\t\t\t\t\t\t\t\t\t\t\t\t\t\t\t\t\t\t\t\t\t\t<div class=\"dslca-accordion-action-hooks\">\r\n\t\t\t\t\t\t\t\t\t\t\t<span class=\"dslca-toggle-accordion-hook\"><span class=\"dslca-icon dslc-icon-minus\"><\/span><\/span>\r\n\t\t\t\t\t\t\t\t\t\t<\/div>\r\n\t\t\t\t\t\t\t\t\t\t\t\t\t\t\t\t\t<\/div>\r\n\r\n\t\t\t\t\t\t\t\t<div class=\"dslc-accordion-content\">\r\n\t\t\t\t\t\t\t\t\t<div class=\"dslca-editable-content\">\r\n\t\t\t\t\t\t\t\t\t\t<p><strong>ARTIGOS ORIGINAIS<\/strong><\/p><p>- <a href=\"https:\/\/urisaoluiz.com.br\/site\/rscm\/vol1\/1\">AVALIA\u00c7\u00c3O DA MOBILIDADE FUNCIONAL E EQUIL\u00cdBRIO EM IDOSAS INSTITUCIONALIZADAS E FISICAMENTE ATIVAS<\/a><\/p><p>- <a href=\"https:\/\/urisaoluiz.com.br\/site\/rscm\/vol1\/2\">AVALIA\u00c7\u00c3O DA FLEXIBILIDADE DA CADEIA POSTERIOR DA COXA EM UNIVERSIT\u00c1RIAS<\/a><\/p><p>- <a href=\"https:\/\/urisaoluiz.com.br\/site\/rscm\/vol1\/3\">QUALIDADE DE VIDA DE IDOSOS HIPERTENSOS DE UM GRUPO DE CONVIV\u00caNCIA SOCIAL DO MUNIC\u00cdPIO DE S\u00c3O LUIZ GONZAGA \u2013 RS<\/a><\/p><p>- <a href=\"https:\/\/urisaoluiz.com.br\/site\/rscm\/vol1\/4\">PERFIL NEUROPSICOMOTOR DE CRIAN\u00c7AS NA FAIXA ET\u00c1RIA DE 6 A 12 MESES DE IDADE MATRICULADAS EM ESCOLAS P\u00daBLICAS DE EDUCA\u00c7\u00c3O INFANTIL DO MUNIC\u00cdPIO DE S\u00c3O LUIZ GONZAGA RS<\/a><\/p><p>- <a href=\"https:\/\/urisaoluiz.com.br\/site\/rscm\/vol1\/5\">PERCEP\u00c7\u00d5ES DOS PROFISSIONAIS DA \u00c1REA DA SA\u00daDE ACERCA DOS CUIDADOS PALIATIVOS COM IDOSOS INSTITUCIONALIZADOS<\/a><\/p><p>- <a href=\"https:\/\/urisaoluiz.com.br\/site\/rscm\/vol1\/6\">EFEITOS DA RESPIRA\u00c7\u00c3O ORAL NA POSTURA, NO SONO E NO RENDIMENTO ESCOLAR DE CRIAN\u00c7AS E ADOLESCENTES<\/a><\/p><p>- <a href=\"https:\/\/urisaoluiz.com.br\/site\/rscm\/vol1\/6\">DAN\u00c7A S\u00caNIOR EM IDOSOS FREQUENTADORES DE UM GRUPO DE ATIVIDADES SOCIAIS<\/a><\/p><p>\u00a0<\/p><p><strong>ARTIGOS DE REVIS\u00c3O SISTEM\u00c1TICA DE LITERATURA<\/strong><\/p><p>- <a href=\"https:\/\/urisaoluiz.com.br\/site\/rscm\/vol1\/7\">EFEITOS DA GIN\u00c1STICA LABORAL NA QUALIDADE DE VIDA - REVIS\u00c3O SISTEM\u00c1TIA DE LITERATURA<\/a><\/p> \t\t\t\t\t\t\t\t\t<\/div>\r\n\t\t\t\t\t\t\t\t\t\t\t\t\t\t\t\t\t<\/div><!-- .dslc-accordion-content -->\r\n\r\n\t\t\t\t\t\t\t<\/div><!-- .dslc-accordion-item -->\r\n\r\n\t\t\t\t\t\t\r\n\t\t\t\t\t\t\t<div class=\"dslc-accordion-item\" id=\"accordion-1\">\r\n\r\n\t\t\t\t\t\t\t\t<div class=\"dslc-accordion-header dslc-accordion-hook\">\r\n\t\t\t\t\t\t\t\t\t<span class=\"dslc-accordion-title\" >           Volume 02, Jan\/Jul 2019<\/span>\r\n\t\t\t\t\t\t\t\t\t\t\t\t\t\t\t\t\t\t\t\t\t\t\t\t\t\t\t\t<div class=\"dslca-accordion-action-hooks\">\r\n\t\t\t\t\t\t\t\t\t\t\t<span class=\"dslca-toggle-accordion-hook\"><span class=\"dslca-icon dslc-icon-minus\"><\/span><\/span>\r\n\t\t\t\t\t\t\t\t\t\t<\/div>\r\n\t\t\t\t\t\t\t\t\t\t\t\t\t\t\t\t\t<\/div>\r\n\r\n\t\t\t\t\t\t\t\t<div class=\"dslc-accordion-content\">\r\n\t\t\t\t\t\t\t\t\t<div class=\"dslca-editable-content\">\r\n\t\t\t\t\t\t\t\t\t\t <p><a href=\"https:\/\/urisaoluiz.com.br\/site\/wp-content\/uploads\/2022\/06\/ANA-RODRIGO-DIENIFER.pdf\">- O PERFIL DOS PRATICANTES DE EQUOTERAPIA COM DISFUN\u00c7\u00d5ES NEUROMUSCULARES NO CENTRO DE EQUOTERAPIA DO MUNIC\u00cdPIO DE S\u00c3O LUIZ GONZAGA \u2013 RS<\/a><\/p><p><a href=\"https:\/\/urisaoluiz.com.br\/site\/wp-content\/uploads\/2022\/06\/DANCA-IDOSOS-JANINE-2019.pdf\">- A DAN\u00c7A COMO MODALIDADE TERAP\u00caUTICA NA CONTRIBUI\u00c7\u00c3O DO EQUIL\u00cdBRIO E NA PREVEN\u00c7\u00c3O DE QUEDAS EM IDOSOS<\/a><\/p><p><a href=\"https:\/\/urisaoluiz.com.br\/site\/wp-content\/uploads\/2022\/06\/LAIRA-MARI.pdf\">- EFEITOS DA DAN\u00c7A NA QUALIDADE DE VIDA DE IDOSOS: REVIS\u00c3O SISTEM\u00c1TICA DE LITERATURA<\/a><\/p><p><a href=\"https:\/\/urisaoluiz.com.br\/site\/wp-content\/uploads\/2022\/06\/LIZANDRA-NICOLE.pdf\">- DESAFIOS PARA A VIABILIZA\u00c7\u00c3O DO PROCESSO INCLUSIVO: A PERCEP\u00c7\u00c3O DOS PROFISSIONAIS DA FISIOTERAPIA SOBRE A EDUCA\u00c7\u00c3O INCLUSIVA NO MUNIC\u00cdPIO DE S\u00c3O LUIZ GONZAGA-RS<\/a><\/p><p><a href=\"https:\/\/urisaoluiz.com.br\/site\/wp-content\/uploads\/2022\/06\/LUCAS-TAFAREL.pdf\">- SA\u00daDE DA MULHER: A PRESEN\u00c7A DAS MULHERES EM PRA\u00c7AS P\u00daBLICAS PARA A PR\u00c1TICA DE ATIVIDADES F\u00cdSICAS<\/a><\/p><p><a href=\"https:\/\/urisaoluiz.com.br\/site\/wp-content\/uploads\/2022\/06\/PERFIL-DE-MULHERES-SEDENTARIAS-NO-MUNICIPIO-DE.pdf\">- PERFIL DE MULHERES SEDENT\u00c1RIAS NO MUNIC\u00cdPIO DE S\u00c3O LUIZ GONZAGA- RS<\/a><\/p><p><a href=\"https:\/\/urisaoluiz.com.br\/site\/wp-content\/uploads\/2022\/06\/RELATO-DE-EXPERIENCIA-MARZANE.pdf\">- ANTENDIMENTO FISIOTERAP\u00caUTICO EM IDOSOS INSTITUCIONALIZADOS NO LAR DO IDOSO S\u00c3O VICENTE DE PAULA - RELATO DE EXPERI\u00caNCIA <\/a><\/p>\t\t\t\t\t\t\t\t\t<\/div>\r\n\t\t\t\t\t\t\t\t\t\t\t\t\t\t\t\t\t<\/div><!-- .dslc-accordion-content -->\r\n\r\n\t\t\t\t\t\t\t<\/div><!-- .dslc-accordion-item -->\r\n\r\n\t\t\t\t\t\t\r\n\t\t\t\t\t\r\n\t\t\t\t\t\r\n\t\t\t\t<\/div><!-- .dslc-accordion -->\r\n\r\n\t\t\n\t\t\t\t<\/div><!-- .dslc-module -->\n\t\t<\/div><\/div><\/div><\/div><input type=\"hidden\" id=\"dslca-post-data-thumb\" value=\"https:\/\/urisaoluiz.com.br\/site\/wp-content\/uploads\/2019\/05\/ImagemPadrao.png\" \/>","protected":false},"excerpt":{"rendered":"<p>Publica\u00e7\u00f5es Apresenta\u00e7\u00e3o Condi\u00e7\u00f5es para Submiss\u00e3o Diretrizes para Autores Pol\u00edticas Editoriais Equipe Publica\u00e7\u00f5es Volume 01, Jan\/Jul 2018 ARTIGOS ORIGINAIS- AVALIA\u00c7\u00c3O DA MOBILIDADE FUNCIONAL E EQUIL\u00cdBRIO EM IDOSAS INSTITUCIONALIZADAS E FISICAMENTE ATIVAS- AVALIA\u00c7\u00c3O DA FLEXIBILIDADE DA CADEIA POSTERIOR DA COXA EM UNIVERSIT\u00c1RIAS- QUALIDADE DE VIDA DE IDOSOS HIPERTENSOS DE UM GRUPO DE CONVIV\u00caNCIA SOCIAL DO MUNIC\u00cdPIO DE [&hellip;]<\/p>\n","protected":false},"author":1,"featured_media":12959,"parent":6808,"menu_order":0,"comment_status":"closed","ping_status":"closed","template":"","meta":{"footnotes":""},"class_list":["post-6819","page","type-page","status-publish","has-post-thumbnail","hentry"],"_links":{"self":[{"href":"https:\/\/urisaoluiz.com.br\/site\/wp-json\/wp\/v2\/pages\/6819","targetHints":{"allow":["GET"]}}],"collection":[{"href":"https:\/\/urisaoluiz.com.br\/site\/wp-json\/wp\/v2\/pages"}],"about":[{"href":"https:\/\/urisaoluiz.com.br\/site\/wp-json\/wp\/v2\/types\/page"}],"author":[{"embeddable":true,"href":"https:\/\/urisaoluiz.com.br\/site\/wp-json\/wp\/v2\/users\/1"}],"replies":[{"embeddable":true,"href":"https:\/\/urisaoluiz.com.br\/site\/wp-json\/wp\/v2\/comments?post=6819"}],"version-history":[{"count":1,"href":"https:\/\/urisaoluiz.com.br\/site\/wp-json\/wp\/v2\/pages\/6819\/revisions"}],"predecessor-version":[{"id":21775,"href":"https:\/\/urisaoluiz.com.br\/site\/wp-json\/wp\/v2\/pages\/6819\/revisions\/21775"}],"up":[{"embeddable":true,"href":"https:\/\/urisaoluiz.com.br\/site\/wp-json\/wp\/v2\/pages\/6808"}],"wp:featuredmedia":[{"embeddable":true,"href":"https:\/\/urisaoluiz.com.br\/site\/wp-json\/wp\/v2\/media\/12959"}],"wp:attachment":[{"href":"https:\/\/urisaoluiz.com.br\/site\/wp-json\/wp\/v2\/media?parent=6819"}],"curies":[{"name":"wp","href":"https:\/\/api.w.org\/{rel}","templated":true}]}}