{"id":9048,"date":"2018-04-08T23:14:36","date_gmt":"2018-04-09T02:14:36","guid":{"rendered":"http:\/\/urisaoluiz.com.br\/site\/?page_id=9048"},"modified":"2020-01-02T12:34:36","modified_gmt":"2020-01-02T15:34:36","slug":"pos-graduacao-em-treinamento-fisico-e-populacoes-especiais","status":"publish","type":"page","link":"https:\/\/urisaoluiz.com.br\/site\/pos-graduacao\/lato-sensu\/pos-graduacao-em-treinamento-fisico-e-populacoes-especiais\/","title":{"rendered":"P\u00f3s-Gradua\u00e7\u00e3o em Atendimento Educacional Especializado"},"content":{"rendered":"<div id=\"dslc-main\">\n\t\t<div  class=\"dslc-modules-section \" style=\"padding-left:3%;padding-right:3%;background-image:url(https:\/\/urisaoluiz.com.br\/site\/wp-content\/uploads\/2020\/01\/POS-22.png);background-repeat:no-repeat;background-position:center top;\" data-section-id=\"84a2d33a6d0\">\n\t\t\t\t\n\t\t\t\t\n\t\t\t\t<div class=\"dslc-modules-section-wrapper dslc-clearfix\"><div class=\"dslc-modules-area dslc-col dslc-12-col dslc-last-col\" data-size=\"12\" data-valign=\"\">\n\t\t<div id=\"dslc-module-a652d70bb8a\" class=\"dslc-module-front dslc-module-DSLC_Text_Simple dslc-in-viewport-check dslc-in-viewport-anim-none  dslc-col dslc-12-col dslc-last-col  dslc-module-handle-like-regular \" data-module-id=\"a652d70bb8a\" data-module=\"DSLC_Text_Simple\" data-dslc-module-size=\"12\" data-dslc-anim=\"none\" data-dslc-anim-delay=\"0\" data-dslc-anim-duration=\"650\"  data-dslc-anim-easing=\"ease\" data-dslc-preset=\"none\" >\n\n\t\t\t\n\t\t\t\n\t\t\r\n\t\t<div class=\"dslc-text-module-content\">\r\n\t\t\t<p>\u00a0<\/p><p>\u00a0<\/p><p>\u00a0<\/p>\t\t<\/div>\r\n\r\n\t\t\n\t\t\t\t<\/div><!-- .dslc-module -->\n\t\t<\/div><div class=\"dslc-modules-area dslc-col dslc-7-col dslc-first-col\" data-size=\"7\" data-valign=\"\">\n\t\t<div id=\"dslc-module-36db71747e0\" class=\"dslc-module-front dslc-module-DSLC_Text_Simple dslc-in-viewport-check dslc-in-viewport-anim-none  dslc-col dslc-12-col dslc-last-col  dslc-module-handle-like-regular \" data-module-id=\"36db71747e0\" data-module=\"DSLC_Text_Simple\" data-dslc-module-size=\"12\" data-dslc-anim=\"none\" data-dslc-anim-delay=\"0\" data-dslc-anim-duration=\"650\"  data-dslc-anim-easing=\"ease\" data-dslc-preset=\"none\" >\n\n\t\t\t\n\t\t\t\n\t\t\r\n\t\t<div class=\"dslc-text-module-content\">\r\n\t\t\t<h1 style=\"text-align: center;\">\u00a0<\/h1><p style=\"text-align: justify;\">\u00a0<\/p><p>A URI \u2013 S\u00e3o Luiz Gonzaga disponibiliza Curso de P\u00f3s-Gradua\u00e7\u00e3o em Atendimento Educacional Especializado, com carga hor\u00e1ria de 360 horas. Trata-se de uma \u00e1rea promissora.<\/p><p>O Curso visa capacitar profissionais para o Atendimento Educacional Especializado \u2013 AEE e educa\u00e7\u00e3o inclusiva, para atuar com a fun\u00e7\u00e3o de identificar, elaborar e organizar recursos pedag\u00f3gicos e de acessibilidade que eliminem as barreiras para a plena participa\u00e7\u00e3o dos alunos com defici\u00eancia, transtornos globais de desenvolvimento e altas habilidades no ensino regular, assegurando sua inclus\u00e3o escolar.<\/p><p>Al\u00e9m disso, o Curso conta com parcerias com Universidades e institui\u00e7\u00f5es especializadas em AEE e tecnologias assistivas. O corpo docente \u00e9 qualificado e a infraestrutura adequada \u00e0s atividades de ensino e aprendizagem, em conson\u00e2ncia com as legisla\u00e7\u00f5es vigentes.<\/p><p>Para inovar e facilitar a realiza\u00e7\u00e3o das atividades, h\u00e1 componentes te\u00f3ricos que ser\u00e3o efetuados na modalidade a dist\u00e2ncia. Inscri\u00e7\u00f5es pr\u00e9vias junto \u00e0 Secretaria Geral da URI-SLG (manh\u00e3 e noite). Mais informa\u00e7\u00f5es podem ser obtidas pelo WhatsApp (55)99613-6091.<\/p><p><strong>Confira as disciplinas e respectivas cargas hor\u00e1rias:<\/strong><\/p><table width=\"567\"><tbody><tr><td width=\"491\"><p><strong>C\u00d3DIGO\/NOME DA DISCIPLINA<\/strong><\/p><\/td><td width=\"76\"><p><strong>CH<\/strong><\/p><\/td><\/tr><tr><td width=\"491\"><p><strong>072-492 \u2013 <\/strong>Atendimento Educacional Especializado \u2013 AEE<\/p><\/td><td width=\"76\"><p>30<\/p><\/td><\/tr><tr><td width=\"491\"><p><strong>072-497 \u2013 <\/strong>Atendimento Educacional Especializado ao aluno com Altas Habilidades\/ Superdota\u00e7\u00e3o<\/p><\/td><td width=\"76\"><p>30<\/p><\/td><\/tr><tr><td width=\"491\"><p><strong>072-490 \u2013 <\/strong>Educa\u00e7\u00e3o Inclusiva e Pol\u00edticas P\u00fablicas<\/p><\/td><td width=\"76\"><p>30<\/p><\/td><\/tr><tr><td width=\"491\"><p><strong>072-491 -<\/strong> \u00a0Avalia\u00e7\u00e3o Diagn\u00f3stica e Educacional<\/p><\/td><td width=\"76\"><p>30<\/p><\/td><\/tr><tr><td width=\"491\"><p><strong>072-494 -<\/strong> \u00a0Atendimento Educacional Especializado em Defici\u00eancia Auditiva e Surdez<\/p><\/td><td width=\"76\"><p>30<\/p><\/td><\/tr><tr><td width=\"491\"><p><strong>072-495 -<\/strong> \u00a0Atendimento Educacional Especializado em Defici\u00eancia Intelectual<\/p><\/td><td width=\"76\"><p>30<\/p><\/td><\/tr><tr><td width=\"491\"><p><strong>072-493 -<\/strong> \u00a0Atendimento Educacional Especializado em Defici\u00eancia Visual \u2013 Surdo-Cegueira e Defici\u00eancias M\u00faltiplas<\/p><\/td><td width=\"76\"><p>30<\/p><\/td><\/tr><tr><td width=\"491\"><p><strong>072-496 -<\/strong> \u00a0Atendimento Educacional Especializado ao aluno com Transtornos Globais do Desenvolvimento<\/p><\/td><td width=\"76\"><p>45<\/p><\/td><\/tr><tr><td width=\"491\"><p><strong>072-498 \u2013<\/strong> Tecnologias Assistivas e Atendimento Educacional Especializado ao Aluno com Defici\u00eancia F\u00edsica<\/p><\/td><td width=\"76\"><p>45<\/p><\/td><\/tr><tr><td width=\"491\"><p><strong>072-499 \u2013<\/strong> Pr\u00e1tica em Atendimento Educacional Especializado<\/p><\/td><td width=\"76\"><p>30<\/p><\/td><\/tr><tr><td width=\"491\"><p><strong>082-008 \u2013<\/strong> Metodologia da Leitura e da Escrita<\/p><\/td><td width=\"76\"><p>30<\/p><\/td><\/tr><tr><td width=\"491\"><p><strong>072-410 \u2013<\/strong> Trabalho Final (n\u00e3o obrigat\u00f3rio)<\/p><\/td><td width=\"76\"><p>30<\/p><\/td><\/tr><\/tbody><\/table><p>\u00a0<\/p><p>\u00a0<\/p>\t\t<\/div>\r\n\r\n\t\t\n\t\t\t\t<\/div><!-- .dslc-module -->\n\t\t<\/div><div class=\"dslc-modules-area dslc-col dslc-5-col dslc-last-col\" data-size=\"5\" data-valign=\"\">\n\t\t<div id=\"dslc-module-ef23a18e091\" class=\"dslc-module-front dslc-module-DSLC_Text_Simple dslc-in-viewport-check dslc-in-viewport-anim-none  dslc-col dslc-12-col dslc-last-col  dslc-module-handle-like-regular \" data-module-id=\"ef23a18e091\" data-module=\"DSLC_Text_Simple\" data-dslc-module-size=\"12\" data-dslc-anim=\"none\" data-dslc-anim-delay=\"0\" data-dslc-anim-duration=\"650\"  data-dslc-anim-easing=\"ease\" data-dslc-preset=\"none\" >\n\n\t\t\t\n\t\t\t\n\t\t\r\n\t\t<div class=\"dslc-text-module-content\">\r\n\t\t\t<h1 style=\"text-align: center;\">\u00a0<\/h1><p>\u00a0<\/p>\t\t<\/div>\r\n\r\n\t\t\n\t\t\t\t<\/div><!-- .dslc-module -->\n\t\t\n\t\t<div id=\"dslc-module-7a89c612899\" class=\"dslc-module-front dslc-module-DSLC_Text_Simple dslc-in-viewport-check dslc-in-viewport-anim-none  dslc-col dslc-12-col dslc-last-col  dslc-module-handle-like-regular \" data-module-id=\"7a89c612899\" data-module=\"DSLC_Text_Simple\" data-dslc-module-size=\"12\" data-dslc-anim=\"none\" data-dslc-anim-delay=\"0\" data-dslc-anim-duration=\"650\"  data-dslc-anim-easing=\"ease\" data-dslc-preset=\"none\" >\n\n\t\t\t\n\t\t\t\n\t\t\r\n\t\t<div class=\"dslc-text-module-content\">\r\n\t\t\t<h1 style=\"font-weight: 400;\"><strong>Inscri\u00e7\u00f5es Pr\u00e9vias<\/strong><\/h1><p style=\"font-weight: 400;\">Para mais informa\u00e7\u00f5es ligue 55 3352 8150<\/p><p>\u00a0<\/p><p><p class=\"wpcf7-contact-form-not-found\"><strong>Erro:<\/strong> Formul\u00e1rio de contato n\u00e3o encontrado.<\/p><\/p>\t\t<\/div>\r\n\r\n\t\t\n\t\t\t\t<\/div><!-- .dslc-module -->\n\t\t<\/div><\/div><\/div><\/div><input type=\"hidden\" id=\"dslca-post-data-thumb\" value=\"https:\/\/urisaoluiz.com.br\/site\/wp-content\/uploads\/2019\/05\/ImagemPadrao.png\" \/>","protected":false},"excerpt":{"rendered":"<p>\u00a0\u00a0\u00a0 \u00a0\u00a0A URI \u2013 S\u00e3o Luiz Gonzaga disponibiliza Curso de P\u00f3s-Gradua\u00e7\u00e3o em Atendimento Educacional Especializado, com carga hor\u00e1ria de 360 horas. Trata-se de uma \u00e1rea promissora.O Curso visa capacitar profissionais para o Atendimento Educacional Especializado \u2013 AEE e educa\u00e7\u00e3o inclusiva, para atuar com a fun\u00e7\u00e3o de identificar, elaborar e organizar recursos pedag\u00f3gicos e de acessibilidade [&hellip;]<\/p>\n","protected":false},"author":1,"featured_media":12959,"parent":9046,"menu_order":0,"comment_status":"closed","ping_status":"closed","template":"","meta":{"footnotes":""},"class_list":["post-9048","page","type-page","status-publish","has-post-thumbnail","hentry"],"_links":{"self":[{"href":"https:\/\/urisaoluiz.com.br\/site\/wp-json\/wp\/v2\/pages\/9048","targetHints":{"allow":["GET"]}}],"collection":[{"href":"https:\/\/urisaoluiz.com.br\/site\/wp-json\/wp\/v2\/pages"}],"about":[{"href":"https:\/\/urisaoluiz.com.br\/site\/wp-json\/wp\/v2\/types\/page"}],"author":[{"embeddable":true,"href":"https:\/\/urisaoluiz.com.br\/site\/wp-json\/wp\/v2\/users\/1"}],"replies":[{"embeddable":true,"href":"https:\/\/urisaoluiz.com.br\/site\/wp-json\/wp\/v2\/comments?post=9048"}],"version-history":[{"count":0,"href":"https:\/\/urisaoluiz.com.br\/site\/wp-json\/wp\/v2\/pages\/9048\/revisions"}],"up":[{"embeddable":true,"href":"https:\/\/urisaoluiz.com.br\/site\/wp-json\/wp\/v2\/pages\/9046"}],"wp:featuredmedia":[{"embeddable":true,"href":"https:\/\/urisaoluiz.com.br\/site\/wp-json\/wp\/v2\/media\/12959"}],"wp:attachment":[{"href":"https:\/\/urisaoluiz.com.br\/site\/wp-json\/wp\/v2\/media?parent=9048"}],"curies":[{"name":"wp","href":"https:\/\/api.w.org\/{rel}","templated":true}]}}